{"id":1124,"date":"2022-11-03T10:33:09","date_gmt":"2022-11-03T09:33:09","guid":{"rendered":"https:\/\/koma-brzeg.pl\/uslugi\/wymienniki-ciepla\/wymienniki-plaszczowo-rurowe\/wymienniki-plaszczowo-rurowe-pionowe\/"},"modified":"2022-11-03T14:55:18","modified_gmt":"2022-11-03T13:55:18","slug":"wymienniki-plaszczowo-rurowe-pionowe","status":"publish","type":"page","link":"https:\/\/koma-brzeg.pl\/en\/uslugi\/wymienniki-ciepla\/wymienniki-plaszczowo-rurowe\/wymienniki-plaszczowo-rurowe-pionowe\/","title":{"rendered":"Vertical Heat exhangers"},"content":{"rendered":"","protected":false},"excerpt":{"rendered":"","protected":false},"author":1,"featured_media":0,"parent":1118,"menu_order":0,"comment_status":"closed","ping_status":"closed","template":"elementor_theme","meta":{"footnotes":""},"class_list":["post-1124","page","type-page","status-publish","hentry"],"yoast_head":"<!-- This site is optimized with the Yoast SEO plugin v20.1 - https:\/\/yoast.com\/wordpress\/plugins\/seo\/ -->\n<title>Vertical Heat exhangers - Instalacje Przemys\u0142owe<\/title>\n<meta name=\"robots\" content=\"index, follow, max-snippet:-1, max-image-preview:large, max-video-preview:-1\" \/>\n<link rel=\"canonical\" href=\"https:\/\/koma-brzeg.pl\/uslugi\/wymienniki-ciepla\/wymienniki-plaszczowo-rurowe\/wymienniki-plaszczowo-rurowe-pionowe\/\" \/>\n<meta property=\"og:locale\" content=\"en_US\" \/>\n<meta property=\"og:type\" content=\"article\" \/>\n<meta property=\"og:title\" content=\"Vertical Heat exhangers - Instalacje Przemys\u0142owe\" \/>\n<meta property=\"og:url\" content=\"https:\/\/koma-brzeg.pl\/uslugi\/wymienniki-ciepla\/wymienniki-plaszczowo-rurowe\/wymienniki-plaszczowo-rurowe-pionowe\/\" \/>\n<meta property=\"og:site_name\" content=\"Instalacje Przemys\u0142owe\" \/>\n<meta property=\"article:modified_time\" content=\"2022-11-03T13:55:18+00:00\" \/>\n<meta name=\"twitter:card\" content=\"summary_large_image\" \/>\n<script type=\"application\/ld+json\" class=\"yoast-schema-graph\">{\"@context\":\"https:\/\/schema.org\",\"@graph\":[{\"@type\":\"WebPage\",\"@id\":\"https:\/\/koma-brzeg.pl\/uslugi\/wymienniki-ciepla\/wymienniki-plaszczowo-rurowe\/wymienniki-plaszczowo-rurowe-pionowe\/\",\"url\":\"https:\/\/koma-brzeg.pl\/uslugi\/wymienniki-ciepla\/wymienniki-plaszczowo-rurowe\/wymienniki-plaszczowo-rurowe-pionowe\/\",\"name\":\"Vertical Heat exhangers - Instalacje Przemys\u0142owe\",\"isPartOf\":{\"@id\":\"https:\/\/koma-brzeg.pl\/#website\"},\"datePublished\":\"2022-11-03T09:33:09+00:00\",\"dateModified\":\"2022-11-03T13:55:18+00:00\",\"breadcrumb\":{\"@id\":\"https:\/\/koma-brzeg.pl\/uslugi\/wymienniki-ciepla\/wymienniki-plaszczowo-rurowe\/wymienniki-plaszczowo-rurowe-pionowe\/#breadcrumb\"},\"inLanguage\":\"en-US\",\"potentialAction\":[{\"@type\":\"ReadAction\",\"target\":[\"https:\/\/koma-brzeg.pl\/uslugi\/wymienniki-ciepla\/wymienniki-plaszczowo-rurowe\/wymienniki-plaszczowo-rurowe-pionowe\/\"]}]},{\"@type\":\"BreadcrumbList\",\"@id\":\"https:\/\/koma-brzeg.pl\/uslugi\/wymienniki-ciepla\/wymienniki-plaszczowo-rurowe\/wymienniki-plaszczowo-rurowe-pionowe\/#breadcrumb\",\"itemListElement\":[{\"@type\":\"ListItem\",\"position\":1,\"name\":\"Us\u0142ugi\",\"item\":\"https:\/\/koma-brzeg.pl\/en\/uslugi\/\"},{\"@type\":\"ListItem\",\"position\":2,\"name\":\"Wymienniki ciep\u0142a\",\"item\":\"https:\/\/koma-brzeg.pl\/uslugi\/wymienniki-ciepla\/\"},{\"@type\":\"ListItem\",\"position\":3,\"name\":\"Wymienniki p\u0142aszczowo rurowe\",\"item\":\"https:\/\/koma-brzeg.pl\/uslugi\/wymienniki-ciepla\/wymienniki-plaszczowo-rurowe\/\"},{\"@type\":\"ListItem\",\"position\":4,\"name\":\"Vertical Heat exhangers\"}]},{\"@type\":\"WebSite\",\"@id\":\"https:\/\/koma-brzeg.pl\/#website\",\"url\":\"https:\/\/koma-brzeg.pl\/\",\"name\":\"Instalacje Przemys\u0142owe\",\"description\":\"SPECJALISTYCZNY ZAK\u0141AD PRODUKCJI POMP I APARATURY PRZEMYS\u0141OWEJ\",\"potentialAction\":[{\"@type\":\"SearchAction\",\"target\":{\"@type\":\"EntryPoint\",\"urlTemplate\":\"https:\/\/koma-brzeg.pl\/?s={search_term_string}\"},\"query-input\":\"required name=search_term_string\"}],\"inLanguage\":\"en-US\"}]}<\/script>\n<!-- \/ Yoast SEO plugin. -->","yoast_head_json":{"title":"Vertical Heat exhangers - Instalacje Przemys\u0142owe","robots":{"index":"index","follow":"follow","max-snippet":"max-snippet:-1","max-image-preview":"max-image-preview:large","max-video-preview":"max-video-preview:-1"},"canonical":"https:\/\/koma-brzeg.pl\/uslugi\/wymienniki-ciepla\/wymienniki-plaszczowo-rurowe\/wymienniki-plaszczowo-rurowe-pionowe\/","og_locale":"en_US","og_type":"article","og_title":"Vertical Heat exhangers - Instalacje Przemys\u0142owe","og_url":"https:\/\/koma-brzeg.pl\/uslugi\/wymienniki-ciepla\/wymienniki-plaszczowo-rurowe\/wymienniki-plaszczowo-rurowe-pionowe\/","og_site_name":"Instalacje Przemys\u0142owe","article_modified_time":"2022-11-03T13:55:18+00:00","twitter_card":"summary_large_image","schema":{"@context":"https:\/\/schema.org","@graph":[{"@type":"WebPage","@id":"https:\/\/koma-brzeg.pl\/uslugi\/wymienniki-ciepla\/wymienniki-plaszczowo-rurowe\/wymienniki-plaszczowo-rurowe-pionowe\/","url":"https:\/\/koma-brzeg.pl\/uslugi\/wymienniki-ciepla\/wymienniki-plaszczowo-rurowe\/wymienniki-plaszczowo-rurowe-pionowe\/","name":"Vertical Heat exhangers - Instalacje Przemys\u0142owe","isPartOf":{"@id":"https:\/\/koma-brzeg.pl\/#website"},"datePublished":"2022-11-03T09:33:09+00:00","dateModified":"2022-11-03T13:55:18+00:00","breadcrumb":{"@id":"https:\/\/koma-brzeg.pl\/uslugi\/wymienniki-ciepla\/wymienniki-plaszczowo-rurowe\/wymienniki-plaszczowo-rurowe-pionowe\/#breadcrumb"},"inLanguage":"en-US","potentialAction":[{"@type":"ReadAction","target":["https:\/\/koma-brzeg.pl\/uslugi\/wymienniki-ciepla\/wymienniki-plaszczowo-rurowe\/wymienniki-plaszczowo-rurowe-pionowe\/"]}]},{"@type":"BreadcrumbList","@id":"https:\/\/koma-brzeg.pl\/uslugi\/wymienniki-ciepla\/wymienniki-plaszczowo-rurowe\/wymienniki-plaszczowo-rurowe-pionowe\/#breadcrumb","itemListElement":[{"@type":"ListItem","position":1,"name":"Us\u0142ugi","item":"https:\/\/koma-brzeg.pl\/en\/uslugi\/"},{"@type":"ListItem","position":2,"name":"Wymienniki ciep\u0142a","item":"https:\/\/koma-brzeg.pl\/uslugi\/wymienniki-ciepla\/"},{"@type":"ListItem","position":3,"name":"Wymienniki p\u0142aszczowo rurowe","item":"https:\/\/koma-brzeg.pl\/uslugi\/wymienniki-ciepla\/wymienniki-plaszczowo-rurowe\/"},{"@type":"ListItem","position":4,"name":"Vertical Heat exhangers"}]},{"@type":"WebSite","@id":"https:\/\/koma-brzeg.pl\/#website","url":"https:\/\/koma-brzeg.pl\/","name":"Instalacje Przemys\u0142owe","description":"SPECJALISTYCZNY ZAK\u0141AD PRODUKCJI POMP I APARATURY PRZEMYS\u0141OWEJ","potentialAction":[{"@type":"SearchAction","target":{"@type":"EntryPoint","urlTemplate":"https:\/\/koma-brzeg.pl\/?s={search_term_string}"},"query-input":"required name=search_term_string"}],"inLanguage":"en-US"}]}},"_links":{"self":[{"href":"https:\/\/koma-brzeg.pl\/en\/wp-json\/wp\/v2\/pages\/1124","targetHints":{"allow":["GET"]}}],"collection":[{"href":"https:\/\/koma-brzeg.pl\/en\/wp-json\/wp\/v2\/pages"}],"about":[{"href":"https:\/\/koma-brzeg.pl\/en\/wp-json\/wp\/v2\/types\/page"}],"author":[{"embeddable":true,"href":"https:\/\/koma-brzeg.pl\/en\/wp-json\/wp\/v2\/users\/1"}],"replies":[{"embeddable":true,"href":"https:\/\/koma-brzeg.pl\/en\/wp-json\/wp\/v2\/comments?post=1124"}],"version-history":[{"count":3,"href":"https:\/\/koma-brzeg.pl\/en\/wp-json\/wp\/v2\/pages\/1124\/revisions"}],"predecessor-version":[{"id":1222,"href":"https:\/\/koma-brzeg.pl\/en\/wp-json\/wp\/v2\/pages\/1124\/revisions\/1222"}],"up":[{"embeddable":true,"href":"https:\/\/koma-brzeg.pl\/en\/wp-json\/wp\/v2\/pages\/1118"}],"wp:attachment":[{"href":"https:\/\/koma-brzeg.pl\/en\/wp-json\/wp\/v2\/media?parent=1124"}],"curies":[{"name":"wp","href":"https:\/\/api.w.org\/{rel}","templated":true}]}}