{"id":1114,"date":"2022-10-25T09:38:33","date_gmt":"2022-10-25T07:38:33","guid":{"rendered":"https:\/\/koma-brzeg.pl\/uslugi\/urzadzenia-transportu-pneumatycznego\/sluza-kurzowa-spk01\/"},"modified":"2023-04-17T08:44:24","modified_gmt":"2023-04-17T06:44:24","slug":"sluza-kurzowa-spk01","status":"publish","type":"page","link":"https:\/\/koma-brzeg.pl\/en\/uslugi\/urzadzenia-transportu-pneumatycznego\/sluza-kurzowa-spk01\/","title":{"rendered":"\u015aLUZA KURZOWA SPK01"},"content":{"rendered":"\t\t<div data-elementor-type=\"wp-page\" data-elementor-id=\"1114\" class=\"elementor elementor-1114 elementor-279\">\n\t\t\t\t\t\t\t\t\t<section class=\"elementor-section elementor-top-section elementor-element elementor-element-37b4f07 elementor-section-boxed elementor-section-height-default elementor-section-height-default\" data-id=\"37b4f07\" data-element_type=\"section\">\n\t\t\t\t\t\t<div class=\"elementor-container elementor-column-gap-default\">\n\t\t\t\t\t<div class=\"elementor-column elementor-col-100 elementor-top-column elementor-element elementor-element-5c5a927\" data-id=\"5c5a927\" data-element_type=\"column\">\n\t\t\t<div class=\"elementor-widget-wrap elementor-element-populated\">\n\t\t\t\t\t\t\t\t<div class=\"elementor-element elementor-element-b2d111b elementor-widget elementor-widget-heading\" data-id=\"b2d111b\" data-element_type=\"widget\" data-widget_type=\"heading.default\">\n\t\t\t\t<div class=\"elementor-widget-container\">\n\t\t\t<style>\/*! elementor - v3.12.0 - 29-03-2023 *\/\n.elementor-heading-title{padding:0;margin:0;line-height:1}.elementor-widget-heading .elementor-heading-title[class*=elementor-size-]>a{color:inherit;font-size:inherit;line-height:inherit}.elementor-widget-heading .elementor-heading-title.elementor-size-small{font-size:15px}.elementor-widget-heading .elementor-heading-title.elementor-size-medium{font-size:19px}.elementor-widget-heading .elementor-heading-title.elementor-size-large{font-size:29px}.elementor-widget-heading .elementor-heading-title.elementor-size-xl{font-size:39px}.elementor-widget-heading .elementor-heading-title.elementor-size-xxl{font-size:59px}<\/style><h2 class=\"elementor-heading-title elementor-size-default\">\u015aLUZA KURZOWA SPK01<\/h2>\t\t<\/div>\n\t\t\t\t<\/div>\n\t\t\t\t<div class=\"elementor-element elementor-element-d182ec7 elementor-position-left elementor-widget__width-auto elementor-vertical-align-top elementor-widget elementor-widget-image-box\" data-id=\"d182ec7\" data-element_type=\"widget\" data-widget_type=\"image-box.default\">\n\t\t\t\t<div class=\"elementor-widget-container\">\n\t\t\t<style>\/*! elementor - v3.12.0 - 29-03-2023 *\/\n.elementor-widget-image-box .elementor-image-box-content{width:100%}@media (min-width:768px){.elementor-widget-image-box.elementor-position-left .elementor-image-box-wrapper,.elementor-widget-image-box.elementor-position-right .elementor-image-box-wrapper{display:flex}.elementor-widget-image-box.elementor-position-right .elementor-image-box-wrapper{text-align:right;flex-direction:row-reverse}.elementor-widget-image-box.elementor-position-left .elementor-image-box-wrapper{text-align:left;flex-direction:row}.elementor-widget-image-box.elementor-position-top .elementor-image-box-img{margin:auto}.elementor-widget-image-box.elementor-vertical-align-top .elementor-image-box-wrapper{align-items:flex-start}.elementor-widget-image-box.elementor-vertical-align-middle .elementor-image-box-wrapper{align-items:center}.elementor-widget-image-box.elementor-vertical-align-bottom .elementor-image-box-wrapper{align-items:flex-end}}@media (max-width:767px){.elementor-widget-image-box .elementor-image-box-img{margin-left:auto!important;margin-right:auto!important;margin-bottom:15px}}.elementor-widget-image-box .elementor-image-box-img{display:inline-block}.elementor-widget-image-box .elementor-image-box-title a{color:inherit}.elementor-widget-image-box .elementor-image-box-wrapper{text-align:center}.elementor-widget-image-box .elementor-image-box-description{margin:0}<\/style><div class=\"elementor-image-box-wrapper\"><figure class=\"elementor-image-box-img\"><img decoding=\"async\" width=\"24\" height=\"24\" src=\"https:\/\/koma-brzeg.pl\/wp-content\/uploads\/2022\/10\/about-us.png\" class=\"attachment-full size-full wp-image-831\" alt=\"\" \/><\/figure><div class=\"elementor-image-box-content\"><h3 class=\"elementor-image-box-title\">Og\u00f3lna charakterystyka urz\u0105dzenia <\/h3><\/div><\/div>\t\t<\/div>\n\t\t\t\t<\/div>\n\t\t\t\t<div class=\"elementor-element elementor-element-f73edb2 elementor-widget elementor-widget-text-editor\" data-id=\"f73edb2\" data-element_type=\"widget\" data-widget_type=\"text-editor.default\">\n\t\t\t\t<div class=\"elementor-widget-container\">\n\t\t\t<style>\/*! elementor - v3.12.0 - 29-03-2023 *\/\n.elementor-widget-text-editor.elementor-drop-cap-view-stacked .elementor-drop-cap{background-color:#69727d;color:#fff}.elementor-widget-text-editor.elementor-drop-cap-view-framed .elementor-drop-cap{color:#69727d;border:3px solid;background-color:transparent}.elementor-widget-text-editor:not(.elementor-drop-cap-view-default) .elementor-drop-cap{margin-top:8px}.elementor-widget-text-editor:not(.elementor-drop-cap-view-default) .elementor-drop-cap-letter{width:1em;height:1em}.elementor-widget-text-editor .elementor-drop-cap{float:left;text-align:center;line-height:1;font-size:50px}.elementor-widget-text-editor .elementor-drop-cap-letter{display:inline-block}<\/style>\t\t\t\t<p><b>\u015aluza kurzowa SPK01 <\/b>znajduje zastosowanie\u00a0jako zamkni\u0119cie zbiornik\u00f3w zawieraj\u0105cych\u00a0produkty sypkie, zbiornik\u00f3w filtr\u00f3w, cyklon\u00f3w\u00a0itp. Separator pozwala na usuwanie\u00a0produkt\u00f3w sypkich w spos\u00f3b hermetyczny.\u00a0Urz\u0105dzenia mog\u0105 s\u0142u\u017cy\u0107 jako dozowniki z\u00a0okre\u015blon\u0105 wydajno\u015bci\u0105. Wydajno\u015b\u0107\u00a0regulowana jest poprzez zmian\u0119 obrot\u00f3w\u00a0wirnika (np. z zastosowaniem falownika). Praca urz\u0105dzenia polega na cyklicznym\u00a0otwieraniu si\u0119 i zamykaniu kom\u00f3r (celek) w\u00a0wyniku obracania si\u0119 wirnika z \u0142opatami wewn\u0105trz korpusu. Ukszta\u0142towanie korpusu\u00a0oraz elastyczne wk\u0142adki uszczelniaj\u0105ce\u00a0zapewniaj\u0105 zachowanie szczelno\u015bci zbiornika.<\/p>\t\t\t\t\t\t<\/div>\n\t\t\t\t<\/div>\n\t\t\t\t<div class=\"elementor-element elementor-element-a86184e elementor-position-left elementor-vertical-align-top elementor-widget elementor-widget-image-box\" data-id=\"a86184e\" data-element_type=\"widget\" data-widget_type=\"image-box.default\">\n\t\t\t\t<div class=\"elementor-widget-container\">\n\t\t\t<div class=\"elementor-image-box-wrapper\"><figure class=\"elementor-image-box-img\"><a href=\"https:\/\/koma-brzeg.pl\/wp-content\/uploads\/2023\/04\/DTR-SPK.pdf\"><img decoding=\"async\" width=\"150\" height=\"150\" src=\"https:\/\/koma-brzeg.pl\/wp-content\/uploads\/2023\/03\/computer-icons-pdf-filename-extension-pdf-icon-150x150.jpg\" class=\"attachment-thumbnail size-thumbnail wp-image-2047\" alt=\"\" srcset=\"https:\/\/koma-brzeg.pl\/wp-content\/uploads\/2023\/03\/computer-icons-pdf-filename-extension-pdf-icon-150x150.jpg 150w, https:\/\/koma-brzeg.pl\/wp-content\/uploads\/2023\/03\/computer-icons-pdf-filename-extension-pdf-icon-300x300.jpg 300w, https:\/\/koma-brzeg.pl\/wp-content\/uploads\/2023\/03\/computer-icons-pdf-filename-extension-pdf-icon.jpg 512w\" sizes=\"(max-width: 150px) 100vw, 150px\" \/><\/a><\/figure><div class=\"elementor-image-box-content\"><h3 class=\"elementor-image-box-title\"><a href=\"https:\/\/koma-brzeg.pl\/wp-content\/uploads\/2023\/04\/DTR-SPK.pdf\">Instrukcja Obs\u0142ugi DTR<\/a><\/h3><\/div><\/div>\t\t<\/div>\n\t\t\t\t<\/div>\n\t\t\t\t<div class=\"elementor-element elementor-element-5701b2c elementor-widget elementor-widget-image\" data-id=\"5701b2c\" data-element_type=\"widget\" data-widget_type=\"image.default\">\n\t\t\t\t<div class=\"elementor-widget-container\">\n\t\t\t<style>\/*! elementor - v3.12.0 - 29-03-2023 *\/\n.elementor-widget-image{text-align:center}.elementor-widget-image a{display:inline-block}.elementor-widget-image a img[src$=\".svg\"]{width:48px}.elementor-widget-image img{vertical-align:middle;display:inline-block}<\/style>\t\t\t\t\t\t\t\t\t\t\t\t<img decoding=\"async\" width=\"508\" height=\"400\" src=\"https:\/\/koma-brzeg.pl\/wp-content\/uploads\/2022\/11\/calka_SPK01_KOMA_600x400.jpg\" class=\"attachment-large size-large wp-image-869\" alt=\"\" srcset=\"https:\/\/koma-brzeg.pl\/wp-content\/uploads\/2022\/11\/calka_SPK01_KOMA_600x400.jpg 508w, https:\/\/koma-brzeg.pl\/wp-content\/uploads\/2022\/11\/calka_SPK01_KOMA_600x400-300x236.jpg 300w\" sizes=\"(max-width: 508px) 100vw, 508px\" \/>\t\t\t\t\t\t\t\t\t\t\t\t\t\t\t<\/div>\n\t\t\t\t<\/div>\n\t\t\t\t<div class=\"elementor-element elementor-element-ff40fdb elementor-widget-divider--view-line elementor-widget elementor-widget-divider\" data-id=\"ff40fdb\" data-element_type=\"widget\" data-widget_type=\"divider.default\">\n\t\t\t\t<div class=\"elementor-widget-container\">\n\t\t\t<style>\/*! elementor - v3.12.0 - 29-03-2023 *\/\n.elementor-widget-divider{--divider-border-style:none;--divider-border-width:1px;--divider-color:#0c0d0e;--divider-icon-size:20px;--divider-element-spacing:10px;--divider-pattern-height:24px;--divider-pattern-size:20px;--divider-pattern-url:none;--divider-pattern-repeat:repeat-x}.elementor-widget-divider .elementor-divider{display:flex}.elementor-widget-divider .elementor-divider__text{font-size:15px;line-height:1;max-width:95%}.elementor-widget-divider .elementor-divider__element{margin:0 var(--divider-element-spacing);flex-shrink:0}.elementor-widget-divider .elementor-icon{font-size:var(--divider-icon-size)}.elementor-widget-divider .elementor-divider-separator{display:flex;margin:0;direction:ltr}.elementor-widget-divider--view-line_icon .elementor-divider-separator,.elementor-widget-divider--view-line_text .elementor-divider-separator{align-items:center}.elementor-widget-divider--view-line_icon .elementor-divider-separator:after,.elementor-widget-divider--view-line_icon .elementor-divider-separator:before,.elementor-widget-divider--view-line_text .elementor-divider-separator:after,.elementor-widget-divider--view-line_text .elementor-divider-separator:before{display:block;content:\"\";border-bottom:0;flex-grow:1;border-top:var(--divider-border-width) var(--divider-border-style) var(--divider-color)}.elementor-widget-divider--element-align-left .elementor-divider .elementor-divider-separator>.elementor-divider__svg:first-of-type{flex-grow:0;flex-shrink:100}.elementor-widget-divider--element-align-left .elementor-divider-separator:before{content:none}.elementor-widget-divider--element-align-left .elementor-divider__element{margin-left:0}.elementor-widget-divider--element-align-right .elementor-divider .elementor-divider-separator>.elementor-divider__svg:last-of-type{flex-grow:0;flex-shrink:100}.elementor-widget-divider--element-align-right .elementor-divider-separator:after{content:none}.elementor-widget-divider--element-align-right .elementor-divider__element{margin-right:0}.elementor-widget-divider:not(.elementor-widget-divider--view-line_text):not(.elementor-widget-divider--view-line_icon) .elementor-divider-separator{border-top:var(--divider-border-width) var(--divider-border-style) var(--divider-color)}.elementor-widget-divider--separator-type-pattern{--divider-border-style:none}.elementor-widget-divider--separator-type-pattern.elementor-widget-divider--view-line .elementor-divider-separator,.elementor-widget-divider--separator-type-pattern:not(.elementor-widget-divider--view-line) .elementor-divider-separator:after,.elementor-widget-divider--separator-type-pattern:not(.elementor-widget-divider--view-line) .elementor-divider-separator:before,.elementor-widget-divider--separator-type-pattern:not([class*=elementor-widget-divider--view]) .elementor-divider-separator{width:100%;min-height:var(--divider-pattern-height);-webkit-mask-size:var(--divider-pattern-size) 100%;mask-size:var(--divider-pattern-size) 100%;-webkit-mask-repeat:var(--divider-pattern-repeat);mask-repeat:var(--divider-pattern-repeat);background-color:var(--divider-color);-webkit-mask-image:var(--divider-pattern-url);mask-image:var(--divider-pattern-url)}.elementor-widget-divider--no-spacing{--divider-pattern-size:auto}.elementor-widget-divider--bg-round{--divider-pattern-repeat:round}.rtl .elementor-widget-divider .elementor-divider__text{direction:rtl}.e-con-inner>.elementor-widget-divider,.e-con>.elementor-widget-divider{width:var(--container-widget-width,100%);--flex-grow:var(--container-widget-flex-grow)}<\/style>\t\t<div class=\"elementor-divider\">\n\t\t\t<span class=\"elementor-divider-separator\">\n\t\t\t\t\t\t<\/span>\n\t\t<\/div>\n\t\t\t\t<\/div>\n\t\t\t\t<\/div>\n\t\t\t\t<div class=\"elementor-element elementor-element-9d03152 elementor-position-left elementor-widget__width-auto elementor-vertical-align-top elementor-widget elementor-widget-image-box\" data-id=\"9d03152\" data-element_type=\"widget\" data-widget_type=\"image-box.default\">\n\t\t\t\t<div class=\"elementor-widget-container\">\n\t\t\t<div class=\"elementor-image-box-wrapper\"><figure class=\"elementor-image-box-img\"><img decoding=\"async\" width=\"24\" height=\"21\" src=\"https:\/\/koma-brzeg.pl\/wp-content\/uploads\/2022\/10\/parametry2.png\" class=\"attachment-full size-full wp-image-833\" alt=\"\" \/><\/figure><div class=\"elementor-image-box-content\"><h3 class=\"elementor-image-box-title\">Podstawowe parametry<\/h3><\/div><\/div>\t\t<\/div>\n\t\t\t\t<\/div>\n\t\t\t\t<div class=\"elementor-element elementor-element-113b32e elementor-widget elementor-widget-text-editor\" data-id=\"113b32e\" data-element_type=\"widget\" data-widget_type=\"text-editor.default\">\n\t\t\t\t<div class=\"elementor-widget-container\">\n\t\t\t\t\t\t\t<table border=\"1\" width=\"500\" cellspacing=\"1\" cellpadding=\"1\"><tbody><tr><td bgcolor=\"#cccccc\">Parametr<\/td><td bgcolor=\"#cccccc\">JEDNOSTKA<\/td><td bgcolor=\"#cccccc\">WARTO\u015a\u0106<\/td><\/tr><tr><td><strong>Wydajno\u015b\u0107<\/strong><\/td><td><strong>m\u00b3\/h<\/strong><\/td><td><strong>6<\/strong><\/td><\/tr><tr><td><strong>Obroty wirnika<\/strong><\/td><td><strong>obr\/min<\/strong><\/td><td><strong>26<\/strong><\/td><\/tr><tr><td><strong>Moc silnika<\/strong><\/td><td><strong>kW<\/strong><\/td><td><strong>0,25<\/strong><\/td><\/tr><\/tbody><\/table>\t\t\t\t\t\t<\/div>\n\t\t\t\t<\/div>\n\t\t\t\t<div class=\"elementor-element elementor-element-a2fd2e5 elementor-widget-divider--view-line elementor-widget elementor-widget-divider\" data-id=\"a2fd2e5\" data-element_type=\"widget\" data-widget_type=\"divider.default\">\n\t\t\t\t<div class=\"elementor-widget-container\">\n\t\t\t\t\t<div class=\"elementor-divider\">\n\t\t\t<span class=\"elementor-divider-separator\">\n\t\t\t\t\t\t<\/span>\n\t\t<\/div>\n\t\t\t\t<\/div>\n\t\t\t\t<\/div>\n\t\t\t\t<div class=\"elementor-element elementor-element-8aea587 elementor-position-left elementor-widget__width-auto elementor-vertical-align-top elementor-widget elementor-widget-image-box\" data-id=\"8aea587\" data-element_type=\"widget\" data-widget_type=\"image-box.default\">\n\t\t\t\t<div class=\"elementor-widget-container\">\n\t\t\t<div class=\"elementor-image-box-wrapper\"><figure class=\"elementor-image-box-img\"><img decoding=\"async\" width=\"24\" height=\"24\" src=\"https:\/\/koma-brzeg.pl\/wp-content\/uploads\/2022\/10\/services.png\" class=\"attachment-full size-full wp-image-835\" alt=\"\" \/><\/figure><div class=\"elementor-image-box-content\"><h3 class=\"elementor-image-box-title\">Budowa og\u00f3lna<\/h3><\/div><\/div>\t\t<\/div>\n\t\t\t\t<\/div>\n\t\t\t\t<div class=\"elementor-element elementor-element-32d8ba3 elementor-widget elementor-widget-image\" data-id=\"32d8ba3\" data-element_type=\"widget\" data-widget_type=\"image.default\">\n\t\t\t\t<div class=\"elementor-widget-container\">\n\t\t\t\t\t\t\t\t\t\t\t\t\t\t\t<img decoding=\"async\" width=\"468\" height=\"785\" src=\"https:\/\/koma-brzeg.pl\/wp-content\/uploads\/2022\/11\/separator.jpg\" class=\"attachment-large size-large wp-image-871\" alt=\"\" srcset=\"https:\/\/koma-brzeg.pl\/wp-content\/uploads\/2022\/11\/separator.jpg 468w, https:\/\/koma-brzeg.pl\/wp-content\/uploads\/2022\/11\/separator-179x300.jpg 179w\" sizes=\"(max-width: 468px) 100vw, 468px\" \/>\t\t\t\t\t\t\t\t\t\t\t\t\t\t\t<\/div>\n\t\t\t\t<\/div>\n\t\t\t\t<div class=\"elementor-element elementor-element-ef51b8a elementor-widget-divider--view-line elementor-widget elementor-widget-divider\" data-id=\"ef51b8a\" data-element_type=\"widget\" data-widget_type=\"divider.default\">\n\t\t\t\t<div class=\"elementor-widget-container\">\n\t\t\t\t\t<div class=\"elementor-divider\">\n\t\t\t<span class=\"elementor-divider-separator\">\n\t\t\t\t\t\t<\/span>\n\t\t<\/div>\n\t\t\t\t<\/div>\n\t\t\t\t<\/div>\n\t\t\t\t<div class=\"elementor-element elementor-element-85d3dcb elementor-position-left elementor-widget__width-auto elementor-vertical-align-top elementor-widget elementor-widget-image-box\" data-id=\"85d3dcb\" data-element_type=\"widget\" data-widget_type=\"image-box.default\">\n\t\t\t\t<div class=\"elementor-widget-container\">\n\t\t\t<div class=\"elementor-image-box-wrapper\"><figure class=\"elementor-image-box-img\"><img decoding=\"async\" width=\"34\" height=\"31\" src=\"https:\/\/koma-brzeg.pl\/wp-content\/uploads\/2022\/10\/products.png\" class=\"attachment-full size-full wp-image-839\" alt=\"\" \/><\/figure><div class=\"elementor-image-box-content\"><h3 class=\"elementor-image-box-title\">Zastosowanie<\/h3><\/div><\/div>\t\t<\/div>\n\t\t\t\t<\/div>\n\t\t\t\t\t<\/div>\n\t\t<\/div>\n\t\t\t\t\t\t\t<\/div>\n\t\t<\/section>\n\t\t\t\t\t\t\t<\/div>\n\t\t","protected":false},"excerpt":{"rendered":"<p>\u015aLUZA KURZOWA SPK01 Og\u00f3lna charakterystyka urz\u0105dzenia \u015aluza kurzowa SPK01 znajduje zastosowanie\u00a0jako zamkni\u0119cie zbiornik\u00f3w zawieraj\u0105cych\u00a0produkty sypkie, zbiornik\u00f3w filtr\u00f3w, cyklon\u00f3w\u00a0itp. Separator pozwala na usuwanie\u00a0produkt\u00f3w sypkich w spos\u00f3b hermetyczny.\u00a0Urz\u0105dzenia mog\u0105 s\u0142u\u017cy\u0107 jako dozowniki z\u00a0okre\u015blon\u0105 wydajno\u015bci\u0105. Wydajno\u015b\u0107\u00a0regulowana jest poprzez zmian\u0119 obrot\u00f3w\u00a0wirnika (np. z zastosowaniem falownika). Praca urz\u0105dzenia polega na cyklicznym\u00a0otwieraniu si\u0119 i zamykaniu kom\u00f3r (celek) w\u00a0wyniku obracania si\u0119 wirnika [&hellip;]<\/p>\n","protected":false},"author":1,"featured_media":0,"parent":1048,"menu_order":0,"comment_status":"closed","ping_status":"closed","template":"elementor_theme","meta":{"footnotes":""},"class_list":["post-1114","page","type-page","status-publish","hentry"],"yoast_head":"<!-- This site is optimized with the Yoast SEO plugin v20.1 - https:\/\/yoast.com\/wordpress\/plugins\/seo\/ -->\n<title>\u015aLUZA KURZOWA SPK01 - Instalacje Przemys\u0142owe<\/title>\n<meta name=\"description\" content=\"\u015aluza kurzowa SPK01 znajduje zastosowanie jako zamkni\u0119cie zbiornik\u00f3w zawieraj\u0105cych produkty sypkie, zbiornik\u00f3w filtr\u00f3w, cyklon\u00f3w itp.\" \/>\n<meta name=\"robots\" content=\"index, follow, max-snippet:-1, max-image-preview:large, max-video-preview:-1\" \/>\n<link rel=\"canonical\" href=\"https:\/\/koma-brzeg.pl\/en\/uslugi\/urzadzenia-transportu-pneumatycznego\/sluza-kurzowa-spk01\/\" \/>\n<meta property=\"og:locale\" content=\"en_US\" \/>\n<meta property=\"og:type\" content=\"article\" \/>\n<meta property=\"og:title\" content=\"\u015aLUZA KURZOWA SPK01 - Instalacje Przemys\u0142owe\" \/>\n<meta property=\"og:description\" content=\"\u015aluza kurzowa SPK01 znajduje zastosowanie jako zamkni\u0119cie zbiornik\u00f3w zawieraj\u0105cych produkty sypkie, zbiornik\u00f3w filtr\u00f3w, cyklon\u00f3w itp.\" \/>\n<meta property=\"og:url\" content=\"https:\/\/koma-brzeg.pl\/en\/uslugi\/urzadzenia-transportu-pneumatycznego\/sluza-kurzowa-spk01\/\" \/>\n<meta property=\"og:site_name\" content=\"Instalacje Przemys\u0142owe\" \/>\n<meta property=\"article:modified_time\" content=\"2023-04-17T06:44:24+00:00\" \/>\n<meta property=\"og:image\" content=\"https:\/\/koma-brzeg.pl\/wp-content\/uploads\/2022\/10\/about-us.png\" \/>\n<meta name=\"twitter:card\" content=\"summary_large_image\" \/>\n<meta name=\"twitter:label1\" content=\"Est. reading time\" \/>\n\t<meta name=\"twitter:data1\" content=\"1 minute\" \/>\n<script type=\"application\/ld+json\" class=\"yoast-schema-graph\">{\"@context\":\"https:\/\/schema.org\",\"@graph\":[{\"@type\":\"WebPage\",\"@id\":\"https:\/\/koma-brzeg.pl\/en\/uslugi\/urzadzenia-transportu-pneumatycznego\/sluza-kurzowa-spk01\/\",\"url\":\"https:\/\/koma-brzeg.pl\/en\/uslugi\/urzadzenia-transportu-pneumatycznego\/sluza-kurzowa-spk01\/\",\"name\":\"\u015aLUZA KURZOWA SPK01 - Instalacje Przemys\u0142owe\",\"isPartOf\":{\"@id\":\"https:\/\/koma-brzeg.pl\/#website\"},\"datePublished\":\"2022-10-25T07:38:33+00:00\",\"dateModified\":\"2023-04-17T06:44:24+00:00\",\"description\":\"\u015aluza kurzowa SPK01 znajduje zastosowanie jako zamkni\u0119cie zbiornik\u00f3w zawieraj\u0105cych produkty sypkie, zbiornik\u00f3w filtr\u00f3w, cyklon\u00f3w itp.\",\"breadcrumb\":{\"@id\":\"https:\/\/koma-brzeg.pl\/en\/uslugi\/urzadzenia-transportu-pneumatycznego\/sluza-kurzowa-spk01\/#breadcrumb\"},\"inLanguage\":\"en-US\",\"potentialAction\":[{\"@type\":\"ReadAction\",\"target\":[\"https:\/\/koma-brzeg.pl\/en\/uslugi\/urzadzenia-transportu-pneumatycznego\/sluza-kurzowa-spk01\/\"]}]},{\"@type\":\"BreadcrumbList\",\"@id\":\"https:\/\/koma-brzeg.pl\/en\/uslugi\/urzadzenia-transportu-pneumatycznego\/sluza-kurzowa-spk01\/#breadcrumb\",\"itemListElement\":[{\"@type\":\"ListItem\",\"position\":1,\"name\":\"Us\u0142ugi\",\"item\":\"https:\/\/koma-brzeg.pl\/en\/uslugi\/\"},{\"@type\":\"ListItem\",\"position\":2,\"name\":\"Urz\u0105dzenia transportu pneumatycznego\",\"item\":\"https:\/\/koma-brzeg.pl\/en\/uslugi\/urzadzenia-transportu-pneumatycznego\/\"},{\"@type\":\"ListItem\",\"position\":3,\"name\":\"\u015aLUZA KURZOWA SPK01\"}]},{\"@type\":\"WebSite\",\"@id\":\"https:\/\/koma-brzeg.pl\/#website\",\"url\":\"https:\/\/koma-brzeg.pl\/\",\"name\":\"Instalacje Przemys\u0142owe\",\"description\":\"SPECJALISTYCZNY ZAK\u0141AD PRODUKCJI POMP I APARATURY PRZEMYS\u0141OWEJ\",\"potentialAction\":[{\"@type\":\"SearchAction\",\"target\":{\"@type\":\"EntryPoint\",\"urlTemplate\":\"https:\/\/koma-brzeg.pl\/?s={search_term_string}\"},\"query-input\":\"required name=search_term_string\"}],\"inLanguage\":\"en-US\"}]}<\/script>\n<!-- \/ Yoast SEO plugin. -->","yoast_head_json":{"title":"\u015aLUZA KURZOWA SPK01 - Instalacje Przemys\u0142owe","description":"\u015aluza kurzowa SPK01 znajduje zastosowanie jako zamkni\u0119cie zbiornik\u00f3w zawieraj\u0105cych produkty sypkie, zbiornik\u00f3w filtr\u00f3w, cyklon\u00f3w itp.","robots":{"index":"index","follow":"follow","max-snippet":"max-snippet:-1","max-image-preview":"max-image-preview:large","max-video-preview":"max-video-preview:-1"},"canonical":"https:\/\/koma-brzeg.pl\/en\/uslugi\/urzadzenia-transportu-pneumatycznego\/sluza-kurzowa-spk01\/","og_locale":"en_US","og_type":"article","og_title":"\u015aLUZA KURZOWA SPK01 - Instalacje Przemys\u0142owe","og_description":"\u015aluza kurzowa SPK01 znajduje zastosowanie jako zamkni\u0119cie zbiornik\u00f3w zawieraj\u0105cych produkty sypkie, zbiornik\u00f3w filtr\u00f3w, cyklon\u00f3w itp.","og_url":"https:\/\/koma-brzeg.pl\/en\/uslugi\/urzadzenia-transportu-pneumatycznego\/sluza-kurzowa-spk01\/","og_site_name":"Instalacje Przemys\u0142owe","article_modified_time":"2023-04-17T06:44:24+00:00","og_image":[{"url":"https:\/\/koma-brzeg.pl\/wp-content\/uploads\/2022\/10\/about-us.png"}],"twitter_card":"summary_large_image","twitter_misc":{"Est. reading time":"1 minute"},"schema":{"@context":"https:\/\/schema.org","@graph":[{"@type":"WebPage","@id":"https:\/\/koma-brzeg.pl\/en\/uslugi\/urzadzenia-transportu-pneumatycznego\/sluza-kurzowa-spk01\/","url":"https:\/\/koma-brzeg.pl\/en\/uslugi\/urzadzenia-transportu-pneumatycznego\/sluza-kurzowa-spk01\/","name":"\u015aLUZA KURZOWA SPK01 - Instalacje Przemys\u0142owe","isPartOf":{"@id":"https:\/\/koma-brzeg.pl\/#website"},"datePublished":"2022-10-25T07:38:33+00:00","dateModified":"2023-04-17T06:44:24+00:00","description":"\u015aluza kurzowa SPK01 znajduje zastosowanie jako zamkni\u0119cie zbiornik\u00f3w zawieraj\u0105cych produkty sypkie, zbiornik\u00f3w filtr\u00f3w, cyklon\u00f3w itp.","breadcrumb":{"@id":"https:\/\/koma-brzeg.pl\/en\/uslugi\/urzadzenia-transportu-pneumatycznego\/sluza-kurzowa-spk01\/#breadcrumb"},"inLanguage":"en-US","potentialAction":[{"@type":"ReadAction","target":["https:\/\/koma-brzeg.pl\/en\/uslugi\/urzadzenia-transportu-pneumatycznego\/sluza-kurzowa-spk01\/"]}]},{"@type":"BreadcrumbList","@id":"https:\/\/koma-brzeg.pl\/en\/uslugi\/urzadzenia-transportu-pneumatycznego\/sluza-kurzowa-spk01\/#breadcrumb","itemListElement":[{"@type":"ListItem","position":1,"name":"Us\u0142ugi","item":"https:\/\/koma-brzeg.pl\/en\/uslugi\/"},{"@type":"ListItem","position":2,"name":"Urz\u0105dzenia transportu pneumatycznego","item":"https:\/\/koma-brzeg.pl\/en\/uslugi\/urzadzenia-transportu-pneumatycznego\/"},{"@type":"ListItem","position":3,"name":"\u015aLUZA KURZOWA SPK01"}]},{"@type":"WebSite","@id":"https:\/\/koma-brzeg.pl\/#website","url":"https:\/\/koma-brzeg.pl\/","name":"Instalacje Przemys\u0142owe","description":"SPECJALISTYCZNY ZAK\u0141AD PRODUKCJI POMP I APARATURY PRZEMYS\u0141OWEJ","potentialAction":[{"@type":"SearchAction","target":{"@type":"EntryPoint","urlTemplate":"https:\/\/koma-brzeg.pl\/?s={search_term_string}"},"query-input":"required name=search_term_string"}],"inLanguage":"en-US"}]}},"_links":{"self":[{"href":"https:\/\/koma-brzeg.pl\/en\/wp-json\/wp\/v2\/pages\/1114","targetHints":{"allow":["GET"]}}],"collection":[{"href":"https:\/\/koma-brzeg.pl\/en\/wp-json\/wp\/v2\/pages"}],"about":[{"href":"https:\/\/koma-brzeg.pl\/en\/wp-json\/wp\/v2\/types\/page"}],"author":[{"embeddable":true,"href":"https:\/\/koma-brzeg.pl\/en\/wp-json\/wp\/v2\/users\/1"}],"replies":[{"embeddable":true,"href":"https:\/\/koma-brzeg.pl\/en\/wp-json\/wp\/v2\/comments?post=1114"}],"version-history":[{"count":8,"href":"https:\/\/koma-brzeg.pl\/en\/wp-json\/wp\/v2\/pages\/1114\/revisions"}],"predecessor-version":[{"id":2846,"href":"https:\/\/koma-brzeg.pl\/en\/wp-json\/wp\/v2\/pages\/1114\/revisions\/2846"}],"up":[{"embeddable":true,"href":"https:\/\/koma-brzeg.pl\/en\/wp-json\/wp\/v2\/pages\/1048"}],"wp:attachment":[{"href":"https:\/\/koma-brzeg.pl\/en\/wp-json\/wp\/v2\/media?parent=1114"}],"curies":[{"name":"wp","href":"https:\/\/api.w.org\/{rel}","templated":true}]}}