{"id":1073,"date":"2022-11-02T18:36:44","date_gmt":"2022-11-02T17:36:44","guid":{"rendered":"https:\/\/koma-brzeg.pl\/uslugi\/mieszadla\/mieszadlo-mws-afbvl2\/"},"modified":"2023-04-17T11:14:48","modified_gmt":"2023-04-17T09:14:48","slug":"mieszadlo-mws-afbvl2","status":"publish","type":"page","link":"https:\/\/koma-brzeg.pl\/en\/uslugi\/mieszadla\/mieszadlo-mws-afbvl2\/","title":{"rendered":"MIESZAD\u0141O MWS &#8211; AFBVL2"},"content":{"rendered":"\t\t<div data-elementor-type=\"wp-page\" data-elementor-id=\"1073\" class=\"elementor elementor-1073 elementor-377\">\n\t\t\t\t\t\t\t\t\t<section class=\"elementor-section elementor-top-section elementor-element elementor-element-94cdee0 elementor-section-boxed elementor-section-height-default elementor-section-height-default\" data-id=\"94cdee0\" data-element_type=\"section\">\n\t\t\t\t\t\t<div class=\"elementor-container elementor-column-gap-default\">\n\t\t\t\t\t<div class=\"elementor-column elementor-col-100 elementor-top-column elementor-element elementor-element-dc02b66\" data-id=\"dc02b66\" data-element_type=\"column\">\n\t\t\t<div class=\"elementor-widget-wrap elementor-element-populated\">\n\t\t\t\t\t\t\t\t<div class=\"elementor-element elementor-element-9bed95a elementor-widget elementor-widget-heading\" data-id=\"9bed95a\" data-element_type=\"widget\" data-widget_type=\"heading.default\">\n\t\t\t\t<div class=\"elementor-widget-container\">\n\t\t\t<style>\/*! elementor - v3.12.0 - 29-03-2023 *\/\n.elementor-heading-title{padding:0;margin:0;line-height:1}.elementor-widget-heading .elementor-heading-title[class*=elementor-size-]>a{color:inherit;font-size:inherit;line-height:inherit}.elementor-widget-heading .elementor-heading-title.elementor-size-small{font-size:15px}.elementor-widget-heading .elementor-heading-title.elementor-size-medium{font-size:19px}.elementor-widget-heading .elementor-heading-title.elementor-size-large{font-size:29px}.elementor-widget-heading .elementor-heading-title.elementor-size-xl{font-size:39px}.elementor-widget-heading .elementor-heading-title.elementor-size-xxl{font-size:59px}<\/style><h2 class=\"elementor-heading-title elementor-size-default\">Mieszad\u0142o MWS - AFBVL2<\/h2>\t\t<\/div>\n\t\t\t\t<\/div>\n\t\t\t\t\t<\/div>\n\t\t<\/div>\n\t\t\t\t\t\t\t<\/div>\n\t\t<\/section>\n\t\t\t\t<section class=\"elementor-section elementor-top-section elementor-element elementor-element-3347c782 elementor-section-boxed elementor-section-height-default elementor-section-height-default\" data-id=\"3347c782\" data-element_type=\"section\">\n\t\t\t\t\t\t<div class=\"elementor-container elementor-column-gap-default\">\n\t\t\t\t\t<div class=\"elementor-column elementor-col-100 elementor-top-column elementor-element elementor-element-4d3378c4\" data-id=\"4d3378c4\" data-element_type=\"column\">\n\t\t\t<div class=\"elementor-widget-wrap elementor-element-populated\">\n\t\t\t\t\t\t\t\t<div class=\"elementor-element elementor-element-17e207f elementor-position-left elementor-widget__width-auto elementor-vertical-align-top elementor-widget elementor-widget-image-box\" data-id=\"17e207f\" data-element_type=\"widget\" data-widget_type=\"image-box.default\">\n\t\t\t\t<div class=\"elementor-widget-container\">\n\t\t\t<style>\/*! elementor - v3.12.0 - 29-03-2023 *\/\n.elementor-widget-image-box .elementor-image-box-content{width:100%}@media (min-width:768px){.elementor-widget-image-box.elementor-position-left .elementor-image-box-wrapper,.elementor-widget-image-box.elementor-position-right .elementor-image-box-wrapper{display:flex}.elementor-widget-image-box.elementor-position-right .elementor-image-box-wrapper{text-align:right;flex-direction:row-reverse}.elementor-widget-image-box.elementor-position-left .elementor-image-box-wrapper{text-align:left;flex-direction:row}.elementor-widget-image-box.elementor-position-top .elementor-image-box-img{margin:auto}.elementor-widget-image-box.elementor-vertical-align-top .elementor-image-box-wrapper{align-items:flex-start}.elementor-widget-image-box.elementor-vertical-align-middle .elementor-image-box-wrapper{align-items:center}.elementor-widget-image-box.elementor-vertical-align-bottom .elementor-image-box-wrapper{align-items:flex-end}}@media (max-width:767px){.elementor-widget-image-box .elementor-image-box-img{margin-left:auto!important;margin-right:auto!important;margin-bottom:15px}}.elementor-widget-image-box .elementor-image-box-img{display:inline-block}.elementor-widget-image-box .elementor-image-box-title a{color:inherit}.elementor-widget-image-box .elementor-image-box-wrapper{text-align:center}.elementor-widget-image-box .elementor-image-box-description{margin:0}<\/style><div class=\"elementor-image-box-wrapper\"><figure class=\"elementor-image-box-img\"><img decoding=\"async\" width=\"24\" height=\"24\" src=\"https:\/\/koma-brzeg.pl\/wp-content\/uploads\/2022\/10\/about-us.png\" class=\"attachment-full size-full wp-image-831\" alt=\"\" \/><\/figure><div class=\"elementor-image-box-content\"><h3 class=\"elementor-image-box-title\">Og\u00f3lna charakterystyka urz\u0105dzenia <\/h3><\/div><\/div>\t\t<\/div>\n\t\t\t\t<\/div>\n\t\t\t\t<div class=\"elementor-element elementor-element-3ab43e85 elementor-widget elementor-widget-text-editor\" data-id=\"3ab43e85\" data-element_type=\"widget\" data-widget_type=\"text-editor.default\">\n\t\t\t\t<div class=\"elementor-widget-container\">\n\t\t\t<style>\/*! elementor - v3.12.0 - 29-03-2023 *\/\n.elementor-widget-text-editor.elementor-drop-cap-view-stacked .elementor-drop-cap{background-color:#69727d;color:#fff}.elementor-widget-text-editor.elementor-drop-cap-view-framed .elementor-drop-cap{color:#69727d;border:3px solid;background-color:transparent}.elementor-widget-text-editor:not(.elementor-drop-cap-view-default) .elementor-drop-cap{margin-top:8px}.elementor-widget-text-editor:not(.elementor-drop-cap-view-default) .elementor-drop-cap-letter{width:1em;height:1em}.elementor-widget-text-editor .elementor-drop-cap{float:left;text-align:center;line-height:1;font-size:50px}.elementor-widget-text-editor .elementor-drop-cap-letter{display:inline-block}<\/style>\t\t\t\t<p>Mieszad\u0142o poziome o konstrukcji wzmocnionej przeznaczone do mieszania wielkogabarytowych zbiornik\u00f3w z cieczami zanieczyszczonymi, np.: komory fermentacyjne biogazowni, zbiorniki gnojowicy, reaktory itp. Specjalna konstrukcja tr\u00f3j\u0142opatowego wirnika zapobiega okr\u0119caniu si\u0119 cia\u0142 w\u0142\u00f3knistych. Cech\u0105 charakterystyczn\u0105 zabudowy tego mieszad\u0142a jest opatentowany system wymiany uszczelnienia mechanicznego niewymagaj\u0105cy stosowania kosztownych uszczelnie\u0144 kartrid\u017cowych. Proste zastosowane i wzgl\u0119dnie tanie uszczelnienie mieszkowe mo\u017cna szybko wymieni\u0107 bez konieczno\u015bci opr\u00f3\u017cniania zbiornika co w przypadku du\u017cych pojemno\u015bci ma niebagatelne znaczenie podczas eksploatacji urz\u0105dzenia.<\/p>\t\t\t\t\t\t<\/div>\n\t\t\t\t<\/div>\n\t\t\t\t<div class=\"elementor-element elementor-element-9d6cc45 elementor-position-left elementor-vertical-align-top elementor-widget elementor-widget-image-box\" data-id=\"9d6cc45\" data-element_type=\"widget\" data-widget_type=\"image-box.default\">\n\t\t\t\t<div class=\"elementor-widget-container\">\n\t\t\t<div class=\"elementor-image-box-wrapper\"><figure class=\"elementor-image-box-img\"><a href=\"https:\/\/koma-brzeg.pl\/wp-content\/uploads\/2023\/04\/DTR_MWSVL2.pdf\"><img decoding=\"async\" width=\"150\" height=\"150\" src=\"https:\/\/koma-brzeg.pl\/wp-content\/uploads\/2023\/03\/computer-icons-pdf-filename-extension-pdf-icon-150x150.jpg\" class=\"attachment-thumbnail size-thumbnail wp-image-2047\" alt=\"\" srcset=\"https:\/\/koma-brzeg.pl\/wp-content\/uploads\/2023\/03\/computer-icons-pdf-filename-extension-pdf-icon-150x150.jpg 150w, https:\/\/koma-brzeg.pl\/wp-content\/uploads\/2023\/03\/computer-icons-pdf-filename-extension-pdf-icon-300x300.jpg 300w, https:\/\/koma-brzeg.pl\/wp-content\/uploads\/2023\/03\/computer-icons-pdf-filename-extension-pdf-icon.jpg 512w\" sizes=\"(max-width: 150px) 100vw, 150px\" \/><\/a><\/figure><div class=\"elementor-image-box-content\"><h3 class=\"elementor-image-box-title\"><a href=\"https:\/\/koma-brzeg.pl\/wp-content\/uploads\/2023\/04\/DTR_MWSVL2.pdf\">Instrukcja Obs\u0142ugi<\/a><\/h3><\/div><\/div>\t\t<\/div>\n\t\t\t\t<\/div>\n\t\t\t\t<div class=\"elementor-element elementor-element-1645983f elementor-widget-divider--view-line elementor-widget elementor-widget-divider\" data-id=\"1645983f\" data-element_type=\"widget\" data-widget_type=\"divider.default\">\n\t\t\t\t<div class=\"elementor-widget-container\">\n\t\t\t<style>\/*! elementor - v3.12.0 - 29-03-2023 *\/\n.elementor-widget-divider{--divider-border-style:none;--divider-border-width:1px;--divider-color:#0c0d0e;--divider-icon-size:20px;--divider-element-spacing:10px;--divider-pattern-height:24px;--divider-pattern-size:20px;--divider-pattern-url:none;--divider-pattern-repeat:repeat-x}.elementor-widget-divider .elementor-divider{display:flex}.elementor-widget-divider .elementor-divider__text{font-size:15px;line-height:1;max-width:95%}.elementor-widget-divider .elementor-divider__element{margin:0 var(--divider-element-spacing);flex-shrink:0}.elementor-widget-divider .elementor-icon{font-size:var(--divider-icon-size)}.elementor-widget-divider .elementor-divider-separator{display:flex;margin:0;direction:ltr}.elementor-widget-divider--view-line_icon .elementor-divider-separator,.elementor-widget-divider--view-line_text .elementor-divider-separator{align-items:center}.elementor-widget-divider--view-line_icon .elementor-divider-separator:after,.elementor-widget-divider--view-line_icon .elementor-divider-separator:before,.elementor-widget-divider--view-line_text .elementor-divider-separator:after,.elementor-widget-divider--view-line_text .elementor-divider-separator:before{display:block;content:\"\";border-bottom:0;flex-grow:1;border-top:var(--divider-border-width) var(--divider-border-style) var(--divider-color)}.elementor-widget-divider--element-align-left .elementor-divider .elementor-divider-separator>.elementor-divider__svg:first-of-type{flex-grow:0;flex-shrink:100}.elementor-widget-divider--element-align-left .elementor-divider-separator:before{content:none}.elementor-widget-divider--element-align-left .elementor-divider__element{margin-left:0}.elementor-widget-divider--element-align-right .elementor-divider .elementor-divider-separator>.elementor-divider__svg:last-of-type{flex-grow:0;flex-shrink:100}.elementor-widget-divider--element-align-right .elementor-divider-separator:after{content:none}.elementor-widget-divider--element-align-right .elementor-divider__element{margin-right:0}.elementor-widget-divider:not(.elementor-widget-divider--view-line_text):not(.elementor-widget-divider--view-line_icon) .elementor-divider-separator{border-top:var(--divider-border-width) var(--divider-border-style) var(--divider-color)}.elementor-widget-divider--separator-type-pattern{--divider-border-style:none}.elementor-widget-divider--separator-type-pattern.elementor-widget-divider--view-line .elementor-divider-separator,.elementor-widget-divider--separator-type-pattern:not(.elementor-widget-divider--view-line) .elementor-divider-separator:after,.elementor-widget-divider--separator-type-pattern:not(.elementor-widget-divider--view-line) .elementor-divider-separator:before,.elementor-widget-divider--separator-type-pattern:not([class*=elementor-widget-divider--view]) .elementor-divider-separator{width:100%;min-height:var(--divider-pattern-height);-webkit-mask-size:var(--divider-pattern-size) 100%;mask-size:var(--divider-pattern-size) 100%;-webkit-mask-repeat:var(--divider-pattern-repeat);mask-repeat:var(--divider-pattern-repeat);background-color:var(--divider-color);-webkit-mask-image:var(--divider-pattern-url);mask-image:var(--divider-pattern-url)}.elementor-widget-divider--no-spacing{--divider-pattern-size:auto}.elementor-widget-divider--bg-round{--divider-pattern-repeat:round}.rtl .elementor-widget-divider .elementor-divider__text{direction:rtl}.e-con-inner>.elementor-widget-divider,.e-con>.elementor-widget-divider{width:var(--container-widget-width,100%);--flex-grow:var(--container-widget-flex-grow)}<\/style>\t\t<div class=\"elementor-divider\">\n\t\t\t<span class=\"elementor-divider-separator\">\n\t\t\t\t\t\t<\/span>\n\t\t<\/div>\n\t\t\t\t<\/div>\n\t\t\t\t<\/div>\n\t\t\t\t<div class=\"elementor-element elementor-element-5055ac6b elementor-position-left elementor-widget__width-auto elementor-vertical-align-top elementor-widget elementor-widget-image-box\" data-id=\"5055ac6b\" data-element_type=\"widget\" data-widget_type=\"image-box.default\">\n\t\t\t\t<div class=\"elementor-widget-container\">\n\t\t\t<div class=\"elementor-image-box-wrapper\"><figure class=\"elementor-image-box-img\"><img decoding=\"async\" width=\"24\" height=\"21\" src=\"https:\/\/koma-brzeg.pl\/wp-content\/uploads\/2022\/10\/parametry2.png\" class=\"attachment-full size-full wp-image-833\" alt=\"\" \/><\/figure><div class=\"elementor-image-box-content\"><h3 class=\"elementor-image-box-title\">Podstawowe parametry<\/h3><\/div><\/div>\t\t<\/div>\n\t\t\t\t<\/div>\n\t\t\t\t<div class=\"elementor-element elementor-element-1cd95e3b elementor-widget elementor-widget-text-editor\" data-id=\"1cd95e3b\" data-element_type=\"widget\" data-widget_type=\"text-editor.default\">\n\t\t\t\t<div class=\"elementor-widget-container\">\n\t\t\t\t\t\t\t<ul><li>\u00a0obroty &#8211; od 50 do 400 1\/min<\/li><li>moc &#8211; 22kW<\/li><li>\u00a0\u015brednica wirnika &#8211; do 1000mm<\/li><li>\u00a0d\u0142ugo\u015b\u0107 wa\u0142u &#8211; do 1500mm<\/li><li>\u00a0uszczelnienie &#8211; mechaniczne lub sznurowe<\/li><\/ul>\t\t\t\t\t\t<\/div>\n\t\t\t\t<\/div>\n\t\t\t\t<div class=\"elementor-element elementor-element-240b962d elementor-widget-divider--view-line elementor-widget elementor-widget-divider\" data-id=\"240b962d\" data-element_type=\"widget\" data-widget_type=\"divider.default\">\n\t\t\t\t<div class=\"elementor-widget-container\">\n\t\t\t\t\t<div class=\"elementor-divider\">\n\t\t\t<span class=\"elementor-divider-separator\">\n\t\t\t\t\t\t<\/span>\n\t\t<\/div>\n\t\t\t\t<\/div>\n\t\t\t\t<\/div>\n\t\t\t\t<div class=\"elementor-element elementor-element-1992ec68 elementor-position-left elementor-widget__width-auto elementor-vertical-align-top elementor-widget elementor-widget-image-box\" data-id=\"1992ec68\" data-element_type=\"widget\" data-widget_type=\"image-box.default\">\n\t\t\t\t<div class=\"elementor-widget-container\">\n\t\t\t<div class=\"elementor-image-box-wrapper\"><figure class=\"elementor-image-box-img\"><img decoding=\"async\" width=\"24\" height=\"24\" src=\"https:\/\/koma-brzeg.pl\/wp-content\/uploads\/2022\/10\/services.png\" class=\"attachment-full size-full wp-image-835\" alt=\"\" \/><\/figure><div class=\"elementor-image-box-content\"><h3 class=\"elementor-image-box-title\">Budowa og\u00f3lna<\/h3><\/div><\/div>\t\t<\/div>\n\t\t\t\t<\/div>\n\t\t\t\t<div class=\"elementor-element elementor-element-8533aee elementor-widget elementor-widget-image\" data-id=\"8533aee\" data-element_type=\"widget\" data-widget_type=\"image.default\">\n\t\t\t\t<div class=\"elementor-widget-container\">\n\t\t\t<style>\/*! elementor - v3.12.0 - 29-03-2023 *\/\n.elementor-widget-image{text-align:center}.elementor-widget-image a{display:inline-block}.elementor-widget-image a img[src$=\".svg\"]{width:48px}.elementor-widget-image img{vertical-align:middle;display:inline-block}<\/style>\t\t\t\t\t\t\t\t\t\t\t\t<img decoding=\"async\" width=\"295\" height=\"300\" src=\"https:\/\/koma-brzeg.pl\/wp-content\/uploads\/2023\/04\/vl2-295x300.png\" class=\"attachment-medium size-medium wp-image-2879\" alt=\"\" srcset=\"https:\/\/koma-brzeg.pl\/wp-content\/uploads\/2023\/04\/vl2-295x300.png 295w, https:\/\/koma-brzeg.pl\/wp-content\/uploads\/2023\/04\/vl2-768x782.png 768w, https:\/\/koma-brzeg.pl\/wp-content\/uploads\/2023\/04\/vl2.png 816w\" sizes=\"(max-width: 295px) 100vw, 295px\" \/>\t\t\t\t\t\t\t\t\t\t\t\t\t\t\t<\/div>\n\t\t\t\t<\/div>\n\t\t\t\t<div class=\"elementor-element elementor-element-269cf10 elementor-widget elementor-widget-image\" data-id=\"269cf10\" data-element_type=\"widget\" data-widget_type=\"image.default\">\n\t\t\t\t<div class=\"elementor-widget-container\">\n\t\t\t\t\t\t\t\t\t\t\t\t\t\t\t<img decoding=\"async\" width=\"768\" height=\"357\" src=\"https:\/\/koma-brzeg.pl\/wp-content\/uploads\/2023\/04\/vl_wymiary-768x357.png\" class=\"attachment-medium_large size-medium_large wp-image-2904\" alt=\"\" srcset=\"https:\/\/koma-brzeg.pl\/wp-content\/uploads\/2023\/04\/vl_wymiary-768x357.png 768w, https:\/\/koma-brzeg.pl\/wp-content\/uploads\/2023\/04\/vl_wymiary-300x139.png 300w, https:\/\/koma-brzeg.pl\/wp-content\/uploads\/2023\/04\/vl_wymiary-1024x475.png 1024w, https:\/\/koma-brzeg.pl\/wp-content\/uploads\/2023\/04\/vl_wymiary.png 1318w\" sizes=\"(max-width: 768px) 100vw, 768px\" \/>\t\t\t\t\t\t\t\t\t\t\t\t\t\t\t<\/div>\n\t\t\t\t<\/div>\n\t\t\t\t<div class=\"elementor-element elementor-element-726fefc8 elementor-widget-divider--view-line elementor-widget elementor-widget-divider\" data-id=\"726fefc8\" data-element_type=\"widget\" data-widget_type=\"divider.default\">\n\t\t\t\t<div class=\"elementor-widget-container\">\n\t\t\t\t\t<div class=\"elementor-divider\">\n\t\t\t<span class=\"elementor-divider-separator\">\n\t\t\t\t\t\t<\/span>\n\t\t<\/div>\n\t\t\t\t<\/div>\n\t\t\t\t<\/div>\n\t\t\t\t<div class=\"elementor-element elementor-element-298a04d2 elementor-position-left elementor-widget__width-auto elementor-vertical-align-top elementor-widget elementor-widget-image-box\" data-id=\"298a04d2\" data-element_type=\"widget\" data-widget_type=\"image-box.default\">\n\t\t\t\t<div class=\"elementor-widget-container\">\n\t\t\t<div class=\"elementor-image-box-wrapper\"><figure class=\"elementor-image-box-img\"><img decoding=\"async\" width=\"34\" height=\"31\" src=\"https:\/\/koma-brzeg.pl\/wp-content\/uploads\/2022\/10\/products.png\" class=\"attachment-full size-full wp-image-839\" alt=\"\" \/><\/figure><div class=\"elementor-image-box-content\"><h3 class=\"elementor-image-box-title\">Zastosowanie<\/h3><\/div><\/div>\t\t<\/div>\n\t\t\t\t<\/div>\n\t\t\t\t\t<\/div>\n\t\t<\/div>\n\t\t\t\t\t\t\t<\/div>\n\t\t<\/section>\n\t\t\t\t\t\t\t<\/div>\n\t\t","protected":false},"excerpt":{"rendered":"<p>Mieszad\u0142o MWS &#8211; AFBVL2 Og\u00f3lna charakterystyka urz\u0105dzenia Mieszad\u0142o poziome o konstrukcji wzmocnionej przeznaczone do mieszania wielkogabarytowych zbiornik\u00f3w z cieczami zanieczyszczonymi, np.: komory fermentacyjne biogazowni, zbiorniki gnojowicy, reaktory itp. Specjalna konstrukcja tr\u00f3j\u0142opatowego wirnika zapobiega okr\u0119caniu si\u0119 cia\u0142 w\u0142\u00f3knistych. Cech\u0105 charakterystyczn\u0105 zabudowy tego mieszad\u0142a jest opatentowany system wymiany uszczelnienia mechanicznego niewymagaj\u0105cy stosowania kosztownych uszczelnie\u0144 kartrid\u017cowych. Proste zastosowane [&hellip;]<\/p>\n","protected":false},"author":1,"featured_media":0,"parent":1060,"menu_order":0,"comment_status":"closed","ping_status":"closed","template":"elementor_theme","meta":{"footnotes":""},"class_list":["post-1073","page","type-page","status-publish","hentry"],"yoast_head":"<!-- This site is optimized with the Yoast SEO plugin v20.1 - https:\/\/yoast.com\/wordpress\/plugins\/seo\/ -->\n<title>MIESZAD\u0141O MWS - AFBVL2 - Instalacje Przemys\u0142owe<\/title>\n<meta name=\"robots\" content=\"index, follow, max-snippet:-1, max-image-preview:large, max-video-preview:-1\" \/>\n<link rel=\"canonical\" href=\"https:\/\/koma-brzeg.pl\/en\/uslugi\/mieszadla\/mieszadlo-mws-afbvl2\/\" \/>\n<meta property=\"og:locale\" content=\"en_US\" \/>\n<meta property=\"og:type\" content=\"article\" \/>\n<meta property=\"og:title\" content=\"MIESZAD\u0141O MWS - AFBVL2 - Instalacje Przemys\u0142owe\" \/>\n<meta property=\"og:description\" content=\"Mieszad\u0142o MWS &#8211; AFBVL2 Og\u00f3lna charakterystyka urz\u0105dzenia Mieszad\u0142o poziome o konstrukcji wzmocnionej przeznaczone do mieszania wielkogabarytowych zbiornik\u00f3w z cieczami zanieczyszczonymi, np.: komory fermentacyjne biogazowni, zbiorniki gnojowicy, reaktory itp. Specjalna konstrukcja tr\u00f3j\u0142opatowego wirnika zapobiega okr\u0119caniu si\u0119 cia\u0142 w\u0142\u00f3knistych. Cech\u0105 charakterystyczn\u0105 zabudowy tego mieszad\u0142a jest opatentowany system wymiany uszczelnienia mechanicznego niewymagaj\u0105cy stosowania kosztownych uszczelnie\u0144 kartrid\u017cowych. Proste zastosowane [&hellip;]\" \/>\n<meta property=\"og:url\" content=\"https:\/\/koma-brzeg.pl\/en\/uslugi\/mieszadla\/mieszadlo-mws-afbvl2\/\" \/>\n<meta property=\"og:site_name\" content=\"Instalacje Przemys\u0142owe\" \/>\n<meta property=\"article:modified_time\" content=\"2023-04-17T09:14:48+00:00\" \/>\n<meta property=\"og:image\" content=\"https:\/\/koma-brzeg.pl\/wp-content\/uploads\/2022\/10\/about-us.png\" \/>\n<meta name=\"twitter:card\" content=\"summary_large_image\" \/>\n<meta name=\"twitter:label1\" content=\"Est. reading time\" \/>\n\t<meta name=\"twitter:data1\" content=\"1 minute\" \/>\n<script type=\"application\/ld+json\" class=\"yoast-schema-graph\">{\"@context\":\"https:\/\/schema.org\",\"@graph\":[{\"@type\":\"WebPage\",\"@id\":\"https:\/\/koma-brzeg.pl\/en\/uslugi\/mieszadla\/mieszadlo-mws-afbvl2\/\",\"url\":\"https:\/\/koma-brzeg.pl\/en\/uslugi\/mieszadla\/mieszadlo-mws-afbvl2\/\",\"name\":\"MIESZAD\u0141O MWS - AFBVL2 - Instalacje Przemys\u0142owe\",\"isPartOf\":{\"@id\":\"https:\/\/koma-brzeg.pl\/#website\"},\"datePublished\":\"2022-11-02T17:36:44+00:00\",\"dateModified\":\"2023-04-17T09:14:48+00:00\",\"breadcrumb\":{\"@id\":\"https:\/\/koma-brzeg.pl\/en\/uslugi\/mieszadla\/mieszadlo-mws-afbvl2\/#breadcrumb\"},\"inLanguage\":\"en-US\",\"potentialAction\":[{\"@type\":\"ReadAction\",\"target\":[\"https:\/\/koma-brzeg.pl\/en\/uslugi\/mieszadla\/mieszadlo-mws-afbvl2\/\"]}]},{\"@type\":\"BreadcrumbList\",\"@id\":\"https:\/\/koma-brzeg.pl\/en\/uslugi\/mieszadla\/mieszadlo-mws-afbvl2\/#breadcrumb\",\"itemListElement\":[{\"@type\":\"ListItem\",\"position\":1,\"name\":\"Us\u0142ugi\",\"item\":\"https:\/\/koma-brzeg.pl\/en\/uslugi\/\"},{\"@type\":\"ListItem\",\"position\":2,\"name\":\"Mieszad\u0142a\",\"item\":\"https:\/\/koma-brzeg.pl\/en\/uslugi\/mieszadla\/\"},{\"@type\":\"ListItem\",\"position\":3,\"name\":\"MIESZAD\u0141O MWS &#8211; AFBVL2\"}]},{\"@type\":\"WebSite\",\"@id\":\"https:\/\/koma-brzeg.pl\/#website\",\"url\":\"https:\/\/koma-brzeg.pl\/\",\"name\":\"Instalacje Przemys\u0142owe\",\"description\":\"SPECJALISTYCZNY ZAK\u0141AD PRODUKCJI POMP I APARATURY PRZEMYS\u0141OWEJ\",\"potentialAction\":[{\"@type\":\"SearchAction\",\"target\":{\"@type\":\"EntryPoint\",\"urlTemplate\":\"https:\/\/koma-brzeg.pl\/?s={search_term_string}\"},\"query-input\":\"required name=search_term_string\"}],\"inLanguage\":\"en-US\"}]}<\/script>\n<!-- \/ Yoast SEO plugin. -->","yoast_head_json":{"title":"MIESZAD\u0141O MWS - AFBVL2 - Instalacje Przemys\u0142owe","robots":{"index":"index","follow":"follow","max-snippet":"max-snippet:-1","max-image-preview":"max-image-preview:large","max-video-preview":"max-video-preview:-1"},"canonical":"https:\/\/koma-brzeg.pl\/en\/uslugi\/mieszadla\/mieszadlo-mws-afbvl2\/","og_locale":"en_US","og_type":"article","og_title":"MIESZAD\u0141O MWS - AFBVL2 - Instalacje Przemys\u0142owe","og_description":"Mieszad\u0142o MWS &#8211; AFBVL2 Og\u00f3lna charakterystyka urz\u0105dzenia Mieszad\u0142o poziome o konstrukcji wzmocnionej przeznaczone do mieszania wielkogabarytowych zbiornik\u00f3w z cieczami zanieczyszczonymi, np.: komory fermentacyjne biogazowni, zbiorniki gnojowicy, reaktory itp. Specjalna konstrukcja tr\u00f3j\u0142opatowego wirnika zapobiega okr\u0119caniu si\u0119 cia\u0142 w\u0142\u00f3knistych. Cech\u0105 charakterystyczn\u0105 zabudowy tego mieszad\u0142a jest opatentowany system wymiany uszczelnienia mechanicznego niewymagaj\u0105cy stosowania kosztownych uszczelnie\u0144 kartrid\u017cowych. Proste zastosowane [&hellip;]","og_url":"https:\/\/koma-brzeg.pl\/en\/uslugi\/mieszadla\/mieszadlo-mws-afbvl2\/","og_site_name":"Instalacje Przemys\u0142owe","article_modified_time":"2023-04-17T09:14:48+00:00","og_image":[{"url":"https:\/\/koma-brzeg.pl\/wp-content\/uploads\/2022\/10\/about-us.png"}],"twitter_card":"summary_large_image","twitter_misc":{"Est. reading time":"1 minute"},"schema":{"@context":"https:\/\/schema.org","@graph":[{"@type":"WebPage","@id":"https:\/\/koma-brzeg.pl\/en\/uslugi\/mieszadla\/mieszadlo-mws-afbvl2\/","url":"https:\/\/koma-brzeg.pl\/en\/uslugi\/mieszadla\/mieszadlo-mws-afbvl2\/","name":"MIESZAD\u0141O MWS - AFBVL2 - Instalacje Przemys\u0142owe","isPartOf":{"@id":"https:\/\/koma-brzeg.pl\/#website"},"datePublished":"2022-11-02T17:36:44+00:00","dateModified":"2023-04-17T09:14:48+00:00","breadcrumb":{"@id":"https:\/\/koma-brzeg.pl\/en\/uslugi\/mieszadla\/mieszadlo-mws-afbvl2\/#breadcrumb"},"inLanguage":"en-US","potentialAction":[{"@type":"ReadAction","target":["https:\/\/koma-brzeg.pl\/en\/uslugi\/mieszadla\/mieszadlo-mws-afbvl2\/"]}]},{"@type":"BreadcrumbList","@id":"https:\/\/koma-brzeg.pl\/en\/uslugi\/mieszadla\/mieszadlo-mws-afbvl2\/#breadcrumb","itemListElement":[{"@type":"ListItem","position":1,"name":"Us\u0142ugi","item":"https:\/\/koma-brzeg.pl\/en\/uslugi\/"},{"@type":"ListItem","position":2,"name":"Mieszad\u0142a","item":"https:\/\/koma-brzeg.pl\/en\/uslugi\/mieszadla\/"},{"@type":"ListItem","position":3,"name":"MIESZAD\u0141O MWS &#8211; AFBVL2"}]},{"@type":"WebSite","@id":"https:\/\/koma-brzeg.pl\/#website","url":"https:\/\/koma-brzeg.pl\/","name":"Instalacje Przemys\u0142owe","description":"SPECJALISTYCZNY ZAK\u0141AD PRODUKCJI POMP I APARATURY PRZEMYS\u0141OWEJ","potentialAction":[{"@type":"SearchAction","target":{"@type":"EntryPoint","urlTemplate":"https:\/\/koma-brzeg.pl\/?s={search_term_string}"},"query-input":"required name=search_term_string"}],"inLanguage":"en-US"}]}},"_links":{"self":[{"href":"https:\/\/koma-brzeg.pl\/en\/wp-json\/wp\/v2\/pages\/1073","targetHints":{"allow":["GET"]}}],"collection":[{"href":"https:\/\/koma-brzeg.pl\/en\/wp-json\/wp\/v2\/pages"}],"about":[{"href":"https:\/\/koma-brzeg.pl\/en\/wp-json\/wp\/v2\/types\/page"}],"author":[{"embeddable":true,"href":"https:\/\/koma-brzeg.pl\/en\/wp-json\/wp\/v2\/users\/1"}],"replies":[{"embeddable":true,"href":"https:\/\/koma-brzeg.pl\/en\/wp-json\/wp\/v2\/comments?post=1073"}],"version-history":[{"count":12,"href":"https:\/\/koma-brzeg.pl\/en\/wp-json\/wp\/v2\/pages\/1073\/revisions"}],"predecessor-version":[{"id":2913,"href":"https:\/\/koma-brzeg.pl\/en\/wp-json\/wp\/v2\/pages\/1073\/revisions\/2913"}],"up":[{"embeddable":true,"href":"https:\/\/koma-brzeg.pl\/en\/wp-json\/wp\/v2\/pages\/1060"}],"wp:attachment":[{"href":"https:\/\/koma-brzeg.pl\/en\/wp-json\/wp\/v2\/media?parent=1073"}],"curies":[{"name":"wp","href":"https:\/\/api.w.org\/{rel}","templated":true}]}}