{"id":1060,"date":"2022-10-25T09:32:33","date_gmt":"2022-10-25T07:32:33","guid":{"rendered":"https:\/\/koma-brzeg.pl\/uslugi\/mieszadla\/"},"modified":"2023-06-02T10:06:36","modified_gmt":"2023-06-02T08:06:36","slug":"mieszadla","status":"publish","type":"page","link":"https:\/\/koma-brzeg.pl\/en\/uslugi\/mieszadla\/","title":{"rendered":"Mieszad\u0142a"},"content":{"rendered":"\t\t<div data-elementor-type=\"wp-page\" data-elementor-id=\"1060\" class=\"elementor elementor-1060 elementor-237\">\n\t\t\t\t\t\t\t\t\t<section class=\"elementor-section elementor-top-section elementor-element elementor-element-3b7efd4 elementor-reverse-mobile elementor-section-boxed elementor-section-height-default elementor-section-height-default\" data-id=\"3b7efd4\" data-element_type=\"section\" data-settings=\"{&quot;background_background&quot;:&quot;classic&quot;}\">\n\t\t\t\t\t\t<div class=\"elementor-container elementor-column-gap-default\">\n\t\t\t\t\t<div class=\"elementor-column elementor-col-50 elementor-top-column elementor-element elementor-element-0e08422\" data-id=\"0e08422\" data-element_type=\"column\">\n\t\t\t<div class=\"elementor-widget-wrap elementor-element-populated\">\n\t\t\t\t\t\t\t\t<div class=\"elementor-element elementor-element-0a5433f elementor-widget elementor-widget-image\" data-id=\"0a5433f\" data-element_type=\"widget\" data-widget_type=\"image.default\">\n\t\t\t\t<div class=\"elementor-widget-container\">\n\t\t\t<style>\/*! elementor - v3.12.0 - 29-03-2023 *\/\n.elementor-widget-image{text-align:center}.elementor-widget-image a{display:inline-block}.elementor-widget-image a img[src$=\".svg\"]{width:48px}.elementor-widget-image img{vertical-align:middle;display:inline-block}<\/style>\t\t\t\t\t\t\t\t\t<figure class=\"wp-caption\">\n\t\t\t\t\t\t\t\t\t\t\t<a href=\"https:\/\/koma-brzeg.pl\/uslugi\/mieszadla\/mieszadlo-bezpodporowe-mbp\/\">\n\t\t\t\t\t\t\t<img decoding=\"async\" width=\"229\" height=\"300\" src=\"https:\/\/koma-brzeg.pl\/wp-content\/uploads\/2023\/04\/Mbp-229x300.png\" class=\"attachment-medium size-medium wp-image-2249\" alt=\"Mieszadlo \u015bmig\u0142owe bezpodporowe-MBP\" srcset=\"https:\/\/koma-brzeg.pl\/wp-content\/uploads\/2023\/04\/Mbp-229x300.png 229w, https:\/\/koma-brzeg.pl\/wp-content\/uploads\/2023\/04\/Mbp.png 461w\" sizes=\"(max-width: 229px) 100vw, 229px\" \/>\t\t\t\t\t\t\t\t<\/a>\n\t\t\t\t\t\t\t\t\t\t\t<figcaption class=\"widget-image-caption wp-caption-text\">Mieszadlo \u015bmig\u0142owe bezpodporowe-MBP<\/figcaption>\n\t\t\t\t\t\t\t\t\t\t<\/figure>\n\t\t\t\t\t\t\t\t\t<\/div>\n\t\t\t\t<\/div>\n\t\t\t\t\t<\/div>\n\t\t<\/div>\n\t\t\t\t<div class=\"elementor-column elementor-col-50 elementor-top-column elementor-element elementor-element-30c6e31\" data-id=\"30c6e31\" data-element_type=\"column\">\n\t\t\t<div class=\"elementor-widget-wrap elementor-element-populated\">\n\t\t\t\t\t\t\t\t<div class=\"elementor-element elementor-element-c8068ae elementor-widget elementor-widget-image\" data-id=\"c8068ae\" data-element_type=\"widget\" data-widget_type=\"image.default\">\n\t\t\t\t<div class=\"elementor-widget-container\">\n\t\t\t\t\t\t\t\t\t\t\t\t<figure class=\"wp-caption\">\n\t\t\t\t\t\t\t\t\t\t\t<a href=\"https:\/\/koma-brzeg.pl\/uslugi\/mieszadla\/mieszadlo-smiglowe-mws\/\">\n\t\t\t\t\t\t\t<img decoding=\"async\" width=\"300\" height=\"225\" src=\"https:\/\/koma-brzeg.pl\/wp-content\/uploads\/2023\/04\/Mieszadlo_MWS_400x300-300x225.jpg\" class=\"attachment-medium size-medium wp-image-2252\" alt=\"Mieszadlo wolnoobrotowe-MWS\" srcset=\"https:\/\/koma-brzeg.pl\/wp-content\/uploads\/2023\/04\/Mieszadlo_MWS_400x300-300x225.jpg 300w, https:\/\/koma-brzeg.pl\/wp-content\/uploads\/2023\/04\/Mieszadlo_MWS_400x300.jpg 448w\" sizes=\"(max-width: 300px) 100vw, 300px\" \/>\t\t\t\t\t\t\t\t<\/a>\n\t\t\t\t\t\t\t\t\t\t\t<figcaption class=\"widget-image-caption wp-caption-text\">Mieszadlo wolnoobrotowe-MWS<\/figcaption>\n\t\t\t\t\t\t\t\t\t\t<\/figure>\n\t\t\t\t\t\t\t\t\t<\/div>\n\t\t\t\t<\/div>\n\t\t\t\t\t<\/div>\n\t\t<\/div>\n\t\t\t\t\t\t\t<\/div>\n\t\t<\/section>\n\t\t\t\t<section class=\"elementor-section elementor-top-section elementor-element elementor-element-bf27de5 elementor-section-boxed elementor-section-height-default elementor-section-height-default\" data-id=\"bf27de5\" data-element_type=\"section\">\n\t\t\t\t\t\t<div class=\"elementor-container elementor-column-gap-default\">\n\t\t\t\t\t<div class=\"elementor-column elementor-col-50 elementor-top-column elementor-element elementor-element-7c60d74\" data-id=\"7c60d74\" data-element_type=\"column\">\n\t\t\t<div class=\"elementor-widget-wrap elementor-element-populated\">\n\t\t\t\t\t\t\t\t<div class=\"elementor-element elementor-element-9b4479a elementor-widget elementor-widget-image\" data-id=\"9b4479a\" data-element_type=\"widget\" data-widget_type=\"image.default\">\n\t\t\t\t<div class=\"elementor-widget-container\">\n\t\t\t\t\t\t\t\t\t\t\t\t<figure class=\"wp-caption\">\n\t\t\t\t\t\t\t\t\t\t\t<a href=\"https:\/\/koma-brzeg.pl\/uslugi\/mieszadla\/mieszadlo-mwp-pionowe-bezpodporowe\/\">\n\t\t\t\t\t\t\t<img decoding=\"async\" width=\"104\" height=\"300\" src=\"https:\/\/koma-brzeg.pl\/wp-content\/uploads\/2023\/04\/11-104x300.png\" class=\"attachment-medium size-medium wp-image-2282\" alt=\"Mieszad\u0142o Pionowe MWP\" srcset=\"https:\/\/koma-brzeg.pl\/wp-content\/uploads\/2023\/04\/11-104x300.png 104w, https:\/\/koma-brzeg.pl\/wp-content\/uploads\/2023\/04\/11.png 204w\" sizes=\"(max-width: 104px) 100vw, 104px\" \/>\t\t\t\t\t\t\t\t<\/a>\n\t\t\t\t\t\t\t\t\t\t\t<figcaption class=\"widget-image-caption wp-caption-text\">Mieszad\u0142o Pionowe MWP<\/figcaption>\n\t\t\t\t\t\t\t\t\t\t<\/figure>\n\t\t\t\t\t\t\t\t\t<\/div>\n\t\t\t\t<\/div>\n\t\t\t\t\t<\/div>\n\t\t<\/div>\n\t\t\t\t<div class=\"elementor-column elementor-col-50 elementor-top-column elementor-element elementor-element-66c3994\" data-id=\"66c3994\" data-element_type=\"column\">\n\t\t\t<div class=\"elementor-widget-wrap elementor-element-populated\">\n\t\t\t\t\t\t\t\t<div class=\"elementor-element elementor-element-f6af47b elementor-widget elementor-widget-image\" data-id=\"f6af47b\" data-element_type=\"widget\" data-widget_type=\"image.default\">\n\t\t\t\t<div class=\"elementor-widget-container\">\n\t\t\t\t\t\t\t\t\t\t\t\t<figure class=\"wp-caption\">\n\t\t\t\t\t\t\t\t\t\t\t<a href=\"https:\/\/koma-brzeg.pl\/uslugi\/mieszadla\/mieszadlo-smiglowe-mms\/\">\n\t\t\t\t\t\t\t<img decoding=\"async\" width=\"300\" height=\"218\" src=\"https:\/\/koma-brzeg.pl\/wp-content\/uploads\/2023\/04\/mieszadlo_MMS_Koma_004-300x218.jpg\" class=\"attachment-medium size-medium wp-image-2294\" alt=\"Mieszad\u0142o szybkoobrotowe MMS\" srcset=\"https:\/\/koma-brzeg.pl\/wp-content\/uploads\/2023\/04\/mieszadlo_MMS_Koma_004-300x218.jpg 300w, https:\/\/koma-brzeg.pl\/wp-content\/uploads\/2023\/04\/mieszadlo_MMS_Koma_004.jpg 500w\" sizes=\"(max-width: 300px) 100vw, 300px\" \/>\t\t\t\t\t\t\t\t<\/a>\n\t\t\t\t\t\t\t\t\t\t\t<figcaption class=\"widget-image-caption wp-caption-text\">Mieszad\u0142o szybkoobrotowe MMS<\/figcaption>\n\t\t\t\t\t\t\t\t\t\t<\/figure>\n\t\t\t\t\t\t\t\t\t<\/div>\n\t\t\t\t<\/div>\n\t\t\t\t\t<\/div>\n\t\t<\/div>\n\t\t\t\t\t\t\t<\/div>\n\t\t<\/section>\n\t\t\t\t\t\t\t<\/div>\n\t\t","protected":false},"excerpt":{"rendered":"<p>Mieszadlo \u015bmig\u0142owe bezpodporowe-MBP Mieszadlo wolnoobrotowe-MWS Mieszad\u0142o Pionowe MWP Mieszad\u0142o szybkoobrotowe MMS<\/p>\n","protected":false},"author":1,"featured_media":0,"parent":1036,"menu_order":0,"comment_status":"closed","ping_status":"closed","template":"elementor_theme","meta":{"footnotes":""},"class_list":["post-1060","page","type-page","status-publish","hentry"],"yoast_head":"<!-- This site is optimized with the Yoast SEO plugin v20.1 - https:\/\/yoast.com\/wordpress\/plugins\/seo\/ -->\n<title>Mieszad\u0142a - Instalacje Przemys\u0142owe<\/title>\n<meta name=\"description\" content=\"Mieszad\u0142a przemys\u0142owe, mieszad\u0142a sanitarne, mieszad\u0142a dla przemys\u0142u spo\u017cywczego ,mieszalniki, wirniki oraz \u015bmig\u0142a do mieszade\u0142\" \/>\n<meta name=\"robots\" content=\"index, follow, max-snippet:-1, max-image-preview:large, max-video-preview:-1\" \/>\n<link rel=\"canonical\" href=\"https:\/\/koma-brzeg.pl\/en\/uslugi\/mieszadla\/\" \/>\n<meta property=\"og:locale\" content=\"en_US\" \/>\n<meta property=\"og:type\" content=\"article\" \/>\n<meta property=\"og:title\" content=\"Mieszad\u0142a - Instalacje Przemys\u0142owe\" \/>\n<meta property=\"og:description\" content=\"Mieszad\u0142a przemys\u0142owe, mieszad\u0142a sanitarne, mieszad\u0142a dla przemys\u0142u spo\u017cywczego ,mieszalniki, wirniki oraz \u015bmig\u0142a do mieszade\u0142\" \/>\n<meta property=\"og:url\" content=\"https:\/\/koma-brzeg.pl\/en\/uslugi\/mieszadla\/\" \/>\n<meta property=\"og:site_name\" content=\"Instalacje Przemys\u0142owe\" \/>\n<meta property=\"article:modified_time\" content=\"2023-06-02T08:06:36+00:00\" \/>\n<meta property=\"og:image\" content=\"https:\/\/koma-brzeg.pl\/wp-content\/uploads\/2023\/04\/Mbp-229x300.png\" \/>\n<meta name=\"twitter:card\" content=\"summary_large_image\" \/>\n<script type=\"application\/ld+json\" class=\"yoast-schema-graph\">{\"@context\":\"https:\/\/schema.org\",\"@graph\":[{\"@type\":\"WebPage\",\"@id\":\"https:\/\/koma-brzeg.pl\/en\/uslugi\/mieszadla\/\",\"url\":\"https:\/\/koma-brzeg.pl\/en\/uslugi\/mieszadla\/\",\"name\":\"Mieszad\u0142a - Instalacje Przemys\u0142owe\",\"isPartOf\":{\"@id\":\"https:\/\/koma-brzeg.pl\/#website\"},\"datePublished\":\"2022-10-25T07:32:33+00:00\",\"dateModified\":\"2023-06-02T08:06:36+00:00\",\"description\":\"Mieszad\u0142a przemys\u0142owe, mieszad\u0142a sanitarne, mieszad\u0142a dla przemys\u0142u spo\u017cywczego ,mieszalniki, wirniki oraz \u015bmig\u0142a do mieszade\u0142\",\"breadcrumb\":{\"@id\":\"https:\/\/koma-brzeg.pl\/en\/uslugi\/mieszadla\/#breadcrumb\"},\"inLanguage\":\"en-US\",\"potentialAction\":[{\"@type\":\"ReadAction\",\"target\":[\"https:\/\/koma-brzeg.pl\/en\/uslugi\/mieszadla\/\"]}]},{\"@type\":\"BreadcrumbList\",\"@id\":\"https:\/\/koma-brzeg.pl\/en\/uslugi\/mieszadla\/#breadcrumb\",\"itemListElement\":[{\"@type\":\"ListItem\",\"position\":1,\"name\":\"Us\u0142ugi\",\"item\":\"https:\/\/koma-brzeg.pl\/en\/uslugi\/\"},{\"@type\":\"ListItem\",\"position\":2,\"name\":\"Mieszad\u0142a\"}]},{\"@type\":\"WebSite\",\"@id\":\"https:\/\/koma-brzeg.pl\/#website\",\"url\":\"https:\/\/koma-brzeg.pl\/\",\"name\":\"Instalacje Przemys\u0142owe\",\"description\":\"SPECJALISTYCZNY ZAK\u0141AD PRODUKCJI POMP I APARATURY PRZEMYS\u0141OWEJ\",\"potentialAction\":[{\"@type\":\"SearchAction\",\"target\":{\"@type\":\"EntryPoint\",\"urlTemplate\":\"https:\/\/koma-brzeg.pl\/?s={search_term_string}\"},\"query-input\":\"required name=search_term_string\"}],\"inLanguage\":\"en-US\"}]}<\/script>\n<!-- \/ Yoast SEO plugin. -->","yoast_head_json":{"title":"Mieszad\u0142a - Instalacje Przemys\u0142owe","description":"Mieszad\u0142a przemys\u0142owe, mieszad\u0142a sanitarne, mieszad\u0142a dla przemys\u0142u spo\u017cywczego ,mieszalniki, wirniki oraz \u015bmig\u0142a do mieszade\u0142","robots":{"index":"index","follow":"follow","max-snippet":"max-snippet:-1","max-image-preview":"max-image-preview:large","max-video-preview":"max-video-preview:-1"},"canonical":"https:\/\/koma-brzeg.pl\/en\/uslugi\/mieszadla\/","og_locale":"en_US","og_type":"article","og_title":"Mieszad\u0142a - Instalacje Przemys\u0142owe","og_description":"Mieszad\u0142a przemys\u0142owe, mieszad\u0142a sanitarne, mieszad\u0142a dla przemys\u0142u spo\u017cywczego ,mieszalniki, wirniki oraz \u015bmig\u0142a do mieszade\u0142","og_url":"https:\/\/koma-brzeg.pl\/en\/uslugi\/mieszadla\/","og_site_name":"Instalacje Przemys\u0142owe","article_modified_time":"2023-06-02T08:06:36+00:00","og_image":[{"url":"https:\/\/koma-brzeg.pl\/wp-content\/uploads\/2023\/04\/Mbp-229x300.png"}],"twitter_card":"summary_large_image","schema":{"@context":"https:\/\/schema.org","@graph":[{"@type":"WebPage","@id":"https:\/\/koma-brzeg.pl\/en\/uslugi\/mieszadla\/","url":"https:\/\/koma-brzeg.pl\/en\/uslugi\/mieszadla\/","name":"Mieszad\u0142a - Instalacje Przemys\u0142owe","isPartOf":{"@id":"https:\/\/koma-brzeg.pl\/#website"},"datePublished":"2022-10-25T07:32:33+00:00","dateModified":"2023-06-02T08:06:36+00:00","description":"Mieszad\u0142a przemys\u0142owe, mieszad\u0142a sanitarne, mieszad\u0142a dla przemys\u0142u spo\u017cywczego ,mieszalniki, wirniki oraz \u015bmig\u0142a do mieszade\u0142","breadcrumb":{"@id":"https:\/\/koma-brzeg.pl\/en\/uslugi\/mieszadla\/#breadcrumb"},"inLanguage":"en-US","potentialAction":[{"@type":"ReadAction","target":["https:\/\/koma-brzeg.pl\/en\/uslugi\/mieszadla\/"]}]},{"@type":"BreadcrumbList","@id":"https:\/\/koma-brzeg.pl\/en\/uslugi\/mieszadla\/#breadcrumb","itemListElement":[{"@type":"ListItem","position":1,"name":"Us\u0142ugi","item":"https:\/\/koma-brzeg.pl\/en\/uslugi\/"},{"@type":"ListItem","position":2,"name":"Mieszad\u0142a"}]},{"@type":"WebSite","@id":"https:\/\/koma-brzeg.pl\/#website","url":"https:\/\/koma-brzeg.pl\/","name":"Instalacje Przemys\u0142owe","description":"SPECJALISTYCZNY ZAK\u0141AD PRODUKCJI POMP I APARATURY PRZEMYS\u0141OWEJ","potentialAction":[{"@type":"SearchAction","target":{"@type":"EntryPoint","urlTemplate":"https:\/\/koma-brzeg.pl\/?s={search_term_string}"},"query-input":"required name=search_term_string"}],"inLanguage":"en-US"}]}},"_links":{"self":[{"href":"https:\/\/koma-brzeg.pl\/en\/wp-json\/wp\/v2\/pages\/1060","targetHints":{"allow":["GET"]}}],"collection":[{"href":"https:\/\/koma-brzeg.pl\/en\/wp-json\/wp\/v2\/pages"}],"about":[{"href":"https:\/\/koma-brzeg.pl\/en\/wp-json\/wp\/v2\/types\/page"}],"author":[{"embeddable":true,"href":"https:\/\/koma-brzeg.pl\/en\/wp-json\/wp\/v2\/users\/1"}],"replies":[{"embeddable":true,"href":"https:\/\/koma-brzeg.pl\/en\/wp-json\/wp\/v2\/comments?post=1060"}],"version-history":[{"count":29,"href":"https:\/\/koma-brzeg.pl\/en\/wp-json\/wp\/v2\/pages\/1060\/revisions"}],"predecessor-version":[{"id":3059,"href":"https:\/\/koma-brzeg.pl\/en\/wp-json\/wp\/v2\/pages\/1060\/revisions\/3059"}],"up":[{"embeddable":true,"href":"https:\/\/koma-brzeg.pl\/en\/wp-json\/wp\/v2\/pages\/1036"}],"wp:attachment":[{"href":"https:\/\/koma-brzeg.pl\/en\/wp-json\/wp\/v2\/media?parent=1060"}],"curies":[{"name":"wp","href":"https:\/\/api.w.org\/{rel}","templated":true}]}}