{"id":1125,"date":"2022-11-03T10:33:09","date_gmt":"2022-11-03T09:33:09","guid":{"rendered":"https:\/\/koma-brzeg.pl\/uslugi\/wymienniki-ciepla\/wymienniki-plaszczowo-rurowe\/wymienniki-plaszczowo-rurowe-pionowe\/"},"modified":"2022-11-03T16:36:05","modified_gmt":"2022-11-03T15:36:05","slug":"wymienniki-plaszczowo-rurowe-pionowe","status":"publish","type":"page","link":"https:\/\/koma-brzeg.pl\/de\/uslugi\/wymienniki-ciepla\/wymienniki-plaszczowo-rurowe\/wymienniki-plaszczowo-rurowe-pionowe\/","title":{"rendered":"Rohrw\u00e4rmetauscher vertikal"},"content":{"rendered":"\t\t<div data-elementor-type=\"wp-page\" data-elementor-id=\"1125\" class=\"elementor elementor-1125 elementor-461\">\n\t\t\t\t\t\t\t\t\t<section class=\"elementor-section elementor-top-section elementor-element elementor-element-354f0bc elementor-section-boxed elementor-section-height-default elementor-section-height-default\" data-id=\"354f0bc\" data-element_type=\"section\">\n\t\t\t\t\t\t<div class=\"elementor-container elementor-column-gap-default\">\n\t\t\t\t\t<div class=\"elementor-column elementor-col-100 elementor-top-column elementor-element elementor-element-85531ea\" data-id=\"85531ea\" data-element_type=\"column\">\n\t\t\t<div class=\"elementor-widget-wrap elementor-element-populated\">\n\t\t\t\t\t\t\t\t<div class=\"elementor-element elementor-element-8eb3ee7 elementor-widget elementor-widget-heading\" data-id=\"8eb3ee7\" data-element_type=\"widget\" data-widget_type=\"heading.default\">\n\t\t\t\t<div class=\"elementor-widget-container\">\n\t\t\t<style>\/*! elementor - v3.12.0 - 29-03-2023 *\/\n.elementor-heading-title{padding:0;margin:0;line-height:1}.elementor-widget-heading .elementor-heading-title[class*=elementor-size-]>a{color:inherit;font-size:inherit;line-height:inherit}.elementor-widget-heading .elementor-heading-title.elementor-size-small{font-size:15px}.elementor-widget-heading .elementor-heading-title.elementor-size-medium{font-size:19px}.elementor-widget-heading .elementor-heading-title.elementor-size-large{font-size:29px}.elementor-widget-heading .elementor-heading-title.elementor-size-xl{font-size:39px}.elementor-widget-heading .elementor-heading-title.elementor-size-xxl{font-size:59px}<\/style><h2 class=\"elementor-heading-title elementor-size-default\">Umw\u00e4lztherme - Circulator vertikal<\/h2>\t\t<\/div>\n\t\t\t\t<\/div>\n\t\t\t\t<div class=\"elementor-element elementor-element-09542cc elementor-widget elementor-widget-text-editor\" data-id=\"09542cc\" data-element_type=\"widget\" data-widget_type=\"text-editor.default\">\n\t\t\t\t<div class=\"elementor-widget-container\">\n\t\t\t<style>\/*! elementor - v3.12.0 - 29-03-2023 *\/\n.elementor-widget-text-editor.elementor-drop-cap-view-stacked .elementor-drop-cap{background-color:#69727d;color:#fff}.elementor-widget-text-editor.elementor-drop-cap-view-framed .elementor-drop-cap{color:#69727d;border:3px solid;background-color:transparent}.elementor-widget-text-editor:not(.elementor-drop-cap-view-default) .elementor-drop-cap{margin-top:8px}.elementor-widget-text-editor:not(.elementor-drop-cap-view-default) .elementor-drop-cap-letter{width:1em;height:1em}.elementor-widget-text-editor .elementor-drop-cap{float:left;text-align:center;line-height:1;font-size:50px}.elementor-widget-text-editor .elementor-drop-cap-letter{display:inline-block}<\/style>\t\t\t\t<p>&#8230; sehe:\u00a0<\/p><p><strong>Umw\u00e4lztherme &#8211; Circulator horizontal<\/strong><\/p>\t\t\t\t\t\t<\/div>\n\t\t\t\t<\/div>\n\t\t\t\t\t<\/div>\n\t\t<\/div>\n\t\t\t\t\t\t\t<\/div>\n\t\t<\/section>\n\t\t\t\t\t\t\t<\/div>\n\t\t","protected":false},"excerpt":{"rendered":"<p>Umw\u00e4lztherme &#8211; Circulator vertikal &#8230; sehe:\u00a0 Umw\u00e4lztherme &#8211; Circulator horizontal<\/p>\n","protected":false},"author":1,"featured_media":0,"parent":1119,"menu_order":0,"comment_status":"closed","ping_status":"closed","template":"elementor_theme","meta":{"footnotes":""},"class_list":["post-1125","page","type-page","status-publish","hentry"],"yoast_head":"<!-- This site is optimized with the Yoast SEO plugin v20.1 - https:\/\/yoast.com\/wordpress\/plugins\/seo\/ -->\n<title>Rohrw\u00e4rmetauscher vertikal - Instalacje Przemys\u0142owe<\/title>\n<meta name=\"robots\" content=\"index, follow, max-snippet:-1, max-image-preview:large, max-video-preview:-1\" \/>\n<link rel=\"canonical\" href=\"https:\/\/koma-brzeg.pl\/de\/uslugi\/wymienniki-ciepla\/wymienniki-plaszczowo-rurowe\/wymienniki-plaszczowo-rurowe-pionowe\/\" \/>\n<meta property=\"og:locale\" content=\"de_DE\" \/>\n<meta property=\"og:type\" content=\"article\" \/>\n<meta property=\"og:title\" content=\"Rohrw\u00e4rmetauscher vertikal - Instalacje Przemys\u0142owe\" \/>\n<meta property=\"og:description\" content=\"Umw\u00e4lztherme &#8211; Circulator vertikal &#8230; sehe:\u00a0 Umw\u00e4lztherme &#8211; Circulator horizontal\" \/>\n<meta property=\"og:url\" content=\"https:\/\/koma-brzeg.pl\/de\/uslugi\/wymienniki-ciepla\/wymienniki-plaszczowo-rurowe\/wymienniki-plaszczowo-rurowe-pionowe\/\" \/>\n<meta property=\"og:site_name\" content=\"Instalacje Przemys\u0142owe\" \/>\n<meta property=\"article:modified_time\" content=\"2022-11-03T15:36:05+00:00\" \/>\n<meta name=\"twitter:card\" content=\"summary_large_image\" \/>\n<script type=\"application\/ld+json\" class=\"yoast-schema-graph\">{\"@context\":\"https:\/\/schema.org\",\"@graph\":[{\"@type\":\"WebPage\",\"@id\":\"https:\/\/koma-brzeg.pl\/de\/uslugi\/wymienniki-ciepla\/wymienniki-plaszczowo-rurowe\/wymienniki-plaszczowo-rurowe-pionowe\/\",\"url\":\"https:\/\/koma-brzeg.pl\/de\/uslugi\/wymienniki-ciepla\/wymienniki-plaszczowo-rurowe\/wymienniki-plaszczowo-rurowe-pionowe\/\",\"name\":\"Rohrw\u00e4rmetauscher vertikal - Instalacje Przemys\u0142owe\",\"isPartOf\":{\"@id\":\"https:\/\/koma-brzeg.pl\/#website\"},\"datePublished\":\"2022-11-03T09:33:09+00:00\",\"dateModified\":\"2022-11-03T15:36:05+00:00\",\"breadcrumb\":{\"@id\":\"https:\/\/koma-brzeg.pl\/de\/uslugi\/wymienniki-ciepla\/wymienniki-plaszczowo-rurowe\/wymienniki-plaszczowo-rurowe-pionowe\/#breadcrumb\"},\"inLanguage\":\"de\",\"potentialAction\":[{\"@type\":\"ReadAction\",\"target\":[\"https:\/\/koma-brzeg.pl\/de\/uslugi\/wymienniki-ciepla\/wymienniki-plaszczowo-rurowe\/wymienniki-plaszczowo-rurowe-pionowe\/\"]}]},{\"@type\":\"BreadcrumbList\",\"@id\":\"https:\/\/koma-brzeg.pl\/de\/uslugi\/wymienniki-ciepla\/wymienniki-plaszczowo-rurowe\/wymienniki-plaszczowo-rurowe-pionowe\/#breadcrumb\",\"itemListElement\":[{\"@type\":\"ListItem\",\"position\":1,\"name\":\"Us\u0142ugi\",\"item\":\"https:\/\/koma-brzeg.pl\/de\/uslugi\/\"},{\"@type\":\"ListItem\",\"position\":2,\"name\":\"Wymienniki ciep\u0142a\",\"item\":\"https:\/\/koma-brzeg.pl\/de\/uslugi\/wymienniki-ciepla\/\"},{\"@type\":\"ListItem\",\"position\":3,\"name\":\"Wymienniki p\u0142aszczowo rurowe\",\"item\":\"https:\/\/koma-brzeg.pl\/de\/uslugi\/wymienniki-ciepla\/wymienniki-plaszczowo-rurowe\/\"},{\"@type\":\"ListItem\",\"position\":4,\"name\":\"Rohrw\u00e4rmetauscher vertikal\"}]},{\"@type\":\"WebSite\",\"@id\":\"https:\/\/koma-brzeg.pl\/#website\",\"url\":\"https:\/\/koma-brzeg.pl\/\",\"name\":\"Instalacje Przemys\u0142owe\",\"description\":\"SPECJALISTYCZNY ZAK\u0141AD PRODUKCJI POMP I APARATURY PRZEMYS\u0141OWEJ\",\"potentialAction\":[{\"@type\":\"SearchAction\",\"target\":{\"@type\":\"EntryPoint\",\"urlTemplate\":\"https:\/\/koma-brzeg.pl\/?s={search_term_string}\"},\"query-input\":\"required name=search_term_string\"}],\"inLanguage\":\"de\"}]}<\/script>\n<!-- \/ Yoast SEO plugin. -->","yoast_head_json":{"title":"Rohrw\u00e4rmetauscher vertikal - Instalacje Przemys\u0142owe","robots":{"index":"index","follow":"follow","max-snippet":"max-snippet:-1","max-image-preview":"max-image-preview:large","max-video-preview":"max-video-preview:-1"},"canonical":"https:\/\/koma-brzeg.pl\/de\/uslugi\/wymienniki-ciepla\/wymienniki-plaszczowo-rurowe\/wymienniki-plaszczowo-rurowe-pionowe\/","og_locale":"de_DE","og_type":"article","og_title":"Rohrw\u00e4rmetauscher vertikal - Instalacje Przemys\u0142owe","og_description":"Umw\u00e4lztherme &#8211; Circulator vertikal &#8230; sehe:\u00a0 Umw\u00e4lztherme &#8211; Circulator horizontal","og_url":"https:\/\/koma-brzeg.pl\/de\/uslugi\/wymienniki-ciepla\/wymienniki-plaszczowo-rurowe\/wymienniki-plaszczowo-rurowe-pionowe\/","og_site_name":"Instalacje Przemys\u0142owe","article_modified_time":"2022-11-03T15:36:05+00:00","twitter_card":"summary_large_image","schema":{"@context":"https:\/\/schema.org","@graph":[{"@type":"WebPage","@id":"https:\/\/koma-brzeg.pl\/de\/uslugi\/wymienniki-ciepla\/wymienniki-plaszczowo-rurowe\/wymienniki-plaszczowo-rurowe-pionowe\/","url":"https:\/\/koma-brzeg.pl\/de\/uslugi\/wymienniki-ciepla\/wymienniki-plaszczowo-rurowe\/wymienniki-plaszczowo-rurowe-pionowe\/","name":"Rohrw\u00e4rmetauscher vertikal - Instalacje Przemys\u0142owe","isPartOf":{"@id":"https:\/\/koma-brzeg.pl\/#website"},"datePublished":"2022-11-03T09:33:09+00:00","dateModified":"2022-11-03T15:36:05+00:00","breadcrumb":{"@id":"https:\/\/koma-brzeg.pl\/de\/uslugi\/wymienniki-ciepla\/wymienniki-plaszczowo-rurowe\/wymienniki-plaszczowo-rurowe-pionowe\/#breadcrumb"},"inLanguage":"de","potentialAction":[{"@type":"ReadAction","target":["https:\/\/koma-brzeg.pl\/de\/uslugi\/wymienniki-ciepla\/wymienniki-plaszczowo-rurowe\/wymienniki-plaszczowo-rurowe-pionowe\/"]}]},{"@type":"BreadcrumbList","@id":"https:\/\/koma-brzeg.pl\/de\/uslugi\/wymienniki-ciepla\/wymienniki-plaszczowo-rurowe\/wymienniki-plaszczowo-rurowe-pionowe\/#breadcrumb","itemListElement":[{"@type":"ListItem","position":1,"name":"Us\u0142ugi","item":"https:\/\/koma-brzeg.pl\/de\/uslugi\/"},{"@type":"ListItem","position":2,"name":"Wymienniki ciep\u0142a","item":"https:\/\/koma-brzeg.pl\/de\/uslugi\/wymienniki-ciepla\/"},{"@type":"ListItem","position":3,"name":"Wymienniki p\u0142aszczowo rurowe","item":"https:\/\/koma-brzeg.pl\/de\/uslugi\/wymienniki-ciepla\/wymienniki-plaszczowo-rurowe\/"},{"@type":"ListItem","position":4,"name":"Rohrw\u00e4rmetauscher vertikal"}]},{"@type":"WebSite","@id":"https:\/\/koma-brzeg.pl\/#website","url":"https:\/\/koma-brzeg.pl\/","name":"Instalacje Przemys\u0142owe","description":"SPECJALISTYCZNY ZAK\u0141AD PRODUKCJI POMP I APARATURY PRZEMYS\u0141OWEJ","potentialAction":[{"@type":"SearchAction","target":{"@type":"EntryPoint","urlTemplate":"https:\/\/koma-brzeg.pl\/?s={search_term_string}"},"query-input":"required name=search_term_string"}],"inLanguage":"de"}]}},"_links":{"self":[{"href":"https:\/\/koma-brzeg.pl\/de\/wp-json\/wp\/v2\/pages\/1125","targetHints":{"allow":["GET"]}}],"collection":[{"href":"https:\/\/koma-brzeg.pl\/de\/wp-json\/wp\/v2\/pages"}],"about":[{"href":"https:\/\/koma-brzeg.pl\/de\/wp-json\/wp\/v2\/types\/page"}],"author":[{"embeddable":true,"href":"https:\/\/koma-brzeg.pl\/de\/wp-json\/wp\/v2\/users\/1"}],"replies":[{"embeddable":true,"href":"https:\/\/koma-brzeg.pl\/de\/wp-json\/wp\/v2\/comments?post=1125"}],"version-history":[{"count":3,"href":"https:\/\/koma-brzeg.pl\/de\/wp-json\/wp\/v2\/pages\/1125\/revisions"}],"predecessor-version":[{"id":1402,"href":"https:\/\/koma-brzeg.pl\/de\/wp-json\/wp\/v2\/pages\/1125\/revisions\/1402"}],"up":[{"embeddable":true,"href":"https:\/\/koma-brzeg.pl\/de\/wp-json\/wp\/v2\/pages\/1119"}],"wp:attachment":[{"href":"https:\/\/koma-brzeg.pl\/de\/wp-json\/wp\/v2\/media?parent=1125"}],"curies":[{"name":"wp","href":"https:\/\/api.w.org\/{rel}","templated":true}]}}