{"id":1123,"date":"2022-11-03T10:35:41","date_gmt":"2022-11-03T09:35:41","guid":{"rendered":"https:\/\/koma-brzeg.pl\/uslugi\/wymienniki-ciepla\/wymienniki-plaszczowo-rurowe\/wymienniki-plaszczowo-rurowe-poziome\/"},"modified":"2023-04-12T14:54:05","modified_gmt":"2023-04-12T12:54:05","slug":"wymienniki-plaszczowo-rurowe-poziome","status":"publish","type":"page","link":"https:\/\/koma-brzeg.pl\/de\/uslugi\/wymienniki-ciepla\/wymienniki-plaszczowo-rurowe\/wymienniki-plaszczowo-rurowe-poziome\/","title":{"rendered":"Wymienniki P\u0142aszczowo-rurowe Poziome"},"content":{"rendered":"\t\t<div data-elementor-type=\"wp-page\" data-elementor-id=\"1123\" class=\"elementor elementor-1123 elementor-469\">\n\t\t\t\t\t\t\t\t\t<section class=\"elementor-section elementor-top-section elementor-element elementor-element-315049c elementor-section-boxed elementor-section-height-default elementor-section-height-default\" data-id=\"315049c\" data-element_type=\"section\">\n\t\t\t\t\t\t<div class=\"elementor-container elementor-column-gap-default\">\n\t\t\t\t\t<div class=\"elementor-column elementor-col-100 elementor-top-column elementor-element elementor-element-c338955\" data-id=\"c338955\" data-element_type=\"column\">\n\t\t\t<div class=\"elementor-widget-wrap elementor-element-populated\">\n\t\t\t\t\t\t\t\t<div class=\"elementor-element elementor-element-fdb2f01 elementor-widget elementor-widget-heading\" data-id=\"fdb2f01\" data-element_type=\"widget\" data-widget_type=\"heading.default\">\n\t\t\t\t<div class=\"elementor-widget-container\">\n\t\t\t<style>\/*! elementor - v3.12.0 - 29-03-2023 *\/\n.elementor-heading-title{padding:0;margin:0;line-height:1}.elementor-widget-heading .elementor-heading-title[class*=elementor-size-]>a{color:inherit;font-size:inherit;line-height:inherit}.elementor-widget-heading .elementor-heading-title.elementor-size-small{font-size:15px}.elementor-widget-heading .elementor-heading-title.elementor-size-medium{font-size:19px}.elementor-widget-heading .elementor-heading-title.elementor-size-large{font-size:29px}.elementor-widget-heading .elementor-heading-title.elementor-size-xl{font-size:39px}.elementor-widget-heading .elementor-heading-title.elementor-size-xxl{font-size:59px}<\/style><h2 class=\"elementor-heading-title elementor-size-default\">Wymienniki P\u0142aszczowo-rurowe Poziome<\/h2>\t\t<\/div>\n\t\t\t\t<\/div>\n\t\t\t\t<div class=\"elementor-element elementor-element-9818174 elementor-position-left elementor-widget__width-auto elementor-vertical-align-top elementor-widget elementor-widget-image-box\" data-id=\"9818174\" data-element_type=\"widget\" data-widget_type=\"image-box.default\">\n\t\t\t\t<div class=\"elementor-widget-container\">\n\t\t\t<style>\/*! elementor - v3.12.0 - 29-03-2023 *\/\n.elementor-widget-image-box .elementor-image-box-content{width:100%}@media (min-width:768px){.elementor-widget-image-box.elementor-position-left .elementor-image-box-wrapper,.elementor-widget-image-box.elementor-position-right .elementor-image-box-wrapper{display:flex}.elementor-widget-image-box.elementor-position-right .elementor-image-box-wrapper{text-align:right;flex-direction:row-reverse}.elementor-widget-image-box.elementor-position-left .elementor-image-box-wrapper{text-align:left;flex-direction:row}.elementor-widget-image-box.elementor-position-top .elementor-image-box-img{margin:auto}.elementor-widget-image-box.elementor-vertical-align-top .elementor-image-box-wrapper{align-items:flex-start}.elementor-widget-image-box.elementor-vertical-align-middle .elementor-image-box-wrapper{align-items:center}.elementor-widget-image-box.elementor-vertical-align-bottom .elementor-image-box-wrapper{align-items:flex-end}}@media (max-width:767px){.elementor-widget-image-box .elementor-image-box-img{margin-left:auto!important;margin-right:auto!important;margin-bottom:15px}}.elementor-widget-image-box .elementor-image-box-img{display:inline-block}.elementor-widget-image-box .elementor-image-box-title a{color:inherit}.elementor-widget-image-box .elementor-image-box-wrapper{text-align:center}.elementor-widget-image-box .elementor-image-box-description{margin:0}<\/style><div class=\"elementor-image-box-wrapper\"><figure class=\"elementor-image-box-img\"><img decoding=\"async\" width=\"24\" height=\"24\" src=\"https:\/\/koma-brzeg.pl\/wp-content\/uploads\/2022\/10\/about-us.png\" class=\"attachment-full size-full wp-image-832\" alt=\"\" \/><\/figure><div class=\"elementor-image-box-content\"><h3 class=\"elementor-image-box-title\">Og\u00f3lna charakterystyka urz\u0105dzenia <\/h3><\/div><\/div>\t\t<\/div>\n\t\t\t\t<\/div>\n\t\t\t\t<div class=\"elementor-element elementor-element-831b87c elementor-widget elementor-widget-text-editor\" data-id=\"831b87c\" data-element_type=\"widget\" data-widget_type=\"text-editor.default\">\n\t\t\t\t<div class=\"elementor-widget-container\">\n\t\t\t<style>\/*! elementor - v3.12.0 - 29-03-2023 *\/\n.elementor-widget-text-editor.elementor-drop-cap-view-stacked .elementor-drop-cap{background-color:#69727d;color:#fff}.elementor-widget-text-editor.elementor-drop-cap-view-framed .elementor-drop-cap{color:#69727d;border:3px solid;background-color:transparent}.elementor-widget-text-editor:not(.elementor-drop-cap-view-default) .elementor-drop-cap{margin-top:8px}.elementor-widget-text-editor:not(.elementor-drop-cap-view-default) .elementor-drop-cap-letter{width:1em;height:1em}.elementor-widget-text-editor .elementor-drop-cap{float:left;text-align:center;line-height:1;font-size:50px}.elementor-widget-text-editor .elementor-drop-cap-letter{display:inline-block}<\/style>\t\t\t\t<p>Poni\u017cszy opis techniczny odnosi si\u0119 do wymiennika ciep\u0142a pracuj\u0105cego jako podgrzewacz przeponowy kolumny odp\u0119dowej. Funkcjonuje on pod potoczn\u0105 nazw\u0105 cyrkulator. Urz\u0105dzenie podczas pracy funkcjonuje jako wyparka o przep\u0142ywie wymuszonym. Do kr\u00f3\u0107ca przy\u0142\u0105czeniowego nr 11 pompa cyrkulacyjna t\u0142oczy ciecz znajduj\u0105c\u0105 si\u0119 w kocio\u0142ku kolumny destylacyjnej. W czasie przep\u0142ywu cieczy przez rurki cyrkulatora dochodzi do cz\u0119\u015bciowego odparowania wody i innych sk\u0142adnik\u00f3w lotnych. Powsta\u0142a mieszanina cieczy i opar\u00f3w poprzez kr\u00f3ciec wylotowy odp\u0142ywu medium trafia na powr\u00f3t do kocio\u0142ka kolumny destylacyjnej, gdzie opary unosz\u0105 si\u0119 ku g\u00f3rze zasilaj\u0105c wy\u017csze cz\u0119\u015bci kolumny, a ciecz pozostaje w kocio\u0142ku i trafia na kolejne cykle cyrkulacyjnego podgrzewania.<br \/>Medium grzewczym jest para wodna o ci\u015bnieniu max 4 bar, podawana do kr\u00f3\u0107ca przy\u0142\u0105czeniowego zasilania w par\u0119. Powstaj\u0105cy kondensat pary wodnej odprowadzany jest z wymiennika poprzez kr\u00f3ciec kondensatu, a nast\u0119pnie odwadniacz do zbiornika odgazowania w kot\u0142owni. Przep\u0142yw max. podgrzewanej cieczy przez wymiennik to 200m\u00b3 na godzin\u0119. Przep\u0142yw max. pary wodnej trafiaj\u0105cej do przestrzeni mi\u0119dzy rurkami to 1,5t\/h. Cyrkulator wyposa\u017cony jest w zaw\u00f3r bezpiecze\u0144stwa montowany na kr\u00f3\u0107cu (DN40) w g\u00f3rnej cz\u0119\u015bci p\u0142aszcza. Dodatkowo zamontowano kr\u00f3ciec rezerwowy o przekroju DN40, umo\u017cliwiaj\u0105cy niezale\u017cne odprowadzenie kondensatu z przestrzeni mi\u0119dzyrurkowej.<\/p>\t\t\t\t\t\t<\/div>\n\t\t\t\t<\/div>\n\t\t\t\t<div class=\"elementor-element elementor-element-50fc5a9 elementor-widget-divider--view-line elementor-widget elementor-widget-divider\" data-id=\"50fc5a9\" data-element_type=\"widget\" data-widget_type=\"divider.default\">\n\t\t\t\t<div class=\"elementor-widget-container\">\n\t\t\t<style>\/*! elementor - v3.12.0 - 29-03-2023 *\/\n.elementor-widget-divider{--divider-border-style:none;--divider-border-width:1px;--divider-color:#0c0d0e;--divider-icon-size:20px;--divider-element-spacing:10px;--divider-pattern-height:24px;--divider-pattern-size:20px;--divider-pattern-url:none;--divider-pattern-repeat:repeat-x}.elementor-widget-divider .elementor-divider{display:flex}.elementor-widget-divider .elementor-divider__text{font-size:15px;line-height:1;max-width:95%}.elementor-widget-divider .elementor-divider__element{margin:0 var(--divider-element-spacing);flex-shrink:0}.elementor-widget-divider .elementor-icon{font-size:var(--divider-icon-size)}.elementor-widget-divider .elementor-divider-separator{display:flex;margin:0;direction:ltr}.elementor-widget-divider--view-line_icon .elementor-divider-separator,.elementor-widget-divider--view-line_text .elementor-divider-separator{align-items:center}.elementor-widget-divider--view-line_icon .elementor-divider-separator:after,.elementor-widget-divider--view-line_icon .elementor-divider-separator:before,.elementor-widget-divider--view-line_text .elementor-divider-separator:after,.elementor-widget-divider--view-line_text .elementor-divider-separator:before{display:block;content:\"\";border-bottom:0;flex-grow:1;border-top:var(--divider-border-width) var(--divider-border-style) var(--divider-color)}.elementor-widget-divider--element-align-left .elementor-divider .elementor-divider-separator>.elementor-divider__svg:first-of-type{flex-grow:0;flex-shrink:100}.elementor-widget-divider--element-align-left .elementor-divider-separator:before{content:none}.elementor-widget-divider--element-align-left .elementor-divider__element{margin-left:0}.elementor-widget-divider--element-align-right .elementor-divider .elementor-divider-separator>.elementor-divider__svg:last-of-type{flex-grow:0;flex-shrink:100}.elementor-widget-divider--element-align-right .elementor-divider-separator:after{content:none}.elementor-widget-divider--element-align-right .elementor-divider__element{margin-right:0}.elementor-widget-divider:not(.elementor-widget-divider--view-line_text):not(.elementor-widget-divider--view-line_icon) .elementor-divider-separator{border-top:var(--divider-border-width) var(--divider-border-style) var(--divider-color)}.elementor-widget-divider--separator-type-pattern{--divider-border-style:none}.elementor-widget-divider--separator-type-pattern.elementor-widget-divider--view-line .elementor-divider-separator,.elementor-widget-divider--separator-type-pattern:not(.elementor-widget-divider--view-line) .elementor-divider-separator:after,.elementor-widget-divider--separator-type-pattern:not(.elementor-widget-divider--view-line) .elementor-divider-separator:before,.elementor-widget-divider--separator-type-pattern:not([class*=elementor-widget-divider--view]) .elementor-divider-separator{width:100%;min-height:var(--divider-pattern-height);-webkit-mask-size:var(--divider-pattern-size) 100%;mask-size:var(--divider-pattern-size) 100%;-webkit-mask-repeat:var(--divider-pattern-repeat);mask-repeat:var(--divider-pattern-repeat);background-color:var(--divider-color);-webkit-mask-image:var(--divider-pattern-url);mask-image:var(--divider-pattern-url)}.elementor-widget-divider--no-spacing{--divider-pattern-size:auto}.elementor-widget-divider--bg-round{--divider-pattern-repeat:round}.rtl .elementor-widget-divider .elementor-divider__text{direction:rtl}.e-con-inner>.elementor-widget-divider,.e-con>.elementor-widget-divider{width:var(--container-widget-width,100%);--flex-grow:var(--container-widget-flex-grow)}<\/style>\t\t<div class=\"elementor-divider\">\n\t\t\t<span class=\"elementor-divider-separator\">\n\t\t\t\t\t\t<\/span>\n\t\t<\/div>\n\t\t\t\t<\/div>\n\t\t\t\t<\/div>\n\t\t\t\t<div class=\"elementor-element elementor-element-af77b57 elementor-position-left elementor-widget__width-auto elementor-vertical-align-top elementor-widget elementor-widget-image-box\" data-id=\"af77b57\" data-element_type=\"widget\" data-widget_type=\"image-box.default\">\n\t\t\t\t<div class=\"elementor-widget-container\">\n\t\t\t<div class=\"elementor-image-box-wrapper\"><figure class=\"elementor-image-box-img\"><img decoding=\"async\" width=\"24\" height=\"24\" src=\"https:\/\/koma-brzeg.pl\/wp-content\/uploads\/2022\/10\/services.png\" class=\"attachment-full size-full wp-image-836\" alt=\"\" \/><\/figure><div class=\"elementor-image-box-content\"><h3 class=\"elementor-image-box-title\">Budowa og\u00f3lna<\/h3><\/div><\/div>\t\t<\/div>\n\t\t\t\t<\/div>\n\t\t\t\t<div class=\"elementor-element elementor-element-e635867 elementor-widget elementor-widget-image\" data-id=\"e635867\" data-element_type=\"widget\" data-widget_type=\"image.default\">\n\t\t\t\t<div class=\"elementor-widget-container\">\n\t\t\t<style>\/*! elementor - v3.12.0 - 29-03-2023 *\/\n.elementor-widget-image{text-align:center}.elementor-widget-image a{display:inline-block}.elementor-widget-image a img[src$=\".svg\"]{width:48px}.elementor-widget-image img{vertical-align:middle;display:inline-block}<\/style>\t\t\t\t\t\t\t\t\t\t\t\t<img decoding=\"async\" width=\"562\" height=\"351\" src=\"https:\/\/koma-brzeg.pl\/wp-content\/uploads\/2023\/04\/poziomy_budowa.png\" class=\"attachment-large size-large wp-image-2524\" alt=\"\" srcset=\"https:\/\/koma-brzeg.pl\/wp-content\/uploads\/2023\/04\/poziomy_budowa.png 562w, https:\/\/koma-brzeg.pl\/wp-content\/uploads\/2023\/04\/poziomy_budowa-300x187.png 300w\" sizes=\"(max-width: 562px) 100vw, 562px\" \/>\t\t\t\t\t\t\t\t\t\t\t\t\t\t\t<\/div>\n\t\t\t\t<\/div>\n\t\t\t\t<div class=\"elementor-element elementor-element-8aaa5e2 elementor-widget elementor-widget-image\" data-id=\"8aaa5e2\" data-element_type=\"widget\" data-widget_type=\"image.default\">\n\t\t\t\t<div class=\"elementor-widget-container\">\n\t\t\t\t\t\t\t\t\t\t\t\t\t\t\t<img decoding=\"async\" width=\"800\" height=\"583\" src=\"https:\/\/koma-brzeg.pl\/wp-content\/uploads\/2023\/04\/poziomy_dzialanie.jpg\" class=\"attachment-large size-large wp-image-2527\" alt=\"\" srcset=\"https:\/\/koma-brzeg.pl\/wp-content\/uploads\/2023\/04\/poziomy_dzialanie.jpg 822w, https:\/\/koma-brzeg.pl\/wp-content\/uploads\/2023\/04\/poziomy_dzialanie-300x219.jpg 300w, https:\/\/koma-brzeg.pl\/wp-content\/uploads\/2023\/04\/poziomy_dzialanie-768x560.jpg 768w\" sizes=\"(max-width: 800px) 100vw, 800px\" \/>\t\t\t\t\t\t\t\t\t\t\t\t\t\t\t<\/div>\n\t\t\t\t<\/div>\n\t\t\t\t<div class=\"elementor-element elementor-element-86e29ae elementor-widget-divider--view-line elementor-widget elementor-widget-divider\" data-id=\"86e29ae\" data-element_type=\"widget\" data-widget_type=\"divider.default\">\n\t\t\t\t<div class=\"elementor-widget-container\">\n\t\t\t\t\t<div class=\"elementor-divider\">\n\t\t\t<span class=\"elementor-divider-separator\">\n\t\t\t\t\t\t<\/span>\n\t\t<\/div>\n\t\t\t\t<\/div>\n\t\t\t\t<\/div>\n\t\t\t\t<div class=\"elementor-element elementor-element-6588b11 elementor-position-left elementor-widget__width-auto elementor-vertical-align-top elementor-widget elementor-widget-image-box\" data-id=\"6588b11\" data-element_type=\"widget\" data-widget_type=\"image-box.default\">\n\t\t\t\t<div class=\"elementor-widget-container\">\n\t\t\t<div class=\"elementor-image-box-wrapper\"><figure class=\"elementor-image-box-img\"><img decoding=\"async\" width=\"34\" height=\"31\" src=\"https:\/\/koma-brzeg.pl\/wp-content\/uploads\/2022\/10\/products.png\" class=\"attachment-full size-full wp-image-840\" alt=\"\" \/><\/figure><div class=\"elementor-image-box-content\"><h3 class=\"elementor-image-box-title\">Zastosowanie<\/h3><\/div><\/div>\t\t<\/div>\n\t\t\t\t<\/div>\n\t\t\t\t<div class=\"elementor-element elementor-element-628749d elementor-widget elementor-widget-text-editor\" data-id=\"628749d\" data-element_type=\"widget\" data-widget_type=\"text-editor.default\">\n\t\t\t\t<div class=\"elementor-widget-container\">\n\t\t\t\t\t\t\t<ul><li>Mo\u017cliwo\u015b\u0107 zastosowania jako cyrkulator<\/li><\/ul>\t\t\t\t\t\t<\/div>\n\t\t\t\t<\/div>\n\t\t\t\t\t<\/div>\n\t\t<\/div>\n\t\t\t\t\t\t\t<\/div>\n\t\t<\/section>\n\t\t\t\t\t\t\t<\/div>\n\t\t","protected":false},"excerpt":{"rendered":"<p>Wymienniki P\u0142aszczowo-rurowe Poziome Og\u00f3lna charakterystyka urz\u0105dzenia Poni\u017cszy opis techniczny odnosi si\u0119 do wymiennika ciep\u0142a pracuj\u0105cego jako podgrzewacz przeponowy kolumny odp\u0119dowej. Funkcjonuje on pod potoczn\u0105 nazw\u0105 cyrkulator. Urz\u0105dzenie podczas pracy funkcjonuje jako wyparka o przep\u0142ywie wymuszonym. Do kr\u00f3\u0107ca przy\u0142\u0105czeniowego nr 11 pompa cyrkulacyjna t\u0142oczy ciecz znajduj\u0105c\u0105 si\u0119 w kocio\u0142ku kolumny destylacyjnej. W czasie przep\u0142ywu cieczy przez [&hellip;]<\/p>\n","protected":false},"author":1,"featured_media":0,"parent":1119,"menu_order":0,"comment_status":"closed","ping_status":"closed","template":"elementor_theme","meta":{"footnotes":""},"class_list":["post-1123","page","type-page","status-publish","hentry"],"yoast_head":"<!-- This site is optimized with the Yoast SEO plugin v20.1 - https:\/\/yoast.com\/wordpress\/plugins\/seo\/ -->\n<title>Wymienniki P\u0142aszczowo-rurowe Poziome - Instalacje Przemys\u0142owe<\/title>\n<meta name=\"robots\" content=\"index, follow, max-snippet:-1, max-image-preview:large, max-video-preview:-1\" \/>\n<link rel=\"canonical\" href=\"https:\/\/koma-brzeg.pl\/de\/uslugi\/wymienniki-ciepla\/wymienniki-plaszczowo-rurowe\/wymienniki-plaszczowo-rurowe-poziome\/\" \/>\n<meta property=\"og:locale\" content=\"de_DE\" \/>\n<meta property=\"og:type\" content=\"article\" \/>\n<meta property=\"og:title\" content=\"Wymienniki P\u0142aszczowo-rurowe Poziome - Instalacje Przemys\u0142owe\" \/>\n<meta property=\"og:description\" content=\"Wymienniki P\u0142aszczowo-rurowe Poziome Og\u00f3lna charakterystyka urz\u0105dzenia Poni\u017cszy opis techniczny odnosi si\u0119 do wymiennika ciep\u0142a pracuj\u0105cego jako podgrzewacz przeponowy kolumny odp\u0119dowej. Funkcjonuje on pod potoczn\u0105 nazw\u0105 cyrkulator. Urz\u0105dzenie podczas pracy funkcjonuje jako wyparka o przep\u0142ywie wymuszonym. Do kr\u00f3\u0107ca przy\u0142\u0105czeniowego nr 11 pompa cyrkulacyjna t\u0142oczy ciecz znajduj\u0105c\u0105 si\u0119 w kocio\u0142ku kolumny destylacyjnej. W czasie przep\u0142ywu cieczy przez [&hellip;]\" \/>\n<meta property=\"og:url\" content=\"https:\/\/koma-brzeg.pl\/de\/uslugi\/wymienniki-ciepla\/wymienniki-plaszczowo-rurowe\/wymienniki-plaszczowo-rurowe-poziome\/\" \/>\n<meta property=\"og:site_name\" content=\"Instalacje Przemys\u0142owe\" \/>\n<meta property=\"article:modified_time\" content=\"2023-04-12T12:54:05+00:00\" \/>\n<meta property=\"og:image\" content=\"https:\/\/koma-brzeg.pl\/wp-content\/uploads\/2022\/10\/about-us.png\" \/>\n<meta name=\"twitter:card\" content=\"summary_large_image\" \/>\n<meta name=\"twitter:label1\" content=\"Gesch\u00e4tzte Lesezeit\" \/>\n\t<meta name=\"twitter:data1\" content=\"1\u00a0Minute\" \/>\n<script type=\"application\/ld+json\" class=\"yoast-schema-graph\">{\"@context\":\"https:\/\/schema.org\",\"@graph\":[{\"@type\":\"WebPage\",\"@id\":\"https:\/\/koma-brzeg.pl\/de\/uslugi\/wymienniki-ciepla\/wymienniki-plaszczowo-rurowe\/wymienniki-plaszczowo-rurowe-poziome\/\",\"url\":\"https:\/\/koma-brzeg.pl\/de\/uslugi\/wymienniki-ciepla\/wymienniki-plaszczowo-rurowe\/wymienniki-plaszczowo-rurowe-poziome\/\",\"name\":\"Wymienniki P\u0142aszczowo-rurowe Poziome - Instalacje Przemys\u0142owe\",\"isPartOf\":{\"@id\":\"https:\/\/koma-brzeg.pl\/#website\"},\"datePublished\":\"2022-11-03T09:35:41+00:00\",\"dateModified\":\"2023-04-12T12:54:05+00:00\",\"breadcrumb\":{\"@id\":\"https:\/\/koma-brzeg.pl\/de\/uslugi\/wymienniki-ciepla\/wymienniki-plaszczowo-rurowe\/wymienniki-plaszczowo-rurowe-poziome\/#breadcrumb\"},\"inLanguage\":\"de\",\"potentialAction\":[{\"@type\":\"ReadAction\",\"target\":[\"https:\/\/koma-brzeg.pl\/de\/uslugi\/wymienniki-ciepla\/wymienniki-plaszczowo-rurowe\/wymienniki-plaszczowo-rurowe-poziome\/\"]}]},{\"@type\":\"BreadcrumbList\",\"@id\":\"https:\/\/koma-brzeg.pl\/de\/uslugi\/wymienniki-ciepla\/wymienniki-plaszczowo-rurowe\/wymienniki-plaszczowo-rurowe-poziome\/#breadcrumb\",\"itemListElement\":[{\"@type\":\"ListItem\",\"position\":1,\"name\":\"Us\u0142ugi\",\"item\":\"https:\/\/koma-brzeg.pl\/de\/uslugi\/\"},{\"@type\":\"ListItem\",\"position\":2,\"name\":\"Wymienniki ciep\u0142a\",\"item\":\"https:\/\/koma-brzeg.pl\/de\/uslugi\/wymienniki-ciepla\/\"},{\"@type\":\"ListItem\",\"position\":3,\"name\":\"Wymienniki p\u0142aszczowo rurowe\",\"item\":\"https:\/\/koma-brzeg.pl\/de\/uslugi\/wymienniki-ciepla\/wymienniki-plaszczowo-rurowe\/\"},{\"@type\":\"ListItem\",\"position\":4,\"name\":\"Wymienniki P\u0142aszczowo-rurowe Poziome\"}]},{\"@type\":\"WebSite\",\"@id\":\"https:\/\/koma-brzeg.pl\/#website\",\"url\":\"https:\/\/koma-brzeg.pl\/\",\"name\":\"Instalacje Przemys\u0142owe\",\"description\":\"SPECJALISTYCZNY ZAK\u0141AD PRODUKCJI POMP I APARATURY PRZEMYS\u0141OWEJ\",\"potentialAction\":[{\"@type\":\"SearchAction\",\"target\":{\"@type\":\"EntryPoint\",\"urlTemplate\":\"https:\/\/koma-brzeg.pl\/?s={search_term_string}\"},\"query-input\":\"required name=search_term_string\"}],\"inLanguage\":\"de\"}]}<\/script>\n<!-- \/ Yoast SEO plugin. -->","yoast_head_json":{"title":"Wymienniki P\u0142aszczowo-rurowe Poziome - Instalacje Przemys\u0142owe","robots":{"index":"index","follow":"follow","max-snippet":"max-snippet:-1","max-image-preview":"max-image-preview:large","max-video-preview":"max-video-preview:-1"},"canonical":"https:\/\/koma-brzeg.pl\/de\/uslugi\/wymienniki-ciepla\/wymienniki-plaszczowo-rurowe\/wymienniki-plaszczowo-rurowe-poziome\/","og_locale":"de_DE","og_type":"article","og_title":"Wymienniki P\u0142aszczowo-rurowe Poziome - Instalacje Przemys\u0142owe","og_description":"Wymienniki P\u0142aszczowo-rurowe Poziome Og\u00f3lna charakterystyka urz\u0105dzenia Poni\u017cszy opis techniczny odnosi si\u0119 do wymiennika ciep\u0142a pracuj\u0105cego jako podgrzewacz przeponowy kolumny odp\u0119dowej. Funkcjonuje on pod potoczn\u0105 nazw\u0105 cyrkulator. Urz\u0105dzenie podczas pracy funkcjonuje jako wyparka o przep\u0142ywie wymuszonym. Do kr\u00f3\u0107ca przy\u0142\u0105czeniowego nr 11 pompa cyrkulacyjna t\u0142oczy ciecz znajduj\u0105c\u0105 si\u0119 w kocio\u0142ku kolumny destylacyjnej. W czasie przep\u0142ywu cieczy przez [&hellip;]","og_url":"https:\/\/koma-brzeg.pl\/de\/uslugi\/wymienniki-ciepla\/wymienniki-plaszczowo-rurowe\/wymienniki-plaszczowo-rurowe-poziome\/","og_site_name":"Instalacje Przemys\u0142owe","article_modified_time":"2023-04-12T12:54:05+00:00","og_image":[{"url":"https:\/\/koma-brzeg.pl\/wp-content\/uploads\/2022\/10\/about-us.png"}],"twitter_card":"summary_large_image","twitter_misc":{"Gesch\u00e4tzte Lesezeit":"1\u00a0Minute"},"schema":{"@context":"https:\/\/schema.org","@graph":[{"@type":"WebPage","@id":"https:\/\/koma-brzeg.pl\/de\/uslugi\/wymienniki-ciepla\/wymienniki-plaszczowo-rurowe\/wymienniki-plaszczowo-rurowe-poziome\/","url":"https:\/\/koma-brzeg.pl\/de\/uslugi\/wymienniki-ciepla\/wymienniki-plaszczowo-rurowe\/wymienniki-plaszczowo-rurowe-poziome\/","name":"Wymienniki P\u0142aszczowo-rurowe Poziome - Instalacje Przemys\u0142owe","isPartOf":{"@id":"https:\/\/koma-brzeg.pl\/#website"},"datePublished":"2022-11-03T09:35:41+00:00","dateModified":"2023-04-12T12:54:05+00:00","breadcrumb":{"@id":"https:\/\/koma-brzeg.pl\/de\/uslugi\/wymienniki-ciepla\/wymienniki-plaszczowo-rurowe\/wymienniki-plaszczowo-rurowe-poziome\/#breadcrumb"},"inLanguage":"de","potentialAction":[{"@type":"ReadAction","target":["https:\/\/koma-brzeg.pl\/de\/uslugi\/wymienniki-ciepla\/wymienniki-plaszczowo-rurowe\/wymienniki-plaszczowo-rurowe-poziome\/"]}]},{"@type":"BreadcrumbList","@id":"https:\/\/koma-brzeg.pl\/de\/uslugi\/wymienniki-ciepla\/wymienniki-plaszczowo-rurowe\/wymienniki-plaszczowo-rurowe-poziome\/#breadcrumb","itemListElement":[{"@type":"ListItem","position":1,"name":"Us\u0142ugi","item":"https:\/\/koma-brzeg.pl\/de\/uslugi\/"},{"@type":"ListItem","position":2,"name":"Wymienniki ciep\u0142a","item":"https:\/\/koma-brzeg.pl\/de\/uslugi\/wymienniki-ciepla\/"},{"@type":"ListItem","position":3,"name":"Wymienniki p\u0142aszczowo rurowe","item":"https:\/\/koma-brzeg.pl\/de\/uslugi\/wymienniki-ciepla\/wymienniki-plaszczowo-rurowe\/"},{"@type":"ListItem","position":4,"name":"Wymienniki P\u0142aszczowo-rurowe Poziome"}]},{"@type":"WebSite","@id":"https:\/\/koma-brzeg.pl\/#website","url":"https:\/\/koma-brzeg.pl\/","name":"Instalacje Przemys\u0142owe","description":"SPECJALISTYCZNY ZAK\u0141AD PRODUKCJI POMP I APARATURY PRZEMYS\u0141OWEJ","potentialAction":[{"@type":"SearchAction","target":{"@type":"EntryPoint","urlTemplate":"https:\/\/koma-brzeg.pl\/?s={search_term_string}"},"query-input":"required name=search_term_string"}],"inLanguage":"de"}]}},"_links":{"self":[{"href":"https:\/\/koma-brzeg.pl\/de\/wp-json\/wp\/v2\/pages\/1123","targetHints":{"allow":["GET"]}}],"collection":[{"href":"https:\/\/koma-brzeg.pl\/de\/wp-json\/wp\/v2\/pages"}],"about":[{"href":"https:\/\/koma-brzeg.pl\/de\/wp-json\/wp\/v2\/types\/page"}],"author":[{"embeddable":true,"href":"https:\/\/koma-brzeg.pl\/de\/wp-json\/wp\/v2\/users\/1"}],"replies":[{"embeddable":true,"href":"https:\/\/koma-brzeg.pl\/de\/wp-json\/wp\/v2\/comments?post=1123"}],"version-history":[{"count":6,"href":"https:\/\/koma-brzeg.pl\/de\/wp-json\/wp\/v2\/pages\/1123\/revisions"}],"predecessor-version":[{"id":2536,"href":"https:\/\/koma-brzeg.pl\/de\/wp-json\/wp\/v2\/pages\/1123\/revisions\/2536"}],"up":[{"embeddable":true,"href":"https:\/\/koma-brzeg.pl\/de\/wp-json\/wp\/v2\/pages\/1119"}],"wp:attachment":[{"href":"https:\/\/koma-brzeg.pl\/de\/wp-json\/wp\/v2\/media?parent=1123"}],"curies":[{"name":"wp","href":"https:\/\/api.w.org\/{rel}","templated":true}]}}