{"id":1084,"date":"2022-11-03T09:34:04","date_gmt":"2022-11-03T08:34:04","guid":{"rendered":"https:\/\/koma-brzeg.pl\/uslugi\/pompy\/pompa-z-napedem-hydraulicznym-150-pzmhp\/"},"modified":"2023-03-14T14:44:23","modified_gmt":"2023-03-14T13:44:23","slug":"pompa-z-napedem-hydraulicznym-150-pzmhp","status":"publish","type":"page","link":"https:\/\/koma-brzeg.pl\/de\/uslugi\/pompy\/pompa-z-napedem-hydraulicznym-150-pzmhp\/","title":{"rendered":"Pompa z nap\u0119dem hydraulicznym 150 PZMHP"},"content":{"rendered":"\t\t<div data-elementor-type=\"wp-page\" data-elementor-id=\"1084\" class=\"elementor elementor-1084 elementor-412\">\n\t\t\t\t\t\t\t\t\t<section class=\"elementor-section elementor-top-section elementor-element elementor-element-24d9afd elementor-section-boxed elementor-section-height-default elementor-section-height-default\" data-id=\"24d9afd\" data-element_type=\"section\">\n\t\t\t\t\t\t<div class=\"elementor-container elementor-column-gap-default\">\n\t\t\t\t\t<div class=\"elementor-column elementor-col-100 elementor-top-column elementor-element elementor-element-b2807c5\" data-id=\"b2807c5\" data-element_type=\"column\">\n\t\t\t<div class=\"elementor-widget-wrap elementor-element-populated\">\n\t\t\t\t\t\t\t\t<div class=\"elementor-element elementor-element-e9ba06f elementor-widget elementor-widget-heading\" data-id=\"e9ba06f\" data-element_type=\"widget\" data-widget_type=\"heading.default\">\n\t\t\t\t<div class=\"elementor-widget-container\">\n\t\t\t<style>\/*! elementor - v3.12.0 - 29-03-2023 *\/\n.elementor-heading-title{padding:0;margin:0;line-height:1}.elementor-widget-heading .elementor-heading-title[class*=elementor-size-]>a{color:inherit;font-size:inherit;line-height:inherit}.elementor-widget-heading .elementor-heading-title.elementor-size-small{font-size:15px}.elementor-widget-heading .elementor-heading-title.elementor-size-medium{font-size:19px}.elementor-widget-heading .elementor-heading-title.elementor-size-large{font-size:29px}.elementor-widget-heading .elementor-heading-title.elementor-size-xl{font-size:39px}.elementor-widget-heading .elementor-heading-title.elementor-size-xxl{font-size:59px}<\/style><h2 class=\"elementor-heading-title elementor-size-default\">Pompa z nap\u0119dem hydraulicznym 150 PZMHP<\/h2>\t\t<\/div>\n\t\t\t\t<\/div>\n\t\t\t\t<div class=\"elementor-element elementor-element-847517b elementor-position-left elementor-widget__width-auto elementor-vertical-align-top elementor-widget elementor-widget-image-box\" data-id=\"847517b\" data-element_type=\"widget\" data-widget_type=\"image-box.default\">\n\t\t\t\t<div class=\"elementor-widget-container\">\n\t\t\t<style>\/*! elementor - v3.12.0 - 29-03-2023 *\/\n.elementor-widget-image-box .elementor-image-box-content{width:100%}@media (min-width:768px){.elementor-widget-image-box.elementor-position-left .elementor-image-box-wrapper,.elementor-widget-image-box.elementor-position-right .elementor-image-box-wrapper{display:flex}.elementor-widget-image-box.elementor-position-right .elementor-image-box-wrapper{text-align:right;flex-direction:row-reverse}.elementor-widget-image-box.elementor-position-left .elementor-image-box-wrapper{text-align:left;flex-direction:row}.elementor-widget-image-box.elementor-position-top .elementor-image-box-img{margin:auto}.elementor-widget-image-box.elementor-vertical-align-top .elementor-image-box-wrapper{align-items:flex-start}.elementor-widget-image-box.elementor-vertical-align-middle .elementor-image-box-wrapper{align-items:center}.elementor-widget-image-box.elementor-vertical-align-bottom .elementor-image-box-wrapper{align-items:flex-end}}@media (max-width:767px){.elementor-widget-image-box .elementor-image-box-img{margin-left:auto!important;margin-right:auto!important;margin-bottom:15px}}.elementor-widget-image-box .elementor-image-box-img{display:inline-block}.elementor-widget-image-box .elementor-image-box-title a{color:inherit}.elementor-widget-image-box .elementor-image-box-wrapper{text-align:center}.elementor-widget-image-box .elementor-image-box-description{margin:0}<\/style><div class=\"elementor-image-box-wrapper\"><figure class=\"elementor-image-box-img\"><img decoding=\"async\" width=\"24\" height=\"24\" src=\"https:\/\/koma-brzeg.pl\/wp-content\/uploads\/2022\/10\/about-us.png\" class=\"attachment-full size-full wp-image-832\" alt=\"\" \/><\/figure><div class=\"elementor-image-box-content\"><h3 class=\"elementor-image-box-title\">Og\u00f3lna charakterystyka urz\u0105dzenia <\/h3><\/div><\/div>\t\t<\/div>\n\t\t\t\t<\/div>\n\t\t\t\t<div class=\"elementor-element elementor-element-48d13a4 elementor-widget elementor-widget-text-editor\" data-id=\"48d13a4\" data-element_type=\"widget\" data-widget_type=\"text-editor.default\">\n\t\t\t\t<div class=\"elementor-widget-container\">\n\t\t\t<style>\/*! elementor - v3.12.0 - 29-03-2023 *\/\n.elementor-widget-text-editor.elementor-drop-cap-view-stacked .elementor-drop-cap{background-color:#69727d;color:#fff}.elementor-widget-text-editor.elementor-drop-cap-view-framed .elementor-drop-cap{color:#69727d;border:3px solid;background-color:transparent}.elementor-widget-text-editor:not(.elementor-drop-cap-view-default) .elementor-drop-cap{margin-top:8px}.elementor-widget-text-editor:not(.elementor-drop-cap-view-default) .elementor-drop-cap-letter{width:1em;height:1em}.elementor-widget-text-editor .elementor-drop-cap{float:left;text-align:center;line-height:1;font-size:50px}.elementor-widget-text-editor .elementor-drop-cap-letter{display:inline-block}<\/style>\t\t\t\t<p>Pompy z nap\u0119dem hydraulicznym\u00a0sprawdzaj\u0105 si\u0119 wsz\u0119dzie tam gdzie zachodzi konieczno\u015b\u0107 t\u0142oczenia cieczy\u00a0agresywnych chemicznie, a jednocze\u015bnie nie ma mo\u017cliwo\u015bci zastosowania nap\u0119du elektrycznego np.:\u00a0<\/p><ul><li>Urz\u0105dzenia przewo\u017ane<\/li><li>Maszyny rolnicze<\/li><li>Stefy zagro\u017cenia wybuchem<\/li><li>Warunki znacznej wilgotno\u015bci, ewentualnie podwy\u017cszonej temperatury<\/li><\/ul>\t\t\t\t\t\t<\/div>\n\t\t\t\t<\/div>\n\t\t\t\t<div class=\"elementor-element elementor-element-9ba59ca elementor-widget-divider--view-line elementor-widget elementor-widget-divider\" data-id=\"9ba59ca\" data-element_type=\"widget\" data-widget_type=\"divider.default\">\n\t\t\t\t<div class=\"elementor-widget-container\">\n\t\t\t<style>\/*! elementor - v3.12.0 - 29-03-2023 *\/\n.elementor-widget-divider{--divider-border-style:none;--divider-border-width:1px;--divider-color:#0c0d0e;--divider-icon-size:20px;--divider-element-spacing:10px;--divider-pattern-height:24px;--divider-pattern-size:20px;--divider-pattern-url:none;--divider-pattern-repeat:repeat-x}.elementor-widget-divider .elementor-divider{display:flex}.elementor-widget-divider .elementor-divider__text{font-size:15px;line-height:1;max-width:95%}.elementor-widget-divider .elementor-divider__element{margin:0 var(--divider-element-spacing);flex-shrink:0}.elementor-widget-divider .elementor-icon{font-size:var(--divider-icon-size)}.elementor-widget-divider .elementor-divider-separator{display:flex;margin:0;direction:ltr}.elementor-widget-divider--view-line_icon .elementor-divider-separator,.elementor-widget-divider--view-line_text .elementor-divider-separator{align-items:center}.elementor-widget-divider--view-line_icon .elementor-divider-separator:after,.elementor-widget-divider--view-line_icon .elementor-divider-separator:before,.elementor-widget-divider--view-line_text .elementor-divider-separator:after,.elementor-widget-divider--view-line_text .elementor-divider-separator:before{display:block;content:\"\";border-bottom:0;flex-grow:1;border-top:var(--divider-border-width) var(--divider-border-style) var(--divider-color)}.elementor-widget-divider--element-align-left .elementor-divider .elementor-divider-separator>.elementor-divider__svg:first-of-type{flex-grow:0;flex-shrink:100}.elementor-widget-divider--element-align-left .elementor-divider-separator:before{content:none}.elementor-widget-divider--element-align-left .elementor-divider__element{margin-left:0}.elementor-widget-divider--element-align-right .elementor-divider .elementor-divider-separator>.elementor-divider__svg:last-of-type{flex-grow:0;flex-shrink:100}.elementor-widget-divider--element-align-right .elementor-divider-separator:after{content:none}.elementor-widget-divider--element-align-right .elementor-divider__element{margin-right:0}.elementor-widget-divider:not(.elementor-widget-divider--view-line_text):not(.elementor-widget-divider--view-line_icon) .elementor-divider-separator{border-top:var(--divider-border-width) var(--divider-border-style) var(--divider-color)}.elementor-widget-divider--separator-type-pattern{--divider-border-style:none}.elementor-widget-divider--separator-type-pattern.elementor-widget-divider--view-line .elementor-divider-separator,.elementor-widget-divider--separator-type-pattern:not(.elementor-widget-divider--view-line) .elementor-divider-separator:after,.elementor-widget-divider--separator-type-pattern:not(.elementor-widget-divider--view-line) .elementor-divider-separator:before,.elementor-widget-divider--separator-type-pattern:not([class*=elementor-widget-divider--view]) .elementor-divider-separator{width:100%;min-height:var(--divider-pattern-height);-webkit-mask-size:var(--divider-pattern-size) 100%;mask-size:var(--divider-pattern-size) 100%;-webkit-mask-repeat:var(--divider-pattern-repeat);mask-repeat:var(--divider-pattern-repeat);background-color:var(--divider-color);-webkit-mask-image:var(--divider-pattern-url);mask-image:var(--divider-pattern-url)}.elementor-widget-divider--no-spacing{--divider-pattern-size:auto}.elementor-widget-divider--bg-round{--divider-pattern-repeat:round}.rtl .elementor-widget-divider .elementor-divider__text{direction:rtl}.e-con-inner>.elementor-widget-divider,.e-con>.elementor-widget-divider{width:var(--container-widget-width,100%);--flex-grow:var(--container-widget-flex-grow)}<\/style>\t\t<div class=\"elementor-divider\">\n\t\t\t<span class=\"elementor-divider-separator\">\n\t\t\t\t\t\t<\/span>\n\t\t<\/div>\n\t\t\t\t<\/div>\n\t\t\t\t<\/div>\n\t\t\t\t<div class=\"elementor-element elementor-element-d848681 elementor-position-left elementor-widget__width-auto elementor-vertical-align-top elementor-widget elementor-widget-image-box\" data-id=\"d848681\" data-element_type=\"widget\" data-widget_type=\"image-box.default\">\n\t\t\t\t<div class=\"elementor-widget-container\">\n\t\t\t<div class=\"elementor-image-box-wrapper\"><figure class=\"elementor-image-box-img\"><img decoding=\"async\" width=\"24\" height=\"21\" src=\"https:\/\/koma-brzeg.pl\/wp-content\/uploads\/2022\/10\/parametry2.png\" class=\"attachment-full size-full wp-image-834\" alt=\"\" \/><\/figure><div class=\"elementor-image-box-content\"><h3 class=\"elementor-image-box-title\">Podstawowe parametry<\/h3><\/div><\/div>\t\t<\/div>\n\t\t\t\t<\/div>\n\t\t\t\t<div class=\"elementor-element elementor-element-5742897 elementor-widget elementor-widget-image\" data-id=\"5742897\" data-element_type=\"widget\" data-widget_type=\"image.default\">\n\t\t\t\t<div class=\"elementor-widget-container\">\n\t\t\t<style>\/*! elementor - v3.12.0 - 29-03-2023 *\/\n.elementor-widget-image{text-align:center}.elementor-widget-image a{display:inline-block}.elementor-widget-image a img[src$=\".svg\"]{width:48px}.elementor-widget-image img{vertical-align:middle;display:inline-block}<\/style>\t\t\t\t\t\t\t\t\t\t\t\t<img decoding=\"async\" width=\"479\" height=\"414\" src=\"https:\/\/koma-brzeg.pl\/wp-content\/uploads\/2022\/11\/Bez-tytulu.png\" class=\"attachment-large size-large wp-image-854\" alt=\"\" srcset=\"https:\/\/koma-brzeg.pl\/wp-content\/uploads\/2022\/11\/Bez-tytulu.png 479w, https:\/\/koma-brzeg.pl\/wp-content\/uploads\/2022\/11\/Bez-tytulu-300x259.png 300w\" sizes=\"(max-width: 479px) 100vw, 479px\" \/>\t\t\t\t\t\t\t\t\t\t\t\t\t\t\t<\/div>\n\t\t\t\t<\/div>\n\t\t\t\t<div class=\"elementor-element elementor-element-a7032e0 elementor-widget elementor-widget-image\" data-id=\"a7032e0\" data-element_type=\"widget\" data-widget_type=\"image.default\">\n\t\t\t\t<div class=\"elementor-widget-container\">\n\t\t\t\t\t\t\t\t\t\t\t\t\t\t\t<img decoding=\"async\" width=\"529\" height=\"456\" src=\"https:\/\/koma-brzeg.pl\/wp-content\/uploads\/2022\/11\/pompa.png\" class=\"attachment-large size-large wp-image-856\" alt=\"\" srcset=\"https:\/\/koma-brzeg.pl\/wp-content\/uploads\/2022\/11\/pompa.png 529w, https:\/\/koma-brzeg.pl\/wp-content\/uploads\/2022\/11\/pompa-300x259.png 300w\" sizes=\"(max-width: 529px) 100vw, 529px\" \/>\t\t\t\t\t\t\t\t\t\t\t\t\t\t\t<\/div>\n\t\t\t\t<\/div>\n\t\t\t\t<div class=\"elementor-element elementor-element-1abe372 elementor-widget-divider--view-line elementor-widget elementor-widget-divider\" data-id=\"1abe372\" data-element_type=\"widget\" data-widget_type=\"divider.default\">\n\t\t\t\t<div class=\"elementor-widget-container\">\n\t\t\t\t\t<div class=\"elementor-divider\">\n\t\t\t<span class=\"elementor-divider-separator\">\n\t\t\t\t\t\t<\/span>\n\t\t<\/div>\n\t\t\t\t<\/div>\n\t\t\t\t<\/div>\n\t\t\t\t<div class=\"elementor-element elementor-element-89370d8 elementor-position-left elementor-widget__width-auto elementor-vertical-align-top elementor-widget elementor-widget-image-box\" data-id=\"89370d8\" data-element_type=\"widget\" data-widget_type=\"image-box.default\">\n\t\t\t\t<div class=\"elementor-widget-container\">\n\t\t\t<div class=\"elementor-image-box-wrapper\"><figure class=\"elementor-image-box-img\"><img decoding=\"async\" width=\"34\" height=\"31\" src=\"https:\/\/koma-brzeg.pl\/wp-content\/uploads\/2022\/10\/products.png\" class=\"attachment-full size-full wp-image-840\" alt=\"\" \/><\/figure><div class=\"elementor-image-box-content\"><h3 class=\"elementor-image-box-title\">Zastosowanie<\/h3><\/div><\/div>\t\t<\/div>\n\t\t\t\t<\/div>\n\t\t\t\t<div class=\"elementor-element elementor-element-88113e6 elementor-widget elementor-widget-image\" data-id=\"88113e6\" data-element_type=\"widget\" data-widget_type=\"image.default\">\n\t\t\t\t<div class=\"elementor-widget-container\">\n\t\t\t\t\t\t\t\t\t\t\t\t\t\t\t<img decoding=\"async\" width=\"743\" height=\"357\" src=\"https:\/\/koma-brzeg.pl\/wp-content\/uploads\/2022\/11\/cyst2.png\" class=\"attachment-large size-large wp-image-858\" alt=\"\" srcset=\"https:\/\/koma-brzeg.pl\/wp-content\/uploads\/2022\/11\/cyst2.png 743w, https:\/\/koma-brzeg.pl\/wp-content\/uploads\/2022\/11\/cyst2-300x144.png 300w\" sizes=\"(max-width: 743px) 100vw, 743px\" \/>\t\t\t\t\t\t\t\t\t\t\t\t\t\t\t<\/div>\n\t\t\t\t<\/div>\n\t\t\t\t<div class=\"elementor-element elementor-element-c199cfd elementor-widget-divider--view-line elementor-widget elementor-widget-divider\" data-id=\"c199cfd\" data-element_type=\"widget\" data-widget_type=\"divider.default\">\n\t\t\t\t<div class=\"elementor-widget-container\">\n\t\t\t\t\t<div class=\"elementor-divider\">\n\t\t\t<span class=\"elementor-divider-separator\">\n\t\t\t\t\t\t<\/span>\n\t\t<\/div>\n\t\t\t\t<\/div>\n\t\t\t\t<\/div>\n\t\t\t\t\t<\/div>\n\t\t<\/div>\n\t\t\t\t\t\t\t<\/div>\n\t\t<\/section>\n\t\t\t\t\t\t\t<\/div>\n\t\t","protected":false},"excerpt":{"rendered":"<p>Pompa z nap\u0119dem hydraulicznym 150 PZMHP Og\u00f3lna charakterystyka urz\u0105dzenia Pompy z nap\u0119dem hydraulicznym\u00a0sprawdzaj\u0105 si\u0119 wsz\u0119dzie tam gdzie zachodzi konieczno\u015b\u0107 t\u0142oczenia cieczy\u00a0agresywnych chemicznie, a jednocze\u015bnie nie ma mo\u017cliwo\u015bci zastosowania nap\u0119du elektrycznego np.:\u00a0 Urz\u0105dzenia przewo\u017ane Maszyny rolnicze Stefy zagro\u017cenia wybuchem Warunki znacznej wilgotno\u015bci, ewentualnie podwy\u017cszonej temperatury Podstawowe parametry Zastosowanie<\/p>\n","protected":false},"author":1,"featured_media":0,"parent":1054,"menu_order":0,"comment_status":"closed","ping_status":"closed","template":"elementor_theme","meta":{"footnotes":""},"class_list":["post-1084","page","type-page","status-publish","hentry"],"yoast_head":"<!-- This site is optimized with the Yoast SEO plugin v20.1 - https:\/\/yoast.com\/wordpress\/plugins\/seo\/ -->\n<title>Pompa z nap\u0119dem hydraulicznym 150 PZMHP - Instalacje Przemys\u0142owe<\/title>\n<meta name=\"robots\" content=\"index, follow, max-snippet:-1, max-image-preview:large, max-video-preview:-1\" \/>\n<link rel=\"canonical\" href=\"https:\/\/koma-brzeg.pl\/de\/uslugi\/pompy\/pompa-z-napedem-hydraulicznym-150-pzmhp\/\" \/>\n<meta property=\"og:locale\" content=\"de_DE\" \/>\n<meta property=\"og:type\" content=\"article\" \/>\n<meta property=\"og:title\" content=\"Pompa z nap\u0119dem hydraulicznym 150 PZMHP - Instalacje Przemys\u0142owe\" \/>\n<meta property=\"og:description\" content=\"Pompa z nap\u0119dem hydraulicznym 150 PZMHP Og\u00f3lna charakterystyka urz\u0105dzenia Pompy z nap\u0119dem hydraulicznym\u00a0sprawdzaj\u0105 si\u0119 wsz\u0119dzie tam gdzie zachodzi konieczno\u015b\u0107 t\u0142oczenia cieczy\u00a0agresywnych chemicznie, a jednocze\u015bnie nie ma mo\u017cliwo\u015bci zastosowania nap\u0119du elektrycznego np.:\u00a0 Urz\u0105dzenia przewo\u017ane Maszyny rolnicze Stefy zagro\u017cenia wybuchem Warunki znacznej wilgotno\u015bci, ewentualnie podwy\u017cszonej temperatury Podstawowe parametry Zastosowanie\" \/>\n<meta property=\"og:url\" content=\"https:\/\/koma-brzeg.pl\/de\/uslugi\/pompy\/pompa-z-napedem-hydraulicznym-150-pzmhp\/\" \/>\n<meta property=\"og:site_name\" content=\"Instalacje Przemys\u0142owe\" \/>\n<meta property=\"article:modified_time\" content=\"2023-03-14T13:44:23+00:00\" \/>\n<meta property=\"og:image\" content=\"https:\/\/koma-brzeg.pl\/wp-content\/uploads\/2022\/10\/about-us.png\" \/>\n<meta name=\"twitter:card\" content=\"summary_large_image\" \/>\n<script type=\"application\/ld+json\" class=\"yoast-schema-graph\">{\"@context\":\"https:\/\/schema.org\",\"@graph\":[{\"@type\":\"WebPage\",\"@id\":\"https:\/\/koma-brzeg.pl\/de\/uslugi\/pompy\/pompa-z-napedem-hydraulicznym-150-pzmhp\/\",\"url\":\"https:\/\/koma-brzeg.pl\/de\/uslugi\/pompy\/pompa-z-napedem-hydraulicznym-150-pzmhp\/\",\"name\":\"Pompa z nap\u0119dem hydraulicznym 150 PZMHP - Instalacje Przemys\u0142owe\",\"isPartOf\":{\"@id\":\"https:\/\/koma-brzeg.pl\/#website\"},\"datePublished\":\"2022-11-03T08:34:04+00:00\",\"dateModified\":\"2023-03-14T13:44:23+00:00\",\"breadcrumb\":{\"@id\":\"https:\/\/koma-brzeg.pl\/de\/uslugi\/pompy\/pompa-z-napedem-hydraulicznym-150-pzmhp\/#breadcrumb\"},\"inLanguage\":\"de\",\"potentialAction\":[{\"@type\":\"ReadAction\",\"target\":[\"https:\/\/koma-brzeg.pl\/de\/uslugi\/pompy\/pompa-z-napedem-hydraulicznym-150-pzmhp\/\"]}]},{\"@type\":\"BreadcrumbList\",\"@id\":\"https:\/\/koma-brzeg.pl\/de\/uslugi\/pompy\/pompa-z-napedem-hydraulicznym-150-pzmhp\/#breadcrumb\",\"itemListElement\":[{\"@type\":\"ListItem\",\"position\":1,\"name\":\"Us\u0142ugi\",\"item\":\"https:\/\/koma-brzeg.pl\/de\/uslugi\/\"},{\"@type\":\"ListItem\",\"position\":2,\"name\":\"Pompy\",\"item\":\"https:\/\/koma-brzeg.pl\/de\/uslugi\/pompy\/\"},{\"@type\":\"ListItem\",\"position\":3,\"name\":\"Pompa z nap\u0119dem hydraulicznym 150 PZMHP\"}]},{\"@type\":\"WebSite\",\"@id\":\"https:\/\/koma-brzeg.pl\/#website\",\"url\":\"https:\/\/koma-brzeg.pl\/\",\"name\":\"Instalacje Przemys\u0142owe\",\"description\":\"SPECJALISTYCZNY ZAK\u0141AD PRODUKCJI POMP I APARATURY PRZEMYS\u0141OWEJ\",\"potentialAction\":[{\"@type\":\"SearchAction\",\"target\":{\"@type\":\"EntryPoint\",\"urlTemplate\":\"https:\/\/koma-brzeg.pl\/?s={search_term_string}\"},\"query-input\":\"required name=search_term_string\"}],\"inLanguage\":\"de\"}]}<\/script>\n<!-- \/ Yoast SEO plugin. -->","yoast_head_json":{"title":"Pompa z nap\u0119dem hydraulicznym 150 PZMHP - Instalacje Przemys\u0142owe","robots":{"index":"index","follow":"follow","max-snippet":"max-snippet:-1","max-image-preview":"max-image-preview:large","max-video-preview":"max-video-preview:-1"},"canonical":"https:\/\/koma-brzeg.pl\/de\/uslugi\/pompy\/pompa-z-napedem-hydraulicznym-150-pzmhp\/","og_locale":"de_DE","og_type":"article","og_title":"Pompa z nap\u0119dem hydraulicznym 150 PZMHP - Instalacje Przemys\u0142owe","og_description":"Pompa z nap\u0119dem hydraulicznym 150 PZMHP Og\u00f3lna charakterystyka urz\u0105dzenia Pompy z nap\u0119dem hydraulicznym\u00a0sprawdzaj\u0105 si\u0119 wsz\u0119dzie tam gdzie zachodzi konieczno\u015b\u0107 t\u0142oczenia cieczy\u00a0agresywnych chemicznie, a jednocze\u015bnie nie ma mo\u017cliwo\u015bci zastosowania nap\u0119du elektrycznego np.:\u00a0 Urz\u0105dzenia przewo\u017ane Maszyny rolnicze Stefy zagro\u017cenia wybuchem Warunki znacznej wilgotno\u015bci, ewentualnie podwy\u017cszonej temperatury Podstawowe parametry Zastosowanie","og_url":"https:\/\/koma-brzeg.pl\/de\/uslugi\/pompy\/pompa-z-napedem-hydraulicznym-150-pzmhp\/","og_site_name":"Instalacje Przemys\u0142owe","article_modified_time":"2023-03-14T13:44:23+00:00","og_image":[{"url":"https:\/\/koma-brzeg.pl\/wp-content\/uploads\/2022\/10\/about-us.png"}],"twitter_card":"summary_large_image","schema":{"@context":"https:\/\/schema.org","@graph":[{"@type":"WebPage","@id":"https:\/\/koma-brzeg.pl\/de\/uslugi\/pompy\/pompa-z-napedem-hydraulicznym-150-pzmhp\/","url":"https:\/\/koma-brzeg.pl\/de\/uslugi\/pompy\/pompa-z-napedem-hydraulicznym-150-pzmhp\/","name":"Pompa z nap\u0119dem hydraulicznym 150 PZMHP - Instalacje Przemys\u0142owe","isPartOf":{"@id":"https:\/\/koma-brzeg.pl\/#website"},"datePublished":"2022-11-03T08:34:04+00:00","dateModified":"2023-03-14T13:44:23+00:00","breadcrumb":{"@id":"https:\/\/koma-brzeg.pl\/de\/uslugi\/pompy\/pompa-z-napedem-hydraulicznym-150-pzmhp\/#breadcrumb"},"inLanguage":"de","potentialAction":[{"@type":"ReadAction","target":["https:\/\/koma-brzeg.pl\/de\/uslugi\/pompy\/pompa-z-napedem-hydraulicznym-150-pzmhp\/"]}]},{"@type":"BreadcrumbList","@id":"https:\/\/koma-brzeg.pl\/de\/uslugi\/pompy\/pompa-z-napedem-hydraulicznym-150-pzmhp\/#breadcrumb","itemListElement":[{"@type":"ListItem","position":1,"name":"Us\u0142ugi","item":"https:\/\/koma-brzeg.pl\/de\/uslugi\/"},{"@type":"ListItem","position":2,"name":"Pompy","item":"https:\/\/koma-brzeg.pl\/de\/uslugi\/pompy\/"},{"@type":"ListItem","position":3,"name":"Pompa z nap\u0119dem hydraulicznym 150 PZMHP"}]},{"@type":"WebSite","@id":"https:\/\/koma-brzeg.pl\/#website","url":"https:\/\/koma-brzeg.pl\/","name":"Instalacje Przemys\u0142owe","description":"SPECJALISTYCZNY ZAK\u0141AD PRODUKCJI POMP I APARATURY PRZEMYS\u0141OWEJ","potentialAction":[{"@type":"SearchAction","target":{"@type":"EntryPoint","urlTemplate":"https:\/\/koma-brzeg.pl\/?s={search_term_string}"},"query-input":"required name=search_term_string"}],"inLanguage":"de"}]}},"_links":{"self":[{"href":"https:\/\/koma-brzeg.pl\/de\/wp-json\/wp\/v2\/pages\/1084","targetHints":{"allow":["GET"]}}],"collection":[{"href":"https:\/\/koma-brzeg.pl\/de\/wp-json\/wp\/v2\/pages"}],"about":[{"href":"https:\/\/koma-brzeg.pl\/de\/wp-json\/wp\/v2\/types\/page"}],"author":[{"embeddable":true,"href":"https:\/\/koma-brzeg.pl\/de\/wp-json\/wp\/v2\/users\/1"}],"replies":[{"embeddable":true,"href":"https:\/\/koma-brzeg.pl\/de\/wp-json\/wp\/v2\/comments?post=1084"}],"version-history":[{"count":6,"href":"https:\/\/koma-brzeg.pl\/de\/wp-json\/wp\/v2\/pages\/1084\/revisions"}],"predecessor-version":[{"id":1823,"href":"https:\/\/koma-brzeg.pl\/de\/wp-json\/wp\/v2\/pages\/1084\/revisions\/1823"}],"up":[{"embeddable":true,"href":"https:\/\/koma-brzeg.pl\/de\/wp-json\/wp\/v2\/pages\/1054"}],"wp:attachment":[{"href":"https:\/\/koma-brzeg.pl\/de\/wp-json\/wp\/v2\/media?parent=1084"}],"curies":[{"name":"wp","href":"https:\/\/api.w.org\/{rel}","templated":true}]}}