{"id":1072,"date":"2022-11-03T09:20:03","date_gmt":"2022-11-03T08:20:03","guid":{"rendered":"https:\/\/koma-brzeg.pl\/uslugi\/mieszadla\/mieszadlo-mwp-afbvl2-pionowe-bezpodporowe\/"},"modified":"2024-10-11T07:48:01","modified_gmt":"2024-10-11T05:48:01","slug":"mieszadlo-mwp-pionowe-bezpodporowe","status":"publish","type":"page","link":"https:\/\/koma-brzeg.pl\/de\/uslugi\/mieszadla\/mieszadlo-mwp-pionowe-bezpodporowe\/","title":{"rendered":"MIESZAD\u0141O MWP &#8211; PIONOWE BEZPODPOROWE"},"content":{"rendered":"\t\t<div data-elementor-type=\"wp-page\" data-elementor-id=\"1072\" class=\"elementor elementor-1072 elementor-385\">\n\t\t\t\t\t\t\t\t\t<section class=\"elementor-section elementor-top-section elementor-element elementor-element-1276d92 elementor-section-boxed elementor-section-height-default elementor-section-height-default\" data-id=\"1276d92\" data-element_type=\"section\">\n\t\t\t\t\t\t<div class=\"elementor-container elementor-column-gap-default\">\n\t\t\t\t\t<div class=\"elementor-column elementor-col-100 elementor-top-column elementor-element elementor-element-5fffdd6\" data-id=\"5fffdd6\" data-element_type=\"column\">\n\t\t\t<div class=\"elementor-widget-wrap elementor-element-populated\">\n\t\t\t\t\t\t\t\t<div class=\"elementor-element elementor-element-4e35060 elementor-widget elementor-widget-heading\" data-id=\"4e35060\" data-element_type=\"widget\" data-widget_type=\"heading.default\">\n\t\t\t\t<div class=\"elementor-widget-container\">\n\t\t\t<style>\/*! elementor - v3.12.0 - 29-03-2023 *\/\n.elementor-heading-title{padding:0;margin:0;line-height:1}.elementor-widget-heading .elementor-heading-title[class*=elementor-size-]>a{color:inherit;font-size:inherit;line-height:inherit}.elementor-widget-heading .elementor-heading-title.elementor-size-small{font-size:15px}.elementor-widget-heading .elementor-heading-title.elementor-size-medium{font-size:19px}.elementor-widget-heading .elementor-heading-title.elementor-size-large{font-size:29px}.elementor-widget-heading .elementor-heading-title.elementor-size-xl{font-size:39px}.elementor-widget-heading .elementor-heading-title.elementor-size-xxl{font-size:59px}<\/style><h2 class=\"elementor-heading-title elementor-size-default\">MIESZAD\u0141O MWP - AFBVL2 PIONOWE BEZPODPOROWE<\/h2>\t\t<\/div>\n\t\t\t\t<\/div>\n\t\t\t\t<div class=\"elementor-element elementor-element-813b68e elementor-widget-divider--view-line elementor-widget elementor-widget-divider\" data-id=\"813b68e\" data-element_type=\"widget\" data-widget_type=\"divider.default\">\n\t\t\t\t<div class=\"elementor-widget-container\">\n\t\t\t<style>\/*! elementor - v3.12.0 - 29-03-2023 *\/\n.elementor-widget-divider{--divider-border-style:none;--divider-border-width:1px;--divider-color:#0c0d0e;--divider-icon-size:20px;--divider-element-spacing:10px;--divider-pattern-height:24px;--divider-pattern-size:20px;--divider-pattern-url:none;--divider-pattern-repeat:repeat-x}.elementor-widget-divider .elementor-divider{display:flex}.elementor-widget-divider .elementor-divider__text{font-size:15px;line-height:1;max-width:95%}.elementor-widget-divider .elementor-divider__element{margin:0 var(--divider-element-spacing);flex-shrink:0}.elementor-widget-divider .elementor-icon{font-size:var(--divider-icon-size)}.elementor-widget-divider .elementor-divider-separator{display:flex;margin:0;direction:ltr}.elementor-widget-divider--view-line_icon .elementor-divider-separator,.elementor-widget-divider--view-line_text .elementor-divider-separator{align-items:center}.elementor-widget-divider--view-line_icon .elementor-divider-separator:after,.elementor-widget-divider--view-line_icon .elementor-divider-separator:before,.elementor-widget-divider--view-line_text .elementor-divider-separator:after,.elementor-widget-divider--view-line_text .elementor-divider-separator:before{display:block;content:\"\";border-bottom:0;flex-grow:1;border-top:var(--divider-border-width) var(--divider-border-style) var(--divider-color)}.elementor-widget-divider--element-align-left .elementor-divider .elementor-divider-separator>.elementor-divider__svg:first-of-type{flex-grow:0;flex-shrink:100}.elementor-widget-divider--element-align-left .elementor-divider-separator:before{content:none}.elementor-widget-divider--element-align-left .elementor-divider__element{margin-left:0}.elementor-widget-divider--element-align-right .elementor-divider .elementor-divider-separator>.elementor-divider__svg:last-of-type{flex-grow:0;flex-shrink:100}.elementor-widget-divider--element-align-right .elementor-divider-separator:after{content:none}.elementor-widget-divider--element-align-right .elementor-divider__element{margin-right:0}.elementor-widget-divider:not(.elementor-widget-divider--view-line_text):not(.elementor-widget-divider--view-line_icon) .elementor-divider-separator{border-top:var(--divider-border-width) var(--divider-border-style) var(--divider-color)}.elementor-widget-divider--separator-type-pattern{--divider-border-style:none}.elementor-widget-divider--separator-type-pattern.elementor-widget-divider--view-line .elementor-divider-separator,.elementor-widget-divider--separator-type-pattern:not(.elementor-widget-divider--view-line) .elementor-divider-separator:after,.elementor-widget-divider--separator-type-pattern:not(.elementor-widget-divider--view-line) .elementor-divider-separator:before,.elementor-widget-divider--separator-type-pattern:not([class*=elementor-widget-divider--view]) .elementor-divider-separator{width:100%;min-height:var(--divider-pattern-height);-webkit-mask-size:var(--divider-pattern-size) 100%;mask-size:var(--divider-pattern-size) 100%;-webkit-mask-repeat:var(--divider-pattern-repeat);mask-repeat:var(--divider-pattern-repeat);background-color:var(--divider-color);-webkit-mask-image:var(--divider-pattern-url);mask-image:var(--divider-pattern-url)}.elementor-widget-divider--no-spacing{--divider-pattern-size:auto}.elementor-widget-divider--bg-round{--divider-pattern-repeat:round}.rtl .elementor-widget-divider .elementor-divider__text{direction:rtl}.e-con-inner>.elementor-widget-divider,.e-con>.elementor-widget-divider{width:var(--container-widget-width,100%);--flex-grow:var(--container-widget-flex-grow)}<\/style>\t\t<div class=\"elementor-divider\">\n\t\t\t<span class=\"elementor-divider-separator\">\n\t\t\t\t\t\t<\/span>\n\t\t<\/div>\n\t\t\t\t<\/div>\n\t\t\t\t<\/div>\n\t\t\t\t<div class=\"elementor-element elementor-element-a83796d elementor-widget elementor-widget-text-editor\" data-id=\"a83796d\" data-element_type=\"widget\" data-widget_type=\"text-editor.default\">\n\t\t\t\t<div class=\"elementor-widget-container\">\n\t\t\t<style>\/*! elementor - v3.12.0 - 29-03-2023 *\/\n.elementor-widget-text-editor.elementor-drop-cap-view-stacked .elementor-drop-cap{background-color:#69727d;color:#fff}.elementor-widget-text-editor.elementor-drop-cap-view-framed .elementor-drop-cap{color:#69727d;border:3px solid;background-color:transparent}.elementor-widget-text-editor:not(.elementor-drop-cap-view-default) .elementor-drop-cap{margin-top:8px}.elementor-widget-text-editor:not(.elementor-drop-cap-view-default) .elementor-drop-cap-letter{width:1em;height:1em}.elementor-widget-text-editor .elementor-drop-cap{float:left;text-align:center;line-height:1;font-size:50px}.elementor-widget-text-editor .elementor-drop-cap-letter{display:inline-block}<\/style>\t\t\t\t<p><strong>Og\u00f3lna charakterystyka urz\u0105dzenia<\/strong><\/p><p>Mieszad\u0142a te przeznaczone s\u0105 do wprawiania w ruch cieczy, ujednorodniania jej sk\u0142adu, zapobiegania sedymentacji, nadania cieczy okre\u015blonego kierunku cyrkulacji a tak\u017ce do intensyfikowania proces\u00f3w chemicznych.<\/p><p>Wi\u0119cej szczeg\u00f3\u0142\u00f3w w Instrukcji DTR.<\/p>\t\t\t\t\t\t<\/div>\n\t\t\t\t<\/div>\n\t\t\t\t<div class=\"elementor-element elementor-element-094a483 elementor-widget__width-auto elementor-widget elementor-widget-image\" data-id=\"094a483\" data-element_type=\"widget\" data-widget_type=\"image.default\">\n\t\t\t\t<div class=\"elementor-widget-container\">\n\t\t\t<style>\/*! elementor - v3.12.0 - 29-03-2023 *\/\n.elementor-widget-image{text-align:center}.elementor-widget-image a{display:inline-block}.elementor-widget-image a img[src$=\".svg\"]{width:48px}.elementor-widget-image img{vertical-align:middle;display:inline-block}<\/style>\t\t\t\t\t\t\t\t\t<figure class=\"wp-caption\">\n\t\t\t\t\t\t\t\t\t\t\t<a href=\"https:\/\/koma-brzeg.pl\/wp-content\/uploads\/2024\/10\/MWP-DTR-12.10.23.pdf\">\n\t\t\t\t\t\t\t<img decoding=\"async\" width=\"150\" height=\"150\" src=\"https:\/\/koma-brzeg.pl\/wp-content\/uploads\/2023\/03\/computer-icons-pdf-filename-extension-pdf-icon-150x150.jpg\" class=\"attachment-thumbnail size-thumbnail wp-image-2048\" alt=\"\" srcset=\"https:\/\/koma-brzeg.pl\/wp-content\/uploads\/2023\/03\/computer-icons-pdf-filename-extension-pdf-icon-150x150.jpg 150w, https:\/\/koma-brzeg.pl\/wp-content\/uploads\/2023\/03\/computer-icons-pdf-filename-extension-pdf-icon-300x300.jpg 300w, https:\/\/koma-brzeg.pl\/wp-content\/uploads\/2023\/03\/computer-icons-pdf-filename-extension-pdf-icon.jpg 512w\" sizes=\"(max-width: 150px) 100vw, 150px\" \/>\t\t\t\t\t\t\t\t<\/a>\n\t\t\t\t\t\t\t\t\t\t\t<figcaption class=\"widget-image-caption wp-caption-text\">Instrukcja Obs\u0142ugi DTR<\/figcaption>\n\t\t\t\t\t\t\t\t\t\t<\/figure>\n\t\t\t\t\t\t\t\t\t<\/div>\n\t\t\t\t<\/div>\n\t\t\t\t\t<\/div>\n\t\t<\/div>\n\t\t\t\t\t\t\t<\/div>\n\t\t<\/section>\n\t\t\t\t<section class=\"elementor-section elementor-top-section elementor-element elementor-element-046c3ec elementor-section-boxed elementor-section-height-default elementor-section-height-default\" data-id=\"046c3ec\" data-element_type=\"section\">\n\t\t\t\t\t\t<div class=\"elementor-container elementor-column-gap-default\">\n\t\t\t\t\t<div class=\"elementor-column elementor-col-100 elementor-top-column elementor-element elementor-element-81541ca\" data-id=\"81541ca\" data-element_type=\"column\">\n\t\t\t<div class=\"elementor-widget-wrap elementor-element-populated\">\n\t\t\t\t\t\t\t\t<div class=\"elementor-element elementor-element-4155891 elementor-widget elementor-widget-image\" data-id=\"4155891\" data-element_type=\"widget\" data-widget_type=\"image.default\">\n\t\t\t\t<div class=\"elementor-widget-container\">\n\t\t\t\t\t\t\t\t\t\t\t\t\t\t\t<img decoding=\"async\" width=\"790\" height=\"889\" src=\"https:\/\/koma-brzeg.pl\/wp-content\/uploads\/2023\/06\/mwp1.png\" class=\"attachment-large size-large wp-image-3069\" alt=\"\" srcset=\"https:\/\/koma-brzeg.pl\/wp-content\/uploads\/2023\/06\/mwp1.png 790w, https:\/\/koma-brzeg.pl\/wp-content\/uploads\/2023\/06\/mwp1-267x300.png 267w, https:\/\/koma-brzeg.pl\/wp-content\/uploads\/2023\/06\/mwp1-768x864.png 768w\" sizes=\"(max-width: 790px) 100vw, 790px\" \/>\t\t\t\t\t\t\t\t\t\t\t\t\t\t\t<\/div>\n\t\t\t\t<\/div>\n\t\t\t\t<div class=\"elementor-element elementor-element-696565d elementor-widget elementor-widget-image\" data-id=\"696565d\" data-element_type=\"widget\" data-widget_type=\"image.default\">\n\t\t\t\t<div class=\"elementor-widget-container\">\n\t\t\t\t\t\t\t\t\t\t\t\t\t\t\t<img decoding=\"async\" width=\"685\" height=\"842\" src=\"https:\/\/koma-brzeg.pl\/wp-content\/uploads\/2023\/06\/mwp.png\" class=\"attachment-large size-large wp-image-3072\" alt=\"\" srcset=\"https:\/\/koma-brzeg.pl\/wp-content\/uploads\/2023\/06\/mwp.png 685w, https:\/\/koma-brzeg.pl\/wp-content\/uploads\/2023\/06\/mwp-244x300.png 244w\" sizes=\"(max-width: 685px) 100vw, 685px\" \/>\t\t\t\t\t\t\t\t\t\t\t\t\t\t\t<\/div>\n\t\t\t\t<\/div>\n\t\t\t\t\t<\/div>\n\t\t<\/div>\n\t\t\t\t\t\t\t<\/div>\n\t\t<\/section>\n\t\t\t\t<section class=\"elementor-section elementor-top-section elementor-element elementor-element-062cb31 elementor-section-boxed elementor-section-height-default elementor-section-height-default\" data-id=\"062cb31\" data-element_type=\"section\">\n\t\t\t\t\t\t<div class=\"elementor-container elementor-column-gap-default\">\n\t\t\t\t\t<div class=\"elementor-column elementor-col-100 elementor-top-column elementor-element elementor-element-f082528\" data-id=\"f082528\" data-element_type=\"column\">\n\t\t\t<div class=\"elementor-widget-wrap elementor-element-populated\">\n\t\t\t\t\t\t\t\t<div class=\"elementor-element elementor-element-88eeee4 elementor-widget-divider--view-line elementor-widget elementor-widget-divider\" data-id=\"88eeee4\" data-element_type=\"widget\" data-widget_type=\"divider.default\">\n\t\t\t\t<div class=\"elementor-widget-container\">\n\t\t\t\t\t<div class=\"elementor-divider\">\n\t\t\t<span class=\"elementor-divider-separator\">\n\t\t\t\t\t\t<\/span>\n\t\t<\/div>\n\t\t\t\t<\/div>\n\t\t\t\t<\/div>\n\t\t\t\t<div class=\"elementor-element elementor-element-3bb33b1 elementor-widget elementor-widget-heading\" data-id=\"3bb33b1\" data-element_type=\"widget\" data-widget_type=\"heading.default\">\n\t\t\t\t<div class=\"elementor-widget-container\">\n\t\t\t<h2 class=\"elementor-heading-title elementor-size-default\"><h3 class=\"elementor-image-box-title\" style=\"margin-bottom: 7px; font-family: Tahoma, sans-serif; font-weight: 700; color: rgb(34, 34, 34); font-size: 13px; white-space: normal;\">Og\u00f3lna charakterystyka urz\u0105dzenia<\/h3><\/h2>\t\t<\/div>\n\t\t\t\t<\/div>\n\t\t\t\t<div class=\"elementor-element elementor-element-cf02b83 elementor-widget elementor-widget-text-editor\" data-id=\"cf02b83\" data-element_type=\"widget\" data-widget_type=\"text-editor.default\">\n\t\t\t\t<div class=\"elementor-widget-container\">\n\t\t\t\t\t\t\t<p>Podstawowe parametry:<\/p><p>SILNIK: Moc do 22 kW<\/p><p>Obroty do 2900 obr\/min<\/p><p>Napi\u0119cie 4400 V, 50 Hz<\/p><p>Stopie\u0144 ochrony IP 55<\/p><p>MIESZAD\u0141O<\/p><p>Obroty mieszad\u0142a do 400\/min<\/p><p>Wysoko\u015b\u0107 ca\u0142kowita mieszad\u0142a do H=5000 mm<\/p><p>G\u0142\u0119boko\u015b\u0107 zanurzenia (d\u0142. wa\u0142u) do L = 5500 mm<\/p><p>Maksymalna szeroko\u015b\u0107 ko\u0142nierza mocuj\u0105cego A = DN 1000<\/p>\t\t\t\t\t\t<\/div>\n\t\t\t\t<\/div>\n\t\t\t\t\t<\/div>\n\t\t<\/div>\n\t\t\t\t\t\t\t<\/div>\n\t\t<\/section>\n\t\t\t\t\t\t\t<\/div>\n\t\t","protected":false},"excerpt":{"rendered":"<p>MIESZAD\u0141O MWP &#8211; AFBVL2 PIONOWE BEZPODPOROWE Og\u00f3lna charakterystyka urz\u0105dzenia Mieszad\u0142a te przeznaczone s\u0105 do wprawiania w ruch cieczy, ujednorodniania jej sk\u0142adu, zapobiegania sedymentacji, nadania cieczy okre\u015blonego kierunku cyrkulacji a tak\u017ce do intensyfikowania proces\u00f3w chemicznych. Wi\u0119cej szczeg\u00f3\u0142\u00f3w w Instrukcji DTR. Instrukcja Obs\u0142ugi DTR Og\u00f3lna charakterystyka urz\u0105dzenia Podstawowe parametry: SILNIK: Moc do 22 kW Obroty do 2900 [&hellip;]<\/p>\n","protected":false},"author":1,"featured_media":0,"parent":1061,"menu_order":0,"comment_status":"closed","ping_status":"closed","template":"elementor_theme","meta":{"footnotes":""},"class_list":["post-1072","page","type-page","status-publish","hentry"],"yoast_head":"<!-- This site is optimized with the Yoast SEO plugin v20.1 - https:\/\/yoast.com\/wordpress\/plugins\/seo\/ -->\n<title>MIESZAD\u0141O MWP - PIONOWE BEZPODPOROWE -<\/title>\n<meta name=\"description\" content=\"Mieszad\u0142a te przeznaczone s\u0105 do wprawiania w ruch cieczy, ujednorodniania jej sk\u0142adu, zapobiegania sedymentacji.\" \/>\n<meta name=\"robots\" content=\"index, follow, max-snippet:-1, max-image-preview:large, max-video-preview:-1\" \/>\n<link rel=\"canonical\" href=\"https:\/\/koma-brzeg.pl\/de\/uslugi\/mieszadla\/mieszadlo-mwp-pionowe-bezpodporowe\/\" \/>\n<meta property=\"og:locale\" content=\"de_DE\" \/>\n<meta property=\"og:type\" content=\"article\" \/>\n<meta property=\"og:title\" content=\"MIESZAD\u0141O MWP - PIONOWE BEZPODPOROWE -\" \/>\n<meta property=\"og:description\" content=\"Mieszad\u0142a te przeznaczone s\u0105 do wprawiania w ruch cieczy, ujednorodniania jej sk\u0142adu, zapobiegania sedymentacji.\" \/>\n<meta property=\"og:url\" content=\"https:\/\/koma-brzeg.pl\/de\/uslugi\/mieszadla\/mieszadlo-mwp-pionowe-bezpodporowe\/\" \/>\n<meta property=\"og:site_name\" content=\"Instalacje Przemys\u0142owe\" \/>\n<meta property=\"article:modified_time\" content=\"2024-10-11T05:48:01+00:00\" \/>\n<meta property=\"og:image\" content=\"https:\/\/koma-brzeg.pl\/wp-content\/uploads\/2023\/03\/computer-icons-pdf-filename-extension-pdf-icon-150x150.jpg\" \/>\n<meta name=\"twitter:card\" content=\"summary_large_image\" \/>\n<script type=\"application\/ld+json\" class=\"yoast-schema-graph\">{\"@context\":\"https:\/\/schema.org\",\"@graph\":[{\"@type\":\"WebPage\",\"@id\":\"https:\/\/koma-brzeg.pl\/de\/uslugi\/mieszadla\/mieszadlo-mwp-pionowe-bezpodporowe\/\",\"url\":\"https:\/\/koma-brzeg.pl\/de\/uslugi\/mieszadla\/mieszadlo-mwp-pionowe-bezpodporowe\/\",\"name\":\"MIESZAD\u0141O MWP - PIONOWE BEZPODPOROWE -\",\"isPartOf\":{\"@id\":\"https:\/\/koma-brzeg.pl\/#website\"},\"datePublished\":\"2022-11-03T08:20:03+00:00\",\"dateModified\":\"2024-10-11T05:48:01+00:00\",\"description\":\"Mieszad\u0142a te przeznaczone s\u0105 do wprawiania w ruch cieczy, ujednorodniania jej sk\u0142adu, zapobiegania sedymentacji.\",\"breadcrumb\":{\"@id\":\"https:\/\/koma-brzeg.pl\/de\/uslugi\/mieszadla\/mieszadlo-mwp-pionowe-bezpodporowe\/#breadcrumb\"},\"inLanguage\":\"de\",\"potentialAction\":[{\"@type\":\"ReadAction\",\"target\":[\"https:\/\/koma-brzeg.pl\/de\/uslugi\/mieszadla\/mieszadlo-mwp-pionowe-bezpodporowe\/\"]}]},{\"@type\":\"BreadcrumbList\",\"@id\":\"https:\/\/koma-brzeg.pl\/de\/uslugi\/mieszadla\/mieszadlo-mwp-pionowe-bezpodporowe\/#breadcrumb\",\"itemListElement\":[{\"@type\":\"ListItem\",\"position\":1,\"name\":\"Us\u0142ugi\",\"item\":\"https:\/\/koma-brzeg.pl\/de\/uslugi\/\"},{\"@type\":\"ListItem\",\"position\":2,\"name\":\"Mieszad\u0142a\",\"item\":\"https:\/\/koma-brzeg.pl\/de\/uslugi\/mieszadla\/\"},{\"@type\":\"ListItem\",\"position\":3,\"name\":\"MIESZAD\u0141O MWP &#8211; PIONOWE BEZPODPOROWE\"}]},{\"@type\":\"WebSite\",\"@id\":\"https:\/\/koma-brzeg.pl\/#website\",\"url\":\"https:\/\/koma-brzeg.pl\/\",\"name\":\"Instalacje Przemys\u0142owe\",\"description\":\"SPECJALISTYCZNY ZAK\u0141AD PRODUKCJI POMP I APARATURY PRZEMYS\u0141OWEJ\",\"potentialAction\":[{\"@type\":\"SearchAction\",\"target\":{\"@type\":\"EntryPoint\",\"urlTemplate\":\"https:\/\/koma-brzeg.pl\/?s={search_term_string}\"},\"query-input\":\"required name=search_term_string\"}],\"inLanguage\":\"de\"}]}<\/script>\n<!-- \/ Yoast SEO plugin. -->","yoast_head_json":{"title":"MIESZAD\u0141O MWP - PIONOWE BEZPODPOROWE -","description":"Mieszad\u0142a te przeznaczone s\u0105 do wprawiania w ruch cieczy, ujednorodniania jej sk\u0142adu, zapobiegania sedymentacji.","robots":{"index":"index","follow":"follow","max-snippet":"max-snippet:-1","max-image-preview":"max-image-preview:large","max-video-preview":"max-video-preview:-1"},"canonical":"https:\/\/koma-brzeg.pl\/de\/uslugi\/mieszadla\/mieszadlo-mwp-pionowe-bezpodporowe\/","og_locale":"de_DE","og_type":"article","og_title":"MIESZAD\u0141O MWP - PIONOWE BEZPODPOROWE -","og_description":"Mieszad\u0142a te przeznaczone s\u0105 do wprawiania w ruch cieczy, ujednorodniania jej sk\u0142adu, zapobiegania sedymentacji.","og_url":"https:\/\/koma-brzeg.pl\/de\/uslugi\/mieszadla\/mieszadlo-mwp-pionowe-bezpodporowe\/","og_site_name":"Instalacje Przemys\u0142owe","article_modified_time":"2024-10-11T05:48:01+00:00","og_image":[{"url":"https:\/\/koma-brzeg.pl\/wp-content\/uploads\/2023\/03\/computer-icons-pdf-filename-extension-pdf-icon-150x150.jpg"}],"twitter_card":"summary_large_image","schema":{"@context":"https:\/\/schema.org","@graph":[{"@type":"WebPage","@id":"https:\/\/koma-brzeg.pl\/de\/uslugi\/mieszadla\/mieszadlo-mwp-pionowe-bezpodporowe\/","url":"https:\/\/koma-brzeg.pl\/de\/uslugi\/mieszadla\/mieszadlo-mwp-pionowe-bezpodporowe\/","name":"MIESZAD\u0141O MWP - PIONOWE BEZPODPOROWE -","isPartOf":{"@id":"https:\/\/koma-brzeg.pl\/#website"},"datePublished":"2022-11-03T08:20:03+00:00","dateModified":"2024-10-11T05:48:01+00:00","description":"Mieszad\u0142a te przeznaczone s\u0105 do wprawiania w ruch cieczy, ujednorodniania jej sk\u0142adu, zapobiegania sedymentacji.","breadcrumb":{"@id":"https:\/\/koma-brzeg.pl\/de\/uslugi\/mieszadla\/mieszadlo-mwp-pionowe-bezpodporowe\/#breadcrumb"},"inLanguage":"de","potentialAction":[{"@type":"ReadAction","target":["https:\/\/koma-brzeg.pl\/de\/uslugi\/mieszadla\/mieszadlo-mwp-pionowe-bezpodporowe\/"]}]},{"@type":"BreadcrumbList","@id":"https:\/\/koma-brzeg.pl\/de\/uslugi\/mieszadla\/mieszadlo-mwp-pionowe-bezpodporowe\/#breadcrumb","itemListElement":[{"@type":"ListItem","position":1,"name":"Us\u0142ugi","item":"https:\/\/koma-brzeg.pl\/de\/uslugi\/"},{"@type":"ListItem","position":2,"name":"Mieszad\u0142a","item":"https:\/\/koma-brzeg.pl\/de\/uslugi\/mieszadla\/"},{"@type":"ListItem","position":3,"name":"MIESZAD\u0141O MWP &#8211; PIONOWE BEZPODPOROWE"}]},{"@type":"WebSite","@id":"https:\/\/koma-brzeg.pl\/#website","url":"https:\/\/koma-brzeg.pl\/","name":"Instalacje Przemys\u0142owe","description":"SPECJALISTYCZNY ZAK\u0141AD PRODUKCJI POMP I APARATURY PRZEMYS\u0141OWEJ","potentialAction":[{"@type":"SearchAction","target":{"@type":"EntryPoint","urlTemplate":"https:\/\/koma-brzeg.pl\/?s={search_term_string}"},"query-input":"required name=search_term_string"}],"inLanguage":"de"}]}},"_links":{"self":[{"href":"https:\/\/koma-brzeg.pl\/de\/wp-json\/wp\/v2\/pages\/1072","targetHints":{"allow":["GET"]}}],"collection":[{"href":"https:\/\/koma-brzeg.pl\/de\/wp-json\/wp\/v2\/pages"}],"about":[{"href":"https:\/\/koma-brzeg.pl\/de\/wp-json\/wp\/v2\/types\/page"}],"author":[{"embeddable":true,"href":"https:\/\/koma-brzeg.pl\/de\/wp-json\/wp\/v2\/users\/1"}],"replies":[{"embeddable":true,"href":"https:\/\/koma-brzeg.pl\/de\/wp-json\/wp\/v2\/comments?post=1072"}],"version-history":[{"count":47,"href":"https:\/\/koma-brzeg.pl\/de\/wp-json\/wp\/v2\/pages\/1072\/revisions"}],"predecessor-version":[{"id":3260,"href":"https:\/\/koma-brzeg.pl\/de\/wp-json\/wp\/v2\/pages\/1072\/revisions\/3260"}],"up":[{"embeddable":true,"href":"https:\/\/koma-brzeg.pl\/de\/wp-json\/wp\/v2\/pages\/1061"}],"wp:attachment":[{"href":"https:\/\/koma-brzeg.pl\/de\/wp-json\/wp\/v2\/media?parent=1072"}],"curies":[{"name":"wp","href":"https:\/\/api.w.org\/{rel}","templated":true}]}}