{"id":1070,"date":"2022-10-25T09:34:46","date_gmt":"2022-10-25T07:34:46","guid":{"rendered":"https:\/\/koma-brzeg.pl\/uslugi\/kolumny-destylacyjne\/kolumny-serii-400\/"},"modified":"2023-04-12T17:45:48","modified_gmt":"2023-04-12T15:45:48","slug":"kolumny-serii-400","status":"publish","type":"page","link":"https:\/\/koma-brzeg.pl\/de\/uslugi\/kolumny-destylacyjne\/kolumny-serii-400\/","title":{"rendered":"Kolumny serii 400"},"content":{"rendered":"\t\t<div data-elementor-type=\"wp-page\" data-elementor-id=\"1070\" class=\"elementor elementor-1070 elementor-253\">\n\t\t\t\t\t\t\t\t\t<section class=\"elementor-section elementor-top-section elementor-element elementor-element-ec35f17 elementor-section-boxed elementor-section-height-default elementor-section-height-default\" data-id=\"ec35f17\" data-element_type=\"section\">\n\t\t\t\t\t\t<div class=\"elementor-container elementor-column-gap-default\">\n\t\t\t\t\t<div class=\"elementor-column elementor-col-100 elementor-top-column elementor-element elementor-element-e466c2f\" data-id=\"e466c2f\" data-element_type=\"column\">\n\t\t\t<div class=\"elementor-widget-wrap elementor-element-populated\">\n\t\t\t\t\t\t\t\t<div class=\"elementor-element elementor-element-7046fcf elementor-widget elementor-widget-heading\" data-id=\"7046fcf\" data-element_type=\"widget\" data-widget_type=\"heading.default\">\n\t\t\t\t<div class=\"elementor-widget-container\">\n\t\t\t<style>\/*! elementor - v3.12.0 - 29-03-2023 *\/\n.elementor-heading-title{padding:0;margin:0;line-height:1}.elementor-widget-heading .elementor-heading-title[class*=elementor-size-]>a{color:inherit;font-size:inherit;line-height:inherit}.elementor-widget-heading .elementor-heading-title.elementor-size-small{font-size:15px}.elementor-widget-heading .elementor-heading-title.elementor-size-medium{font-size:19px}.elementor-widget-heading .elementor-heading-title.elementor-size-large{font-size:29px}.elementor-widget-heading .elementor-heading-title.elementor-size-xl{font-size:39px}.elementor-widget-heading .elementor-heading-title.elementor-size-xxl{font-size:59px}<\/style><h2 class=\"elementor-heading-title elementor-size-default\">Kolumny serii 400<\/h2>\t\t<\/div>\n\t\t\t\t<\/div>\n\t\t\t\t\t<\/div>\n\t\t<\/div>\n\t\t\t\t\t\t\t<\/div>\n\t\t<\/section>\n\t\t\t\t<section class=\"elementor-section elementor-top-section elementor-element elementor-element-231b465 elementor-section-boxed elementor-section-height-default elementor-section-height-default\" data-id=\"231b465\" data-element_type=\"section\">\n\t\t\t\t\t\t<div class=\"elementor-container elementor-column-gap-default\">\n\t\t\t\t\t<div class=\"elementor-column elementor-col-100 elementor-top-column elementor-element elementor-element-e5b06b7\" data-id=\"e5b06b7\" data-element_type=\"column\">\n\t\t\t<div class=\"elementor-widget-wrap elementor-element-populated\">\n\t\t\t\t\t\t\t\t<div class=\"elementor-element elementor-element-a8d2acd elementor-position-left elementor-widget__width-auto elementor-vertical-align-top elementor-widget elementor-widget-image-box\" data-id=\"a8d2acd\" data-element_type=\"widget\" data-widget_type=\"image-box.default\">\n\t\t\t\t<div class=\"elementor-widget-container\">\n\t\t\t<style>\/*! elementor - v3.12.0 - 29-03-2023 *\/\n.elementor-widget-image-box .elementor-image-box-content{width:100%}@media (min-width:768px){.elementor-widget-image-box.elementor-position-left .elementor-image-box-wrapper,.elementor-widget-image-box.elementor-position-right .elementor-image-box-wrapper{display:flex}.elementor-widget-image-box.elementor-position-right .elementor-image-box-wrapper{text-align:right;flex-direction:row-reverse}.elementor-widget-image-box.elementor-position-left .elementor-image-box-wrapper{text-align:left;flex-direction:row}.elementor-widget-image-box.elementor-position-top .elementor-image-box-img{margin:auto}.elementor-widget-image-box.elementor-vertical-align-top .elementor-image-box-wrapper{align-items:flex-start}.elementor-widget-image-box.elementor-vertical-align-middle .elementor-image-box-wrapper{align-items:center}.elementor-widget-image-box.elementor-vertical-align-bottom .elementor-image-box-wrapper{align-items:flex-end}}@media (max-width:767px){.elementor-widget-image-box .elementor-image-box-img{margin-left:auto!important;margin-right:auto!important;margin-bottom:15px}}.elementor-widget-image-box .elementor-image-box-img{display:inline-block}.elementor-widget-image-box .elementor-image-box-title a{color:inherit}.elementor-widget-image-box .elementor-image-box-wrapper{text-align:center}.elementor-widget-image-box .elementor-image-box-description{margin:0}<\/style><div class=\"elementor-image-box-wrapper\"><figure class=\"elementor-image-box-img\"><img decoding=\"async\" width=\"24\" height=\"24\" src=\"https:\/\/koma-brzeg.pl\/wp-content\/uploads\/2022\/10\/about-us.png\" class=\"attachment-full size-full wp-image-832\" alt=\"\" \/><\/figure><div class=\"elementor-image-box-content\"><h3 class=\"elementor-image-box-title\">Og\u00f3lna charakterystyka urz\u0105dzenia <\/h3><\/div><\/div>\t\t<\/div>\n\t\t\t\t<\/div>\n\t\t\t\t<div class=\"elementor-element elementor-element-b76671f elementor-widget elementor-widget-text-editor\" data-id=\"b76671f\" data-element_type=\"widget\" data-widget_type=\"text-editor.default\">\n\t\t\t\t<div class=\"elementor-widget-container\">\n\t\t\t<style>\/*! elementor - v3.12.0 - 29-03-2023 *\/\n.elementor-widget-text-editor.elementor-drop-cap-view-stacked .elementor-drop-cap{background-color:#69727d;color:#fff}.elementor-widget-text-editor.elementor-drop-cap-view-framed .elementor-drop-cap{color:#69727d;border:3px solid;background-color:transparent}.elementor-widget-text-editor:not(.elementor-drop-cap-view-default) .elementor-drop-cap{margin-top:8px}.elementor-widget-text-editor:not(.elementor-drop-cap-view-default) .elementor-drop-cap-letter{width:1em;height:1em}.elementor-widget-text-editor .elementor-drop-cap{float:left;text-align:center;line-height:1;font-size:50px}.elementor-widget-text-editor .elementor-drop-cap-letter{display:inline-block}<\/style>\t\t\t\t<p><strong>KOLUMNA DESTYLACYJNA SERII 400<\/strong><br \/>Seria 400 to rodzina kolumn wykonanych w ca\u0142o\u015bci z miedzi i przeznaczonych do ma\u0142ych uk\u0142ad\u00f3w destylacyjnych o wydajno\u015bci do 100 l\/h. Kompaktowa, cz\u0142onowa budowa umo\u017cliwia tworzenie rozmaitych ci\u0105g\u0142ych uk\u0142ad\u00f3w destylacyjnych. Jedno, dwu lub tr\u00f3j- kolumnowe, jak r\u00f3wnie\u017c wyposa\u017cenie ich w zbiorniki dolne uk\u0142ad\u00f3w periodycznych. Kolumny zbudowane s\u0105 w oparciu o niezawodny i prosty w obs\u0142udze (bez potrzeby stosowania kosztownej automatyki) uk\u0142ad p\u00f3\u0142ek jednoko\u0142pakowych. Dzi\u0119ki wyposa\u017ceniu kolumn w uk\u0142ady odbioru mo\u017cemy podczas prowadzenia procesu destylacji pobiera\u0107 frakcje niskowrz\u0105ce tzw. przedgony, jak r\u00f3wnie\u017c frakcje fuzlowe (po zamontowaniu fuzlownika) oraz propyle. Osi\u0105gamy przez to mo\u017cliwo\u015b\u0107 dowolnego kszta\u0142towania jako\u015bci uzyskiwanych destylat\u00f3w, przez co uzyskujemy produkt bazowy do whisky, gin &#8216;u, rum &#8216;u i w\u00f3dek smakowych lub regionalnych.<\/p>\t\t\t\t\t\t<\/div>\n\t\t\t\t<\/div>\n\t\t\t\t<div class=\"elementor-element elementor-element-a8c3596 elementor-widget-divider--view-line elementor-widget elementor-widget-divider\" data-id=\"a8c3596\" data-element_type=\"widget\" data-widget_type=\"divider.default\">\n\t\t\t\t<div class=\"elementor-widget-container\">\n\t\t\t<style>\/*! elementor - v3.12.0 - 29-03-2023 *\/\n.elementor-widget-divider{--divider-border-style:none;--divider-border-width:1px;--divider-color:#0c0d0e;--divider-icon-size:20px;--divider-element-spacing:10px;--divider-pattern-height:24px;--divider-pattern-size:20px;--divider-pattern-url:none;--divider-pattern-repeat:repeat-x}.elementor-widget-divider .elementor-divider{display:flex}.elementor-widget-divider .elementor-divider__text{font-size:15px;line-height:1;max-width:95%}.elementor-widget-divider .elementor-divider__element{margin:0 var(--divider-element-spacing);flex-shrink:0}.elementor-widget-divider .elementor-icon{font-size:var(--divider-icon-size)}.elementor-widget-divider .elementor-divider-separator{display:flex;margin:0;direction:ltr}.elementor-widget-divider--view-line_icon .elementor-divider-separator,.elementor-widget-divider--view-line_text .elementor-divider-separator{align-items:center}.elementor-widget-divider--view-line_icon .elementor-divider-separator:after,.elementor-widget-divider--view-line_icon .elementor-divider-separator:before,.elementor-widget-divider--view-line_text .elementor-divider-separator:after,.elementor-widget-divider--view-line_text .elementor-divider-separator:before{display:block;content:\"\";border-bottom:0;flex-grow:1;border-top:var(--divider-border-width) var(--divider-border-style) var(--divider-color)}.elementor-widget-divider--element-align-left .elementor-divider .elementor-divider-separator>.elementor-divider__svg:first-of-type{flex-grow:0;flex-shrink:100}.elementor-widget-divider--element-align-left .elementor-divider-separator:before{content:none}.elementor-widget-divider--element-align-left .elementor-divider__element{margin-left:0}.elementor-widget-divider--element-align-right .elementor-divider .elementor-divider-separator>.elementor-divider__svg:last-of-type{flex-grow:0;flex-shrink:100}.elementor-widget-divider--element-align-right .elementor-divider-separator:after{content:none}.elementor-widget-divider--element-align-right .elementor-divider__element{margin-right:0}.elementor-widget-divider:not(.elementor-widget-divider--view-line_text):not(.elementor-widget-divider--view-line_icon) .elementor-divider-separator{border-top:var(--divider-border-width) var(--divider-border-style) var(--divider-color)}.elementor-widget-divider--separator-type-pattern{--divider-border-style:none}.elementor-widget-divider--separator-type-pattern.elementor-widget-divider--view-line .elementor-divider-separator,.elementor-widget-divider--separator-type-pattern:not(.elementor-widget-divider--view-line) .elementor-divider-separator:after,.elementor-widget-divider--separator-type-pattern:not(.elementor-widget-divider--view-line) .elementor-divider-separator:before,.elementor-widget-divider--separator-type-pattern:not([class*=elementor-widget-divider--view]) .elementor-divider-separator{width:100%;min-height:var(--divider-pattern-height);-webkit-mask-size:var(--divider-pattern-size) 100%;mask-size:var(--divider-pattern-size) 100%;-webkit-mask-repeat:var(--divider-pattern-repeat);mask-repeat:var(--divider-pattern-repeat);background-color:var(--divider-color);-webkit-mask-image:var(--divider-pattern-url);mask-image:var(--divider-pattern-url)}.elementor-widget-divider--no-spacing{--divider-pattern-size:auto}.elementor-widget-divider--bg-round{--divider-pattern-repeat:round}.rtl .elementor-widget-divider .elementor-divider__text{direction:rtl}.e-con-inner>.elementor-widget-divider,.e-con>.elementor-widget-divider{width:var(--container-widget-width,100%);--flex-grow:var(--container-widget-flex-grow)}<\/style>\t\t<div class=\"elementor-divider\">\n\t\t\t<span class=\"elementor-divider-separator\">\n\t\t\t\t\t\t<\/span>\n\t\t<\/div>\n\t\t\t\t<\/div>\n\t\t\t\t<\/div>\n\t\t\t\t<div class=\"elementor-element elementor-element-cb2bcfa elementor-position-left elementor-widget__width-auto elementor-vertical-align-top elementor-widget elementor-widget-image-box\" data-id=\"cb2bcfa\" data-element_type=\"widget\" data-widget_type=\"image-box.default\">\n\t\t\t\t<div class=\"elementor-widget-container\">\n\t\t\t<div class=\"elementor-image-box-wrapper\"><figure class=\"elementor-image-box-img\"><img decoding=\"async\" width=\"24\" height=\"21\" src=\"https:\/\/koma-brzeg.pl\/wp-content\/uploads\/2022\/10\/parametry2.png\" class=\"attachment-full size-full wp-image-834\" alt=\"\" \/><\/figure><div class=\"elementor-image-box-content\"><h3 class=\"elementor-image-box-title\">Podstawowe parametry<\/h3><\/div><\/div>\t\t<\/div>\n\t\t\t\t<\/div>\n\t\t\t\t<div class=\"elementor-element elementor-element-89c4fdd elementor-widget elementor-widget-text-editor\" data-id=\"89c4fdd\" data-element_type=\"widget\" data-widget_type=\"text-editor.default\">\n\t\t\t\t<div class=\"elementor-widget-container\">\n\t\t\t\t\t\t\t<ul><li>wysoko\u015b\u0107 do 12000mm<\/li><li>\u015brednica 400mm<\/li><li>wykonanie materia\u0142owe stal szlachetna w gatunku 304 (1.4301)<\/li><li>mied\u017a<\/li><li>wyk. mieszane stal kwasoodporna\/mied\u017a<\/li><li>wydajno\u015b\u0107 50-100 l etanolu na godzin\u0119<\/li><li>moc 92-96%<\/li><li>zapotrzebowanie na par\u0119 od 1.45-2,5kg\/l spirytusu (w zale\u017cno\u015bci od rodzaju procesu)<\/li><li>mo\u017cliwo\u015b\u0107 monta\u017cu zintegrowanych deflegmator\u00f3w<\/li><li>sprawdzona niezawodna konstrukcja<\/li><\/ul>\t\t\t\t\t\t<\/div>\n\t\t\t\t<\/div>\n\t\t\t\t\t<\/div>\n\t\t<\/div>\n\t\t\t\t\t\t\t<\/div>\n\t\t<\/section>\n\t\t\t\t<section class=\"elementor-section elementor-top-section elementor-element elementor-element-3956004 elementor-section-boxed elementor-section-height-default elementor-section-height-default\" data-id=\"3956004\" data-element_type=\"section\">\n\t\t\t\t\t\t<div class=\"elementor-container elementor-column-gap-default\">\n\t\t\t\t\t<div class=\"elementor-column elementor-col-100 elementor-top-column elementor-element elementor-element-43a0beb\" data-id=\"43a0beb\" data-element_type=\"column\">\n\t\t\t<div class=\"elementor-widget-wrap elementor-element-populated\">\n\t\t\t\t\t\t\t\t<div class=\"elementor-element elementor-element-3016866 elementor-widget elementor-widget-image\" data-id=\"3016866\" data-element_type=\"widget\" data-widget_type=\"image.default\">\n\t\t\t\t<div class=\"elementor-widget-container\">\n\t\t\t<style>\/*! elementor - v3.12.0 - 29-03-2023 *\/\n.elementor-widget-image{text-align:center}.elementor-widget-image a{display:inline-block}.elementor-widget-image a img[src$=\".svg\"]{width:48px}.elementor-widget-image img{vertical-align:middle;display:inline-block}<\/style>\t\t\t\t\t\t\t\t\t\t\t\t<img decoding=\"async\" width=\"768\" height=\"1892\" src=\"https:\/\/koma-brzeg.pl\/wp-content\/uploads\/2023\/03\/kolumna400_1-768x1892.jpg\" class=\"attachment-medium_large size-medium_large wp-image-1903\" alt=\"\" srcset=\"https:\/\/koma-brzeg.pl\/wp-content\/uploads\/2023\/03\/kolumna400_1-768x1892.jpg 768w, https:\/\/koma-brzeg.pl\/wp-content\/uploads\/2023\/03\/kolumna400_1-122x300.jpg 122w, https:\/\/koma-brzeg.pl\/wp-content\/uploads\/2023\/03\/kolumna400_1-416x1024.jpg 416w, https:\/\/koma-brzeg.pl\/wp-content\/uploads\/2023\/03\/kolumna400_1-624x1536.jpg 624w, https:\/\/koma-brzeg.pl\/wp-content\/uploads\/2023\/03\/kolumna400_1-831x2048.jpg 831w, https:\/\/koma-brzeg.pl\/wp-content\/uploads\/2023\/03\/kolumna400_1-scaled.jpg 1039w\" sizes=\"(max-width: 768px) 100vw, 768px\" \/>\t\t\t\t\t\t\t\t\t\t\t\t\t\t\t<\/div>\n\t\t\t\t<\/div>\n\t\t\t\t\t<\/div>\n\t\t<\/div>\n\t\t\t\t\t\t\t<\/div>\n\t\t<\/section>\n\t\t\t\t\t\t\t<\/div>\n\t\t","protected":false},"excerpt":{"rendered":"<p>Kolumny serii 400 Og\u00f3lna charakterystyka urz\u0105dzenia KOLUMNA DESTYLACYJNA SERII 400 Seria 400 to rodzina kolumn wykonanych w ca\u0142o\u015bci z miedzi i przeznaczonych do ma\u0142ych uk\u0142ad\u00f3w destylacyjnych o wydajno\u015bci do 100 l\/h. Kompaktowa, cz\u0142onowa budowa umo\u017cliwia tworzenie rozmaitych ci\u0105g\u0142ych uk\u0142ad\u00f3w destylacyjnych. Jedno, dwu lub tr\u00f3j- kolumnowe, jak r\u00f3wnie\u017c wyposa\u017cenie ich w zbiorniki dolne uk\u0142ad\u00f3w periodycznych. Kolumny [&hellip;]<\/p>\n","protected":false},"author":1,"featured_media":0,"parent":1057,"menu_order":0,"comment_status":"closed","ping_status":"closed","template":"elementor_theme","meta":{"footnotes":""},"class_list":["post-1070","page","type-page","status-publish","hentry"],"yoast_head":"<!-- This site is optimized with the Yoast SEO plugin v20.1 - https:\/\/yoast.com\/wordpress\/plugins\/seo\/ -->\n<title>Kolumny serii 400 - Instalacje Przemys\u0142owe<\/title>\n<meta name=\"robots\" content=\"index, follow, max-snippet:-1, max-image-preview:large, max-video-preview:-1\" \/>\n<link rel=\"canonical\" href=\"https:\/\/koma-brzeg.pl\/de\/uslugi\/kolumny-destylacyjne\/kolumny-serii-400\/\" \/>\n<meta property=\"og:locale\" content=\"de_DE\" \/>\n<meta property=\"og:type\" content=\"article\" \/>\n<meta property=\"og:title\" content=\"Kolumny serii 400 - Instalacje Przemys\u0142owe\" \/>\n<meta property=\"og:description\" content=\"Kolumny serii 400 Og\u00f3lna charakterystyka urz\u0105dzenia KOLUMNA DESTYLACYJNA SERII 400 Seria 400 to rodzina kolumn wykonanych w ca\u0142o\u015bci z miedzi i przeznaczonych do ma\u0142ych uk\u0142ad\u00f3w destylacyjnych o wydajno\u015bci do 100 l\/h. Kompaktowa, cz\u0142onowa budowa umo\u017cliwia tworzenie rozmaitych ci\u0105g\u0142ych uk\u0142ad\u00f3w destylacyjnych. Jedno, dwu lub tr\u00f3j- kolumnowe, jak r\u00f3wnie\u017c wyposa\u017cenie ich w zbiorniki dolne uk\u0142ad\u00f3w periodycznych. Kolumny [&hellip;]\" \/>\n<meta property=\"og:url\" content=\"https:\/\/koma-brzeg.pl\/de\/uslugi\/kolumny-destylacyjne\/kolumny-serii-400\/\" \/>\n<meta property=\"og:site_name\" content=\"Instalacje Przemys\u0142owe\" \/>\n<meta property=\"article:modified_time\" content=\"2023-04-12T15:45:48+00:00\" \/>\n<meta property=\"og:image\" content=\"https:\/\/koma-brzeg.pl\/wp-content\/uploads\/2022\/10\/about-us.png\" \/>\n<meta name=\"twitter:card\" content=\"summary_large_image\" \/>\n<meta name=\"twitter:label1\" content=\"Gesch\u00e4tzte Lesezeit\" \/>\n\t<meta name=\"twitter:data1\" content=\"1\u00a0Minute\" \/>\n<script type=\"application\/ld+json\" class=\"yoast-schema-graph\">{\"@context\":\"https:\/\/schema.org\",\"@graph\":[{\"@type\":\"WebPage\",\"@id\":\"https:\/\/koma-brzeg.pl\/de\/uslugi\/kolumny-destylacyjne\/kolumny-serii-400\/\",\"url\":\"https:\/\/koma-brzeg.pl\/de\/uslugi\/kolumny-destylacyjne\/kolumny-serii-400\/\",\"name\":\"Kolumny serii 400 - Instalacje Przemys\u0142owe\",\"isPartOf\":{\"@id\":\"https:\/\/koma-brzeg.pl\/#website\"},\"datePublished\":\"2022-10-25T07:34:46+00:00\",\"dateModified\":\"2023-04-12T15:45:48+00:00\",\"breadcrumb\":{\"@id\":\"https:\/\/koma-brzeg.pl\/de\/uslugi\/kolumny-destylacyjne\/kolumny-serii-400\/#breadcrumb\"},\"inLanguage\":\"de\",\"potentialAction\":[{\"@type\":\"ReadAction\",\"target\":[\"https:\/\/koma-brzeg.pl\/de\/uslugi\/kolumny-destylacyjne\/kolumny-serii-400\/\"]}]},{\"@type\":\"BreadcrumbList\",\"@id\":\"https:\/\/koma-brzeg.pl\/de\/uslugi\/kolumny-destylacyjne\/kolumny-serii-400\/#breadcrumb\",\"itemListElement\":[{\"@type\":\"ListItem\",\"position\":1,\"name\":\"Us\u0142ugi\",\"item\":\"https:\/\/koma-brzeg.pl\/de\/uslugi\/\"},{\"@type\":\"ListItem\",\"position\":2,\"name\":\"Kolumny destylacyjne\",\"item\":\"https:\/\/koma-brzeg.pl\/de\/uslugi\/kolumny-destylacyjne\/\"},{\"@type\":\"ListItem\",\"position\":3,\"name\":\"Kolumny serii 400\"}]},{\"@type\":\"WebSite\",\"@id\":\"https:\/\/koma-brzeg.pl\/#website\",\"url\":\"https:\/\/koma-brzeg.pl\/\",\"name\":\"Instalacje Przemys\u0142owe\",\"description\":\"SPECJALISTYCZNY ZAK\u0141AD PRODUKCJI POMP I APARATURY PRZEMYS\u0141OWEJ\",\"potentialAction\":[{\"@type\":\"SearchAction\",\"target\":{\"@type\":\"EntryPoint\",\"urlTemplate\":\"https:\/\/koma-brzeg.pl\/?s={search_term_string}\"},\"query-input\":\"required name=search_term_string\"}],\"inLanguage\":\"de\"}]}<\/script>\n<!-- \/ Yoast SEO plugin. -->","yoast_head_json":{"title":"Kolumny serii 400 - Instalacje Przemys\u0142owe","robots":{"index":"index","follow":"follow","max-snippet":"max-snippet:-1","max-image-preview":"max-image-preview:large","max-video-preview":"max-video-preview:-1"},"canonical":"https:\/\/koma-brzeg.pl\/de\/uslugi\/kolumny-destylacyjne\/kolumny-serii-400\/","og_locale":"de_DE","og_type":"article","og_title":"Kolumny serii 400 - Instalacje Przemys\u0142owe","og_description":"Kolumny serii 400 Og\u00f3lna charakterystyka urz\u0105dzenia KOLUMNA DESTYLACYJNA SERII 400 Seria 400 to rodzina kolumn wykonanych w ca\u0142o\u015bci z miedzi i przeznaczonych do ma\u0142ych uk\u0142ad\u00f3w destylacyjnych o wydajno\u015bci do 100 l\/h. Kompaktowa, cz\u0142onowa budowa umo\u017cliwia tworzenie rozmaitych ci\u0105g\u0142ych uk\u0142ad\u00f3w destylacyjnych. Jedno, dwu lub tr\u00f3j- kolumnowe, jak r\u00f3wnie\u017c wyposa\u017cenie ich w zbiorniki dolne uk\u0142ad\u00f3w periodycznych. Kolumny [&hellip;]","og_url":"https:\/\/koma-brzeg.pl\/de\/uslugi\/kolumny-destylacyjne\/kolumny-serii-400\/","og_site_name":"Instalacje Przemys\u0142owe","article_modified_time":"2023-04-12T15:45:48+00:00","og_image":[{"url":"https:\/\/koma-brzeg.pl\/wp-content\/uploads\/2022\/10\/about-us.png"}],"twitter_card":"summary_large_image","twitter_misc":{"Gesch\u00e4tzte Lesezeit":"1\u00a0Minute"},"schema":{"@context":"https:\/\/schema.org","@graph":[{"@type":"WebPage","@id":"https:\/\/koma-brzeg.pl\/de\/uslugi\/kolumny-destylacyjne\/kolumny-serii-400\/","url":"https:\/\/koma-brzeg.pl\/de\/uslugi\/kolumny-destylacyjne\/kolumny-serii-400\/","name":"Kolumny serii 400 - Instalacje Przemys\u0142owe","isPartOf":{"@id":"https:\/\/koma-brzeg.pl\/#website"},"datePublished":"2022-10-25T07:34:46+00:00","dateModified":"2023-04-12T15:45:48+00:00","breadcrumb":{"@id":"https:\/\/koma-brzeg.pl\/de\/uslugi\/kolumny-destylacyjne\/kolumny-serii-400\/#breadcrumb"},"inLanguage":"de","potentialAction":[{"@type":"ReadAction","target":["https:\/\/koma-brzeg.pl\/de\/uslugi\/kolumny-destylacyjne\/kolumny-serii-400\/"]}]},{"@type":"BreadcrumbList","@id":"https:\/\/koma-brzeg.pl\/de\/uslugi\/kolumny-destylacyjne\/kolumny-serii-400\/#breadcrumb","itemListElement":[{"@type":"ListItem","position":1,"name":"Us\u0142ugi","item":"https:\/\/koma-brzeg.pl\/de\/uslugi\/"},{"@type":"ListItem","position":2,"name":"Kolumny destylacyjne","item":"https:\/\/koma-brzeg.pl\/de\/uslugi\/kolumny-destylacyjne\/"},{"@type":"ListItem","position":3,"name":"Kolumny serii 400"}]},{"@type":"WebSite","@id":"https:\/\/koma-brzeg.pl\/#website","url":"https:\/\/koma-brzeg.pl\/","name":"Instalacje Przemys\u0142owe","description":"SPECJALISTYCZNY ZAK\u0141AD PRODUKCJI POMP I APARATURY PRZEMYS\u0141OWEJ","potentialAction":[{"@type":"SearchAction","target":{"@type":"EntryPoint","urlTemplate":"https:\/\/koma-brzeg.pl\/?s={search_term_string}"},"query-input":"required name=search_term_string"}],"inLanguage":"de"}]}},"_links":{"self":[{"href":"https:\/\/koma-brzeg.pl\/de\/wp-json\/wp\/v2\/pages\/1070","targetHints":{"allow":["GET"]}}],"collection":[{"href":"https:\/\/koma-brzeg.pl\/de\/wp-json\/wp\/v2\/pages"}],"about":[{"href":"https:\/\/koma-brzeg.pl\/de\/wp-json\/wp\/v2\/types\/page"}],"author":[{"embeddable":true,"href":"https:\/\/koma-brzeg.pl\/de\/wp-json\/wp\/v2\/users\/1"}],"replies":[{"embeddable":true,"href":"https:\/\/koma-brzeg.pl\/de\/wp-json\/wp\/v2\/comments?post=1070"}],"version-history":[{"count":13,"href":"https:\/\/koma-brzeg.pl\/de\/wp-json\/wp\/v2\/pages\/1070\/revisions"}],"predecessor-version":[{"id":2561,"href":"https:\/\/koma-brzeg.pl\/de\/wp-json\/wp\/v2\/pages\/1070\/revisions\/2561"}],"up":[{"embeddable":true,"href":"https:\/\/koma-brzeg.pl\/de\/wp-json\/wp\/v2\/pages\/1057"}],"wp:attachment":[{"href":"https:\/\/koma-brzeg.pl\/de\/wp-json\/wp\/v2\/media?parent=1070"}],"curies":[{"name":"wp","href":"https:\/\/api.w.org\/{rel}","templated":true}]}}