{"id":1068,"date":"2022-10-25T09:35:07","date_gmt":"2022-10-25T07:35:07","guid":{"rendered":"https:\/\/koma-brzeg.pl\/uslugi\/kolumny-destylacyjne\/kolumny-kd\/"},"modified":"2023-04-12T13:02:42","modified_gmt":"2023-04-12T11:02:42","slug":"kolumny-kd","status":"publish","type":"page","link":"https:\/\/koma-brzeg.pl\/de\/uslugi\/kolumny-destylacyjne\/kolumny-kd\/","title":{"rendered":"Kolumny KD"},"content":{"rendered":"\t\t<div data-elementor-type=\"wp-page\" data-elementor-id=\"1068\" class=\"elementor elementor-1068 elementor-255\">\n\t\t\t\t\t\t\t\t\t<section class=\"elementor-section elementor-top-section elementor-element elementor-element-950b38d elementor-section-boxed elementor-section-height-default elementor-section-height-default\" data-id=\"950b38d\" data-element_type=\"section\">\n\t\t\t\t\t\t<div class=\"elementor-container elementor-column-gap-default\">\n\t\t\t\t\t<div class=\"elementor-column elementor-col-100 elementor-top-column elementor-element elementor-element-4e781ff\" data-id=\"4e781ff\" data-element_type=\"column\">\n\t\t\t<div class=\"elementor-widget-wrap elementor-element-populated\">\n\t\t\t\t\t\t\t\t<div class=\"elementor-element elementor-element-6e98b96 elementor-widget elementor-widget-heading\" data-id=\"6e98b96\" data-element_type=\"widget\" data-widget_type=\"heading.default\">\n\t\t\t\t<div class=\"elementor-widget-container\">\n\t\t\t<style>\/*! elementor - v3.12.0 - 29-03-2023 *\/\n.elementor-heading-title{padding:0;margin:0;line-height:1}.elementor-widget-heading .elementor-heading-title[class*=elementor-size-]>a{color:inherit;font-size:inherit;line-height:inherit}.elementor-widget-heading .elementor-heading-title.elementor-size-small{font-size:15px}.elementor-widget-heading .elementor-heading-title.elementor-size-medium{font-size:19px}.elementor-widget-heading .elementor-heading-title.elementor-size-large{font-size:29px}.elementor-widget-heading .elementor-heading-title.elementor-size-xl{font-size:39px}.elementor-widget-heading .elementor-heading-title.elementor-size-xxl{font-size:59px}<\/style><h2 class=\"elementor-heading-title elementor-size-default\">Kolumny KD<\/h2>\t\t<\/div>\n\t\t\t\t<\/div>\n\t\t\t\t<div class=\"elementor-element elementor-element-aa21671 elementor-position-left elementor-widget__width-auto elementor-vertical-align-top elementor-widget elementor-widget-image-box\" data-id=\"aa21671\" data-element_type=\"widget\" data-widget_type=\"image-box.default\">\n\t\t\t\t<div class=\"elementor-widget-container\">\n\t\t\t<style>\/*! elementor - v3.12.0 - 29-03-2023 *\/\n.elementor-widget-image-box .elementor-image-box-content{width:100%}@media (min-width:768px){.elementor-widget-image-box.elementor-position-left .elementor-image-box-wrapper,.elementor-widget-image-box.elementor-position-right .elementor-image-box-wrapper{display:flex}.elementor-widget-image-box.elementor-position-right .elementor-image-box-wrapper{text-align:right;flex-direction:row-reverse}.elementor-widget-image-box.elementor-position-left .elementor-image-box-wrapper{text-align:left;flex-direction:row}.elementor-widget-image-box.elementor-position-top .elementor-image-box-img{margin:auto}.elementor-widget-image-box.elementor-vertical-align-top .elementor-image-box-wrapper{align-items:flex-start}.elementor-widget-image-box.elementor-vertical-align-middle .elementor-image-box-wrapper{align-items:center}.elementor-widget-image-box.elementor-vertical-align-bottom .elementor-image-box-wrapper{align-items:flex-end}}@media (max-width:767px){.elementor-widget-image-box .elementor-image-box-img{margin-left:auto!important;margin-right:auto!important;margin-bottom:15px}}.elementor-widget-image-box .elementor-image-box-img{display:inline-block}.elementor-widget-image-box .elementor-image-box-title a{color:inherit}.elementor-widget-image-box .elementor-image-box-wrapper{text-align:center}.elementor-widget-image-box .elementor-image-box-description{margin:0}<\/style><div class=\"elementor-image-box-wrapper\"><figure class=\"elementor-image-box-img\"><img decoding=\"async\" width=\"24\" height=\"24\" src=\"https:\/\/koma-brzeg.pl\/wp-content\/uploads\/2022\/10\/about-us.png\" class=\"attachment-full size-full wp-image-832\" alt=\"\" \/><\/figure><div class=\"elementor-image-box-content\"><h3 class=\"elementor-image-box-title\">Og\u00f3lna charakterystyka urz\u0105dzenia <\/h3><\/div><\/div>\t\t<\/div>\n\t\t\t\t<\/div>\n\t\t\t\t<div class=\"elementor-element elementor-element-b2daf0e elementor-widget elementor-widget-text-editor\" data-id=\"b2daf0e\" data-element_type=\"widget\" data-widget_type=\"text-editor.default\">\n\t\t\t\t<div class=\"elementor-widget-container\">\n\t\t\t<style>\/*! elementor - v3.12.0 - 29-03-2023 *\/\n.elementor-widget-text-editor.elementor-drop-cap-view-stacked .elementor-drop-cap{background-color:#69727d;color:#fff}.elementor-widget-text-editor.elementor-drop-cap-view-framed .elementor-drop-cap{color:#69727d;border:3px solid;background-color:transparent}.elementor-widget-text-editor:not(.elementor-drop-cap-view-default) .elementor-drop-cap{margin-top:8px}.elementor-widget-text-editor:not(.elementor-drop-cap-view-default) .elementor-drop-cap-letter{width:1em;height:1em}.elementor-widget-text-editor .elementor-drop-cap{float:left;text-align:center;line-height:1;font-size:50px}.elementor-widget-text-editor .elementor-drop-cap-letter{display:inline-block}<\/style>\t\t\t\t<p><strong>KOLUMNA DESTYLACYJNA SERII KD -800, 1000, 1100<\/strong><br \/>Kolumny destylacyjne serii KD to najlepsze rozwi\u0105zanie je\u015bli chodzi o stosunek parametr\u00f3w pracy do ceny. Dzi\u0119ki jednokolumnowej budowie eliminujemy konieczno\u015b\u0107 zastosowania cz\u0119\u015bci wyczerpuj\u0105cej kolumny wzmacniaj\u0105cej. Wsz\u0119dzie wi\u0119c, gdzie dysponujemy nieograniczon\u0105 przestrzeni\u0105 w g\u00f3r\u0119 (do 18000mm) mo\u017cna zastosowa\u0107 kolumny KD. W kolumnie tej zastosowano p\u00f3ki wieloko\u0142pakowe w cz\u0119\u015bci zacierowej oraz p\u00f3\u0142ki sitowe w cz\u0119\u015bci wzmacniaj\u0105cej. Ilo\u015b\u0107 p\u00f3\u0142ek wzmacniaj\u0105cych jest dobierana w zale\u017cno\u015bci od potrzeb klienta. Przy ilo\u015bci 58szt., mo\u017cna wyposa\u017cy\u0107 kolumn\u0119 w odbiory przedgon\u00f3w, frakcji fuzlowej i propylowej dzi\u0119ki czemu znacznie podnosimy jako\u015b\u0107 destylatu, czyni\u0105c go bardziej konkurencyjnym na wymagaj\u0105cym rynku. Produkowane przez nas kolumny mo\u017cemy wyposa\u017cy\u0107 w deflegmatory stoj\u0105ce poni\u017cej lub powy\u017cej wylotu opar\u00f3w, dopasowuj\u0105c si\u0119 tym samym do miejsca kt\u00f3rym dysponujemy. Jako opcje; w uzasadnionych przypadkach mo\u017cna wyposa\u017cy\u0107 kolumny w, produkowane przez nas, cyrkulatory serii BT, zasilaj\u0105c je przeponowo, co umo\u017cliwia odzysk gor\u0105cego kondensatu oraz zmniejszenie ilo\u015bci produkowanego wywaru. Mo\u017cliwe s\u0105 r\u00f3wnie\u017c r\u00f3\u017cne wykonania materia\u0142owe pocz\u0105wszy od stali 304\/316 poprzez ca\u0142o\u015b\u0107 wykonan\u0105 z miedzi, a ko\u0144cz\u0105c na kompromisowych rozwi\u0105zaniach mieszanych.<\/p>\t\t\t\t\t\t<\/div>\n\t\t\t\t<\/div>\n\t\t\t\t<div class=\"elementor-element elementor-element-4331b2b elementor-widget-divider--view-line elementor-widget elementor-widget-divider\" data-id=\"4331b2b\" data-element_type=\"widget\" data-widget_type=\"divider.default\">\n\t\t\t\t<div class=\"elementor-widget-container\">\n\t\t\t<style>\/*! elementor - v3.12.0 - 29-03-2023 *\/\n.elementor-widget-divider{--divider-border-style:none;--divider-border-width:1px;--divider-color:#0c0d0e;--divider-icon-size:20px;--divider-element-spacing:10px;--divider-pattern-height:24px;--divider-pattern-size:20px;--divider-pattern-url:none;--divider-pattern-repeat:repeat-x}.elementor-widget-divider .elementor-divider{display:flex}.elementor-widget-divider .elementor-divider__text{font-size:15px;line-height:1;max-width:95%}.elementor-widget-divider .elementor-divider__element{margin:0 var(--divider-element-spacing);flex-shrink:0}.elementor-widget-divider .elementor-icon{font-size:var(--divider-icon-size)}.elementor-widget-divider .elementor-divider-separator{display:flex;margin:0;direction:ltr}.elementor-widget-divider--view-line_icon .elementor-divider-separator,.elementor-widget-divider--view-line_text .elementor-divider-separator{align-items:center}.elementor-widget-divider--view-line_icon .elementor-divider-separator:after,.elementor-widget-divider--view-line_icon .elementor-divider-separator:before,.elementor-widget-divider--view-line_text .elementor-divider-separator:after,.elementor-widget-divider--view-line_text .elementor-divider-separator:before{display:block;content:\"\";border-bottom:0;flex-grow:1;border-top:var(--divider-border-width) var(--divider-border-style) var(--divider-color)}.elementor-widget-divider--element-align-left .elementor-divider .elementor-divider-separator>.elementor-divider__svg:first-of-type{flex-grow:0;flex-shrink:100}.elementor-widget-divider--element-align-left .elementor-divider-separator:before{content:none}.elementor-widget-divider--element-align-left .elementor-divider__element{margin-left:0}.elementor-widget-divider--element-align-right .elementor-divider .elementor-divider-separator>.elementor-divider__svg:last-of-type{flex-grow:0;flex-shrink:100}.elementor-widget-divider--element-align-right .elementor-divider-separator:after{content:none}.elementor-widget-divider--element-align-right .elementor-divider__element{margin-right:0}.elementor-widget-divider:not(.elementor-widget-divider--view-line_text):not(.elementor-widget-divider--view-line_icon) .elementor-divider-separator{border-top:var(--divider-border-width) var(--divider-border-style) var(--divider-color)}.elementor-widget-divider--separator-type-pattern{--divider-border-style:none}.elementor-widget-divider--separator-type-pattern.elementor-widget-divider--view-line .elementor-divider-separator,.elementor-widget-divider--separator-type-pattern:not(.elementor-widget-divider--view-line) .elementor-divider-separator:after,.elementor-widget-divider--separator-type-pattern:not(.elementor-widget-divider--view-line) .elementor-divider-separator:before,.elementor-widget-divider--separator-type-pattern:not([class*=elementor-widget-divider--view]) .elementor-divider-separator{width:100%;min-height:var(--divider-pattern-height);-webkit-mask-size:var(--divider-pattern-size) 100%;mask-size:var(--divider-pattern-size) 100%;-webkit-mask-repeat:var(--divider-pattern-repeat);mask-repeat:var(--divider-pattern-repeat);background-color:var(--divider-color);-webkit-mask-image:var(--divider-pattern-url);mask-image:var(--divider-pattern-url)}.elementor-widget-divider--no-spacing{--divider-pattern-size:auto}.elementor-widget-divider--bg-round{--divider-pattern-repeat:round}.rtl .elementor-widget-divider .elementor-divider__text{direction:rtl}.e-con-inner>.elementor-widget-divider,.e-con>.elementor-widget-divider{width:var(--container-widget-width,100%);--flex-grow:var(--container-widget-flex-grow)}<\/style>\t\t<div class=\"elementor-divider\">\n\t\t\t<span class=\"elementor-divider-separator\">\n\t\t\t\t\t\t<\/span>\n\t\t<\/div>\n\t\t\t\t<\/div>\n\t\t\t\t<\/div>\n\t\t\t\t<div class=\"elementor-element elementor-element-b85bc69 elementor-position-left elementor-widget__width-auto elementor-vertical-align-top elementor-widget elementor-widget-image-box\" data-id=\"b85bc69\" data-element_type=\"widget\" data-widget_type=\"image-box.default\">\n\t\t\t\t<div class=\"elementor-widget-container\">\n\t\t\t<div class=\"elementor-image-box-wrapper\"><figure class=\"elementor-image-box-img\"><img decoding=\"async\" width=\"24\" height=\"21\" src=\"https:\/\/koma-brzeg.pl\/wp-content\/uploads\/2022\/10\/parametry2.png\" class=\"attachment-full size-full wp-image-834\" alt=\"\" \/><\/figure><div class=\"elementor-image-box-content\"><h3 class=\"elementor-image-box-title\">Podstawowe parametry<\/h3><\/div><\/div>\t\t<\/div>\n\t\t\t\t<\/div>\n\t\t\t\t<div class=\"elementor-element elementor-element-283b4ba elementor-widget elementor-widget-text-editor\" data-id=\"283b4ba\" data-element_type=\"widget\" data-widget_type=\"text-editor.default\">\n\t\t\t\t<div class=\"elementor-widget-container\">\n\t\t\t\t\t\t\t<ul><li>wysoko\u015b\u0107 do 18000mm<\/li><li>\u015brednica 800mm, 1000mm, 1100mm<\/li><li>wykonanie materia\u0142owe\u00a0 stal 304\/316; mied\u017a; wyk. mieszane stal\/mied\u017a<\/li><li>wydajno\u015b\u0107 250-1200 l etanolu na godzin\u0119<\/li><li>moc 92-96%<\/li><li>zapotrzebowanie na par\u0119 od 1.45-2,5kg\/l spirytusu,<\/li><\/ul>\t\t\t\t\t\t<\/div>\n\t\t\t\t<\/div>\n\t\t\t\t<div class=\"elementor-element elementor-element-fe427ec elementor-widget elementor-widget-image\" data-id=\"fe427ec\" data-element_type=\"widget\" data-widget_type=\"image.default\">\n\t\t\t\t<div class=\"elementor-widget-container\">\n\t\t\t<style>\/*! elementor - v3.12.0 - 29-03-2023 *\/\n.elementor-widget-image{text-align:center}.elementor-widget-image a{display:inline-block}.elementor-widget-image a img[src$=\".svg\"]{width:48px}.elementor-widget-image img{vertical-align:middle;display:inline-block}<\/style>\t\t\t\t\t\t\t\t\t\t\t\t<img decoding=\"async\" width=\"768\" height=\"1972\" src=\"https:\/\/koma-brzeg.pl\/wp-content\/uploads\/2023\/03\/kolumny_odpedowa_1-768x1972.jpg\" class=\"attachment-medium_large size-medium_large wp-image-1886\" alt=\"\" srcset=\"https:\/\/koma-brzeg.pl\/wp-content\/uploads\/2023\/03\/kolumny_odpedowa_1-768x1972.jpg 768w, https:\/\/koma-brzeg.pl\/wp-content\/uploads\/2023\/03\/kolumny_odpedowa_1-117x300.jpg 117w, https:\/\/koma-brzeg.pl\/wp-content\/uploads\/2023\/03\/kolumny_odpedowa_1-399x1024.jpg 399w, https:\/\/koma-brzeg.pl\/wp-content\/uploads\/2023\/03\/kolumny_odpedowa_1-598x1536.jpg 598w, https:\/\/koma-brzeg.pl\/wp-content\/uploads\/2023\/03\/kolumny_odpedowa_1-797x2048.jpg 797w, https:\/\/koma-brzeg.pl\/wp-content\/uploads\/2023\/03\/kolumny_odpedowa_1-scaled.jpg 997w\" sizes=\"(max-width: 768px) 100vw, 768px\" \/>\t\t\t\t\t\t\t\t\t\t\t\t\t\t\t<\/div>\n\t\t\t\t<\/div>\n\t\t\t\t\t<\/div>\n\t\t<\/div>\n\t\t\t\t\t\t\t<\/div>\n\t\t<\/section>\n\t\t\t\t\t\t\t<\/div>\n\t\t","protected":false},"excerpt":{"rendered":"<p>Kolumny KD Og\u00f3lna charakterystyka urz\u0105dzenia KOLUMNA DESTYLACYJNA SERII KD -800, 1000, 1100 Kolumny destylacyjne serii KD to najlepsze rozwi\u0105zanie je\u015bli chodzi o stosunek parametr\u00f3w pracy do ceny. Dzi\u0119ki jednokolumnowej budowie eliminujemy konieczno\u015b\u0107 zastosowania cz\u0119\u015bci wyczerpuj\u0105cej kolumny wzmacniaj\u0105cej. Wsz\u0119dzie wi\u0119c, gdzie dysponujemy nieograniczon\u0105 przestrzeni\u0105 w g\u00f3r\u0119 (do 18000mm) mo\u017cna zastosowa\u0107 kolumny KD. W kolumnie tej zastosowano [&hellip;]<\/p>\n","protected":false},"author":1,"featured_media":0,"parent":1057,"menu_order":0,"comment_status":"closed","ping_status":"closed","template":"elementor_theme","meta":{"footnotes":""},"class_list":["post-1068","page","type-page","status-publish","hentry"],"yoast_head":"<!-- This site is optimized with the Yoast SEO plugin v20.1 - https:\/\/yoast.com\/wordpress\/plugins\/seo\/ -->\n<title>Kolumny KD - Instalacje Przemys\u0142owe<\/title>\n<meta name=\"description\" content=\"Kolumny destylacyjne typu KD s\u0142u\u017c\u0105ce do destylacji z wydajno\u015bci\u0105 do 100l\/h. Doskona\u0142y wyb\u00f3r dla rozwi\u0105za\u0144 przemys\u0142owych\" \/>\n<meta name=\"robots\" content=\"index, follow, max-snippet:-1, max-image-preview:large, max-video-preview:-1\" \/>\n<link rel=\"canonical\" href=\"https:\/\/koma-brzeg.pl\/de\/uslugi\/kolumny-destylacyjne\/kolumny-kd\/\" \/>\n<meta property=\"og:locale\" content=\"de_DE\" \/>\n<meta property=\"og:type\" content=\"article\" \/>\n<meta property=\"og:title\" content=\"Kolumny KD - Instalacje Przemys\u0142owe\" \/>\n<meta property=\"og:description\" content=\"Kolumny destylacyjne typu KD s\u0142u\u017c\u0105ce do destylacji z wydajno\u015bci\u0105 do 100l\/h. Doskona\u0142y wyb\u00f3r dla rozwi\u0105za\u0144 przemys\u0142owych\" \/>\n<meta property=\"og:url\" content=\"https:\/\/koma-brzeg.pl\/de\/uslugi\/kolumny-destylacyjne\/kolumny-kd\/\" \/>\n<meta property=\"og:site_name\" content=\"Instalacje Przemys\u0142owe\" \/>\n<meta property=\"article:modified_time\" content=\"2023-04-12T11:02:42+00:00\" \/>\n<meta property=\"og:image\" content=\"https:\/\/koma-brzeg.pl\/wp-content\/uploads\/2022\/10\/about-us.png\" \/>\n<meta name=\"twitter:card\" content=\"summary_large_image\" \/>\n<meta name=\"twitter:label1\" content=\"Gesch\u00e4tzte Lesezeit\" \/>\n\t<meta name=\"twitter:data1\" content=\"1\u00a0Minute\" \/>\n<script type=\"application\/ld+json\" class=\"yoast-schema-graph\">{\"@context\":\"https:\/\/schema.org\",\"@graph\":[{\"@type\":\"WebPage\",\"@id\":\"https:\/\/koma-brzeg.pl\/de\/uslugi\/kolumny-destylacyjne\/kolumny-kd\/\",\"url\":\"https:\/\/koma-brzeg.pl\/de\/uslugi\/kolumny-destylacyjne\/kolumny-kd\/\",\"name\":\"Kolumny KD - Instalacje Przemys\u0142owe\",\"isPartOf\":{\"@id\":\"https:\/\/koma-brzeg.pl\/#website\"},\"datePublished\":\"2022-10-25T07:35:07+00:00\",\"dateModified\":\"2023-04-12T11:02:42+00:00\",\"description\":\"Kolumny destylacyjne typu KD s\u0142u\u017c\u0105ce do destylacji z wydajno\u015bci\u0105 do 100l\/h. Doskona\u0142y wyb\u00f3r dla rozwi\u0105za\u0144 przemys\u0142owych\",\"breadcrumb\":{\"@id\":\"https:\/\/koma-brzeg.pl\/de\/uslugi\/kolumny-destylacyjne\/kolumny-kd\/#breadcrumb\"},\"inLanguage\":\"de\",\"potentialAction\":[{\"@type\":\"ReadAction\",\"target\":[\"https:\/\/koma-brzeg.pl\/de\/uslugi\/kolumny-destylacyjne\/kolumny-kd\/\"]}]},{\"@type\":\"BreadcrumbList\",\"@id\":\"https:\/\/koma-brzeg.pl\/de\/uslugi\/kolumny-destylacyjne\/kolumny-kd\/#breadcrumb\",\"itemListElement\":[{\"@type\":\"ListItem\",\"position\":1,\"name\":\"Us\u0142ugi\",\"item\":\"https:\/\/koma-brzeg.pl\/de\/uslugi\/\"},{\"@type\":\"ListItem\",\"position\":2,\"name\":\"Kolumny destylacyjne\",\"item\":\"https:\/\/koma-brzeg.pl\/de\/uslugi\/kolumny-destylacyjne\/\"},{\"@type\":\"ListItem\",\"position\":3,\"name\":\"Kolumny KD\"}]},{\"@type\":\"WebSite\",\"@id\":\"https:\/\/koma-brzeg.pl\/#website\",\"url\":\"https:\/\/koma-brzeg.pl\/\",\"name\":\"Instalacje Przemys\u0142owe\",\"description\":\"SPECJALISTYCZNY ZAK\u0141AD PRODUKCJI POMP I APARATURY PRZEMYS\u0141OWEJ\",\"potentialAction\":[{\"@type\":\"SearchAction\",\"target\":{\"@type\":\"EntryPoint\",\"urlTemplate\":\"https:\/\/koma-brzeg.pl\/?s={search_term_string}\"},\"query-input\":\"required name=search_term_string\"}],\"inLanguage\":\"de\"}]}<\/script>\n<!-- \/ Yoast SEO plugin. -->","yoast_head_json":{"title":"Kolumny KD - Instalacje Przemys\u0142owe","description":"Kolumny destylacyjne typu KD s\u0142u\u017c\u0105ce do destylacji z wydajno\u015bci\u0105 do 100l\/h. Doskona\u0142y wyb\u00f3r dla rozwi\u0105za\u0144 przemys\u0142owych","robots":{"index":"index","follow":"follow","max-snippet":"max-snippet:-1","max-image-preview":"max-image-preview:large","max-video-preview":"max-video-preview:-1"},"canonical":"https:\/\/koma-brzeg.pl\/de\/uslugi\/kolumny-destylacyjne\/kolumny-kd\/","og_locale":"de_DE","og_type":"article","og_title":"Kolumny KD - Instalacje Przemys\u0142owe","og_description":"Kolumny destylacyjne typu KD s\u0142u\u017c\u0105ce do destylacji z wydajno\u015bci\u0105 do 100l\/h. Doskona\u0142y wyb\u00f3r dla rozwi\u0105za\u0144 przemys\u0142owych","og_url":"https:\/\/koma-brzeg.pl\/de\/uslugi\/kolumny-destylacyjne\/kolumny-kd\/","og_site_name":"Instalacje Przemys\u0142owe","article_modified_time":"2023-04-12T11:02:42+00:00","og_image":[{"url":"https:\/\/koma-brzeg.pl\/wp-content\/uploads\/2022\/10\/about-us.png"}],"twitter_card":"summary_large_image","twitter_misc":{"Gesch\u00e4tzte Lesezeit":"1\u00a0Minute"},"schema":{"@context":"https:\/\/schema.org","@graph":[{"@type":"WebPage","@id":"https:\/\/koma-brzeg.pl\/de\/uslugi\/kolumny-destylacyjne\/kolumny-kd\/","url":"https:\/\/koma-brzeg.pl\/de\/uslugi\/kolumny-destylacyjne\/kolumny-kd\/","name":"Kolumny KD - Instalacje Przemys\u0142owe","isPartOf":{"@id":"https:\/\/koma-brzeg.pl\/#website"},"datePublished":"2022-10-25T07:35:07+00:00","dateModified":"2023-04-12T11:02:42+00:00","description":"Kolumny destylacyjne typu KD s\u0142u\u017c\u0105ce do destylacji z wydajno\u015bci\u0105 do 100l\/h. Doskona\u0142y wyb\u00f3r dla rozwi\u0105za\u0144 przemys\u0142owych","breadcrumb":{"@id":"https:\/\/koma-brzeg.pl\/de\/uslugi\/kolumny-destylacyjne\/kolumny-kd\/#breadcrumb"},"inLanguage":"de","potentialAction":[{"@type":"ReadAction","target":["https:\/\/koma-brzeg.pl\/de\/uslugi\/kolumny-destylacyjne\/kolumny-kd\/"]}]},{"@type":"BreadcrumbList","@id":"https:\/\/koma-brzeg.pl\/de\/uslugi\/kolumny-destylacyjne\/kolumny-kd\/#breadcrumb","itemListElement":[{"@type":"ListItem","position":1,"name":"Us\u0142ugi","item":"https:\/\/koma-brzeg.pl\/de\/uslugi\/"},{"@type":"ListItem","position":2,"name":"Kolumny destylacyjne","item":"https:\/\/koma-brzeg.pl\/de\/uslugi\/kolumny-destylacyjne\/"},{"@type":"ListItem","position":3,"name":"Kolumny KD"}]},{"@type":"WebSite","@id":"https:\/\/koma-brzeg.pl\/#website","url":"https:\/\/koma-brzeg.pl\/","name":"Instalacje Przemys\u0142owe","description":"SPECJALISTYCZNY ZAK\u0141AD PRODUKCJI POMP I APARATURY PRZEMYS\u0141OWEJ","potentialAction":[{"@type":"SearchAction","target":{"@type":"EntryPoint","urlTemplate":"https:\/\/koma-brzeg.pl\/?s={search_term_string}"},"query-input":"required name=search_term_string"}],"inLanguage":"de"}]}},"_links":{"self":[{"href":"https:\/\/koma-brzeg.pl\/de\/wp-json\/wp\/v2\/pages\/1068","targetHints":{"allow":["GET"]}}],"collection":[{"href":"https:\/\/koma-brzeg.pl\/de\/wp-json\/wp\/v2\/pages"}],"about":[{"href":"https:\/\/koma-brzeg.pl\/de\/wp-json\/wp\/v2\/types\/page"}],"author":[{"embeddable":true,"href":"https:\/\/koma-brzeg.pl\/de\/wp-json\/wp\/v2\/users\/1"}],"replies":[{"embeddable":true,"href":"https:\/\/koma-brzeg.pl\/de\/wp-json\/wp\/v2\/comments?post=1068"}],"version-history":[{"count":11,"href":"https:\/\/koma-brzeg.pl\/de\/wp-json\/wp\/v2\/pages\/1068\/revisions"}],"predecessor-version":[{"id":2466,"href":"https:\/\/koma-brzeg.pl\/de\/wp-json\/wp\/v2\/pages\/1068\/revisions\/2466"}],"up":[{"embeddable":true,"href":"https:\/\/koma-brzeg.pl\/de\/wp-json\/wp\/v2\/pages\/1057"}],"wp:attachment":[{"href":"https:\/\/koma-brzeg.pl\/de\/wp-json\/wp\/v2\/media?parent=1068"}],"curies":[{"name":"wp","href":"https:\/\/api.w.org\/{rel}","templated":true}]}}