{"id":1066,"date":"2022-10-25T09:34:00","date_gmt":"2022-10-25T07:34:00","guid":{"rendered":"https:\/\/koma-brzeg.pl\/uslugi\/armatura-i-aparatura-pomocnicza\/szafka-probek\/"},"modified":"2023-04-17T10:54:38","modified_gmt":"2023-04-17T08:54:38","slug":"szafka-probek","status":"publish","type":"page","link":"https:\/\/koma-brzeg.pl\/de\/uslugi\/armatura-i-aparatura-pomocnicza\/szafka-probek\/","title":{"rendered":"Szafka pr\u00f3bek"},"content":{"rendered":"\t\t<div data-elementor-type=\"wp-page\" data-elementor-id=\"1066\" class=\"elementor elementor-1066 elementor-247\">\n\t\t\t\t\t\t\t\t\t<section class=\"elementor-section elementor-top-section elementor-element elementor-element-7b0a8bf elementor-section-boxed elementor-section-height-default elementor-section-height-default\" data-id=\"7b0a8bf\" data-element_type=\"section\">\n\t\t\t\t\t\t<div class=\"elementor-container elementor-column-gap-default\">\n\t\t\t\t\t<div class=\"elementor-column elementor-col-100 elementor-top-column elementor-element elementor-element-73c1722\" data-id=\"73c1722\" data-element_type=\"column\">\n\t\t\t<div class=\"elementor-widget-wrap elementor-element-populated\">\n\t\t\t\t\t\t\t\t<div class=\"elementor-element elementor-element-4bd0bc8 elementor-widget elementor-widget-heading\" data-id=\"4bd0bc8\" data-element_type=\"widget\" data-widget_type=\"heading.default\">\n\t\t\t\t<div class=\"elementor-widget-container\">\n\t\t\t<style>\/*! elementor - v3.12.0 - 29-03-2023 *\/\n.elementor-heading-title{padding:0;margin:0;line-height:1}.elementor-widget-heading .elementor-heading-title[class*=elementor-size-]>a{color:inherit;font-size:inherit;line-height:inherit}.elementor-widget-heading .elementor-heading-title.elementor-size-small{font-size:15px}.elementor-widget-heading .elementor-heading-title.elementor-size-medium{font-size:19px}.elementor-widget-heading .elementor-heading-title.elementor-size-large{font-size:29px}.elementor-widget-heading .elementor-heading-title.elementor-size-xl{font-size:39px}.elementor-widget-heading .elementor-heading-title.elementor-size-xxl{font-size:59px}<\/style><h2 class=\"elementor-heading-title elementor-size-default\">Szafka pr\u00f3bek<\/h2>\t\t<\/div>\n\t\t\t\t<\/div>\n\t\t\t\t<div class=\"elementor-element elementor-element-b7bd951 elementor-position-left elementor-widget__width-auto elementor-vertical-align-top elementor-widget elementor-widget-image-box\" data-id=\"b7bd951\" data-element_type=\"widget\" data-widget_type=\"image-box.default\">\n\t\t\t\t<div class=\"elementor-widget-container\">\n\t\t\t<style>\/*! elementor - v3.12.0 - 29-03-2023 *\/\n.elementor-widget-image-box .elementor-image-box-content{width:100%}@media (min-width:768px){.elementor-widget-image-box.elementor-position-left .elementor-image-box-wrapper,.elementor-widget-image-box.elementor-position-right .elementor-image-box-wrapper{display:flex}.elementor-widget-image-box.elementor-position-right .elementor-image-box-wrapper{text-align:right;flex-direction:row-reverse}.elementor-widget-image-box.elementor-position-left .elementor-image-box-wrapper{text-align:left;flex-direction:row}.elementor-widget-image-box.elementor-position-top .elementor-image-box-img{margin:auto}.elementor-widget-image-box.elementor-vertical-align-top .elementor-image-box-wrapper{align-items:flex-start}.elementor-widget-image-box.elementor-vertical-align-middle .elementor-image-box-wrapper{align-items:center}.elementor-widget-image-box.elementor-vertical-align-bottom .elementor-image-box-wrapper{align-items:flex-end}}@media (max-width:767px){.elementor-widget-image-box .elementor-image-box-img{margin-left:auto!important;margin-right:auto!important;margin-bottom:15px}}.elementor-widget-image-box .elementor-image-box-img{display:inline-block}.elementor-widget-image-box .elementor-image-box-title a{color:inherit}.elementor-widget-image-box .elementor-image-box-wrapper{text-align:center}.elementor-widget-image-box .elementor-image-box-description{margin:0}<\/style><div class=\"elementor-image-box-wrapper\"><figure class=\"elementor-image-box-img\"><img decoding=\"async\" width=\"24\" height=\"24\" src=\"https:\/\/koma-brzeg.pl\/wp-content\/uploads\/2022\/10\/about-us.png\" class=\"attachment-full size-full wp-image-832\" alt=\"\" \/><\/figure><div class=\"elementor-image-box-content\"><h3 class=\"elementor-image-box-title\">Og\u00f3lna charakterystyka urz\u0105dzenia <\/h3><\/div><\/div>\t\t<\/div>\n\t\t\t\t<\/div>\n\t\t\t\t<div class=\"elementor-element elementor-element-6ae9832 elementor-widget elementor-widget-text-editor\" data-id=\"6ae9832\" data-element_type=\"widget\" data-widget_type=\"text-editor.default\">\n\t\t\t\t<div class=\"elementor-widget-container\">\n\t\t\t<style>\/*! elementor - v3.12.0 - 29-03-2023 *\/\n.elementor-widget-text-editor.elementor-drop-cap-view-stacked .elementor-drop-cap{background-color:#69727d;color:#fff}.elementor-widget-text-editor.elementor-drop-cap-view-framed .elementor-drop-cap{color:#69727d;border:3px solid;background-color:transparent}.elementor-widget-text-editor:not(.elementor-drop-cap-view-default) .elementor-drop-cap{margin-top:8px}.elementor-widget-text-editor:not(.elementor-drop-cap-view-default) .elementor-drop-cap-letter{width:1em;height:1em}.elementor-widget-text-editor .elementor-drop-cap{float:left;text-align:center;line-height:1;font-size:50px}.elementor-widget-text-editor .elementor-drop-cap-letter{display:inline-block}<\/style>\t\t\t\t<p>Szklany zbiornik (1) o pojemno\u015bci 0,5 l jest\u00a0 nape\u0142niany poprzez otwarty zaw\u00f3r (z1.) Podczas nape\u0142niania nast\u0119puje odpowietrzanie zbiornika przy pomocy odpowietrznika (2). Po nape\u0142nieniu, d\u017awigni\u0105 (4) zamykany jest zaw\u00f3r (z1) i otwierany zaw\u00f3r spustowy (z2) z jednoczesnym uruchomieniem licznika pobra\u0144 (3), kt\u00f3ry zlicza ilo\u015b\u0107 dokonywanych cykli pomiarowych.\u00a0<br \/>Po zako\u0144czeniu czynno\u015bci pobierania pr\u00f3bki, przy u\u017cyciu systemu (5) blokuj\u0105cego zawory (z1 i z2)\u00a0 zabezpiecza si\u0119 urz\u0105dzenie przed uruchomieniem przez osoby nieuprawnione.<\/p>\t\t\t\t\t\t<\/div>\n\t\t\t\t<\/div>\n\t\t\t\t<div class=\"elementor-element elementor-element-3f5d2b0 elementor-position-left elementor-vertical-align-top elementor-widget elementor-widget-image-box\" data-id=\"3f5d2b0\" data-element_type=\"widget\" data-widget_type=\"image-box.default\">\n\t\t\t\t<div class=\"elementor-widget-container\">\n\t\t\t<div class=\"elementor-image-box-wrapper\"><figure class=\"elementor-image-box-img\"><a href=\"https:\/\/koma-brzeg.pl\/wp-content\/uploads\/2023\/04\/dtr_szafka-poboru.pdf\"><img decoding=\"async\" width=\"150\" height=\"150\" src=\"https:\/\/koma-brzeg.pl\/wp-content\/uploads\/2023\/03\/computer-icons-pdf-filename-extension-pdf-icon-150x150.jpg\" class=\"attachment-thumbnail size-thumbnail wp-image-2048\" alt=\"\" srcset=\"https:\/\/koma-brzeg.pl\/wp-content\/uploads\/2023\/03\/computer-icons-pdf-filename-extension-pdf-icon-150x150.jpg 150w, https:\/\/koma-brzeg.pl\/wp-content\/uploads\/2023\/03\/computer-icons-pdf-filename-extension-pdf-icon-300x300.jpg 300w, https:\/\/koma-brzeg.pl\/wp-content\/uploads\/2023\/03\/computer-icons-pdf-filename-extension-pdf-icon.jpg 512w\" sizes=\"(max-width: 150px) 100vw, 150px\" \/><\/a><\/figure><div class=\"elementor-image-box-content\"><h3 class=\"elementor-image-box-title\"><a href=\"https:\/\/koma-brzeg.pl\/wp-content\/uploads\/2023\/04\/dtr_szafka-poboru.pdf\">Instrukcja Obs\u0142ugi<\/a><\/h3><\/div><\/div>\t\t<\/div>\n\t\t\t\t<\/div>\n\t\t\t\t<div class=\"elementor-element elementor-element-72313b5 elementor-widget-divider--view-line elementor-widget elementor-widget-divider\" data-id=\"72313b5\" data-element_type=\"widget\" data-widget_type=\"divider.default\">\n\t\t\t\t<div class=\"elementor-widget-container\">\n\t\t\t<style>\/*! elementor - v3.12.0 - 29-03-2023 *\/\n.elementor-widget-divider{--divider-border-style:none;--divider-border-width:1px;--divider-color:#0c0d0e;--divider-icon-size:20px;--divider-element-spacing:10px;--divider-pattern-height:24px;--divider-pattern-size:20px;--divider-pattern-url:none;--divider-pattern-repeat:repeat-x}.elementor-widget-divider .elementor-divider{display:flex}.elementor-widget-divider .elementor-divider__text{font-size:15px;line-height:1;max-width:95%}.elementor-widget-divider .elementor-divider__element{margin:0 var(--divider-element-spacing);flex-shrink:0}.elementor-widget-divider .elementor-icon{font-size:var(--divider-icon-size)}.elementor-widget-divider .elementor-divider-separator{display:flex;margin:0;direction:ltr}.elementor-widget-divider--view-line_icon .elementor-divider-separator,.elementor-widget-divider--view-line_text .elementor-divider-separator{align-items:center}.elementor-widget-divider--view-line_icon .elementor-divider-separator:after,.elementor-widget-divider--view-line_icon .elementor-divider-separator:before,.elementor-widget-divider--view-line_text .elementor-divider-separator:after,.elementor-widget-divider--view-line_text .elementor-divider-separator:before{display:block;content:\"\";border-bottom:0;flex-grow:1;border-top:var(--divider-border-width) var(--divider-border-style) var(--divider-color)}.elementor-widget-divider--element-align-left .elementor-divider .elementor-divider-separator>.elementor-divider__svg:first-of-type{flex-grow:0;flex-shrink:100}.elementor-widget-divider--element-align-left .elementor-divider-separator:before{content:none}.elementor-widget-divider--element-align-left .elementor-divider__element{margin-left:0}.elementor-widget-divider--element-align-right .elementor-divider .elementor-divider-separator>.elementor-divider__svg:last-of-type{flex-grow:0;flex-shrink:100}.elementor-widget-divider--element-align-right .elementor-divider-separator:after{content:none}.elementor-widget-divider--element-align-right .elementor-divider__element{margin-right:0}.elementor-widget-divider:not(.elementor-widget-divider--view-line_text):not(.elementor-widget-divider--view-line_icon) .elementor-divider-separator{border-top:var(--divider-border-width) var(--divider-border-style) var(--divider-color)}.elementor-widget-divider--separator-type-pattern{--divider-border-style:none}.elementor-widget-divider--separator-type-pattern.elementor-widget-divider--view-line .elementor-divider-separator,.elementor-widget-divider--separator-type-pattern:not(.elementor-widget-divider--view-line) .elementor-divider-separator:after,.elementor-widget-divider--separator-type-pattern:not(.elementor-widget-divider--view-line) .elementor-divider-separator:before,.elementor-widget-divider--separator-type-pattern:not([class*=elementor-widget-divider--view]) .elementor-divider-separator{width:100%;min-height:var(--divider-pattern-height);-webkit-mask-size:var(--divider-pattern-size) 100%;mask-size:var(--divider-pattern-size) 100%;-webkit-mask-repeat:var(--divider-pattern-repeat);mask-repeat:var(--divider-pattern-repeat);background-color:var(--divider-color);-webkit-mask-image:var(--divider-pattern-url);mask-image:var(--divider-pattern-url)}.elementor-widget-divider--no-spacing{--divider-pattern-size:auto}.elementor-widget-divider--bg-round{--divider-pattern-repeat:round}.rtl .elementor-widget-divider .elementor-divider__text{direction:rtl}.e-con-inner>.elementor-widget-divider,.e-con>.elementor-widget-divider{width:var(--container-widget-width,100%);--flex-grow:var(--container-widget-flex-grow)}<\/style>\t\t<div class=\"elementor-divider\">\n\t\t\t<span class=\"elementor-divider-separator\">\n\t\t\t\t\t\t<\/span>\n\t\t<\/div>\n\t\t\t\t<\/div>\n\t\t\t\t<\/div>\n\t\t\t\t<div class=\"elementor-element elementor-element-3ad3029 elementor-position-left elementor-widget__width-auto elementor-vertical-align-top elementor-widget elementor-widget-image-box\" data-id=\"3ad3029\" data-element_type=\"widget\" data-widget_type=\"image-box.default\">\n\t\t\t\t<div class=\"elementor-widget-container\">\n\t\t\t<div class=\"elementor-image-box-wrapper\"><figure class=\"elementor-image-box-img\"><img decoding=\"async\" width=\"24\" height=\"24\" src=\"https:\/\/koma-brzeg.pl\/wp-content\/uploads\/2022\/10\/services.png\" class=\"attachment-full size-full wp-image-836\" alt=\"\" \/><\/figure><div class=\"elementor-image-box-content\"><h3 class=\"elementor-image-box-title\">Budowa og\u00f3lna<\/h3><\/div><\/div>\t\t<\/div>\n\t\t\t\t<\/div>\n\t\t\t\t<div class=\"elementor-element elementor-element-103e3ad elementor-widget elementor-widget-image\" data-id=\"103e3ad\" data-element_type=\"widget\" data-widget_type=\"image.default\">\n\t\t\t\t<div class=\"elementor-widget-container\">\n\t\t\t<style>\/*! elementor - v3.12.0 - 29-03-2023 *\/\n.elementor-widget-image{text-align:center}.elementor-widget-image a{display:inline-block}.elementor-widget-image a img[src$=\".svg\"]{width:48px}.elementor-widget-image img{vertical-align:middle;display:inline-block}<\/style>\t\t\t\t\t\t\t\t\t\t\t\t<img decoding=\"async\" width=\"800\" height=\"485\" src=\"https:\/\/koma-brzeg.pl\/wp-content\/uploads\/2023\/03\/Punkt_pob_pr_Koma_01.png\" class=\"attachment-large size-large wp-image-1789\" alt=\"\" srcset=\"https:\/\/koma-brzeg.pl\/wp-content\/uploads\/2023\/03\/Punkt_pob_pr_Koma_01.png 1000w, https:\/\/koma-brzeg.pl\/wp-content\/uploads\/2023\/03\/Punkt_pob_pr_Koma_01-300x182.png 300w, https:\/\/koma-brzeg.pl\/wp-content\/uploads\/2023\/03\/Punkt_pob_pr_Koma_01-768x465.png 768w\" sizes=\"(max-width: 800px) 100vw, 800px\" \/>\t\t\t\t\t\t\t\t\t\t\t\t\t\t\t<\/div>\n\t\t\t\t<\/div>\n\t\t\t\t<div class=\"elementor-element elementor-element-d869a54 elementor-widget elementor-widget-text-editor\" data-id=\"d869a54\" data-element_type=\"widget\" data-widget_type=\"text-editor.default\">\n\t\t\t\t<div class=\"elementor-widget-container\">\n\t\t\t\t\t\t\t<p>A- Obudowa (skrzynka)<\/p><p>1- Zbiornik,<\/p><p>2- Odpowietrzanie,<\/p><p>3- Licznik pobra\u0144,<\/p><p>4- D\u017awignia systemu zamykania i otwierania zaworu,<\/p><p>5- System blokady zaworu z zamkni\u0119ciem,<\/p><p>6- Kr\u00f3ciec nap\u0142ywowy,<\/p><p>7- Kr\u00f3ciec wyp\u0142ywowy,<\/p><p>8 &#8211; Uchwyty na plomb\u0119,<\/p><p>z1- Zaw\u00f3r nap\u0142ywowy,<\/p><p>z2 &#8211; Zaw\u00f3r opr\u00f3\u017cniaj\u0105cy.<\/p>\t\t\t\t\t\t<\/div>\n\t\t\t\t<\/div>\n\t\t\t\t<div class=\"elementor-element elementor-element-31cc0d4 elementor-widget-divider--view-line elementor-widget elementor-widget-divider\" data-id=\"31cc0d4\" data-element_type=\"widget\" data-widget_type=\"divider.default\">\n\t\t\t\t<div class=\"elementor-widget-container\">\n\t\t\t\t\t<div class=\"elementor-divider\">\n\t\t\t<span class=\"elementor-divider-separator\">\n\t\t\t\t\t\t<\/span>\n\t\t<\/div>\n\t\t\t\t<\/div>\n\t\t\t\t<\/div>\n\t\t\t\t<div class=\"elementor-element elementor-element-b36516d elementor-widget elementor-widget-image\" data-id=\"b36516d\" data-element_type=\"widget\" data-widget_type=\"image.default\">\n\t\t\t\t<div class=\"elementor-widget-container\">\n\t\t\t\t\t\t\t\t\t\t\t\t\t\t\t<img decoding=\"async\" width=\"225\" height=\"300\" src=\"https:\/\/koma-brzeg.pl\/wp-content\/uploads\/2023\/03\/skrzynka_pob_prob_Koma_foto_003-225x300.jpg\" class=\"attachment-medium size-medium wp-image-1792\" alt=\"Szafka poboru pr\u00f3bek\" srcset=\"https:\/\/koma-brzeg.pl\/wp-content\/uploads\/2023\/03\/skrzynka_pob_prob_Koma_foto_003-225x300.jpg 225w, https:\/\/koma-brzeg.pl\/wp-content\/uploads\/2023\/03\/skrzynka_pob_prob_Koma_foto_003.jpg 750w\" sizes=\"(max-width: 225px) 100vw, 225px\" \/>\t\t\t\t\t\t\t\t\t\t\t\t\t\t\t<\/div>\n\t\t\t\t<\/div>\n\t\t\t\t<div class=\"elementor-element elementor-element-7ddaa13 elementor-widget elementor-widget-image\" data-id=\"7ddaa13\" data-element_type=\"widget\" data-widget_type=\"image.default\">\n\t\t\t\t<div class=\"elementor-widget-container\">\n\t\t\t\t\t\t\t\t\t\t\t\t\t\t\t<img decoding=\"async\" width=\"720\" height=\"227\" src=\"https:\/\/koma-brzeg.pl\/wp-content\/uploads\/2023\/04\/5d57ba344987abd570411bdac1c7.jpg\" class=\"attachment-large size-large wp-image-2868\" alt=\"\" srcset=\"https:\/\/koma-brzeg.pl\/wp-content\/uploads\/2023\/04\/5d57ba344987abd570411bdac1c7.jpg 720w, https:\/\/koma-brzeg.pl\/wp-content\/uploads\/2023\/04\/5d57ba344987abd570411bdac1c7-300x95.jpg 300w\" sizes=\"(max-width: 720px) 100vw, 720px\" \/>\t\t\t\t\t\t\t\t\t\t\t\t\t\t\t<\/div>\n\t\t\t\t<\/div>\n\t\t\t\t\t<\/div>\n\t\t<\/div>\n\t\t\t\t\t\t\t<\/div>\n\t\t<\/section>\n\t\t\t\t\t\t\t<\/div>\n\t\t","protected":false},"excerpt":{"rendered":"<p>Szafka pr\u00f3bek Og\u00f3lna charakterystyka urz\u0105dzenia Szklany zbiornik (1) o pojemno\u015bci 0,5 l jest\u00a0 nape\u0142niany poprzez otwarty zaw\u00f3r (z1.) Podczas nape\u0142niania nast\u0119puje odpowietrzanie zbiornika przy pomocy odpowietrznika (2). Po nape\u0142nieniu, d\u017awigni\u0105 (4) zamykany jest zaw\u00f3r (z1) i otwierany zaw\u00f3r spustowy (z2) z jednoczesnym uruchomieniem licznika pobra\u0144 (3), kt\u00f3ry zlicza ilo\u015b\u0107 dokonywanych cykli pomiarowych.\u00a0Po zako\u0144czeniu czynno\u015bci pobierania [&hellip;]<\/p>\n","protected":false},"author":1,"featured_media":0,"parent":1059,"menu_order":0,"comment_status":"closed","ping_status":"closed","template":"elementor_theme","meta":{"footnotes":""},"class_list":["post-1066","page","type-page","status-publish","hentry"],"yoast_head":"<!-- This site is optimized with the Yoast SEO plugin v20.1 - https:\/\/yoast.com\/wordpress\/plugins\/seo\/ -->\n<title>Szafka pr\u00f3bek - Instalacje Przemys\u0142owe<\/title>\n<meta name=\"description\" content=\"Szafka poboru pr\u00f3bek w gorzelniach rolniczych to doskona\u0142e rozwi\u0105zanie problemu monitoringu jako\u015bci produkowanego alkoholu.\" \/>\n<meta name=\"robots\" content=\"index, follow, max-snippet:-1, max-image-preview:large, max-video-preview:-1\" \/>\n<link rel=\"canonical\" href=\"https:\/\/koma-brzeg.pl\/de\/uslugi\/armatura-i-aparatura-pomocnicza\/szafka-probek\/\" \/>\n<meta property=\"og:locale\" content=\"de_DE\" \/>\n<meta property=\"og:type\" content=\"article\" \/>\n<meta property=\"og:title\" content=\"Szafka pr\u00f3bek - Instalacje Przemys\u0142owe\" \/>\n<meta property=\"og:description\" content=\"Szafka poboru pr\u00f3bek w gorzelniach rolniczych to doskona\u0142e rozwi\u0105zanie problemu monitoringu jako\u015bci produkowanego alkoholu.\" \/>\n<meta property=\"og:url\" content=\"https:\/\/koma-brzeg.pl\/de\/uslugi\/armatura-i-aparatura-pomocnicza\/szafka-probek\/\" \/>\n<meta property=\"og:site_name\" content=\"Instalacje Przemys\u0142owe\" \/>\n<meta property=\"article:modified_time\" content=\"2023-04-17T08:54:38+00:00\" \/>\n<meta property=\"og:image\" content=\"https:\/\/koma-brzeg.pl\/wp-content\/uploads\/2022\/10\/about-us.png\" \/>\n<meta name=\"twitter:card\" content=\"summary_large_image\" \/>\n<meta name=\"twitter:label1\" content=\"Gesch\u00e4tzte Lesezeit\" \/>\n\t<meta name=\"twitter:data1\" content=\"1\u00a0Minute\" \/>\n<script type=\"application\/ld+json\" class=\"yoast-schema-graph\">{\"@context\":\"https:\/\/schema.org\",\"@graph\":[{\"@type\":\"WebPage\",\"@id\":\"https:\/\/koma-brzeg.pl\/de\/uslugi\/armatura-i-aparatura-pomocnicza\/szafka-probek\/\",\"url\":\"https:\/\/koma-brzeg.pl\/de\/uslugi\/armatura-i-aparatura-pomocnicza\/szafka-probek\/\",\"name\":\"Szafka pr\u00f3bek - Instalacje Przemys\u0142owe\",\"isPartOf\":{\"@id\":\"https:\/\/koma-brzeg.pl\/#website\"},\"datePublished\":\"2022-10-25T07:34:00+00:00\",\"dateModified\":\"2023-04-17T08:54:38+00:00\",\"description\":\"Szafka poboru pr\u00f3bek w gorzelniach rolniczych to doskona\u0142e rozwi\u0105zanie problemu monitoringu jako\u015bci produkowanego alkoholu.\",\"breadcrumb\":{\"@id\":\"https:\/\/koma-brzeg.pl\/de\/uslugi\/armatura-i-aparatura-pomocnicza\/szafka-probek\/#breadcrumb\"},\"inLanguage\":\"de\",\"potentialAction\":[{\"@type\":\"ReadAction\",\"target\":[\"https:\/\/koma-brzeg.pl\/de\/uslugi\/armatura-i-aparatura-pomocnicza\/szafka-probek\/\"]}]},{\"@type\":\"BreadcrumbList\",\"@id\":\"https:\/\/koma-brzeg.pl\/de\/uslugi\/armatura-i-aparatura-pomocnicza\/szafka-probek\/#breadcrumb\",\"itemListElement\":[{\"@type\":\"ListItem\",\"position\":1,\"name\":\"Us\u0142ugi\",\"item\":\"https:\/\/koma-brzeg.pl\/de\/uslugi\/\"},{\"@type\":\"ListItem\",\"position\":2,\"name\":\"Armatura i aparatura pomocnicza\",\"item\":\"https:\/\/koma-brzeg.pl\/de\/uslugi\/armatura-i-aparatura-pomocnicza\/\"},{\"@type\":\"ListItem\",\"position\":3,\"name\":\"Szafka pr\u00f3bek\"}]},{\"@type\":\"WebSite\",\"@id\":\"https:\/\/koma-brzeg.pl\/#website\",\"url\":\"https:\/\/koma-brzeg.pl\/\",\"name\":\"Instalacje Przemys\u0142owe\",\"description\":\"SPECJALISTYCZNY ZAK\u0141AD PRODUKCJI POMP I APARATURY PRZEMYS\u0141OWEJ\",\"potentialAction\":[{\"@type\":\"SearchAction\",\"target\":{\"@type\":\"EntryPoint\",\"urlTemplate\":\"https:\/\/koma-brzeg.pl\/?s={search_term_string}\"},\"query-input\":\"required name=search_term_string\"}],\"inLanguage\":\"de\"}]}<\/script>\n<!-- \/ Yoast SEO plugin. -->","yoast_head_json":{"title":"Szafka pr\u00f3bek - Instalacje Przemys\u0142owe","description":"Szafka poboru pr\u00f3bek w gorzelniach rolniczych to doskona\u0142e rozwi\u0105zanie problemu monitoringu jako\u015bci produkowanego alkoholu.","robots":{"index":"index","follow":"follow","max-snippet":"max-snippet:-1","max-image-preview":"max-image-preview:large","max-video-preview":"max-video-preview:-1"},"canonical":"https:\/\/koma-brzeg.pl\/de\/uslugi\/armatura-i-aparatura-pomocnicza\/szafka-probek\/","og_locale":"de_DE","og_type":"article","og_title":"Szafka pr\u00f3bek - Instalacje Przemys\u0142owe","og_description":"Szafka poboru pr\u00f3bek w gorzelniach rolniczych to doskona\u0142e rozwi\u0105zanie problemu monitoringu jako\u015bci produkowanego alkoholu.","og_url":"https:\/\/koma-brzeg.pl\/de\/uslugi\/armatura-i-aparatura-pomocnicza\/szafka-probek\/","og_site_name":"Instalacje Przemys\u0142owe","article_modified_time":"2023-04-17T08:54:38+00:00","og_image":[{"url":"https:\/\/koma-brzeg.pl\/wp-content\/uploads\/2022\/10\/about-us.png"}],"twitter_card":"summary_large_image","twitter_misc":{"Gesch\u00e4tzte Lesezeit":"1\u00a0Minute"},"schema":{"@context":"https:\/\/schema.org","@graph":[{"@type":"WebPage","@id":"https:\/\/koma-brzeg.pl\/de\/uslugi\/armatura-i-aparatura-pomocnicza\/szafka-probek\/","url":"https:\/\/koma-brzeg.pl\/de\/uslugi\/armatura-i-aparatura-pomocnicza\/szafka-probek\/","name":"Szafka pr\u00f3bek - Instalacje Przemys\u0142owe","isPartOf":{"@id":"https:\/\/koma-brzeg.pl\/#website"},"datePublished":"2022-10-25T07:34:00+00:00","dateModified":"2023-04-17T08:54:38+00:00","description":"Szafka poboru pr\u00f3bek w gorzelniach rolniczych to doskona\u0142e rozwi\u0105zanie problemu monitoringu jako\u015bci produkowanego alkoholu.","breadcrumb":{"@id":"https:\/\/koma-brzeg.pl\/de\/uslugi\/armatura-i-aparatura-pomocnicza\/szafka-probek\/#breadcrumb"},"inLanguage":"de","potentialAction":[{"@type":"ReadAction","target":["https:\/\/koma-brzeg.pl\/de\/uslugi\/armatura-i-aparatura-pomocnicza\/szafka-probek\/"]}]},{"@type":"BreadcrumbList","@id":"https:\/\/koma-brzeg.pl\/de\/uslugi\/armatura-i-aparatura-pomocnicza\/szafka-probek\/#breadcrumb","itemListElement":[{"@type":"ListItem","position":1,"name":"Us\u0142ugi","item":"https:\/\/koma-brzeg.pl\/de\/uslugi\/"},{"@type":"ListItem","position":2,"name":"Armatura i aparatura pomocnicza","item":"https:\/\/koma-brzeg.pl\/de\/uslugi\/armatura-i-aparatura-pomocnicza\/"},{"@type":"ListItem","position":3,"name":"Szafka pr\u00f3bek"}]},{"@type":"WebSite","@id":"https:\/\/koma-brzeg.pl\/#website","url":"https:\/\/koma-brzeg.pl\/","name":"Instalacje Przemys\u0142owe","description":"SPECJALISTYCZNY ZAK\u0141AD PRODUKCJI POMP I APARATURY PRZEMYS\u0141OWEJ","potentialAction":[{"@type":"SearchAction","target":{"@type":"EntryPoint","urlTemplate":"https:\/\/koma-brzeg.pl\/?s={search_term_string}"},"query-input":"required name=search_term_string"}],"inLanguage":"de"}]}},"_links":{"self":[{"href":"https:\/\/koma-brzeg.pl\/de\/wp-json\/wp\/v2\/pages\/1066","targetHints":{"allow":["GET"]}}],"collection":[{"href":"https:\/\/koma-brzeg.pl\/de\/wp-json\/wp\/v2\/pages"}],"about":[{"href":"https:\/\/koma-brzeg.pl\/de\/wp-json\/wp\/v2\/types\/page"}],"author":[{"embeddable":true,"href":"https:\/\/koma-brzeg.pl\/de\/wp-json\/wp\/v2\/users\/1"}],"replies":[{"embeddable":true,"href":"https:\/\/koma-brzeg.pl\/de\/wp-json\/wp\/v2\/comments?post=1066"}],"version-history":[{"count":13,"href":"https:\/\/koma-brzeg.pl\/de\/wp-json\/wp\/v2\/pages\/1066\/revisions"}],"predecessor-version":[{"id":2877,"href":"https:\/\/koma-brzeg.pl\/de\/wp-json\/wp\/v2\/pages\/1066\/revisions\/2877"}],"up":[{"embeddable":true,"href":"https:\/\/koma-brzeg.pl\/de\/wp-json\/wp\/v2\/pages\/1059"}],"wp:attachment":[{"href":"https:\/\/koma-brzeg.pl\/de\/wp-json\/wp\/v2\/media?parent=1066"}],"curies":[{"name":"wp","href":"https:\/\/api.w.org\/{rel}","templated":true}]}}