{"id":1064,"date":"2022-10-25T09:34:15","date_gmt":"2022-10-25T07:34:15","guid":{"rendered":"https:\/\/koma-brzeg.pl\/uslugi\/armatura-i-aparatura-pomocnicza\/latarka\/"},"modified":"2023-04-12T13:44:36","modified_gmt":"2023-04-12T11:44:36","slug":"latarka","status":"publish","type":"page","link":"https:\/\/koma-brzeg.pl\/de\/uslugi\/armatura-i-aparatura-pomocnicza\/latarka\/","title":{"rendered":"Latarka"},"content":{"rendered":"\t\t<div data-elementor-type=\"wp-page\" data-elementor-id=\"1064\" class=\"elementor elementor-1064 elementor-249\">\n\t\t\t\t\t\t\t\t\t<section class=\"elementor-section elementor-top-section elementor-element elementor-element-0f60bfc elementor-section-boxed elementor-section-height-default elementor-section-height-default\" data-id=\"0f60bfc\" data-element_type=\"section\">\n\t\t\t\t\t\t<div class=\"elementor-container elementor-column-gap-default\">\n\t\t\t\t\t<div class=\"elementor-column elementor-col-50 elementor-top-column elementor-element elementor-element-5cecd39\" data-id=\"5cecd39\" data-element_type=\"column\">\n\t\t\t<div class=\"elementor-widget-wrap elementor-element-populated\">\n\t\t\t\t\t\t\t\t<div class=\"elementor-element elementor-element-b734c9c elementor-widget elementor-widget-heading\" data-id=\"b734c9c\" data-element_type=\"widget\" data-widget_type=\"heading.default\">\n\t\t\t\t<div class=\"elementor-widget-container\">\n\t\t\t<style>\/*! elementor - v3.12.0 - 29-03-2023 *\/\n.elementor-heading-title{padding:0;margin:0;line-height:1}.elementor-widget-heading .elementor-heading-title[class*=elementor-size-]>a{color:inherit;font-size:inherit;line-height:inherit}.elementor-widget-heading .elementor-heading-title.elementor-size-small{font-size:15px}.elementor-widget-heading .elementor-heading-title.elementor-size-medium{font-size:19px}.elementor-widget-heading .elementor-heading-title.elementor-size-large{font-size:29px}.elementor-widget-heading .elementor-heading-title.elementor-size-xl{font-size:39px}.elementor-widget-heading .elementor-heading-title.elementor-size-xxl{font-size:59px}<\/style><h2 class=\"elementor-heading-title elementor-size-default\">Przeziernik rurowy \"Latarka\"<\/h2>\t\t<\/div>\n\t\t\t\t<\/div>\n\t\t\t\t<div class=\"elementor-element elementor-element-84e6ead elementor-position-left elementor-widget__width-auto elementor-vertical-align-top elementor-widget elementor-widget-image-box\" data-id=\"84e6ead\" data-element_type=\"widget\" data-widget_type=\"image-box.default\">\n\t\t\t\t<div class=\"elementor-widget-container\">\n\t\t\t<style>\/*! elementor - v3.12.0 - 29-03-2023 *\/\n.elementor-widget-image-box .elementor-image-box-content{width:100%}@media (min-width:768px){.elementor-widget-image-box.elementor-position-left .elementor-image-box-wrapper,.elementor-widget-image-box.elementor-position-right .elementor-image-box-wrapper{display:flex}.elementor-widget-image-box.elementor-position-right .elementor-image-box-wrapper{text-align:right;flex-direction:row-reverse}.elementor-widget-image-box.elementor-position-left .elementor-image-box-wrapper{text-align:left;flex-direction:row}.elementor-widget-image-box.elementor-position-top .elementor-image-box-img{margin:auto}.elementor-widget-image-box.elementor-vertical-align-top .elementor-image-box-wrapper{align-items:flex-start}.elementor-widget-image-box.elementor-vertical-align-middle .elementor-image-box-wrapper{align-items:center}.elementor-widget-image-box.elementor-vertical-align-bottom .elementor-image-box-wrapper{align-items:flex-end}}@media (max-width:767px){.elementor-widget-image-box .elementor-image-box-img{margin-left:auto!important;margin-right:auto!important;margin-bottom:15px}}.elementor-widget-image-box .elementor-image-box-img{display:inline-block}.elementor-widget-image-box .elementor-image-box-title a{color:inherit}.elementor-widget-image-box .elementor-image-box-wrapper{text-align:center}.elementor-widget-image-box .elementor-image-box-description{margin:0}<\/style><div class=\"elementor-image-box-wrapper\"><figure class=\"elementor-image-box-img\"><img decoding=\"async\" width=\"24\" height=\"24\" src=\"https:\/\/koma-brzeg.pl\/wp-content\/uploads\/2022\/10\/about-us.png\" class=\"attachment-full size-full wp-image-832\" alt=\"\" \/><\/figure><div class=\"elementor-image-box-content\"><h3 class=\"elementor-image-box-title\">Og\u00f3lna charakterystyka urz\u0105dzenia <\/h3><\/div><\/div>\t\t<\/div>\n\t\t\t\t<\/div>\n\t\t\t\t<div class=\"elementor-element elementor-element-9630194 elementor-widget elementor-widget-text-editor\" data-id=\"9630194\" data-element_type=\"widget\" data-widget_type=\"text-editor.default\">\n\t\t\t\t<div class=\"elementor-widget-container\">\n\t\t\t<style>\/*! elementor - v3.12.0 - 29-03-2023 *\/\n.elementor-widget-text-editor.elementor-drop-cap-view-stacked .elementor-drop-cap{background-color:#69727d;color:#fff}.elementor-widget-text-editor.elementor-drop-cap-view-framed .elementor-drop-cap{color:#69727d;border:3px solid;background-color:transparent}.elementor-widget-text-editor:not(.elementor-drop-cap-view-default) .elementor-drop-cap{margin-top:8px}.elementor-widget-text-editor:not(.elementor-drop-cap-view-default) .elementor-drop-cap-letter{width:1em;height:1em}.elementor-widget-text-editor .elementor-drop-cap{float:left;text-align:center;line-height:1;font-size:50px}.elementor-widget-text-editor .elementor-drop-cap-letter{display:inline-block}<\/style>\t\t\t\t<p>Przeziernik rurowy &#8220;Latarka&#8221; PRK 50\/70;PRK 40\/60<br \/>Przeziernik rurowy ( Latarka) to najwygodniejszy spos\u00f3b na bezpo\u015bredni wgl\u0105d w przekr\u00f3j rury celem stwierdzenia istnienia lub braku przep\u0142ywu cieczy w ruroci\u0105gu. Dost\u0119pne s\u0105 wykonania ze stali cynkowanej lub kwasoodpornej z wk\u0142adkami z plexi lub szk\u0142a boro-krzemowego.\u00a0<wbr \/>Ko\u0142nierzowa budowa umo\u017cliwia \u0142atw\u0105 i szybk\u0105 wymian\u0119 wk\u0142ad\u00f3w oraz ich ewentualne czyszczenie. Wyst\u0119puj\u0105 w dw\u00f3ch wersjach; z ko\u0142nierzami o \u015brednicy:\u00a0<\/p><p>DN 50 (rura o przekroju 70mm) ,oraz\u00a0<\/p><p>DN 40 (rura o przekroju 60mm)<\/p>\t\t\t\t\t\t<\/div>\n\t\t\t\t<\/div>\n\t\t\t\t<div class=\"elementor-element elementor-element-ef4129f elementor-widget-divider--view-line elementor-widget elementor-widget-divider\" data-id=\"ef4129f\" data-element_type=\"widget\" data-widget_type=\"divider.default\">\n\t\t\t\t<div class=\"elementor-widget-container\">\n\t\t\t<style>\/*! elementor - v3.12.0 - 29-03-2023 *\/\n.elementor-widget-divider{--divider-border-style:none;--divider-border-width:1px;--divider-color:#0c0d0e;--divider-icon-size:20px;--divider-element-spacing:10px;--divider-pattern-height:24px;--divider-pattern-size:20px;--divider-pattern-url:none;--divider-pattern-repeat:repeat-x}.elementor-widget-divider .elementor-divider{display:flex}.elementor-widget-divider .elementor-divider__text{font-size:15px;line-height:1;max-width:95%}.elementor-widget-divider .elementor-divider__element{margin:0 var(--divider-element-spacing);flex-shrink:0}.elementor-widget-divider .elementor-icon{font-size:var(--divider-icon-size)}.elementor-widget-divider .elementor-divider-separator{display:flex;margin:0;direction:ltr}.elementor-widget-divider--view-line_icon .elementor-divider-separator,.elementor-widget-divider--view-line_text .elementor-divider-separator{align-items:center}.elementor-widget-divider--view-line_icon .elementor-divider-separator:after,.elementor-widget-divider--view-line_icon .elementor-divider-separator:before,.elementor-widget-divider--view-line_text .elementor-divider-separator:after,.elementor-widget-divider--view-line_text .elementor-divider-separator:before{display:block;content:\"\";border-bottom:0;flex-grow:1;border-top:var(--divider-border-width) var(--divider-border-style) var(--divider-color)}.elementor-widget-divider--element-align-left .elementor-divider .elementor-divider-separator>.elementor-divider__svg:first-of-type{flex-grow:0;flex-shrink:100}.elementor-widget-divider--element-align-left .elementor-divider-separator:before{content:none}.elementor-widget-divider--element-align-left .elementor-divider__element{margin-left:0}.elementor-widget-divider--element-align-right .elementor-divider .elementor-divider-separator>.elementor-divider__svg:last-of-type{flex-grow:0;flex-shrink:100}.elementor-widget-divider--element-align-right .elementor-divider-separator:after{content:none}.elementor-widget-divider--element-align-right .elementor-divider__element{margin-right:0}.elementor-widget-divider:not(.elementor-widget-divider--view-line_text):not(.elementor-widget-divider--view-line_icon) .elementor-divider-separator{border-top:var(--divider-border-width) var(--divider-border-style) var(--divider-color)}.elementor-widget-divider--separator-type-pattern{--divider-border-style:none}.elementor-widget-divider--separator-type-pattern.elementor-widget-divider--view-line .elementor-divider-separator,.elementor-widget-divider--separator-type-pattern:not(.elementor-widget-divider--view-line) .elementor-divider-separator:after,.elementor-widget-divider--separator-type-pattern:not(.elementor-widget-divider--view-line) .elementor-divider-separator:before,.elementor-widget-divider--separator-type-pattern:not([class*=elementor-widget-divider--view]) .elementor-divider-separator{width:100%;min-height:var(--divider-pattern-height);-webkit-mask-size:var(--divider-pattern-size) 100%;mask-size:var(--divider-pattern-size) 100%;-webkit-mask-repeat:var(--divider-pattern-repeat);mask-repeat:var(--divider-pattern-repeat);background-color:var(--divider-color);-webkit-mask-image:var(--divider-pattern-url);mask-image:var(--divider-pattern-url)}.elementor-widget-divider--no-spacing{--divider-pattern-size:auto}.elementor-widget-divider--bg-round{--divider-pattern-repeat:round}.rtl .elementor-widget-divider .elementor-divider__text{direction:rtl}.e-con-inner>.elementor-widget-divider,.e-con>.elementor-widget-divider{width:var(--container-widget-width,100%);--flex-grow:var(--container-widget-flex-grow)}<\/style>\t\t<div class=\"elementor-divider\">\n\t\t\t<span class=\"elementor-divider-separator\">\n\t\t\t\t\t\t<\/span>\n\t\t<\/div>\n\t\t\t\t<\/div>\n\t\t\t\t<\/div>\n\t\t\t\t<div class=\"elementor-element elementor-element-687d38b elementor-position-left elementor-widget__width-auto elementor-vertical-align-top elementor-widget elementor-widget-image-box\" data-id=\"687d38b\" data-element_type=\"widget\" data-widget_type=\"image-box.default\">\n\t\t\t\t<div class=\"elementor-widget-container\">\n\t\t\t<div class=\"elementor-image-box-wrapper\"><figure class=\"elementor-image-box-img\"><img decoding=\"async\" width=\"24\" height=\"24\" src=\"https:\/\/koma-brzeg.pl\/wp-content\/uploads\/2022\/10\/services.png\" class=\"attachment-full size-full wp-image-836\" alt=\"\" \/><\/figure><div class=\"elementor-image-box-content\"><h3 class=\"elementor-image-box-title\">Budowa og\u00f3lna<\/h3><\/div><\/div>\t\t<\/div>\n\t\t\t\t<\/div>\n\t\t\t\t<div class=\"elementor-element elementor-element-8653617 elementor-widget elementor-widget-text-editor\" data-id=\"8653617\" data-element_type=\"widget\" data-widget_type=\"text-editor.default\">\n\t\t\t\t<div class=\"elementor-widget-container\">\n\t\t\t\t\t\t\t<p>1 &#8211; Przeciw- ko\u0142nierz<br \/>2 &#8211; Ko\u0142nierz I<br \/>3 &#8211; Ko\u0142nierz II<br \/>4 &#8211; Rura przeziernika<br \/>5\u00a0 -Uszczelka<br \/>7 &#8211; \u015aruba dwustronna<br \/>8 &#8211; \u015aruba<br \/>9 &#8211; Nakr\u0119tka<br \/>10 &#8211; Nakr\u0119tka<br \/>11 &#8211; Nakr\u0119tka<br \/>* Szczeg\u00f3\u0142y dotycz\u0105ce poszczeg\u00f3lnych element\u00f3w urz\u0105dzenia znajduj\u0105 si\u0119 w DTR<\/p>\t\t\t\t\t\t<\/div>\n\t\t\t\t<\/div>\n\t\t\t\t<div class=\"elementor-element elementor-element-b1b43fc elementor-widget-divider--view-line elementor-widget elementor-widget-divider\" data-id=\"b1b43fc\" data-element_type=\"widget\" data-widget_type=\"divider.default\">\n\t\t\t\t<div class=\"elementor-widget-container\">\n\t\t\t\t\t<div class=\"elementor-divider\">\n\t\t\t<span class=\"elementor-divider-separator\">\n\t\t\t\t\t\t<\/span>\n\t\t<\/div>\n\t\t\t\t<\/div>\n\t\t\t\t<\/div>\n\t\t\t\t<div class=\"elementor-element elementor-element-d2eed55 elementor-position-left elementor-widget__width-auto elementor-vertical-align-top elementor-widget elementor-widget-image-box\" data-id=\"d2eed55\" data-element_type=\"widget\" data-widget_type=\"image-box.default\">\n\t\t\t\t<div class=\"elementor-widget-container\">\n\t\t\t<div class=\"elementor-image-box-wrapper\"><figure class=\"elementor-image-box-img\"><img decoding=\"async\" width=\"24\" height=\"21\" src=\"https:\/\/koma-brzeg.pl\/wp-content\/uploads\/2022\/10\/parametry2.png\" class=\"attachment-full size-full wp-image-834\" alt=\"\" \/><\/figure><div class=\"elementor-image-box-content\"><h3 class=\"elementor-image-box-title\">Podstawowe parametry<\/h3><\/div><\/div>\t\t<\/div>\n\t\t\t\t<\/div>\n\t\t\t\t<div class=\"elementor-element elementor-element-b72954c elementor-widget elementor-widget-text-editor\" data-id=\"b72954c\" data-element_type=\"widget\" data-widget_type=\"text-editor.default\">\n\t\t\t\t<div class=\"elementor-widget-container\">\n\t\t\t\t\t\t\t<p>\u015brednica ko\u0142nierzy &#8211; DN 40 PN 16 i DN 50 PN 16<br \/>\u015brednica wewn\u0119trzna (\u201dprzelot rury\u201d) \u00f8d &#8211;\u00a0 60mm i 70mm<br \/>wysoko\u015b\u0107 A &#8211; 200mm<br \/>wykonanie materia\u0142owe<br \/>\u00a0&#8211; ko\u0142nierze i elementy z\u0142\u0105czne &#8211; stal nierdzewna<br \/>\u00a0&#8211; rura przeziernika &#8211; Szk\u0142o lub poliw\u0119glan<br \/>\u00a0&#8211; uszczelki &#8211; guma chemoodporna<\/p>\t\t\t\t\t\t<\/div>\n\t\t\t\t<\/div>\n\t\t\t\t<div class=\"elementor-element elementor-element-ff48f6a elementor-widget-divider--view-line elementor-widget elementor-widget-divider\" data-id=\"ff48f6a\" data-element_type=\"widget\" data-widget_type=\"divider.default\">\n\t\t\t\t<div class=\"elementor-widget-container\">\n\t\t\t\t\t<div class=\"elementor-divider\">\n\t\t\t<span class=\"elementor-divider-separator\">\n\t\t\t\t\t\t<\/span>\n\t\t<\/div>\n\t\t\t\t<\/div>\n\t\t\t\t<\/div>\n\t\t\t\t\t<\/div>\n\t\t<\/div>\n\t\t\t\t<div class=\"elementor-column elementor-col-50 elementor-top-column elementor-element elementor-element-258f66c\" data-id=\"258f66c\" data-element_type=\"column\">\n\t\t\t<div class=\"elementor-widget-wrap elementor-element-populated\">\n\t\t\t\t\t\t\t\t<div class=\"elementor-element elementor-element-a9f57ae elementor-widget elementor-widget-image\" data-id=\"a9f57ae\" data-element_type=\"widget\" data-widget_type=\"image.default\">\n\t\t\t\t<div class=\"elementor-widget-container\">\n\t\t\t<style>\/*! elementor - v3.12.0 - 29-03-2023 *\/\n.elementor-widget-image{text-align:center}.elementor-widget-image a{display:inline-block}.elementor-widget-image a img[src$=\".svg\"]{width:48px}.elementor-widget-image img{vertical-align:middle;display:inline-block}<\/style>\t\t\t\t\t\t\t\t\t\t\t\t<img decoding=\"async\" width=\"203\" height=\"783\" src=\"https:\/\/koma-brzeg.pl\/wp-content\/uploads\/2022\/11\/laarka.jpg\" class=\"attachment-large size-large wp-image-874\" alt=\"\" srcset=\"https:\/\/koma-brzeg.pl\/wp-content\/uploads\/2022\/11\/laarka.jpg 203w, https:\/\/koma-brzeg.pl\/wp-content\/uploads\/2022\/11\/laarka-78x300.jpg 78w\" sizes=\"(max-width: 203px) 100vw, 203px\" \/>\t\t\t\t\t\t\t\t\t\t\t\t\t\t\t<\/div>\n\t\t\t\t<\/div>\n\t\t\t\t\t<\/div>\n\t\t<\/div>\n\t\t\t\t\t\t\t<\/div>\n\t\t<\/section>\n\t\t\t\t\t\t\t<\/div>\n\t\t","protected":false},"excerpt":{"rendered":"<p>Przeziernik rurowy &#8220;Latarka&#8221; Og\u00f3lna charakterystyka urz\u0105dzenia Przeziernik rurowy &#8220;Latarka&#8221; PRK 50\/70;PRK 40\/60 Przeziernik rurowy ( Latarka) to najwygodniejszy spos\u00f3b na bezpo\u015bredni wgl\u0105d w przekr\u00f3j rury celem stwierdzenia istnienia lub braku przep\u0142ywu cieczy w ruroci\u0105gu. Dost\u0119pne s\u0105 wykonania ze stali cynkowanej lub kwasoodpornej z wk\u0142adkami z plexi lub szk\u0142a boro-krzemowego.&nbsp;Ko\u0142nierzowa budowa umo\u017cliwia \u0142atw\u0105 i szybk\u0105 wymian\u0119 [&hellip;]<\/p>\n","protected":false},"author":1,"featured_media":0,"parent":1059,"menu_order":0,"comment_status":"closed","ping_status":"closed","template":"elementor_theme","meta":{"footnotes":""},"class_list":["post-1064","page","type-page","status-publish","hentry"],"yoast_head":"<!-- This site is optimized with the Yoast SEO plugin v20.1 - https:\/\/yoast.com\/wordpress\/plugins\/seo\/ -->\n<title>Latarka - Instalacje Przemys\u0142owe<\/title>\n<meta name=\"description\" content=\"Przeziernik rurowy to najwygodniejszy spos\u00f3b na bezpo\u015bredni wgl\u0105d w przekr\u00f3j rury celem stwierdzenia istnienia lub braku przep\u0142ywu cieczy w ruroci\u0105gu.\" \/>\n<meta name=\"robots\" content=\"index, follow, max-snippet:-1, max-image-preview:large, max-video-preview:-1\" \/>\n<link rel=\"canonical\" href=\"https:\/\/koma-brzeg.pl\/de\/uslugi\/armatura-i-aparatura-pomocnicza\/latarka\/\" \/>\n<meta property=\"og:locale\" content=\"de_DE\" \/>\n<meta property=\"og:type\" content=\"article\" \/>\n<meta property=\"og:title\" content=\"Latarka - Instalacje Przemys\u0142owe\" \/>\n<meta property=\"og:description\" content=\"Przeziernik rurowy to najwygodniejszy spos\u00f3b na bezpo\u015bredni wgl\u0105d w przekr\u00f3j rury celem stwierdzenia istnienia lub braku przep\u0142ywu cieczy w ruroci\u0105gu.\" \/>\n<meta property=\"og:url\" content=\"https:\/\/koma-brzeg.pl\/de\/uslugi\/armatura-i-aparatura-pomocnicza\/latarka\/\" \/>\n<meta property=\"og:site_name\" content=\"Instalacje Przemys\u0142owe\" \/>\n<meta property=\"article:modified_time\" content=\"2023-04-12T11:44:36+00:00\" \/>\n<meta property=\"og:image\" content=\"https:\/\/koma-brzeg.pl\/wp-content\/uploads\/2022\/10\/about-us.png\" \/>\n<meta name=\"twitter:card\" content=\"summary_large_image\" \/>\n<meta name=\"twitter:label1\" content=\"Gesch\u00e4tzte Lesezeit\" \/>\n\t<meta name=\"twitter:data1\" content=\"1\u00a0Minute\" \/>\n<script type=\"application\/ld+json\" class=\"yoast-schema-graph\">{\"@context\":\"https:\/\/schema.org\",\"@graph\":[{\"@type\":\"WebPage\",\"@id\":\"https:\/\/koma-brzeg.pl\/de\/uslugi\/armatura-i-aparatura-pomocnicza\/latarka\/\",\"url\":\"https:\/\/koma-brzeg.pl\/de\/uslugi\/armatura-i-aparatura-pomocnicza\/latarka\/\",\"name\":\"Latarka - Instalacje Przemys\u0142owe\",\"isPartOf\":{\"@id\":\"https:\/\/koma-brzeg.pl\/#website\"},\"datePublished\":\"2022-10-25T07:34:15+00:00\",\"dateModified\":\"2023-04-12T11:44:36+00:00\",\"description\":\"Przeziernik rurowy to najwygodniejszy spos\u00f3b na bezpo\u015bredni wgl\u0105d w przekr\u00f3j rury celem stwierdzenia istnienia lub braku przep\u0142ywu cieczy w ruroci\u0105gu.\",\"breadcrumb\":{\"@id\":\"https:\/\/koma-brzeg.pl\/de\/uslugi\/armatura-i-aparatura-pomocnicza\/latarka\/#breadcrumb\"},\"inLanguage\":\"de\",\"potentialAction\":[{\"@type\":\"ReadAction\",\"target\":[\"https:\/\/koma-brzeg.pl\/de\/uslugi\/armatura-i-aparatura-pomocnicza\/latarka\/\"]}]},{\"@type\":\"BreadcrumbList\",\"@id\":\"https:\/\/koma-brzeg.pl\/de\/uslugi\/armatura-i-aparatura-pomocnicza\/latarka\/#breadcrumb\",\"itemListElement\":[{\"@type\":\"ListItem\",\"position\":1,\"name\":\"Us\u0142ugi\",\"item\":\"https:\/\/koma-brzeg.pl\/de\/uslugi\/\"},{\"@type\":\"ListItem\",\"position\":2,\"name\":\"Armatura i aparatura pomocnicza\",\"item\":\"https:\/\/koma-brzeg.pl\/de\/uslugi\/armatura-i-aparatura-pomocnicza\/\"},{\"@type\":\"ListItem\",\"position\":3,\"name\":\"Latarka\"}]},{\"@type\":\"WebSite\",\"@id\":\"https:\/\/koma-brzeg.pl\/#website\",\"url\":\"https:\/\/koma-brzeg.pl\/\",\"name\":\"Instalacje Przemys\u0142owe\",\"description\":\"SPECJALISTYCZNY ZAK\u0141AD PRODUKCJI POMP I APARATURY PRZEMYS\u0141OWEJ\",\"potentialAction\":[{\"@type\":\"SearchAction\",\"target\":{\"@type\":\"EntryPoint\",\"urlTemplate\":\"https:\/\/koma-brzeg.pl\/?s={search_term_string}\"},\"query-input\":\"required name=search_term_string\"}],\"inLanguage\":\"de\"}]}<\/script>\n<!-- \/ Yoast SEO plugin. -->","yoast_head_json":{"title":"Latarka - Instalacje Przemys\u0142owe","description":"Przeziernik rurowy to najwygodniejszy spos\u00f3b na bezpo\u015bredni wgl\u0105d w przekr\u00f3j rury celem stwierdzenia istnienia lub braku przep\u0142ywu cieczy w ruroci\u0105gu.","robots":{"index":"index","follow":"follow","max-snippet":"max-snippet:-1","max-image-preview":"max-image-preview:large","max-video-preview":"max-video-preview:-1"},"canonical":"https:\/\/koma-brzeg.pl\/de\/uslugi\/armatura-i-aparatura-pomocnicza\/latarka\/","og_locale":"de_DE","og_type":"article","og_title":"Latarka - Instalacje Przemys\u0142owe","og_description":"Przeziernik rurowy to najwygodniejszy spos\u00f3b na bezpo\u015bredni wgl\u0105d w przekr\u00f3j rury celem stwierdzenia istnienia lub braku przep\u0142ywu cieczy w ruroci\u0105gu.","og_url":"https:\/\/koma-brzeg.pl\/de\/uslugi\/armatura-i-aparatura-pomocnicza\/latarka\/","og_site_name":"Instalacje Przemys\u0142owe","article_modified_time":"2023-04-12T11:44:36+00:00","og_image":[{"url":"https:\/\/koma-brzeg.pl\/wp-content\/uploads\/2022\/10\/about-us.png"}],"twitter_card":"summary_large_image","twitter_misc":{"Gesch\u00e4tzte Lesezeit":"1\u00a0Minute"},"schema":{"@context":"https:\/\/schema.org","@graph":[{"@type":"WebPage","@id":"https:\/\/koma-brzeg.pl\/de\/uslugi\/armatura-i-aparatura-pomocnicza\/latarka\/","url":"https:\/\/koma-brzeg.pl\/de\/uslugi\/armatura-i-aparatura-pomocnicza\/latarka\/","name":"Latarka - Instalacje Przemys\u0142owe","isPartOf":{"@id":"https:\/\/koma-brzeg.pl\/#website"},"datePublished":"2022-10-25T07:34:15+00:00","dateModified":"2023-04-12T11:44:36+00:00","description":"Przeziernik rurowy to najwygodniejszy spos\u00f3b na bezpo\u015bredni wgl\u0105d w przekr\u00f3j rury celem stwierdzenia istnienia lub braku przep\u0142ywu cieczy w ruroci\u0105gu.","breadcrumb":{"@id":"https:\/\/koma-brzeg.pl\/de\/uslugi\/armatura-i-aparatura-pomocnicza\/latarka\/#breadcrumb"},"inLanguage":"de","potentialAction":[{"@type":"ReadAction","target":["https:\/\/koma-brzeg.pl\/de\/uslugi\/armatura-i-aparatura-pomocnicza\/latarka\/"]}]},{"@type":"BreadcrumbList","@id":"https:\/\/koma-brzeg.pl\/de\/uslugi\/armatura-i-aparatura-pomocnicza\/latarka\/#breadcrumb","itemListElement":[{"@type":"ListItem","position":1,"name":"Us\u0142ugi","item":"https:\/\/koma-brzeg.pl\/de\/uslugi\/"},{"@type":"ListItem","position":2,"name":"Armatura i aparatura pomocnicza","item":"https:\/\/koma-brzeg.pl\/de\/uslugi\/armatura-i-aparatura-pomocnicza\/"},{"@type":"ListItem","position":3,"name":"Latarka"}]},{"@type":"WebSite","@id":"https:\/\/koma-brzeg.pl\/#website","url":"https:\/\/koma-brzeg.pl\/","name":"Instalacje Przemys\u0142owe","description":"SPECJALISTYCZNY ZAK\u0141AD PRODUKCJI POMP I APARATURY PRZEMYS\u0141OWEJ","potentialAction":[{"@type":"SearchAction","target":{"@type":"EntryPoint","urlTemplate":"https:\/\/koma-brzeg.pl\/?s={search_term_string}"},"query-input":"required name=search_term_string"}],"inLanguage":"de"}]}},"_links":{"self":[{"href":"https:\/\/koma-brzeg.pl\/de\/wp-json\/wp\/v2\/pages\/1064","targetHints":{"allow":["GET"]}}],"collection":[{"href":"https:\/\/koma-brzeg.pl\/de\/wp-json\/wp\/v2\/pages"}],"about":[{"href":"https:\/\/koma-brzeg.pl\/de\/wp-json\/wp\/v2\/types\/page"}],"author":[{"embeddable":true,"href":"https:\/\/koma-brzeg.pl\/de\/wp-json\/wp\/v2\/users\/1"}],"replies":[{"embeddable":true,"href":"https:\/\/koma-brzeg.pl\/de\/wp-json\/wp\/v2\/comments?post=1064"}],"version-history":[{"count":4,"href":"https:\/\/koma-brzeg.pl\/de\/wp-json\/wp\/v2\/pages\/1064\/revisions"}],"predecessor-version":[{"id":2208,"href":"https:\/\/koma-brzeg.pl\/de\/wp-json\/wp\/v2\/pages\/1064\/revisions\/2208"}],"up":[{"embeddable":true,"href":"https:\/\/koma-brzeg.pl\/de\/wp-json\/wp\/v2\/pages\/1059"}],"wp:attachment":[{"href":"https:\/\/koma-brzeg.pl\/de\/wp-json\/wp\/v2\/media?parent=1064"}],"curies":[{"name":"wp","href":"https:\/\/api.w.org\/{rel}","templated":true}]}}