{"id":1057,"date":"2022-10-25T09:34:31","date_gmt":"2022-10-25T07:34:31","guid":{"rendered":"https:\/\/koma-brzeg.pl\/uslugi\/kolumny-destylacyjne\/"},"modified":"2023-04-12T12:29:08","modified_gmt":"2023-04-12T10:29:08","slug":"kolumny-destylacyjne","status":"publish","type":"page","link":"https:\/\/koma-brzeg.pl\/de\/uslugi\/kolumny-destylacyjne\/","title":{"rendered":"Kolumny destylacyjne"},"content":{"rendered":"\t\t<div data-elementor-type=\"wp-page\" data-elementor-id=\"1057\" class=\"elementor elementor-1057 elementor-251\">\n\t\t\t\t\t\t\t\t\t<section class=\"elementor-section elementor-top-section elementor-element elementor-element-7ed1f74 elementor-section-boxed elementor-section-height-default elementor-section-height-default\" data-id=\"7ed1f74\" data-element_type=\"section\">\n\t\t\t\t\t\t<div class=\"elementor-container elementor-column-gap-default\">\n\t\t\t\t\t<div class=\"elementor-column elementor-col-100 elementor-top-column elementor-element elementor-element-f5973a1\" data-id=\"f5973a1\" data-element_type=\"column\">\n\t\t\t<div class=\"elementor-widget-wrap elementor-element-populated\">\n\t\t\t\t\t\t\t\t<div class=\"elementor-element elementor-element-666ac10 elementor-widget elementor-widget-image\" data-id=\"666ac10\" data-element_type=\"widget\" data-widget_type=\"image.default\">\n\t\t\t\t<div class=\"elementor-widget-container\">\n\t\t\t<style>\/*! elementor - v3.12.0 - 29-03-2023 *\/\n.elementor-widget-image{text-align:center}.elementor-widget-image a{display:inline-block}.elementor-widget-image a img[src$=\".svg\"]{width:48px}.elementor-widget-image img{vertical-align:middle;display:inline-block}<\/style>\t\t\t\t\t\t\t\t\t<figure class=\"wp-caption\">\n\t\t\t\t\t\t\t\t\t\t\t<a href=\"https:\/\/koma-brzeg.pl\/uslugi\/kolumny-destylacyjne\/alembiki\/\">\n\t\t\t\t\t\t\t<img decoding=\"async\" width=\"213\" height=\"300\" src=\"https:\/\/koma-brzeg.pl\/wp-content\/uploads\/2023\/04\/al_miedziany-213x300.jpg\" class=\"attachment-medium size-medium wp-image-2411\" alt=\"Alembik Miedziany\" srcset=\"https:\/\/koma-brzeg.pl\/wp-content\/uploads\/2023\/04\/al_miedziany-213x300.jpg 213w, https:\/\/koma-brzeg.pl\/wp-content\/uploads\/2023\/04\/al_miedziany-726x1024.jpg 726w, https:\/\/koma-brzeg.pl\/wp-content\/uploads\/2023\/04\/al_miedziany-768x1083.jpg 768w, https:\/\/koma-brzeg.pl\/wp-content\/uploads\/2023\/04\/al_miedziany.jpg 819w\" sizes=\"(max-width: 213px) 100vw, 213px\" \/>\t\t\t\t\t\t\t\t<\/a>\n\t\t\t\t\t\t\t\t\t\t\t<figcaption class=\"widget-image-caption wp-caption-text\">Alembik Miedziany<\/figcaption>\n\t\t\t\t\t\t\t\t\t\t<\/figure>\n\t\t\t\t\t\t\t\t\t<\/div>\n\t\t\t\t<\/div>\n\t\t\t\t\t<\/div>\n\t\t<\/div>\n\t\t\t\t\t\t\t<\/div>\n\t\t<\/section>\n\t\t\t\t<section class=\"elementor-section elementor-top-section elementor-element elementor-element-0f3db75 elementor-section-boxed elementor-section-height-default elementor-section-height-default\" data-id=\"0f3db75\" data-element_type=\"section\">\n\t\t\t\t\t\t<div class=\"elementor-container elementor-column-gap-default\">\n\t\t\t\t\t<div class=\"elementor-column elementor-col-50 elementor-top-column elementor-element elementor-element-926ba28\" data-id=\"926ba28\" data-element_type=\"column\">\n\t\t\t<div class=\"elementor-widget-wrap elementor-element-populated\">\n\t\t\t\t\t\t\t\t<div class=\"elementor-element elementor-element-a933c3c elementor-widget elementor-widget-image\" data-id=\"a933c3c\" data-element_type=\"widget\" data-widget_type=\"image.default\">\n\t\t\t\t<div class=\"elementor-widget-container\">\n\t\t\t\t\t\t\t\t\t\t\t\t<figure class=\"wp-caption\">\n\t\t\t\t\t\t\t\t\t\t\t<a href=\"https:\/\/koma-brzeg.pl\/uslugi\/kolumny-destylacyjne\/kolumny-kd\/\">\n\t\t\t\t\t\t\t<img decoding=\"async\" width=\"300\" height=\"225\" src=\"https:\/\/koma-brzeg.pl\/wp-content\/uploads\/2022\/11\/Kolumny_KD_400x300-300x225.jpg\" class=\"attachment-medium size-medium wp-image-878\" alt=\"Kolumny serii 800, 1000, 1100\" srcset=\"https:\/\/koma-brzeg.pl\/wp-content\/uploads\/2022\/11\/Kolumny_KD_400x300-300x225.jpg 300w, https:\/\/koma-brzeg.pl\/wp-content\/uploads\/2022\/11\/Kolumny_KD_400x300.jpg 400w\" sizes=\"(max-width: 300px) 100vw, 300px\" \/>\t\t\t\t\t\t\t\t<\/a>\n\t\t\t\t\t\t\t\t\t\t\t<figcaption class=\"widget-image-caption wp-caption-text\">Kolumny serii 800, 1000, 1100<\/figcaption>\n\t\t\t\t\t\t\t\t\t\t<\/figure>\n\t\t\t\t\t\t\t\t\t<\/div>\n\t\t\t\t<\/div>\n\t\t\t\t\t<\/div>\n\t\t<\/div>\n\t\t\t\t<div class=\"elementor-column elementor-col-50 elementor-top-column elementor-element elementor-element-73bf32b\" data-id=\"73bf32b\" data-element_type=\"column\">\n\t\t\t<div class=\"elementor-widget-wrap elementor-element-populated\">\n\t\t\t\t\t\t\t\t<div class=\"elementor-element elementor-element-8c78f1b elementor-widget elementor-widget-image\" data-id=\"8c78f1b\" data-element_type=\"widget\" data-widget_type=\"image.default\">\n\t\t\t\t<div class=\"elementor-widget-container\">\n\t\t\t\t\t\t\t\t\t\t\t\t<figure class=\"wp-caption\">\n\t\t\t\t\t\t\t\t\t\t\t<a href=\"https:\/\/koma-brzeg.pl\/uslugi\/kolumny-destylacyjne\/kolumny-serii-400\/\">\n\t\t\t\t\t\t\t<img decoding=\"async\" width=\"104\" height=\"300\" src=\"https:\/\/koma-brzeg.pl\/wp-content\/uploads\/2023\/04\/kolumn400-104x300.jpg\" class=\"attachment-medium size-medium wp-image-2414\" alt=\"Kolumny serii 400\" srcset=\"https:\/\/koma-brzeg.pl\/wp-content\/uploads\/2023\/04\/kolumn400-104x300.jpg 104w, https:\/\/koma-brzeg.pl\/wp-content\/uploads\/2023\/04\/kolumn400-535x1536.jpg 535w, https:\/\/koma-brzeg.pl\/wp-content\/uploads\/2023\/04\/kolumn400-713x2048.jpg 713w, https:\/\/koma-brzeg.pl\/wp-content\/uploads\/2023\/04\/kolumn400.jpg 723w\" sizes=\"(max-width: 104px) 100vw, 104px\" \/>\t\t\t\t\t\t\t\t<\/a>\n\t\t\t\t\t\t\t\t\t\t\t<figcaption class=\"widget-image-caption wp-caption-text\">Kolumny serii 400<\/figcaption>\n\t\t\t\t\t\t\t\t\t\t<\/figure>\n\t\t\t\t\t\t\t\t\t<\/div>\n\t\t\t\t<\/div>\n\t\t\t\t\t<\/div>\n\t\t<\/div>\n\t\t\t\t\t\t\t<\/div>\n\t\t<\/section>\n\t\t\t\t\t\t\t<\/div>\n\t\t","protected":false},"excerpt":{"rendered":"<p>Alembik Miedziany Kolumny serii 800, 1000, 1100 Kolumny serii 400<\/p>\n","protected":false},"author":1,"featured_media":0,"parent":1037,"menu_order":0,"comment_status":"closed","ping_status":"closed","template":"elementor_theme","meta":{"footnotes":""},"class_list":["post-1057","page","type-page","status-publish","hentry"],"yoast_head":"<!-- This site is optimized with the Yoast SEO plugin v20.1 - https:\/\/yoast.com\/wordpress\/plugins\/seo\/ -->\n<title>Kolumny destylacyjne - Instalacje Przemys\u0142owe<\/title>\n<meta name=\"description\" content=\"Seria 400 to rodzina kolumn wykonanych w ca\u0142o\u015bci z miedzi i przeznaczonych do ma\u0142ych uk\u0142ad\u00f3w destylacyjnych o wydajno\u015bci do 100 l\/h.\" \/>\n<meta name=\"robots\" content=\"index, follow, max-snippet:-1, max-image-preview:large, max-video-preview:-1\" \/>\n<link rel=\"canonical\" href=\"https:\/\/koma-brzeg.pl\/de\/uslugi\/kolumny-destylacyjne\/\" \/>\n<meta property=\"og:locale\" content=\"de_DE\" \/>\n<meta property=\"og:type\" content=\"article\" \/>\n<meta property=\"og:title\" content=\"Kolumny destylacyjne - Instalacje Przemys\u0142owe\" \/>\n<meta property=\"og:description\" content=\"Seria 400 to rodzina kolumn wykonanych w ca\u0142o\u015bci z miedzi i przeznaczonych do ma\u0142ych uk\u0142ad\u00f3w destylacyjnych o wydajno\u015bci do 100 l\/h.\" \/>\n<meta property=\"og:url\" content=\"https:\/\/koma-brzeg.pl\/de\/uslugi\/kolumny-destylacyjne\/\" \/>\n<meta property=\"og:site_name\" content=\"Instalacje Przemys\u0142owe\" \/>\n<meta property=\"article:modified_time\" content=\"2023-04-12T10:29:08+00:00\" \/>\n<meta property=\"og:image\" content=\"https:\/\/koma-brzeg.pl\/wp-content\/uploads\/2023\/04\/al_miedziany-213x300.jpg\" \/>\n<meta name=\"twitter:card\" content=\"summary_large_image\" \/>\n<script type=\"application\/ld+json\" class=\"yoast-schema-graph\">{\"@context\":\"https:\/\/schema.org\",\"@graph\":[{\"@type\":\"WebPage\",\"@id\":\"https:\/\/koma-brzeg.pl\/de\/uslugi\/kolumny-destylacyjne\/\",\"url\":\"https:\/\/koma-brzeg.pl\/de\/uslugi\/kolumny-destylacyjne\/\",\"name\":\"Kolumny destylacyjne - Instalacje Przemys\u0142owe\",\"isPartOf\":{\"@id\":\"https:\/\/koma-brzeg.pl\/#website\"},\"datePublished\":\"2022-10-25T07:34:31+00:00\",\"dateModified\":\"2023-04-12T10:29:08+00:00\",\"description\":\"Seria 400 to rodzina kolumn wykonanych w ca\u0142o\u015bci z miedzi i przeznaczonych do ma\u0142ych uk\u0142ad\u00f3w destylacyjnych o wydajno\u015bci do 100 l\/h.\",\"breadcrumb\":{\"@id\":\"https:\/\/koma-brzeg.pl\/de\/uslugi\/kolumny-destylacyjne\/#breadcrumb\"},\"inLanguage\":\"de\",\"potentialAction\":[{\"@type\":\"ReadAction\",\"target\":[\"https:\/\/koma-brzeg.pl\/de\/uslugi\/kolumny-destylacyjne\/\"]}]},{\"@type\":\"BreadcrumbList\",\"@id\":\"https:\/\/koma-brzeg.pl\/de\/uslugi\/kolumny-destylacyjne\/#breadcrumb\",\"itemListElement\":[{\"@type\":\"ListItem\",\"position\":1,\"name\":\"Us\u0142ugi\",\"item\":\"https:\/\/koma-brzeg.pl\/de\/uslugi\/\"},{\"@type\":\"ListItem\",\"position\":2,\"name\":\"Kolumny destylacyjne\"}]},{\"@type\":\"WebSite\",\"@id\":\"https:\/\/koma-brzeg.pl\/#website\",\"url\":\"https:\/\/koma-brzeg.pl\/\",\"name\":\"Instalacje Przemys\u0142owe\",\"description\":\"SPECJALISTYCZNY ZAK\u0141AD PRODUKCJI POMP I APARATURY PRZEMYS\u0141OWEJ\",\"potentialAction\":[{\"@type\":\"SearchAction\",\"target\":{\"@type\":\"EntryPoint\",\"urlTemplate\":\"https:\/\/koma-brzeg.pl\/?s={search_term_string}\"},\"query-input\":\"required name=search_term_string\"}],\"inLanguage\":\"de\"}]}<\/script>\n<!-- \/ Yoast SEO plugin. -->","yoast_head_json":{"title":"Kolumny destylacyjne - Instalacje Przemys\u0142owe","description":"Seria 400 to rodzina kolumn wykonanych w ca\u0142o\u015bci z miedzi i przeznaczonych do ma\u0142ych uk\u0142ad\u00f3w destylacyjnych o wydajno\u015bci do 100 l\/h.","robots":{"index":"index","follow":"follow","max-snippet":"max-snippet:-1","max-image-preview":"max-image-preview:large","max-video-preview":"max-video-preview:-1"},"canonical":"https:\/\/koma-brzeg.pl\/de\/uslugi\/kolumny-destylacyjne\/","og_locale":"de_DE","og_type":"article","og_title":"Kolumny destylacyjne - Instalacje Przemys\u0142owe","og_description":"Seria 400 to rodzina kolumn wykonanych w ca\u0142o\u015bci z miedzi i przeznaczonych do ma\u0142ych uk\u0142ad\u00f3w destylacyjnych o wydajno\u015bci do 100 l\/h.","og_url":"https:\/\/koma-brzeg.pl\/de\/uslugi\/kolumny-destylacyjne\/","og_site_name":"Instalacje Przemys\u0142owe","article_modified_time":"2023-04-12T10:29:08+00:00","og_image":[{"url":"https:\/\/koma-brzeg.pl\/wp-content\/uploads\/2023\/04\/al_miedziany-213x300.jpg"}],"twitter_card":"summary_large_image","schema":{"@context":"https:\/\/schema.org","@graph":[{"@type":"WebPage","@id":"https:\/\/koma-brzeg.pl\/de\/uslugi\/kolumny-destylacyjne\/","url":"https:\/\/koma-brzeg.pl\/de\/uslugi\/kolumny-destylacyjne\/","name":"Kolumny destylacyjne - Instalacje Przemys\u0142owe","isPartOf":{"@id":"https:\/\/koma-brzeg.pl\/#website"},"datePublished":"2022-10-25T07:34:31+00:00","dateModified":"2023-04-12T10:29:08+00:00","description":"Seria 400 to rodzina kolumn wykonanych w ca\u0142o\u015bci z miedzi i przeznaczonych do ma\u0142ych uk\u0142ad\u00f3w destylacyjnych o wydajno\u015bci do 100 l\/h.","breadcrumb":{"@id":"https:\/\/koma-brzeg.pl\/de\/uslugi\/kolumny-destylacyjne\/#breadcrumb"},"inLanguage":"de","potentialAction":[{"@type":"ReadAction","target":["https:\/\/koma-brzeg.pl\/de\/uslugi\/kolumny-destylacyjne\/"]}]},{"@type":"BreadcrumbList","@id":"https:\/\/koma-brzeg.pl\/de\/uslugi\/kolumny-destylacyjne\/#breadcrumb","itemListElement":[{"@type":"ListItem","position":1,"name":"Us\u0142ugi","item":"https:\/\/koma-brzeg.pl\/de\/uslugi\/"},{"@type":"ListItem","position":2,"name":"Kolumny destylacyjne"}]},{"@type":"WebSite","@id":"https:\/\/koma-brzeg.pl\/#website","url":"https:\/\/koma-brzeg.pl\/","name":"Instalacje Przemys\u0142owe","description":"SPECJALISTYCZNY ZAK\u0141AD PRODUKCJI POMP I APARATURY PRZEMYS\u0141OWEJ","potentialAction":[{"@type":"SearchAction","target":{"@type":"EntryPoint","urlTemplate":"https:\/\/koma-brzeg.pl\/?s={search_term_string}"},"query-input":"required name=search_term_string"}],"inLanguage":"de"}]}},"_links":{"self":[{"href":"https:\/\/koma-brzeg.pl\/de\/wp-json\/wp\/v2\/pages\/1057","targetHints":{"allow":["GET"]}}],"collection":[{"href":"https:\/\/koma-brzeg.pl\/de\/wp-json\/wp\/v2\/pages"}],"about":[{"href":"https:\/\/koma-brzeg.pl\/de\/wp-json\/wp\/v2\/types\/page"}],"author":[{"embeddable":true,"href":"https:\/\/koma-brzeg.pl\/de\/wp-json\/wp\/v2\/users\/1"}],"replies":[{"embeddable":true,"href":"https:\/\/koma-brzeg.pl\/de\/wp-json\/wp\/v2\/comments?post=1057"}],"version-history":[{"count":5,"href":"https:\/\/koma-brzeg.pl\/de\/wp-json\/wp\/v2\/pages\/1057\/revisions"}],"predecessor-version":[{"id":2426,"href":"https:\/\/koma-brzeg.pl\/de\/wp-json\/wp\/v2\/pages\/1057\/revisions\/2426"}],"up":[{"embeddable":true,"href":"https:\/\/koma-brzeg.pl\/de\/wp-json\/wp\/v2\/pages\/1037"}],"wp:attachment":[{"href":"https:\/\/koma-brzeg.pl\/de\/wp-json\/wp\/v2\/media?parent=1057"}],"curies":[{"name":"wp","href":"https:\/\/api.w.org\/{rel}","templated":true}]}}