{"id":1047,"date":"2022-11-03T10:27:14","date_gmt":"2022-11-03T09:27:14","guid":{"rendered":"https:\/\/koma-brzeg.pl\/uslugi\/wymienniki-ciepla\/"},"modified":"2023-04-12T14:45:47","modified_gmt":"2023-04-12T12:45:47","slug":"wymienniki-ciepla","status":"publish","type":"page","link":"https:\/\/koma-brzeg.pl\/de\/uslugi\/wymienniki-ciepla\/","title":{"rendered":"Wymienniki ciep\u0142a"},"content":{"rendered":"\t\t<div data-elementor-type=\"wp-page\" data-elementor-id=\"1047\" class=\"elementor elementor-1047 elementor-446\">\n\t\t\t\t\t\t\t\t\t<section class=\"elementor-section elementor-top-section elementor-element elementor-element-8f5bd7b elementor-section-boxed elementor-section-height-default elementor-section-height-default\" data-id=\"8f5bd7b\" data-element_type=\"section\">\n\t\t\t\t\t\t<div class=\"elementor-container elementor-column-gap-default\">\n\t\t\t\t\t<div class=\"elementor-column elementor-col-100 elementor-top-column elementor-element elementor-element-8769b2a\" data-id=\"8769b2a\" data-element_type=\"column\">\n\t\t\t<div class=\"elementor-widget-wrap elementor-element-populated\">\n\t\t\t\t\t\t\t\t<div class=\"elementor-element elementor-element-8487ee2 elementor-widget elementor-widget-heading\" data-id=\"8487ee2\" data-element_type=\"widget\" data-widget_type=\"heading.default\">\n\t\t\t\t<div class=\"elementor-widget-container\">\n\t\t\t<style>\/*! elementor - v3.12.0 - 29-03-2023 *\/\n.elementor-heading-title{padding:0;margin:0;line-height:1}.elementor-widget-heading .elementor-heading-title[class*=elementor-size-]>a{color:inherit;font-size:inherit;line-height:inherit}.elementor-widget-heading .elementor-heading-title.elementor-size-small{font-size:15px}.elementor-widget-heading .elementor-heading-title.elementor-size-medium{font-size:19px}.elementor-widget-heading .elementor-heading-title.elementor-size-large{font-size:29px}.elementor-widget-heading .elementor-heading-title.elementor-size-xl{font-size:39px}.elementor-widget-heading .elementor-heading-title.elementor-size-xxl{font-size:59px}<\/style><h2 class=\"elementor-heading-title elementor-size-default\">Wymienniki ciep\u0142a typu rura w rurze<\/h2>\t\t<\/div>\n\t\t\t\t<\/div>\n\t\t\t\t<div class=\"elementor-element elementor-element-b977e1c elementor-widget elementor-widget-image\" data-id=\"b977e1c\" data-element_type=\"widget\" data-widget_type=\"image.default\">\n\t\t\t\t<div class=\"elementor-widget-container\">\n\t\t\t<style>\/*! elementor - v3.12.0 - 29-03-2023 *\/\n.elementor-widget-image{text-align:center}.elementor-widget-image a{display:inline-block}.elementor-widget-image a img[src$=\".svg\"]{width:48px}.elementor-widget-image img{vertical-align:middle;display:inline-block}<\/style>\t\t\t\t\t\t\t\t\t<figure class=\"wp-caption\">\n\t\t\t\t\t\t\t\t\t\t\t<a href=\"https:\/\/koma-brzeg.pl\/uslugi\/wymienniki-ciepla\/wwz\/\">\n\t\t\t\t\t\t\t<img decoding=\"async\" width=\"300\" height=\"212\" src=\"https:\/\/koma-brzeg.pl\/wp-content\/uploads\/2023\/03\/Wymiennik_WWZ_4_5_wer_002_View-33_View-10-300x212.jpg\" class=\"attachment-medium size-medium wp-image-1804\" alt=\"Wymiennik WWZ\" srcset=\"https:\/\/koma-brzeg.pl\/wp-content\/uploads\/2023\/03\/Wymiennik_WWZ_4_5_wer_002_View-33_View-10-300x212.jpg 300w, https:\/\/koma-brzeg.pl\/wp-content\/uploads\/2023\/03\/Wymiennik_WWZ_4_5_wer_002_View-33_View-10-1024x724.jpg 1024w, https:\/\/koma-brzeg.pl\/wp-content\/uploads\/2023\/03\/Wymiennik_WWZ_4_5_wer_002_View-33_View-10-768x543.jpg 768w, https:\/\/koma-brzeg.pl\/wp-content\/uploads\/2023\/03\/Wymiennik_WWZ_4_5_wer_002_View-33_View-10-1536x1086.jpg 1536w, https:\/\/koma-brzeg.pl\/wp-content\/uploads\/2023\/03\/Wymiennik_WWZ_4_5_wer_002_View-33_View-10-2048x1448.jpg 2048w\" sizes=\"(max-width: 300px) 100vw, 300px\" \/>\t\t\t\t\t\t\t\t<\/a>\n\t\t\t\t\t\t\t\t\t\t\t<figcaption class=\"widget-image-caption wp-caption-text\">Wymiennik WWZ<\/figcaption>\n\t\t\t\t\t\t\t\t\t\t<\/figure>\n\t\t\t\t\t\t\t\t\t<\/div>\n\t\t\t\t<\/div>\n\t\t\t\t\t<\/div>\n\t\t<\/div>\n\t\t\t\t\t\t\t<\/div>\n\t\t<\/section>\n\t\t\t\t<section class=\"elementor-section elementor-top-section elementor-element elementor-element-18b42cf elementor-section-boxed elementor-section-height-default elementor-section-height-default\" data-id=\"18b42cf\" data-element_type=\"section\">\n\t\t\t\t\t\t<div class=\"elementor-container elementor-column-gap-default\">\n\t\t\t\t\t<div class=\"elementor-column elementor-col-100 elementor-top-column elementor-element elementor-element-51e46c3\" data-id=\"51e46c3\" data-element_type=\"column\">\n\t\t\t<div class=\"elementor-widget-wrap elementor-element-populated\">\n\t\t\t\t\t\t\t\t<div class=\"elementor-element elementor-element-3e7a3b6 elementor-widget-divider--view-line elementor-widget elementor-widget-divider\" data-id=\"3e7a3b6\" data-element_type=\"widget\" data-widget_type=\"divider.default\">\n\t\t\t\t<div class=\"elementor-widget-container\">\n\t\t\t<style>\/*! elementor - v3.12.0 - 29-03-2023 *\/\n.elementor-widget-divider{--divider-border-style:none;--divider-border-width:1px;--divider-color:#0c0d0e;--divider-icon-size:20px;--divider-element-spacing:10px;--divider-pattern-height:24px;--divider-pattern-size:20px;--divider-pattern-url:none;--divider-pattern-repeat:repeat-x}.elementor-widget-divider .elementor-divider{display:flex}.elementor-widget-divider .elementor-divider__text{font-size:15px;line-height:1;max-width:95%}.elementor-widget-divider .elementor-divider__element{margin:0 var(--divider-element-spacing);flex-shrink:0}.elementor-widget-divider .elementor-icon{font-size:var(--divider-icon-size)}.elementor-widget-divider .elementor-divider-separator{display:flex;margin:0;direction:ltr}.elementor-widget-divider--view-line_icon .elementor-divider-separator,.elementor-widget-divider--view-line_text .elementor-divider-separator{align-items:center}.elementor-widget-divider--view-line_icon .elementor-divider-separator:after,.elementor-widget-divider--view-line_icon .elementor-divider-separator:before,.elementor-widget-divider--view-line_text .elementor-divider-separator:after,.elementor-widget-divider--view-line_text .elementor-divider-separator:before{display:block;content:\"\";border-bottom:0;flex-grow:1;border-top:var(--divider-border-width) var(--divider-border-style) var(--divider-color)}.elementor-widget-divider--element-align-left .elementor-divider .elementor-divider-separator>.elementor-divider__svg:first-of-type{flex-grow:0;flex-shrink:100}.elementor-widget-divider--element-align-left .elementor-divider-separator:before{content:none}.elementor-widget-divider--element-align-left .elementor-divider__element{margin-left:0}.elementor-widget-divider--element-align-right .elementor-divider .elementor-divider-separator>.elementor-divider__svg:last-of-type{flex-grow:0;flex-shrink:100}.elementor-widget-divider--element-align-right .elementor-divider-separator:after{content:none}.elementor-widget-divider--element-align-right .elementor-divider__element{margin-right:0}.elementor-widget-divider:not(.elementor-widget-divider--view-line_text):not(.elementor-widget-divider--view-line_icon) .elementor-divider-separator{border-top:var(--divider-border-width) var(--divider-border-style) var(--divider-color)}.elementor-widget-divider--separator-type-pattern{--divider-border-style:none}.elementor-widget-divider--separator-type-pattern.elementor-widget-divider--view-line .elementor-divider-separator,.elementor-widget-divider--separator-type-pattern:not(.elementor-widget-divider--view-line) .elementor-divider-separator:after,.elementor-widget-divider--separator-type-pattern:not(.elementor-widget-divider--view-line) .elementor-divider-separator:before,.elementor-widget-divider--separator-type-pattern:not([class*=elementor-widget-divider--view]) .elementor-divider-separator{width:100%;min-height:var(--divider-pattern-height);-webkit-mask-size:var(--divider-pattern-size) 100%;mask-size:var(--divider-pattern-size) 100%;-webkit-mask-repeat:var(--divider-pattern-repeat);mask-repeat:var(--divider-pattern-repeat);background-color:var(--divider-color);-webkit-mask-image:var(--divider-pattern-url);mask-image:var(--divider-pattern-url)}.elementor-widget-divider--no-spacing{--divider-pattern-size:auto}.elementor-widget-divider--bg-round{--divider-pattern-repeat:round}.rtl .elementor-widget-divider .elementor-divider__text{direction:rtl}.e-con-inner>.elementor-widget-divider,.e-con>.elementor-widget-divider{width:var(--container-widget-width,100%);--flex-grow:var(--container-widget-flex-grow)}<\/style>\t\t<div class=\"elementor-divider\">\n\t\t\t<span class=\"elementor-divider-separator\">\n\t\t\t\t\t\t<\/span>\n\t\t<\/div>\n\t\t\t\t<\/div>\n\t\t\t\t<\/div>\n\t\t\t\t<div class=\"elementor-element elementor-element-6f59007 elementor-widget elementor-widget-heading\" data-id=\"6f59007\" data-element_type=\"widget\" data-widget_type=\"heading.default\">\n\t\t\t\t<div class=\"elementor-widget-container\">\n\t\t\t<h2 class=\"elementor-heading-title elementor-size-default\">Wymienniki p\u0142aszczowo rurowe<\/h2>\t\t<\/div>\n\t\t\t\t<\/div>\n\t\t\t\t\t<\/div>\n\t\t<\/div>\n\t\t\t\t\t\t\t<\/div>\n\t\t<\/section>\n\t\t\t\t<section class=\"elementor-section elementor-top-section elementor-element elementor-element-d1aabc6 elementor-section-boxed elementor-section-height-default elementor-section-height-default\" data-id=\"d1aabc6\" data-element_type=\"section\">\n\t\t\t\t\t\t<div class=\"elementor-container elementor-column-gap-default\">\n\t\t\t\t\t<div class=\"elementor-column elementor-col-50 elementor-top-column elementor-element elementor-element-020a77d\" data-id=\"020a77d\" data-element_type=\"column\">\n\t\t\t<div class=\"elementor-widget-wrap elementor-element-populated\">\n\t\t\t\t\t\t\t\t<div class=\"elementor-element elementor-element-a7447d4 elementor-widget elementor-widget-image\" data-id=\"a7447d4\" data-element_type=\"widget\" data-widget_type=\"image.default\">\n\t\t\t\t<div class=\"elementor-widget-container\">\n\t\t\t\t\t\t\t\t\t\t\t\t<figure class=\"wp-caption\">\n\t\t\t\t\t\t\t\t\t\t\t<a href=\"https:\/\/koma-brzeg.pl\/uslugi\/wymienniki-ciepla\/wymienniki-plaszczowo-rurowe\/wymienniki-plaszczowo-rurowe-pionowe\/\">\n\t\t\t\t\t\t\t<img decoding=\"async\" width=\"277\" height=\"300\" src=\"https:\/\/koma-brzeg.pl\/wp-content\/uploads\/2023\/04\/wymiennik_pion_400x300-277x300.jpg\" class=\"attachment-medium size-medium wp-image-2498\" alt=\"Wymiennik p\u0142aszczowo rurowy\" srcset=\"https:\/\/koma-brzeg.pl\/wp-content\/uploads\/2023\/04\/wymiennik_pion_400x300-277x300.jpg 277w, https:\/\/koma-brzeg.pl\/wp-content\/uploads\/2023\/04\/wymiennik_pion_400x300.jpg 310w\" sizes=\"(max-width: 277px) 100vw, 277px\" \/>\t\t\t\t\t\t\t\t<\/a>\n\t\t\t\t\t\t\t\t\t\t\t<figcaption class=\"widget-image-caption wp-caption-text\">Wymiennik p\u0142aszczowo rurowy<\/figcaption>\n\t\t\t\t\t\t\t\t\t\t<\/figure>\n\t\t\t\t\t\t\t\t\t<\/div>\n\t\t\t\t<\/div>\n\t\t\t\t\t<\/div>\n\t\t<\/div>\n\t\t\t\t<div class=\"elementor-column elementor-col-50 elementor-top-column elementor-element elementor-element-38f48c6\" data-id=\"38f48c6\" data-element_type=\"column\">\n\t\t\t<div class=\"elementor-widget-wrap elementor-element-populated\">\n\t\t\t\t\t\t\t\t<div class=\"elementor-element elementor-element-dc45817 elementor-widget elementor-widget-image\" data-id=\"dc45817\" data-element_type=\"widget\" data-widget_type=\"image.default\">\n\t\t\t\t<div class=\"elementor-widget-container\">\n\t\t\t\t\t\t\t\t\t\t\t\t<figure class=\"wp-caption\">\n\t\t\t\t\t\t\t\t\t\t\t<a href=\"https:\/\/koma-brzeg.pl\/uslugi\/wymienniki-ciepla\/wymienniki-plaszczowo-rurowe\/wymienniki-plaszczowo-rurowe-poziome\/\">\n\t\t\t\t\t\t\t<img decoding=\"async\" width=\"300\" height=\"225\" src=\"https:\/\/koma-brzeg.pl\/wp-content\/uploads\/2023\/04\/wymiennik_poziom_400x300-300x225.jpg\" class=\"attachment-medium size-medium wp-image-2502\" alt=\"wymiennik p\u0142aszczowo rurowy poziomy\" srcset=\"https:\/\/koma-brzeg.pl\/wp-content\/uploads\/2023\/04\/wymiennik_poziom_400x300-300x225.jpg 300w, https:\/\/koma-brzeg.pl\/wp-content\/uploads\/2023\/04\/wymiennik_poziom_400x300.jpg 448w\" sizes=\"(max-width: 300px) 100vw, 300px\" \/>\t\t\t\t\t\t\t\t<\/a>\n\t\t\t\t\t\t\t\t\t\t\t<figcaption class=\"widget-image-caption wp-caption-text\">wymiennik p\u0142aszczowo rurowy poziomy<\/figcaption>\n\t\t\t\t\t\t\t\t\t\t<\/figure>\n\t\t\t\t\t\t\t\t\t<\/div>\n\t\t\t\t<\/div>\n\t\t\t\t\t<\/div>\n\t\t<\/div>\n\t\t\t\t\t\t\t<\/div>\n\t\t<\/section>\n\t\t\t\t\t\t\t<\/div>\n\t\t","protected":false},"excerpt":{"rendered":"<p>Wymienniki ciep\u0142a typu rura w rurze Wymiennik WWZ Wymienniki p\u0142aszczowo rurowe Wymiennik p\u0142aszczowo rurowy wymiennik p\u0142aszczowo rurowy poziomy<\/p>\n","protected":false},"author":1,"featured_media":0,"parent":1037,"menu_order":0,"comment_status":"closed","ping_status":"closed","template":"elementor_theme","meta":{"footnotes":""},"class_list":["post-1047","page","type-page","status-publish","hentry"],"yoast_head":"<!-- This site is optimized with the Yoast SEO plugin v20.1 - https:\/\/yoast.com\/wordpress\/plugins\/seo\/ -->\n<title>Wymienniki ciep\u0142a - Instalacje Przemys\u0142owe<\/title>\n<meta name=\"description\" content=\"WYMIENNIKI WWZ s\u0105 typowymi wymiennikami rura w rurze zmodyfikowanymi dopotrzeb gorzelni.Wykonane sa ze stali 304 i \u0142\u0105czone z\u0142\u0105czem Triclamp\" \/>\n<meta name=\"robots\" content=\"index, follow, max-snippet:-1, max-image-preview:large, max-video-preview:-1\" \/>\n<link rel=\"canonical\" href=\"https:\/\/koma-brzeg.pl\/de\/uslugi\/wymienniki-ciepla\/\" \/>\n<meta property=\"og:locale\" content=\"de_DE\" \/>\n<meta property=\"og:type\" content=\"article\" \/>\n<meta property=\"og:title\" content=\"Wymienniki ciep\u0142a - Instalacje Przemys\u0142owe\" \/>\n<meta property=\"og:description\" content=\"WYMIENNIKI WWZ s\u0105 typowymi wymiennikami rura w rurze zmodyfikowanymi dopotrzeb gorzelni.Wykonane sa ze stali 304 i \u0142\u0105czone z\u0142\u0105czem Triclamp\" \/>\n<meta property=\"og:url\" content=\"https:\/\/koma-brzeg.pl\/de\/uslugi\/wymienniki-ciepla\/\" \/>\n<meta property=\"og:site_name\" content=\"Instalacje Przemys\u0142owe\" \/>\n<meta property=\"article:modified_time\" content=\"2023-04-12T12:45:47+00:00\" \/>\n<meta property=\"og:image\" content=\"https:\/\/koma-brzeg.pl\/wp-content\/uploads\/2023\/03\/Wymiennik_WWZ_4_5_wer_002_View-33_View-10-300x212.jpg\" \/>\n<meta name=\"twitter:card\" content=\"summary_large_image\" \/>\n<script type=\"application\/ld+json\" class=\"yoast-schema-graph\">{\"@context\":\"https:\/\/schema.org\",\"@graph\":[{\"@type\":\"WebPage\",\"@id\":\"https:\/\/koma-brzeg.pl\/de\/uslugi\/wymienniki-ciepla\/\",\"url\":\"https:\/\/koma-brzeg.pl\/de\/uslugi\/wymienniki-ciepla\/\",\"name\":\"Wymienniki ciep\u0142a - Instalacje Przemys\u0142owe\",\"isPartOf\":{\"@id\":\"https:\/\/koma-brzeg.pl\/#website\"},\"datePublished\":\"2022-11-03T09:27:14+00:00\",\"dateModified\":\"2023-04-12T12:45:47+00:00\",\"description\":\"WYMIENNIKI WWZ s\u0105 typowymi wymiennikami rura w rurze zmodyfikowanymi dopotrzeb gorzelni.Wykonane sa ze stali 304 i \u0142\u0105czone z\u0142\u0105czem Triclamp\",\"breadcrumb\":{\"@id\":\"https:\/\/koma-brzeg.pl\/de\/uslugi\/wymienniki-ciepla\/#breadcrumb\"},\"inLanguage\":\"de\",\"potentialAction\":[{\"@type\":\"ReadAction\",\"target\":[\"https:\/\/koma-brzeg.pl\/de\/uslugi\/wymienniki-ciepla\/\"]}]},{\"@type\":\"BreadcrumbList\",\"@id\":\"https:\/\/koma-brzeg.pl\/de\/uslugi\/wymienniki-ciepla\/#breadcrumb\",\"itemListElement\":[{\"@type\":\"ListItem\",\"position\":1,\"name\":\"Us\u0142ugi\",\"item\":\"https:\/\/koma-brzeg.pl\/de\/uslugi\/\"},{\"@type\":\"ListItem\",\"position\":2,\"name\":\"Wymienniki ciep\u0142a\"}]},{\"@type\":\"WebSite\",\"@id\":\"https:\/\/koma-brzeg.pl\/#website\",\"url\":\"https:\/\/koma-brzeg.pl\/\",\"name\":\"Instalacje Przemys\u0142owe\",\"description\":\"SPECJALISTYCZNY ZAK\u0141AD PRODUKCJI POMP I APARATURY PRZEMYS\u0141OWEJ\",\"potentialAction\":[{\"@type\":\"SearchAction\",\"target\":{\"@type\":\"EntryPoint\",\"urlTemplate\":\"https:\/\/koma-brzeg.pl\/?s={search_term_string}\"},\"query-input\":\"required name=search_term_string\"}],\"inLanguage\":\"de\"}]}<\/script>\n<!-- \/ Yoast SEO plugin. -->","yoast_head_json":{"title":"Wymienniki ciep\u0142a - Instalacje Przemys\u0142owe","description":"WYMIENNIKI WWZ s\u0105 typowymi wymiennikami rura w rurze zmodyfikowanymi dopotrzeb gorzelni.Wykonane sa ze stali 304 i \u0142\u0105czone z\u0142\u0105czem Triclamp","robots":{"index":"index","follow":"follow","max-snippet":"max-snippet:-1","max-image-preview":"max-image-preview:large","max-video-preview":"max-video-preview:-1"},"canonical":"https:\/\/koma-brzeg.pl\/de\/uslugi\/wymienniki-ciepla\/","og_locale":"de_DE","og_type":"article","og_title":"Wymienniki ciep\u0142a - Instalacje Przemys\u0142owe","og_description":"WYMIENNIKI WWZ s\u0105 typowymi wymiennikami rura w rurze zmodyfikowanymi dopotrzeb gorzelni.Wykonane sa ze stali 304 i \u0142\u0105czone z\u0142\u0105czem Triclamp","og_url":"https:\/\/koma-brzeg.pl\/de\/uslugi\/wymienniki-ciepla\/","og_site_name":"Instalacje Przemys\u0142owe","article_modified_time":"2023-04-12T12:45:47+00:00","og_image":[{"url":"https:\/\/koma-brzeg.pl\/wp-content\/uploads\/2023\/03\/Wymiennik_WWZ_4_5_wer_002_View-33_View-10-300x212.jpg"}],"twitter_card":"summary_large_image","schema":{"@context":"https:\/\/schema.org","@graph":[{"@type":"WebPage","@id":"https:\/\/koma-brzeg.pl\/de\/uslugi\/wymienniki-ciepla\/","url":"https:\/\/koma-brzeg.pl\/de\/uslugi\/wymienniki-ciepla\/","name":"Wymienniki ciep\u0142a - Instalacje Przemys\u0142owe","isPartOf":{"@id":"https:\/\/koma-brzeg.pl\/#website"},"datePublished":"2022-11-03T09:27:14+00:00","dateModified":"2023-04-12T12:45:47+00:00","description":"WYMIENNIKI WWZ s\u0105 typowymi wymiennikami rura w rurze zmodyfikowanymi dopotrzeb gorzelni.Wykonane sa ze stali 304 i \u0142\u0105czone z\u0142\u0105czem Triclamp","breadcrumb":{"@id":"https:\/\/koma-brzeg.pl\/de\/uslugi\/wymienniki-ciepla\/#breadcrumb"},"inLanguage":"de","potentialAction":[{"@type":"ReadAction","target":["https:\/\/koma-brzeg.pl\/de\/uslugi\/wymienniki-ciepla\/"]}]},{"@type":"BreadcrumbList","@id":"https:\/\/koma-brzeg.pl\/de\/uslugi\/wymienniki-ciepla\/#breadcrumb","itemListElement":[{"@type":"ListItem","position":1,"name":"Us\u0142ugi","item":"https:\/\/koma-brzeg.pl\/de\/uslugi\/"},{"@type":"ListItem","position":2,"name":"Wymienniki ciep\u0142a"}]},{"@type":"WebSite","@id":"https:\/\/koma-brzeg.pl\/#website","url":"https:\/\/koma-brzeg.pl\/","name":"Instalacje Przemys\u0142owe","description":"SPECJALISTYCZNY ZAK\u0141AD PRODUKCJI POMP I APARATURY PRZEMYS\u0141OWEJ","potentialAction":[{"@type":"SearchAction","target":{"@type":"EntryPoint","urlTemplate":"https:\/\/koma-brzeg.pl\/?s={search_term_string}"},"query-input":"required name=search_term_string"}],"inLanguage":"de"}]}},"_links":{"self":[{"href":"https:\/\/koma-brzeg.pl\/de\/wp-json\/wp\/v2\/pages\/1047","targetHints":{"allow":["GET"]}}],"collection":[{"href":"https:\/\/koma-brzeg.pl\/de\/wp-json\/wp\/v2\/pages"}],"about":[{"href":"https:\/\/koma-brzeg.pl\/de\/wp-json\/wp\/v2\/types\/page"}],"author":[{"embeddable":true,"href":"https:\/\/koma-brzeg.pl\/de\/wp-json\/wp\/v2\/users\/1"}],"replies":[{"embeddable":true,"href":"https:\/\/koma-brzeg.pl\/de\/wp-json\/wp\/v2\/comments?post=1047"}],"version-history":[{"count":4,"href":"https:\/\/koma-brzeg.pl\/de\/wp-json\/wp\/v2\/pages\/1047\/revisions"}],"predecessor-version":[{"id":2511,"href":"https:\/\/koma-brzeg.pl\/de\/wp-json\/wp\/v2\/pages\/1047\/revisions\/2511"}],"up":[{"embeddable":true,"href":"https:\/\/koma-brzeg.pl\/de\/wp-json\/wp\/v2\/pages\/1037"}],"wp:attachment":[{"href":"https:\/\/koma-brzeg.pl\/de\/wp-json\/wp\/v2\/media?parent=1047"}],"curies":[{"name":"wp","href":"https:\/\/api.w.org\/{rel}","templated":true}]}}