{"id":1037,"date":"2022-10-25T09:30:58","date_gmt":"2022-10-25T07:30:58","guid":{"rendered":"https:\/\/koma-brzeg.pl\/uslugi\/"},"modified":"2024-01-18T23:39:25","modified_gmt":"2024-01-18T22:39:25","slug":"uslugi","status":"publish","type":"page","link":"https:\/\/koma-brzeg.pl\/de\/uslugi\/","title":{"rendered":"Us\u0142ugi"},"content":{"rendered":"\t\t<div data-elementor-type=\"wp-page\" data-elementor-id=\"1037\" class=\"elementor elementor-1037 elementor-235\">\n\t\t\t\t\t\t\t\t\t<section class=\"elementor-section elementor-top-section elementor-element elementor-element-7fc14f5 elementor-section-boxed elementor-section-height-default elementor-section-height-default\" data-id=\"7fc14f5\" data-element_type=\"section\">\n\t\t\t\t\t\t<div class=\"elementor-container elementor-column-gap-default\">\n\t\t\t\t\t<div class=\"elementor-column elementor-col-100 elementor-top-column elementor-element elementor-element-6808269\" data-id=\"6808269\" data-element_type=\"column\">\n\t\t\t<div class=\"elementor-widget-wrap elementor-element-populated\">\n\t\t\t\t\t\t\t\t<div class=\"elementor-element elementor-element-b780d8f elementor-widget elementor-widget-heading\" data-id=\"b780d8f\" data-element_type=\"widget\" data-widget_type=\"heading.default\">\n\t\t\t\t<div class=\"elementor-widget-container\">\n\t\t\t<style>\/*! elementor - v3.12.0 - 29-03-2023 *\/\n.elementor-heading-title{padding:0;margin:0;line-height:1}.elementor-widget-heading .elementor-heading-title[class*=elementor-size-]>a{color:inherit;font-size:inherit;line-height:inherit}.elementor-widget-heading .elementor-heading-title.elementor-size-small{font-size:15px}.elementor-widget-heading .elementor-heading-title.elementor-size-medium{font-size:19px}.elementor-widget-heading .elementor-heading-title.elementor-size-large{font-size:29px}.elementor-widget-heading .elementor-heading-title.elementor-size-xl{font-size:39px}.elementor-widget-heading .elementor-heading-title.elementor-size-xxl{font-size:59px}<\/style><h2 class=\"elementor-heading-title elementor-size-default\">Us\u0142ugi<\/h2>\t\t<\/div>\n\t\t\t\t<\/div>\n\t\t\t\t\t<\/div>\n\t\t<\/div>\n\t\t\t\t\t\t\t<\/div>\n\t\t<\/section>\n\t\t\t\t<section class=\"elementor-section elementor-top-section elementor-element elementor-element-b3911cd elementor-section-boxed elementor-section-height-default elementor-section-height-default\" data-id=\"b3911cd\" data-element_type=\"section\">\n\t\t\t\t\t\t<div class=\"elementor-container elementor-column-gap-default\">\n\t\t\t\t\t<div class=\"elementor-column elementor-col-100 elementor-top-column elementor-element elementor-element-948d189\" data-id=\"948d189\" data-element_type=\"column\">\n\t\t\t<div class=\"elementor-widget-wrap elementor-element-populated\">\n\t\t\t\t\t\t\t\t<div class=\"elementor-element elementor-element-2b6db0d elementor-widget elementor-widget-text-editor\" data-id=\"2b6db0d\" data-element_type=\"widget\" data-widget_type=\"text-editor.default\">\n\t\t\t\t<div class=\"elementor-widget-container\">\n\t\t\t<style>\/*! elementor - v3.12.0 - 29-03-2023 *\/\n.elementor-widget-text-editor.elementor-drop-cap-view-stacked .elementor-drop-cap{background-color:#69727d;color:#fff}.elementor-widget-text-editor.elementor-drop-cap-view-framed .elementor-drop-cap{color:#69727d;border:3px solid;background-color:transparent}.elementor-widget-text-editor:not(.elementor-drop-cap-view-default) .elementor-drop-cap{margin-top:8px}.elementor-widget-text-editor:not(.elementor-drop-cap-view-default) .elementor-drop-cap-letter{width:1em;height:1em}.elementor-widget-text-editor .elementor-drop-cap{float:left;text-align:center;line-height:1;font-size:50px}.elementor-widget-text-editor .elementor-drop-cap-letter{display:inline-block}<\/style>\t\t\t\t<p>Z ogromnym zasobem do\u015bwiadczenia w bran\u017cy nasz zak\u0142ad wykonuje kompleksowe us\u0142ugi w zakresie realizacji inwestycji obiekt\u00f3w przemys\u0142owych, a w szczeg\u00f3lno\u015bci gorzelni, uk\u0142ad\u00f3w destylacji, pompowni, zbiornik\u00f3w itp. Rozbudowana baza produkcyjna i szeroki wachlarz kooperant\u00f3w pozwalaj\u0105 nam zrealizowa\u0107 ka\u017cdy projekt, nawet te o nietypowym lub innowacyjnym profilu.<\/p><p>\u00a0Dysponujemy szerokim spektrum sprz\u0119tu, takim jak;<\/p><ol><li>Tokarki CNC ,w tym wielowrzecionowe<\/li><li>Frezarki CNC w tym 4-osiowe<\/li><li>Tokarki klasyczne d\u0142ugo\u015b\u0107 toczenia do 3000mm \u015brednica do 800mm<\/li><li>Tokarka karuzelowa \u015brednica toczenia do 1600mm<\/li><li>Wiertarki promieniowe<\/li><li>Walcarka do blach ,czterowalcowa d\u0142ugo\u015b\u0107 2500mm<\/li><li>Zwijarka do profili<\/li><li>Prasa kraw\u0119dziowa 100t 3000mm<\/li><li>No\u017cyce gilotynowe 3000mm<\/li><li>Waterjet do ciecia wod\u0105 materia\u0142\u00f3w o grubo\u015bci do 100mm<\/li><li>Wycinarka plazmowa z osi\u0105 obrotow\u0105<\/li><li>Wyoblarka do dennic \u015brednica do 3000mm<\/li><li>Urz\u0105dzenia do obr\u00f3bki strumieniowo-\u015bciernej<\/li><li>Spawarki MIG TIG ,LASER<\/li><\/ol><p>Posiadamy du\u017ce do\u015bwiadczenie w spawaniu i lutowaniu wszelkiego typu metali pocz\u0105wszy od stali w\u0119glowych po kwasoodporne, miedzi i jej stop\u00f3w, aluminium itd<\/p>\t\t\t\t\t\t<\/div>\n\t\t\t\t<\/div>\n\t\t\t\t<div class=\"elementor-element elementor-element-94a1400 elementor-widget elementor-widget-image\" data-id=\"94a1400\" data-element_type=\"widget\" data-widget_type=\"image.default\">\n\t\t\t\t<div class=\"elementor-widget-container\">\n\t\t\t<style>\/*! elementor - v3.12.0 - 29-03-2023 *\/\n.elementor-widget-image{text-align:center}.elementor-widget-image a{display:inline-block}.elementor-widget-image a img[src$=\".svg\"]{width:48px}.elementor-widget-image img{vertical-align:middle;display:inline-block}<\/style>\t\t\t\t\t\t\t\t\t\t\t\t<img decoding=\"async\" width=\"640\" height=\"480\" src=\"https:\/\/koma-brzeg.pl\/wp-content\/uploads\/2022\/10\/PICT8822.jpg\" class=\"attachment-large size-large wp-image-830\" alt=\"\" srcset=\"https:\/\/koma-brzeg.pl\/wp-content\/uploads\/2022\/10\/PICT8822.jpg 640w, https:\/\/koma-brzeg.pl\/wp-content\/uploads\/2022\/10\/PICT8822-300x225.jpg 300w\" sizes=\"(max-width: 640px) 100vw, 640px\" \/>\t\t\t\t\t\t\t\t\t\t\t\t\t\t\t<\/div>\n\t\t\t\t<\/div>\n\t\t\t\t<div class=\"elementor-element elementor-element-fa28b27 elementor-widget elementor-widget-video\" data-id=\"fa28b27\" data-element_type=\"widget\" data-settings=\"{&quot;video_type&quot;:&quot;hosted&quot;,&quot;mute&quot;:&quot;yes&quot;,&quot;controls&quot;:&quot;yes&quot;}\" data-widget_type=\"video.default\">\n\t\t\t\t<div class=\"elementor-widget-container\">\n\t\t\t<style>\/*! elementor - v3.12.0 - 29-03-2023 *\/\n.elementor-widget-video .elementor-widget-container{overflow:hidden;transform:translateZ(0)}.elementor-widget-video .elementor-wrapper iframe,.elementor-widget-video .elementor-wrapper video{height:100%;width:100%;display:flex;border:none;background-color:#000}.elementor-widget-video .elementor-open-inline .elementor-custom-embed-image-overlay{position:absolute;top:0;left:0;width:100%;height:100%;background-size:cover;background-position:50%}.elementor-widget-video .elementor-custom-embed-image-overlay{cursor:pointer;text-align:center}.elementor-widget-video .elementor-custom-embed-image-overlay:hover .elementor-custom-embed-play i{opacity:1}.elementor-widget-video .elementor-custom-embed-image-overlay img{display:block;width:100%}.elementor-widget-video .e-hosted-video .elementor-video{-o-object-fit:cover;object-fit:cover}.e-con-inner>.elementor-widget-video,.e-con>.elementor-widget-video{width:var(--container-widget-width);--flex-grow:var(--container-widget-flex-grow)}<\/style>\t\t<div class=\"e-hosted-video elementor-wrapper elementor-open-inline\">\n\t\t\t\t\t<video class=\"elementor-video\" src=\"https:\/\/koma-brzeg.pl\/wp-content\/uploads\/2024\/01\/Download-2.mp4\" controls=\"\" preload=\"metadata\" muted=\"muted\" controlsList=\"nodownload\"><\/video>\n\t\t\t\t<\/div>\n\t\t\t\t<\/div>\n\t\t\t\t<\/div>\n\t\t\t\t<div class=\"elementor-element elementor-element-8e346ce elementor-widget elementor-widget-video\" data-id=\"8e346ce\" data-element_type=\"widget\" data-settings=\"{&quot;video_type&quot;:&quot;hosted&quot;,&quot;mute&quot;:&quot;yes&quot;,&quot;controls&quot;:&quot;yes&quot;}\" data-widget_type=\"video.default\">\n\t\t\t\t<div class=\"elementor-widget-container\">\n\t\t\t\t\t<div class=\"e-hosted-video elementor-wrapper elementor-open-inline\">\n\t\t\t\t\t<video class=\"elementor-video\" src=\"https:\/\/koma-brzeg.pl\/wp-content\/uploads\/2024\/01\/Download-1.mp4\" controls=\"\" preload=\"metadata\" muted=\"muted\" controlsList=\"nodownload\"><\/video>\n\t\t\t\t<\/div>\n\t\t\t\t<\/div>\n\t\t\t\t<\/div>\n\t\t\t\t\t<\/div>\n\t\t<\/div>\n\t\t\t\t\t\t\t<\/div>\n\t\t<\/section>\n\t\t\t\t\t\t\t<\/div>\n\t\t","protected":false},"excerpt":{"rendered":"<p>Us\u0142ugi Z ogromnym zasobem do\u015bwiadczenia w bran\u017cy nasz zak\u0142ad wykonuje kompleksowe us\u0142ugi w zakresie realizacji inwestycji obiekt\u00f3w przemys\u0142owych, a w szczeg\u00f3lno\u015bci gorzelni, uk\u0142ad\u00f3w destylacji, pompowni, zbiornik\u00f3w itp. Rozbudowana baza produkcyjna i szeroki wachlarz kooperant\u00f3w pozwalaj\u0105 nam zrealizowa\u0107 ka\u017cdy projekt, nawet te o nietypowym lub innowacyjnym profilu. \u00a0Dysponujemy szerokim spektrum sprz\u0119tu, takim jak; Tokarki CNC ,w [&hellip;]<\/p>\n","protected":false},"author":1,"featured_media":0,"parent":0,"menu_order":0,"comment_status":"closed","ping_status":"closed","template":"elementor_theme","meta":{"footnotes":""},"class_list":["post-1037","page","type-page","status-publish","hentry"],"yoast_head":"<!-- This site is optimized with the Yoast SEO plugin v20.1 - https:\/\/yoast.com\/wordpress\/plugins\/seo\/ -->\n<title>Us\u0142ugi - Instalacje Przemys\u0142owe<\/title>\n<meta name=\"robots\" content=\"index, follow, max-snippet:-1, max-image-preview:large, max-video-preview:-1\" \/>\n<link rel=\"canonical\" href=\"https:\/\/koma-brzeg.pl\/de\/uslugi\/\" \/>\n<meta property=\"og:locale\" content=\"de_DE\" \/>\n<meta property=\"og:type\" content=\"article\" \/>\n<meta property=\"og:title\" content=\"Us\u0142ugi - Instalacje Przemys\u0142owe\" \/>\n<meta property=\"og:description\" content=\"Us\u0142ugi Z ogromnym zasobem do\u015bwiadczenia w bran\u017cy nasz zak\u0142ad wykonuje kompleksowe us\u0142ugi w zakresie realizacji inwestycji obiekt\u00f3w przemys\u0142owych, a w szczeg\u00f3lno\u015bci gorzelni, uk\u0142ad\u00f3w destylacji, pompowni, zbiornik\u00f3w itp. Rozbudowana baza produkcyjna i szeroki wachlarz kooperant\u00f3w pozwalaj\u0105 nam zrealizowa\u0107 ka\u017cdy projekt, nawet te o nietypowym lub innowacyjnym profilu. \u00a0Dysponujemy szerokim spektrum sprz\u0119tu, takim jak; Tokarki CNC ,w [&hellip;]\" \/>\n<meta property=\"og:url\" content=\"https:\/\/koma-brzeg.pl\/de\/uslugi\/\" \/>\n<meta property=\"og:site_name\" content=\"Instalacje Przemys\u0142owe\" \/>\n<meta property=\"article:modified_time\" content=\"2024-01-18T22:39:25+00:00\" \/>\n<meta property=\"og:image\" content=\"https:\/\/koma-brzeg.pl\/wp-content\/uploads\/2022\/10\/PICT8822.jpg\" \/>\n<meta name=\"twitter:card\" content=\"summary_large_image\" \/>\n<meta name=\"twitter:label1\" content=\"Gesch\u00e4tzte Lesezeit\" \/>\n\t<meta name=\"twitter:data1\" content=\"1\u00a0Minute\" \/>\n<script type=\"application\/ld+json\" class=\"yoast-schema-graph\">{\"@context\":\"https:\/\/schema.org\",\"@graph\":[{\"@type\":\"WebPage\",\"@id\":\"https:\/\/koma-brzeg.pl\/de\/uslugi\/\",\"url\":\"https:\/\/koma-brzeg.pl\/de\/uslugi\/\",\"name\":\"Us\u0142ugi - Instalacje Przemys\u0142owe\",\"isPartOf\":{\"@id\":\"https:\/\/koma-brzeg.pl\/#website\"},\"datePublished\":\"2022-10-25T07:30:58+00:00\",\"dateModified\":\"2024-01-18T22:39:25+00:00\",\"inLanguage\":\"de\",\"potentialAction\":[{\"@type\":\"ReadAction\",\"target\":[\"https:\/\/koma-brzeg.pl\/de\/uslugi\/\"]}]},{\"@type\":\"WebSite\",\"@id\":\"https:\/\/koma-brzeg.pl\/#website\",\"url\":\"https:\/\/koma-brzeg.pl\/\",\"name\":\"Instalacje Przemys\u0142owe\",\"description\":\"SPECJALISTYCZNY ZAK\u0141AD PRODUKCJI POMP I APARATURY PRZEMYS\u0141OWEJ\",\"potentialAction\":[{\"@type\":\"SearchAction\",\"target\":{\"@type\":\"EntryPoint\",\"urlTemplate\":\"https:\/\/koma-brzeg.pl\/?s={search_term_string}\"},\"query-input\":\"required name=search_term_string\"}],\"inLanguage\":\"de\"}]}<\/script>\n<!-- \/ Yoast SEO plugin. -->","yoast_head_json":{"title":"Us\u0142ugi - Instalacje Przemys\u0142owe","robots":{"index":"index","follow":"follow","max-snippet":"max-snippet:-1","max-image-preview":"max-image-preview:large","max-video-preview":"max-video-preview:-1"},"canonical":"https:\/\/koma-brzeg.pl\/de\/uslugi\/","og_locale":"de_DE","og_type":"article","og_title":"Us\u0142ugi - Instalacje Przemys\u0142owe","og_description":"Us\u0142ugi Z ogromnym zasobem do\u015bwiadczenia w bran\u017cy nasz zak\u0142ad wykonuje kompleksowe us\u0142ugi w zakresie realizacji inwestycji obiekt\u00f3w przemys\u0142owych, a w szczeg\u00f3lno\u015bci gorzelni, uk\u0142ad\u00f3w destylacji, pompowni, zbiornik\u00f3w itp. Rozbudowana baza produkcyjna i szeroki wachlarz kooperant\u00f3w pozwalaj\u0105 nam zrealizowa\u0107 ka\u017cdy projekt, nawet te o nietypowym lub innowacyjnym profilu. \u00a0Dysponujemy szerokim spektrum sprz\u0119tu, takim jak; Tokarki CNC ,w [&hellip;]","og_url":"https:\/\/koma-brzeg.pl\/de\/uslugi\/","og_site_name":"Instalacje Przemys\u0142owe","article_modified_time":"2024-01-18T22:39:25+00:00","og_image":[{"url":"https:\/\/koma-brzeg.pl\/wp-content\/uploads\/2022\/10\/PICT8822.jpg"}],"twitter_card":"summary_large_image","twitter_misc":{"Gesch\u00e4tzte Lesezeit":"1\u00a0Minute"},"schema":{"@context":"https:\/\/schema.org","@graph":[{"@type":"WebPage","@id":"https:\/\/koma-brzeg.pl\/de\/uslugi\/","url":"https:\/\/koma-brzeg.pl\/de\/uslugi\/","name":"Us\u0142ugi - Instalacje Przemys\u0142owe","isPartOf":{"@id":"https:\/\/koma-brzeg.pl\/#website"},"datePublished":"2022-10-25T07:30:58+00:00","dateModified":"2024-01-18T22:39:25+00:00","inLanguage":"de","potentialAction":[{"@type":"ReadAction","target":["https:\/\/koma-brzeg.pl\/de\/uslugi\/"]}]},{"@type":"WebSite","@id":"https:\/\/koma-brzeg.pl\/#website","url":"https:\/\/koma-brzeg.pl\/","name":"Instalacje Przemys\u0142owe","description":"SPECJALISTYCZNY ZAK\u0141AD PRODUKCJI POMP I APARATURY PRZEMYS\u0141OWEJ","potentialAction":[{"@type":"SearchAction","target":{"@type":"EntryPoint","urlTemplate":"https:\/\/koma-brzeg.pl\/?s={search_term_string}"},"query-input":"required name=search_term_string"}],"inLanguage":"de"}]}},"_links":{"self":[{"href":"https:\/\/koma-brzeg.pl\/de\/wp-json\/wp\/v2\/pages\/1037","targetHints":{"allow":["GET"]}}],"collection":[{"href":"https:\/\/koma-brzeg.pl\/de\/wp-json\/wp\/v2\/pages"}],"about":[{"href":"https:\/\/koma-brzeg.pl\/de\/wp-json\/wp\/v2\/types\/page"}],"author":[{"embeddable":true,"href":"https:\/\/koma-brzeg.pl\/de\/wp-json\/wp\/v2\/users\/1"}],"replies":[{"embeddable":true,"href":"https:\/\/koma-brzeg.pl\/de\/wp-json\/wp\/v2\/comments?post=1037"}],"version-history":[{"count":21,"href":"https:\/\/koma-brzeg.pl\/de\/wp-json\/wp\/v2\/pages\/1037\/revisions"}],"predecessor-version":[{"id":3158,"href":"https:\/\/koma-brzeg.pl\/de\/wp-json\/wp\/v2\/pages\/1037\/revisions\/3158"}],"wp:attachment":[{"href":"https:\/\/koma-brzeg.pl\/de\/wp-json\/wp\/v2\/media?parent=1037"}],"curies":[{"name":"wp","href":"https:\/\/api.w.org\/{rel}","templated":true}]}}