{"id":1034,"date":"2022-11-03T11:04:42","date_gmt":"2022-11-03T10:04:42","guid":{"rendered":"https:\/\/koma-brzeg.pl\/produkty\/"},"modified":"2023-05-08T08:50:35","modified_gmt":"2023-05-08T06:50:35","slug":"produkty","status":"publish","type":"page","link":"https:\/\/koma-brzeg.pl\/de\/produkty\/","title":{"rendered":"Produkty"},"content":{"rendered":"\t\t<div data-elementor-type=\"wp-page\" data-elementor-id=\"1034\" class=\"elementor elementor-1034 elementor-509\">\n\t\t\t\t\t\t\t\t\t<section class=\"elementor-section elementor-top-section elementor-element elementor-element-c2d1150 elementor-section-boxed elementor-section-height-default elementor-section-height-default\" data-id=\"c2d1150\" data-element_type=\"section\">\n\t\t\t\t\t\t<div class=\"elementor-container elementor-column-gap-default\">\n\t\t\t\t\t<div class=\"elementor-column elementor-col-100 elementor-top-column elementor-element elementor-element-7e6ae25\" data-id=\"7e6ae25\" data-element_type=\"column\">\n\t\t\t<div class=\"elementor-widget-wrap elementor-element-populated\">\n\t\t\t\t\t\t\t\t<div class=\"elementor-element elementor-element-f091e0f elementor-widget elementor-widget-heading\" data-id=\"f091e0f\" data-element_type=\"widget\" data-widget_type=\"heading.default\">\n\t\t\t\t<div class=\"elementor-widget-container\">\n\t\t\t<style>\/*! elementor - v3.12.0 - 29-03-2023 *\/\n.elementor-heading-title{padding:0;margin:0;line-height:1}.elementor-widget-heading .elementor-heading-title[class*=elementor-size-]>a{color:inherit;font-size:inherit;line-height:inherit}.elementor-widget-heading .elementor-heading-title.elementor-size-small{font-size:15px}.elementor-widget-heading .elementor-heading-title.elementor-size-medium{font-size:19px}.elementor-widget-heading .elementor-heading-title.elementor-size-large{font-size:29px}.elementor-widget-heading .elementor-heading-title.elementor-size-xl{font-size:39px}.elementor-widget-heading .elementor-heading-title.elementor-size-xxl{font-size:59px}<\/style><h2 class=\"elementor-heading-title elementor-size-large\">Nasze produkty<\/h2>\t\t<\/div>\n\t\t\t\t<\/div>\n\t\t\t\t<section class=\"elementor-section elementor-inner-section elementor-element elementor-element-00cba70 elementor-section-boxed elementor-section-height-default elementor-section-height-default\" data-id=\"00cba70\" data-element_type=\"section\">\n\t\t\t\t\t\t<div class=\"elementor-container elementor-column-gap-default\">\n\t\t\t\t\t<div class=\"elementor-column elementor-col-50 elementor-inner-column elementor-element elementor-element-b5e69b1\" data-id=\"b5e69b1\" data-element_type=\"column\">\n\t\t\t<div class=\"elementor-widget-wrap elementor-element-populated\">\n\t\t\t\t\t\t\t\t<div class=\"elementor-element elementor-element-11c4100 elementor-widget elementor-widget-heading\" data-id=\"11c4100\" data-element_type=\"widget\" data-widget_type=\"heading.default\">\n\t\t\t\t<div class=\"elementor-widget-container\">\n\t\t\t<h1 class=\"elementor-heading-title elementor-size-medium\">Pompy<\/h1>\t\t<\/div>\n\t\t\t\t<\/div>\n\t\t\t\t<div class=\"elementor-element elementor-element-23a82bd elementor-widget elementor-widget-image\" data-id=\"23a82bd\" data-element_type=\"widget\" data-widget_type=\"image.default\">\n\t\t\t\t<div class=\"elementor-widget-container\">\n\t\t\t<style>\/*! elementor - v3.12.0 - 29-03-2023 *\/\n.elementor-widget-image{text-align:center}.elementor-widget-image a{display:inline-block}.elementor-widget-image a img[src$=\".svg\"]{width:48px}.elementor-widget-image img{vertical-align:middle;display:inline-block}<\/style>\t\t\t\t\t\t\t\t\t\t\t\t\t<a href=\"https:\/\/koma-brzeg.pl\/uslugi\/pompy\">\n\t\t\t\t\t\t\t<img decoding=\"async\" width=\"300\" height=\"225\" src=\"https:\/\/koma-brzeg.pl\/wp-content\/uploads\/2022\/11\/Pompy_400x300-300x225.jpg\" class=\"attachment-medium size-medium wp-image-882\" alt=\"\" srcset=\"https:\/\/koma-brzeg.pl\/wp-content\/uploads\/2022\/11\/Pompy_400x300-300x225.jpg 300w, https:\/\/koma-brzeg.pl\/wp-content\/uploads\/2022\/11\/Pompy_400x300.jpg 448w\" sizes=\"(max-width: 300px) 100vw, 300px\" \/>\t\t\t\t\t\t\t\t<\/a>\n\t\t\t\t\t\t\t\t\t\t\t\t\t\t\t<\/div>\n\t\t\t\t<\/div>\n\t\t\t\t\t<\/div>\n\t\t<\/div>\n\t\t\t\t<div class=\"elementor-column elementor-col-50 elementor-inner-column elementor-element elementor-element-3e380ab\" data-id=\"3e380ab\" data-element_type=\"column\">\n\t\t\t<div class=\"elementor-widget-wrap elementor-element-populated\">\n\t\t\t\t\t\t\t\t<div class=\"elementor-element elementor-element-68d6306 elementor-widget elementor-widget-heading\" data-id=\"68d6306\" data-element_type=\"widget\" data-widget_type=\"heading.default\">\n\t\t\t\t<div class=\"elementor-widget-container\">\n\t\t\t<h2 class=\"elementor-heading-title elementor-size-medium\">Mieszad\u0142a<\/h2>\t\t<\/div>\n\t\t\t\t<\/div>\n\t\t\t\t<div class=\"elementor-element elementor-element-4bcca69 elementor-widget elementor-widget-image\" data-id=\"4bcca69\" data-element_type=\"widget\" data-widget_type=\"image.default\">\n\t\t\t\t<div class=\"elementor-widget-container\">\n\t\t\t\t\t\t\t\t\t\t\t\t\t\t\t\t<a href=\"https:\/\/koma-brzeg.pl\/uslugi\/mieszadla\">\n\t\t\t\t\t\t\t<img decoding=\"async\" width=\"300\" height=\"225\" src=\"https:\/\/koma-brzeg.pl\/wp-content\/uploads\/2022\/11\/mieszadla_400x300-300x225.jpg\" class=\"attachment-medium size-medium wp-image-880\" alt=\"\" srcset=\"https:\/\/koma-brzeg.pl\/wp-content\/uploads\/2022\/11\/mieszadla_400x300-300x225.jpg 300w, https:\/\/koma-brzeg.pl\/wp-content\/uploads\/2022\/11\/mieszadla_400x300.jpg 448w\" sizes=\"(max-width: 300px) 100vw, 300px\" \/>\t\t\t\t\t\t\t\t<\/a>\n\t\t\t\t\t\t\t\t\t\t\t\t\t\t\t<\/div>\n\t\t\t\t<\/div>\n\t\t\t\t\t<\/div>\n\t\t<\/div>\n\t\t\t\t\t\t\t<\/div>\n\t\t<\/section>\n\t\t\t\t<section class=\"elementor-section elementor-inner-section elementor-element elementor-element-6a04e9d elementor-section-boxed elementor-section-height-default elementor-section-height-default\" data-id=\"6a04e9d\" data-element_type=\"section\">\n\t\t\t\t\t\t<div class=\"elementor-container elementor-column-gap-default\">\n\t\t\t\t\t<div class=\"elementor-column elementor-col-50 elementor-inner-column elementor-element elementor-element-d402e09\" data-id=\"d402e09\" data-element_type=\"column\">\n\t\t\t<div class=\"elementor-widget-wrap elementor-element-populated\">\n\t\t\t\t\t\t\t\t<div class=\"elementor-element elementor-element-f8d5798 elementor-widget elementor-widget-heading\" data-id=\"f8d5798\" data-element_type=\"widget\" data-widget_type=\"heading.default\">\n\t\t\t\t<div class=\"elementor-widget-container\">\n\t\t\t<h2 class=\"elementor-heading-title elementor-size-medium\">Kolumny Destylacyjne<\/h2>\t\t<\/div>\n\t\t\t\t<\/div>\n\t\t\t\t<div class=\"elementor-element elementor-element-49430f6 elementor-widget elementor-widget-image\" data-id=\"49430f6\" data-element_type=\"widget\" data-widget_type=\"image.default\">\n\t\t\t\t<div class=\"elementor-widget-container\">\n\t\t\t\t\t\t\t\t\t\t\t\t\t\t\t\t<a href=\"https:\/\/koma-brzeg.pl\/uslugi\/kolumny-destylacyjne\/\">\n\t\t\t\t\t\t\t<img decoding=\"async\" width=\"300\" height=\"225\" src=\"https:\/\/koma-brzeg.pl\/wp-content\/uploads\/2022\/11\/Kolumny_KD_400x300-300x225.jpg\" class=\"attachment-medium size-medium wp-image-878\" alt=\"Kolumny serii 800, 1000, 1100\" srcset=\"https:\/\/koma-brzeg.pl\/wp-content\/uploads\/2022\/11\/Kolumny_KD_400x300-300x225.jpg 300w, https:\/\/koma-brzeg.pl\/wp-content\/uploads\/2022\/11\/Kolumny_KD_400x300.jpg 400w\" sizes=\"(max-width: 300px) 100vw, 300px\" \/>\t\t\t\t\t\t\t\t<\/a>\n\t\t\t\t\t\t\t\t\t\t\t\t\t\t\t<\/div>\n\t\t\t\t<\/div>\n\t\t\t\t\t<\/div>\n\t\t<\/div>\n\t\t\t\t<div class=\"elementor-column elementor-col-50 elementor-inner-column elementor-element elementor-element-40411e8\" data-id=\"40411e8\" data-element_type=\"column\">\n\t\t\t<div class=\"elementor-widget-wrap elementor-element-populated\">\n\t\t\t\t\t\t\t\t<div class=\"elementor-element elementor-element-8debd0e elementor-widget elementor-widget-heading\" data-id=\"8debd0e\" data-element_type=\"widget\" data-widget_type=\"heading.default\">\n\t\t\t\t<div class=\"elementor-widget-container\">\n\t\t\t<h2 class=\"elementor-heading-title elementor-size-medium\">Przeno\u015bniki Wst\u0119gowe<\/h2>\t\t<\/div>\n\t\t\t\t<\/div>\n\t\t\t\t<div class=\"elementor-element elementor-element-e86b37f elementor-widget elementor-widget-image\" data-id=\"e86b37f\" data-element_type=\"widget\" data-widget_type=\"image.default\">\n\t\t\t\t<div class=\"elementor-widget-container\">\n\t\t\t\t\t\t\t\t\t\t\t\t\t\t\t\t<a href=\"https:\/\/koma-brzeg.pl\/uslugi\/przenosniki-wstegowe\/przenosnik-wstegowy-pwe-60-70-100\/\">\n\t\t\t\t\t\t\t<img decoding=\"async\" width=\"201\" height=\"300\" src=\"https:\/\/koma-brzeg.pl\/wp-content\/uploads\/2022\/11\/ppodajnik_400_300-201x300.png\" class=\"attachment-medium size-medium wp-image-884\" alt=\"\" srcset=\"https:\/\/koma-brzeg.pl\/wp-content\/uploads\/2022\/11\/ppodajnik_400_300-201x300.png 201w, https:\/\/koma-brzeg.pl\/wp-content\/uploads\/2022\/11\/ppodajnik_400_300.png 300w\" sizes=\"(max-width: 201px) 100vw, 201px\" \/>\t\t\t\t\t\t\t\t<\/a>\n\t\t\t\t\t\t\t\t\t\t\t\t\t\t\t<\/div>\n\t\t\t\t<\/div>\n\t\t\t\t\t<\/div>\n\t\t<\/div>\n\t\t\t\t\t\t\t<\/div>\n\t\t<\/section>\n\t\t\t\t<section class=\"elementor-section elementor-inner-section elementor-element elementor-element-87d2d79 elementor-section-boxed elementor-section-height-default elementor-section-height-default\" data-id=\"87d2d79\" data-element_type=\"section\">\n\t\t\t\t\t\t<div class=\"elementor-container elementor-column-gap-default\">\n\t\t\t\t\t<div class=\"elementor-column elementor-col-50 elementor-inner-column elementor-element elementor-element-8a24e0c\" data-id=\"8a24e0c\" data-element_type=\"column\">\n\t\t\t<div class=\"elementor-widget-wrap elementor-element-populated\">\n\t\t\t\t\t\t\t\t<div class=\"elementor-element elementor-element-609e021 elementor-widget elementor-widget-heading\" data-id=\"609e021\" data-element_type=\"widget\" data-widget_type=\"heading.default\">\n\t\t\t\t<div class=\"elementor-widget-container\">\n\t\t\t<h2 class=\"elementor-heading-title elementor-size-medium\"><h2 data-elementor-setting-key=\"title\" data-pen-placeholder=\"Pisz tutaj...\" style=\"font-family: Verdana, sans-serif; font-weight: var( --e-global-typography-text-font-weight );\"><span style=\"color: var( --e-global-color-text ); font-family: var( --e-global-typography-text-font-family ), Sans-serif; font-size: 19px; font-weight: var( --e-global-typography-text-font-weight ); background-color: var( --e-global-color-4789b68 ); letter-spacing: var( --e-global-typography-1946e70-letter-spacing ); word-spacing: var( --e-global-typography-1946e70-word-spacing );\">Zbiorniki Akcyzowe<\/span><\/h2><\/h2>\t\t<\/div>\n\t\t\t\t<\/div>\n\t\t\t\t<div class=\"elementor-element elementor-element-72b2562 elementor-widget elementor-widget-image\" data-id=\"72b2562\" data-element_type=\"widget\" data-widget_type=\"image.default\">\n\t\t\t\t<div class=\"elementor-widget-container\">\n\t\t\t\t\t\t\t\t\t\t\t\t\t\t\t\t<a href=\"https:\/\/koma-brzeg.pl\/uslugi\/zbiorniki-akcyzowe\/\">\n\t\t\t\t\t\t\t<img decoding=\"async\" width=\"713\" height=\"673\" src=\"https:\/\/koma-brzeg.pl\/wp-content\/uploads\/2023\/04\/zbiorniki_akcyzowe.jpg\" class=\"attachment-medium_large size-medium_large wp-image-2566\" alt=\"zbiorniki akcyzowe\" srcset=\"https:\/\/koma-brzeg.pl\/wp-content\/uploads\/2023\/04\/zbiorniki_akcyzowe.jpg 713w, https:\/\/koma-brzeg.pl\/wp-content\/uploads\/2023\/04\/zbiorniki_akcyzowe-300x283.jpg 300w\" sizes=\"(max-width: 713px) 100vw, 713px\" \/>\t\t\t\t\t\t\t\t<\/a>\n\t\t\t\t\t\t\t\t\t\t\t\t\t\t\t<\/div>\n\t\t\t\t<\/div>\n\t\t\t\t\t<\/div>\n\t\t<\/div>\n\t\t\t\t<div class=\"elementor-column elementor-col-50 elementor-inner-column elementor-element elementor-element-1f402a0\" data-id=\"1f402a0\" data-element_type=\"column\">\n\t\t\t<div class=\"elementor-widget-wrap elementor-element-populated\">\n\t\t\t\t\t\t\t\t<div class=\"elementor-element elementor-element-2bb378d elementor-widget elementor-widget-heading\" data-id=\"2bb378d\" data-element_type=\"widget\" data-widget_type=\"heading.default\">\n\t\t\t\t<div class=\"elementor-widget-container\">\n\t\t\t<h2 class=\"elementor-heading-title elementor-size-medium\">Armatura i Aparatura Pomocnicza<\/h2>\t\t<\/div>\n\t\t\t\t<\/div>\n\t\t\t\t<div class=\"elementor-element elementor-element-1e7d61f elementor-widget elementor-widget-image\" data-id=\"1e7d61f\" data-element_type=\"widget\" data-widget_type=\"image.default\">\n\t\t\t\t<div class=\"elementor-widget-container\">\n\t\t\t\t\t\t\t\t\t\t\t\t\t\t\t<img decoding=\"async\" width=\"241\" height=\"181\" src=\"https:\/\/koma-brzeg.pl\/wp-content\/uploads\/2022\/11\/Aparatura_i_armatura_pozostala_400x300.jpg\" class=\"attachment-large size-large wp-image-876\" alt=\"\" \/>\t\t\t\t\t\t\t\t\t\t\t\t\t\t\t<\/div>\n\t\t\t\t<\/div>\n\t\t\t\t\t<\/div>\n\t\t<\/div>\n\t\t\t\t\t\t\t<\/div>\n\t\t<\/section>\n\t\t\t\t<section class=\"elementor-section elementor-inner-section elementor-element elementor-element-6de229f elementor-section-boxed elementor-section-height-default elementor-section-height-default\" data-id=\"6de229f\" data-element_type=\"section\">\n\t\t\t\t\t\t<div class=\"elementor-container elementor-column-gap-default\">\n\t\t\t\t\t<div class=\"elementor-column elementor-col-50 elementor-inner-column elementor-element elementor-element-4754f30\" data-id=\"4754f30\" data-element_type=\"column\">\n\t\t\t<div class=\"elementor-widget-wrap elementor-element-populated\">\n\t\t\t\t\t\t\t\t<div class=\"elementor-element elementor-element-db9827e elementor-widget elementor-widget-heading\" data-id=\"db9827e\" data-element_type=\"widget\" data-widget_type=\"heading.default\">\n\t\t\t\t<div class=\"elementor-widget-container\">\n\t\t\t<h2 class=\"elementor-heading-title elementor-size-medium\">Wymienniki P\u0142aszczowo-Rurowe<\/h2>\t\t<\/div>\n\t\t\t\t<\/div>\n\t\t\t\t<div class=\"elementor-element elementor-element-212f057 elementor-widget elementor-widget-image\" data-id=\"212f057\" data-element_type=\"widget\" data-widget_type=\"image.default\">\n\t\t\t\t<div class=\"elementor-widget-container\">\n\t\t\t\t\t\t\t\t\t\t\t\t\t\t\t\t<a href=\"https:\/\/koma-brzeg.pl\/wymienniki-ciepla\">\n\t\t\t\t\t\t\t<img decoding=\"async\" width=\"448\" height=\"336\" src=\"https:\/\/koma-brzeg.pl\/wp-content\/uploads\/2022\/11\/Wymienniki_ciepla_KOMA_400x300.jpg\" class=\"attachment-large size-large wp-image-886\" alt=\"\" srcset=\"https:\/\/koma-brzeg.pl\/wp-content\/uploads\/2022\/11\/Wymienniki_ciepla_KOMA_400x300.jpg 448w, https:\/\/koma-brzeg.pl\/wp-content\/uploads\/2022\/11\/Wymienniki_ciepla_KOMA_400x300-300x225.jpg 300w\" sizes=\"(max-width: 448px) 100vw, 448px\" \/>\t\t\t\t\t\t\t\t<\/a>\n\t\t\t\t\t\t\t\t\t\t\t\t\t\t\t<\/div>\n\t\t\t\t<\/div>\n\t\t\t\t\t<\/div>\n\t\t<\/div>\n\t\t\t\t<div class=\"elementor-column elementor-col-50 elementor-inner-column elementor-element elementor-element-cdd27a6\" data-id=\"cdd27a6\" data-element_type=\"column\">\n\t\t\t<div class=\"elementor-widget-wrap elementor-element-populated\">\n\t\t\t\t\t\t\t\t<div class=\"elementor-element elementor-element-c1227da elementor-widget elementor-widget-heading\" data-id=\"c1227da\" data-element_type=\"widget\" data-widget_type=\"heading.default\">\n\t\t\t\t<div class=\"elementor-widget-container\">\n\t\t\t<h2 class=\"elementor-heading-title elementor-size-medium\">Rozdrabniacze \u0142a\u0144cuchowe<\/h2>\t\t<\/div>\n\t\t\t\t<\/div>\n\t\t\t\t<div class=\"elementor-element elementor-element-c6386ef elementor-widget elementor-widget-image\" data-id=\"c6386ef\" data-element_type=\"widget\" data-widget_type=\"image.default\">\n\t\t\t\t<div class=\"elementor-widget-container\">\n\t\t\t\t\t\t\t\t\t\t\t\t\t\t\t\t<a href=\"https:\/\/koma-brzeg.pl\/uslugi\/rozdrabniacze\/rozdrabniacz-lancuchowy-kci\/\">\n\t\t\t\t\t\t\t<img decoding=\"async\" width=\"364\" height=\"420\" src=\"https:\/\/koma-brzeg.pl\/wp-content\/uploads\/2023\/04\/kci.png\" class=\"attachment-large size-large wp-image-2724\" alt=\"Rozdrabniacze\" srcset=\"https:\/\/koma-brzeg.pl\/wp-content\/uploads\/2023\/04\/kci.png 364w, https:\/\/koma-brzeg.pl\/wp-content\/uploads\/2023\/04\/kci-260x300.png 260w\" sizes=\"(max-width: 364px) 100vw, 364px\" \/>\t\t\t\t\t\t\t\t<\/a>\n\t\t\t\t\t\t\t\t\t\t\t\t\t\t\t<\/div>\n\t\t\t\t<\/div>\n\t\t\t\t\t<\/div>\n\t\t<\/div>\n\t\t\t\t\t\t\t<\/div>\n\t\t<\/section>\n\t\t\t\t\t<\/div>\n\t\t<\/div>\n\t\t\t\t\t\t\t<\/div>\n\t\t<\/section>\n\t\t\t\t<section class=\"elementor-section elementor-top-section elementor-element elementor-element-9d72f65 elementor-section-boxed elementor-section-height-default elementor-section-height-default\" data-id=\"9d72f65\" data-element_type=\"section\">\n\t\t\t\t\t\t<div class=\"elementor-container elementor-column-gap-default\">\n\t\t\t\t\t<div class=\"elementor-column elementor-col-100 elementor-top-column elementor-element elementor-element-fd5e424\" data-id=\"fd5e424\" data-element_type=\"column\">\n\t\t\t<div class=\"elementor-widget-wrap\">\n\t\t\t\t\t\t\t\t\t<\/div>\n\t\t<\/div>\n\t\t\t\t\t\t\t<\/div>\n\t\t<\/section>\n\t\t\t\t\t\t\t<\/div>\n\t\t","protected":false},"excerpt":{"rendered":"<p>Nasze produkty Pompy Mieszad\u0142a Kolumny Destylacyjne Przeno\u015bniki Wst\u0119gowe Zbiorniki Akcyzowe Armatura i Aparatura Pomocnicza Wymienniki P\u0142aszczowo-Rurowe Rozdrabniacze \u0142a\u0144cuchowe<\/p>\n","protected":false},"author":1,"featured_media":0,"parent":0,"menu_order":0,"comment_status":"closed","ping_status":"closed","template":"elementor_theme","meta":{"footnotes":""},"class_list":["post-1034","page","type-page","status-publish","hentry"],"yoast_head":"<!-- This site is optimized with the Yoast SEO plugin v20.1 - https:\/\/yoast.com\/wordpress\/plugins\/seo\/ -->\n<title>Produkty - Instalacje Przemys\u0142owe<\/title>\n<meta name=\"description\" content=\"Jeste\u015bmy firm\u0105 dzia\u0142aj\u0105c\u0105 na terenie ca\u0142ej Polski od 1992 roku. Zajmujemy si\u0119 produkcj\u0105 pomp, mieszade\u0142, armatury oraz aparatury dla przemys\u0142u\" \/>\n<meta name=\"robots\" content=\"index, follow, max-snippet:-1, max-image-preview:large, max-video-preview:-1\" \/>\n<link rel=\"canonical\" href=\"https:\/\/koma-brzeg.pl\/de\/produkty\/\" \/>\n<meta property=\"og:locale\" content=\"de_DE\" \/>\n<meta property=\"og:type\" content=\"article\" \/>\n<meta property=\"og:title\" content=\"Produkty - Instalacje Przemys\u0142owe\" \/>\n<meta property=\"og:description\" content=\"Jeste\u015bmy firm\u0105 dzia\u0142aj\u0105c\u0105 na terenie ca\u0142ej Polski od 1992 roku. Zajmujemy si\u0119 produkcj\u0105 pomp, mieszade\u0142, armatury oraz aparatury dla przemys\u0142u\" \/>\n<meta property=\"og:url\" content=\"https:\/\/koma-brzeg.pl\/de\/produkty\/\" \/>\n<meta property=\"og:site_name\" content=\"Instalacje Przemys\u0142owe\" \/>\n<meta property=\"article:modified_time\" content=\"2023-05-08T06:50:35+00:00\" \/>\n<meta property=\"og:image\" content=\"https:\/\/koma-brzeg.pl\/wp-content\/uploads\/2022\/11\/Pompy_400x300-300x225.jpg\" \/>\n<meta name=\"twitter:card\" content=\"summary_large_image\" \/>\n<script type=\"application\/ld+json\" class=\"yoast-schema-graph\">{\"@context\":\"https:\/\/schema.org\",\"@graph\":[{\"@type\":\"WebPage\",\"@id\":\"https:\/\/koma-brzeg.pl\/de\/produkty\/\",\"url\":\"https:\/\/koma-brzeg.pl\/de\/produkty\/\",\"name\":\"Produkty - Instalacje Przemys\u0142owe\",\"isPartOf\":{\"@id\":\"https:\/\/koma-brzeg.pl\/#website\"},\"datePublished\":\"2022-11-03T10:04:42+00:00\",\"dateModified\":\"2023-05-08T06:50:35+00:00\",\"description\":\"Jeste\u015bmy firm\u0105 dzia\u0142aj\u0105c\u0105 na terenie ca\u0142ej Polski od 1992 roku. Zajmujemy si\u0119 produkcj\u0105 pomp, mieszade\u0142, armatury oraz aparatury dla przemys\u0142u\",\"inLanguage\":\"de\",\"potentialAction\":[{\"@type\":\"ReadAction\",\"target\":[\"https:\/\/koma-brzeg.pl\/de\/produkty\/\"]}]},{\"@type\":\"WebSite\",\"@id\":\"https:\/\/koma-brzeg.pl\/#website\",\"url\":\"https:\/\/koma-brzeg.pl\/\",\"name\":\"Instalacje Przemys\u0142owe\",\"description\":\"SPECJALISTYCZNY ZAK\u0141AD PRODUKCJI POMP I APARATURY PRZEMYS\u0141OWEJ\",\"potentialAction\":[{\"@type\":\"SearchAction\",\"target\":{\"@type\":\"EntryPoint\",\"urlTemplate\":\"https:\/\/koma-brzeg.pl\/?s={search_term_string}\"},\"query-input\":\"required name=search_term_string\"}],\"inLanguage\":\"de\"}]}<\/script>\n<!-- \/ Yoast SEO plugin. -->","yoast_head_json":{"title":"Produkty - Instalacje Przemys\u0142owe","description":"Jeste\u015bmy firm\u0105 dzia\u0142aj\u0105c\u0105 na terenie ca\u0142ej Polski od 1992 roku. Zajmujemy si\u0119 produkcj\u0105 pomp, mieszade\u0142, armatury oraz aparatury dla przemys\u0142u","robots":{"index":"index","follow":"follow","max-snippet":"max-snippet:-1","max-image-preview":"max-image-preview:large","max-video-preview":"max-video-preview:-1"},"canonical":"https:\/\/koma-brzeg.pl\/de\/produkty\/","og_locale":"de_DE","og_type":"article","og_title":"Produkty - Instalacje Przemys\u0142owe","og_description":"Jeste\u015bmy firm\u0105 dzia\u0142aj\u0105c\u0105 na terenie ca\u0142ej Polski od 1992 roku. Zajmujemy si\u0119 produkcj\u0105 pomp, mieszade\u0142, armatury oraz aparatury dla przemys\u0142u","og_url":"https:\/\/koma-brzeg.pl\/de\/produkty\/","og_site_name":"Instalacje Przemys\u0142owe","article_modified_time":"2023-05-08T06:50:35+00:00","og_image":[{"url":"https:\/\/koma-brzeg.pl\/wp-content\/uploads\/2022\/11\/Pompy_400x300-300x225.jpg"}],"twitter_card":"summary_large_image","schema":{"@context":"https:\/\/schema.org","@graph":[{"@type":"WebPage","@id":"https:\/\/koma-brzeg.pl\/de\/produkty\/","url":"https:\/\/koma-brzeg.pl\/de\/produkty\/","name":"Produkty - Instalacje Przemys\u0142owe","isPartOf":{"@id":"https:\/\/koma-brzeg.pl\/#website"},"datePublished":"2022-11-03T10:04:42+00:00","dateModified":"2023-05-08T06:50:35+00:00","description":"Jeste\u015bmy firm\u0105 dzia\u0142aj\u0105c\u0105 na terenie ca\u0142ej Polski od 1992 roku. Zajmujemy si\u0119 produkcj\u0105 pomp, mieszade\u0142, armatury oraz aparatury dla przemys\u0142u","inLanguage":"de","potentialAction":[{"@type":"ReadAction","target":["https:\/\/koma-brzeg.pl\/de\/produkty\/"]}]},{"@type":"WebSite","@id":"https:\/\/koma-brzeg.pl\/#website","url":"https:\/\/koma-brzeg.pl\/","name":"Instalacje Przemys\u0142owe","description":"SPECJALISTYCZNY ZAK\u0141AD PRODUKCJI POMP I APARATURY PRZEMYS\u0141OWEJ","potentialAction":[{"@type":"SearchAction","target":{"@type":"EntryPoint","urlTemplate":"https:\/\/koma-brzeg.pl\/?s={search_term_string}"},"query-input":"required name=search_term_string"}],"inLanguage":"de"}]}},"_links":{"self":[{"href":"https:\/\/koma-brzeg.pl\/de\/wp-json\/wp\/v2\/pages\/1034","targetHints":{"allow":["GET"]}}],"collection":[{"href":"https:\/\/koma-brzeg.pl\/de\/wp-json\/wp\/v2\/pages"}],"about":[{"href":"https:\/\/koma-brzeg.pl\/de\/wp-json\/wp\/v2\/types\/page"}],"author":[{"embeddable":true,"href":"https:\/\/koma-brzeg.pl\/de\/wp-json\/wp\/v2\/users\/1"}],"replies":[{"embeddable":true,"href":"https:\/\/koma-brzeg.pl\/de\/wp-json\/wp\/v2\/comments?post=1034"}],"version-history":[{"count":51,"href":"https:\/\/koma-brzeg.pl\/de\/wp-json\/wp\/v2\/pages\/1034\/revisions"}],"predecessor-version":[{"id":2951,"href":"https:\/\/koma-brzeg.pl\/de\/wp-json\/wp\/v2\/pages\/1034\/revisions\/2951"}],"wp:attachment":[{"href":"https:\/\/koma-brzeg.pl\/de\/wp-json\/wp\/v2\/media?parent=1034"}],"curies":[{"name":"wp","href":"https:\/\/api.w.org\/{rel}","templated":true}]}}